{"id":17655,"date":"2025-03-21T10:16:59","date_gmt":"2025-03-21T10:16:59","guid":{"rendered":"https:\/\/xlence-com.wp-dev.int.theitops.net\/veranstaltungen\/"},"modified":"2025-04-09T12:21:45","modified_gmt":"2025-04-09T12:21:45","slug":"xlence-events","status":"publish","type":"page","link":"https:\/\/www.xlence.com\/de\/xlence-events\/","title":{"rendered":"Veranstaltungen"},"content":{"rendered":"\t\t<div data-elementor-type=\"wp-page\" data-elementor-id=\"17655\" class=\"elementor elementor-17655 elementor-17551\" data-elementor-post-type=\"page\">\n\t\t\t\t<section class=\"elementor-element elementor-element-f5a4ced e-con-full hero-banner__container e-flex e-con e-parent\" data-id=\"f5a4ced\" data-element_type=\"container\" data-e-type=\"container\" data-settings=\"{&quot;background_background&quot;:&quot;classic&quot;}\">\n\t\t<div class=\"elementor-element elementor-element-d7d1c5f e-con-full header-banner__content e-flex e-con e-child\" data-id=\"d7d1c5f\" data-element_type=\"container\" data-e-type=\"container\">\n\t\t\t\t<div class=\"elementor-element elementor-element-0102784 elementor-widget elementor-widget-heading\" data-id=\"0102784\" data-element_type=\"widget\" data-e-type=\"widget\" data-widget_type=\"heading.default\">\n\t\t\t\t<div class=\"elementor-widget-container\">\n\t\t\t\t\t<h1 class=\"elementor-heading-title elementor-size-default\"><span>Veranstaltungen<\/span><\/h1>\t\t\t\t<\/div>\n\t\t\t\t<\/div>\n\t\t\t\t<div class=\"elementor-element elementor-element-cc7cb03 elementor-widget elementor-widget-heading\" data-id=\"cc7cb03\" data-element_type=\"widget\" data-e-type=\"widget\" data-widget_type=\"heading.default\">\n\t\t\t\t<div class=\"elementor-widget-container\">\n\t\t\t\t\t<h2 class=\"elementor-heading-title elementor-size-default\">Wo sich H\u00e4ndler vernetzen und weiterentwickeln<\/h2>\t\t\t\t<\/div>\n\t\t\t\t<\/div>\n\t\t\t\t<div class=\"elementor-element elementor-element-099e038 elementor-widget elementor-widget-heading\" data-id=\"099e038\" data-element_type=\"widget\" data-e-type=\"widget\" data-widget_type=\"heading.default\">\n\t\t\t\t<div class=\"elementor-widget-container\">\n\t\t\t\t\t<p class=\"elementor-heading-title elementor-size-default\">Durch globales Sponsoring und aktive Teilnahme an wichtigen Branchenveranstaltungen auf der ganzen Welt engagieren wir uns weiterhin f\u00fcr Spitzenleistungen, Transparenz und Innovation.<\/p>\t\t\t\t<\/div>\n\t\t\t\t<\/div>\n\t\t\t\t<\/div>\n\t\t<div class=\"elementor-element elementor-element-71086eb e-con-full e-flex e-con e-child\" data-id=\"71086eb\" data-element_type=\"container\" data-e-type=\"container\">\n\t\t\t\t<div class=\"elementor-element elementor-element-6899d0a elementor-widget elementor-widget-image\" data-id=\"6899d0a\" data-element_type=\"widget\" data-e-type=\"widget\" data-widget_type=\"image.default\">\n\t\t\t\t<div class=\"elementor-widget-container\">\n\t\t\t\t\t\t\t\t\t\t\t\t\t\t\t<img fetchpriority=\"high\" decoding=\"async\" width=\"836\" height=\"840\" src=\"https:\/\/www.xlence.com\/wp-content\/uploads\/2025\/04\/Events-1.png\" class=\"attachment-full size-full wp-image-19980\" alt=\"Golden podium-style bars with the Xlence logo, a speech bubble icon, and a globe, symbolizing global trading growth and important market events.\" \/>\t\t\t\t\t\t\t\t\t\t\t\t\t\t\t<\/div>\n\t\t\t\t<\/div>\n\t\t\t\t<\/div>\n\t\t\t\t<\/section>\n\t\t<div class=\"elementor-element elementor-element-3be96be e-flex e-con-boxed e-con e-parent\" data-id=\"3be96be\" data-element_type=\"container\" data-e-type=\"container\">\n\t\t\t\t\t<div class=\"e-con-inner\">\n\t\t\t\t<div class=\"elementor-element elementor-element-525c339 elementor-widget elementor-widget-shortcode\" data-id=\"525c339\" data-element_type=\"widget\" data-e-type=\"widget\" data-widget_type=\"shortcode.default\">\n\t\t\t\t<div class=\"elementor-widget-container\">\n\t\t\t\t\t\t\t<div class=\"elementor-shortcode\">        <div id=\"ep-events-wrapper\" data-default-filter=\"upcoming\">\n            <h2 id=\"ep-events-title\">Wie geht es weiter?<\/h2>\n            <h2 id=\"ep-past-events-title\">Eine Reise durch unsere Veranstaltungen<\/h2>\n            <ul id=\"ep-filter-list\">\n                <li class=\"ep-filter-item active\" data-filter=\"upcoming\">DEMN\u00c4CHST<\/li>\n                <li class=\"ep-filter-item\" data-filter=\"2026\">2026<\/li><li class=\"ep-filter-item\" data-filter=\"2025\">2025<\/li>            <\/ul>\n            <div id=\"ep-events-container\">\n                <p>No events found.<\/p>            <\/div>\n        <\/div>\n        <\/div>\n\t\t\t\t\t\t<\/div>\n\t\t\t\t<\/div>\n\t\t\t\t\t<\/div>\n\t\t\t\t<\/div>\n\t\t<div class=\"elementor-element elementor-element-64496e9 e-flex e-con-boxed e-con e-parent\" data-id=\"64496e9\" data-element_type=\"container\" data-e-type=\"container\" data-settings=\"{&quot;background_background&quot;:&quot;classic&quot;}\">\n\t\t\t\t\t<div class=\"e-con-inner\">\n\t\t<div class=\"elementor-element elementor-element-4d9e845 e-con-full e-flex e-con e-child\" data-id=\"4d9e845\" data-element_type=\"container\" data-e-type=\"container\" data-settings=\"{&quot;background_background&quot;:&quot;classic&quot;}\">\n\t\t<div class=\"elementor-element elementor-element-d693aa8 e-con-full e-flex e-con e-child\" data-id=\"d693aa8\" data-element_type=\"container\" data-e-type=\"container\">\n\t\t\t\t<div class=\"elementor-element elementor-element-02b9aa0 elementor-widget elementor-widget-heading\" data-id=\"02b9aa0\" data-element_type=\"widget\" data-e-type=\"widget\" data-widget_type=\"heading.default\">\n\t\t\t\t<div class=\"elementor-widget-container\">\n\t\t\t\t\t<p class=\"elementor-heading-title elementor-size-default\">M\u00f6chten Sie mit Xlence den Markt dominieren?<\/p>\t\t\t\t<\/div>\n\t\t\t\t<\/div>\n\t\t\t\t<div class=\"elementor-element elementor-element-d7821e9 elementor-widget elementor-widget-heading\" data-id=\"d7821e9\" data-element_type=\"widget\" data-e-type=\"widget\" data-widget_type=\"heading.default\">\n\t\t\t\t<div class=\"elementor-widget-container\">\n\t\t\t\t\t<h2 class=\"elementor-heading-title elementor-size-default\">\u00dcber 300 Verm\u00f6genswerte, enge Spreads, flexible Hebelwirkung und fortschrittliche Tools stehen Ihnen zur Verf\u00fcgung.<\/h2>\t\t\t\t<\/div>\n\t\t\t\t<\/div>\n\t\t\t\t<div class=\"elementor-element elementor-element-5266c99 elementor-mobile-align-center elementor-widget elementor-widget-button\" data-id=\"5266c99\" data-element_type=\"widget\" data-e-type=\"widget\" data-widget_type=\"button.default\">\n\t\t\t\t<div class=\"elementor-widget-container\">\n\t\t\t\t\t\t\t\t\t<div class=\"elementor-button-wrapper\">\n\t\t\t\t\t<a class=\"elementor-button elementor-button-link elementor-size-sm\" href=\"https:\/\/my.xlence.com\/registration\" target=\"_blank\">\n\t\t\t\t\t\t<span class=\"elementor-button-content-wrapper\">\n\t\t\t\t\t\t\t\t\t<span class=\"elementor-button-text\">Er\u00f6ffnen Sie Ihr Konto<\/span>\n\t\t\t\t\t<\/span>\n\t\t\t\t\t<\/a>\n\t\t\t\t<\/div>\n\t\t\t\t\t\t\t\t<\/div>\n\t\t\t\t<\/div>\n\t\t\t\t<div class=\"elementor-element elementor-element-5cec47c elementor-widget elementor-widget-heading\" data-id=\"5cec47c\" data-element_type=\"widget\" data-e-type=\"widget\" data-widget_type=\"heading.default\">\n\t\t\t\t<div class=\"elementor-widget-container\">\n\t\t\t\t\t<div class=\"elementor-heading-title elementor-size-default\">Jeder Handel ist mit einem Risiko verbunden. Es ist m\u00f6glich, dass Sie Ihr gesamtes Kapital verlieren. <\/div>\t\t\t\t<\/div>\n\t\t\t\t<\/div>\n\t\t\t\t<\/div>\n\t\t<div class=\"elementor-element elementor-element-be2b111 e-con-full e-flex e-con e-child\" data-id=\"be2b111\" data-element_type=\"container\" data-e-type=\"container\">\n\t\t\t\t<div class=\"elementor-element elementor-element-1784fd3 elementor-widget elementor-widget-image\" data-id=\"1784fd3\" data-element_type=\"widget\" data-e-type=\"widget\" data-widget_type=\"image.default\">\n\t\t\t\t<div class=\"elementor-widget-container\">\n\t\t\t\t\t\t\t\t\t\t\t\t\t\t\t<img decoding=\"async\" width=\"704\" height=\"576\" src=\"https:\/\/www.xlence.com\/wp-content\/uploads\/2025\/03\/events-bottom-cta-img.png\" class=\"attachment-full size-full wp-image-17590\" alt=\"A smartphone displaying market quotes, surrounded by golden candlestick graphics and a gold pie chart segment, symbolizing financial analysis and trading activity.\" \/>\t\t\t\t\t\t\t\t\t\t\t\t\t\t\t<\/div>\n\t\t\t\t<\/div>\n\t\t\t\t<\/div>\n\t\t\t\t<\/div>\n\t\t\t\t\t<\/div>\n\t\t\t\t<\/div>\n\t\t\t\t<\/div>\n\t\t","protected":false},"excerpt":{"rendered":"<p>Veranstaltungen Wo sich H\u00e4ndler vernetzen und weiterentwickeln Durch globales Sponsoring und aktive Teilnahme an wichtigen Branchenveranstaltungen auf der ganzen Welt engagieren wir uns weiterhin f\u00fcr Spitzenleistungen, Transparenz und Innovation. M\u00f6chten Sie mit Xlence den Markt dominieren? \u00dcber 300 Verm\u00f6genswerte, enge Spreads, flexible Hebelwirkung und fortschrittliche Tools stehen Ihnen zur Verf\u00fcgung. Er\u00f6ffnen Sie Ihr Konto Jeder [&hellip;]<\/p>\n","protected":false},"author":7,"featured_media":0,"parent":0,"menu_order":0,"comment_status":"closed","ping_status":"closed","template":"elementor_header_footer","meta":{"_acf_changed":false,"inline_featured_image":false,"footnotes":""},"class_list":["post-17655","page","type-page","status-publish","hentry"],"acf":[],"yoast_head":"<!-- This site is optimized with the Yoast SEO Premium plugin v26.2 (Yoast SEO v27.3) - https:\/\/yoast.com\/product\/yoast-seo-premium-wordpress\/ -->\n<title>Xlence: Zur\u00fcckliegende und kommende Veranstaltungen<\/title>\n<meta name=\"description\" content=\"Werfen Sie einen Blick auf unsere bisherigen Veranstaltungen, bei denen wir mit f\u00fchrenden Branchenexperten aus aller Welt zusammenkamen, und bleiben Sie auf dem Laufenden, was als N\u00e4chstes kommt.\" \/>\n<meta name=\"robots\" content=\"index, follow, max-snippet:-1, max-image-preview:large, max-video-preview:-1\" \/>\n<link rel=\"canonical\" href=\"https:\/\/www.xlence.com\/de\/xlence-events\/\" \/>\n<meta property=\"og:locale\" content=\"de_DE\" \/>\n<meta property=\"og:type\" content=\"article\" \/>\n<meta property=\"og:title\" content=\"Veranstaltungen\" \/>\n<meta property=\"og:description\" content=\"Werfen Sie einen Blick auf unsere bisherigen Veranstaltungen, bei denen wir mit f\u00fchrenden Branchenexperten aus aller Welt zusammenkamen, und bleiben Sie auf dem Laufenden, was als N\u00e4chstes kommt.\" \/>\n<meta property=\"og:url\" content=\"https:\/\/www.xlence.com\/de\/xlence-events\/\" \/>\n<meta property=\"og:site_name\" content=\"Xlence\" \/>\n<meta property=\"article:modified_time\" content=\"2025-04-09T12:21:45+00:00\" \/>\n<meta property=\"og:image\" content=\"https:\/\/www.xlence.com\/wp-content\/uploads\/2025\/04\/Events-1.png\" \/>\n<meta name=\"twitter:card\" content=\"summary_large_image\" \/>\n<script type=\"application\/ld+json\" class=\"yoast-schema-graph\">{\"@context\":\"https:\\\/\\\/schema.org\",\"@graph\":[{\"@type\":\"WebPage\",\"@id\":\"https:\\\/\\\/www.xlence.com\\\/de\\\/xlence-events\\\/\",\"url\":\"https:\\\/\\\/www.xlence.com\\\/de\\\/xlence-events\\\/\",\"name\":\"Xlence: Zur\u00fcckliegende und kommende Veranstaltungen\",\"isPartOf\":{\"@id\":\"https:\\\/\\\/www.xlence.com\\\/de\\\/#website\"},\"primaryImageOfPage\":{\"@id\":\"https:\\\/\\\/www.xlence.com\\\/de\\\/xlence-events\\\/#primaryimage\"},\"image\":{\"@id\":\"https:\\\/\\\/www.xlence.com\\\/de\\\/xlence-events\\\/#primaryimage\"},\"thumbnailUrl\":\"https:\\\/\\\/www.xlence.com\\\/wp-content\\\/uploads\\\/2025\\\/04\\\/Events-1.png\",\"datePublished\":\"2025-03-21T10:16:59+00:00\",\"dateModified\":\"2025-04-09T12:21:45+00:00\",\"description\":\"Werfen Sie einen Blick auf unsere bisherigen Veranstaltungen, bei denen wir mit f\u00fchrenden Branchenexperten aus aller Welt zusammenkamen, und bleiben Sie auf dem Laufenden, was als N\u00e4chstes kommt.\",\"breadcrumb\":{\"@id\":\"https:\\\/\\\/www.xlence.com\\\/de\\\/xlence-events\\\/#breadcrumb\"},\"inLanguage\":\"de\",\"potentialAction\":[{\"@type\":\"ReadAction\",\"target\":[\"https:\\\/\\\/www.xlence.com\\\/de\\\/xlence-events\\\/\"]}]},{\"@type\":\"ImageObject\",\"inLanguage\":\"de\",\"@id\":\"https:\\\/\\\/www.xlence.com\\\/de\\\/xlence-events\\\/#primaryimage\",\"url\":\"https:\\\/\\\/www.xlence.com\\\/wp-content\\\/uploads\\\/2025\\\/04\\\/Events-1.png\",\"contentUrl\":\"https:\\\/\\\/www.xlence.com\\\/wp-content\\\/uploads\\\/2025\\\/04\\\/Events-1.png\"},{\"@type\":\"BreadcrumbList\",\"@id\":\"https:\\\/\\\/www.xlence.com\\\/de\\\/xlence-events\\\/#breadcrumb\",\"itemListElement\":[{\"@type\":\"ListItem\",\"position\":1,\"name\":\"Home\",\"item\":\"https:\\\/\\\/www.xlence.com\\\/de\\\/\"},{\"@type\":\"ListItem\",\"position\":2,\"name\":\"Veranstaltungen\"}]},{\"@type\":\"WebSite\",\"@id\":\"https:\\\/\\\/www.xlence.com\\\/de\\\/#website\",\"url\":\"https:\\\/\\\/www.xlence.com\\\/de\\\/\",\"name\":\"Xlence\",\"description\":\"\",\"potentialAction\":[{\"@type\":\"SearchAction\",\"target\":{\"@type\":\"EntryPoint\",\"urlTemplate\":\"https:\\\/\\\/www.xlence.com\\\/de\\\/?s={search_term_string}\"},\"query-input\":{\"@type\":\"PropertyValueSpecification\",\"valueRequired\":true,\"valueName\":\"search_term_string\"}}],\"inLanguage\":\"de\"}]}<\/script>\n<!-- \/ Yoast SEO Premium plugin. -->","yoast_head_json":{"title":"Xlence: Zur\u00fcckliegende und kommende Veranstaltungen","description":"Werfen Sie einen Blick auf unsere bisherigen Veranstaltungen, bei denen wir mit f\u00fchrenden Branchenexperten aus aller Welt zusammenkamen, und bleiben Sie auf dem Laufenden, was als N\u00e4chstes kommt.","robots":{"index":"index","follow":"follow","max-snippet":"max-snippet:-1","max-image-preview":"max-image-preview:large","max-video-preview":"max-video-preview:-1"},"canonical":"https:\/\/www.xlence.com\/de\/xlence-events\/","og_locale":"de_DE","og_type":"article","og_title":"Veranstaltungen","og_description":"Werfen Sie einen Blick auf unsere bisherigen Veranstaltungen, bei denen wir mit f\u00fchrenden Branchenexperten aus aller Welt zusammenkamen, und bleiben Sie auf dem Laufenden, was als N\u00e4chstes kommt.","og_url":"https:\/\/www.xlence.com\/de\/xlence-events\/","og_site_name":"Xlence","article_modified_time":"2025-04-09T12:21:45+00:00","og_image":[{"url":"https:\/\/www.xlence.com\/wp-content\/uploads\/2025\/04\/Events-1.png","type":"","width":"","height":""}],"twitter_card":"summary_large_image","schema":{"@context":"https:\/\/schema.org","@graph":[{"@type":"WebPage","@id":"https:\/\/www.xlence.com\/de\/xlence-events\/","url":"https:\/\/www.xlence.com\/de\/xlence-events\/","name":"Xlence: Zur\u00fcckliegende und kommende Veranstaltungen","isPartOf":{"@id":"https:\/\/www.xlence.com\/de\/#website"},"primaryImageOfPage":{"@id":"https:\/\/www.xlence.com\/de\/xlence-events\/#primaryimage"},"image":{"@id":"https:\/\/www.xlence.com\/de\/xlence-events\/#primaryimage"},"thumbnailUrl":"https:\/\/www.xlence.com\/wp-content\/uploads\/2025\/04\/Events-1.png","datePublished":"2025-03-21T10:16:59+00:00","dateModified":"2025-04-09T12:21:45+00:00","description":"Werfen Sie einen Blick auf unsere bisherigen Veranstaltungen, bei denen wir mit f\u00fchrenden Branchenexperten aus aller Welt zusammenkamen, und bleiben Sie auf dem Laufenden, was als N\u00e4chstes kommt.","breadcrumb":{"@id":"https:\/\/www.xlence.com\/de\/xlence-events\/#breadcrumb"},"inLanguage":"de","potentialAction":[{"@type":"ReadAction","target":["https:\/\/www.xlence.com\/de\/xlence-events\/"]}]},{"@type":"ImageObject","inLanguage":"de","@id":"https:\/\/www.xlence.com\/de\/xlence-events\/#primaryimage","url":"https:\/\/www.xlence.com\/wp-content\/uploads\/2025\/04\/Events-1.png","contentUrl":"https:\/\/www.xlence.com\/wp-content\/uploads\/2025\/04\/Events-1.png"},{"@type":"BreadcrumbList","@id":"https:\/\/www.xlence.com\/de\/xlence-events\/#breadcrumb","itemListElement":[{"@type":"ListItem","position":1,"name":"Home","item":"https:\/\/www.xlence.com\/de\/"},{"@type":"ListItem","position":2,"name":"Veranstaltungen"}]},{"@type":"WebSite","@id":"https:\/\/www.xlence.com\/de\/#website","url":"https:\/\/www.xlence.com\/de\/","name":"Xlence","description":"","potentialAction":[{"@type":"SearchAction","target":{"@type":"EntryPoint","urlTemplate":"https:\/\/www.xlence.com\/de\/?s={search_term_string}"},"query-input":{"@type":"PropertyValueSpecification","valueRequired":true,"valueName":"search_term_string"}}],"inLanguage":"de"}]}},"_links":{"self":[{"href":"https:\/\/www.xlence.com\/de\/wp-json\/wp\/v2\/pages\/17655","targetHints":{"allow":["GET"]}}],"collection":[{"href":"https:\/\/www.xlence.com\/de\/wp-json\/wp\/v2\/pages"}],"about":[{"href":"https:\/\/www.xlence.com\/de\/wp-json\/wp\/v2\/types\/page"}],"author":[{"embeddable":true,"href":"https:\/\/www.xlence.com\/de\/wp-json\/wp\/v2\/users\/7"}],"replies":[{"embeddable":true,"href":"https:\/\/www.xlence.com\/de\/wp-json\/wp\/v2\/comments?post=17655"}],"version-history":[{"count":0,"href":"https:\/\/www.xlence.com\/de\/wp-json\/wp\/v2\/pages\/17655\/revisions"}],"wp:attachment":[{"href":"https:\/\/www.xlence.com\/de\/wp-json\/wp\/v2\/media?parent=17655"}],"curies":[{"name":"wp","href":"https:\/\/api.w.org\/{rel}","templated":true}]}}