{"id":25174,"date":"2025-05-09T14:03:33","date_gmt":"2025-05-09T14:03:33","guid":{"rendered":"https:\/\/xlence-com.wp-dev.int.theitops.net\/neueste-nachrichten\/"},"modified":"2025-06-12T07:39:39","modified_gmt":"2025-06-12T07:39:39","slug":"neueste-nachrichten","status":"publish","type":"page","link":"https:\/\/www.xlence.com\/de\/neueste-nachrichten\/","title":{"rendered":"Neueste Nachrichtend"},"content":{"rendered":"\t\t<div data-elementor-type=\"wp-page\" data-elementor-id=\"25174\" class=\"elementor elementor-25174 elementor-24946\" data-elementor-post-type=\"page\">\n\t\t\t\t<div class=\"elementor-element elementor-element-2d5ca6c e-flex e-con-boxed e-con e-parent\" data-id=\"2d5ca6c\" data-element_type=\"container\" data-e-type=\"container\" data-settings=\"{&quot;background_background&quot;:&quot;classic&quot;}\">\n\t\t\t\t\t<div class=\"e-con-inner\">\n\t\t\t\t<div class=\"elementor-element elementor-element-5d33ec6 elementor-widget elementor-widget-heading\" data-id=\"5d33ec6\" data-element_type=\"widget\" data-e-type=\"widget\" data-widget_type=\"heading.default\">\n\t\t\t\t<div class=\"elementor-widget-container\">\n\t\t\t\t\t<h1 class=\"elementor-heading-title elementor-size-default\">Nachrichten und Analysen<\/h1>\t\t\t\t<\/div>\n\t\t\t\t<\/div>\n\t\t\t\t<div class=\"elementor-element elementor-element-1ea8a8d elementor-hidden-tablet_extra elementor-hidden-tablet elementor-hidden-mobile elementor-widget elementor-widget-heading\" data-id=\"1ea8a8d\" data-element_type=\"widget\" data-e-type=\"widget\" data-widget_type=\"heading.default\">\n\t\t\t\t<div class=\"elementor-widget-container\">\n\t\t\t\t\t<h1 class=\"elementor-heading-title elementor-size-default\">Ihre All-in-One-Quelle f\u00fcr fachkundige Markteinblicke<\/h1>\t\t\t\t<\/div>\n\t\t\t\t<\/div>\n\t\t\t\t<div class=\"elementor-element elementor-element-fdcd4d7 elementor-hidden-desktop elementor-widget elementor-widget-heading\" data-id=\"fdcd4d7\" data-element_type=\"widget\" data-e-type=\"widget\" data-widget_type=\"heading.default\">\n\t\t\t\t<div class=\"elementor-widget-container\">\n\t\t\t\t\t<h1 class=\"elementor-heading-title elementor-size-default\">Ihre All-in-One-Quelle f\u00fcr fachkundige Markteinblicke<\/h1>\t\t\t\t<\/div>\n\t\t\t\t<\/div>\n\t\t\t\t<div class=\"elementor-element elementor-element-9d0184f elementor-widget__width-initial elementor-widget elementor-widget-text-editor\" data-id=\"9d0184f\" data-element_type=\"widget\" data-e-type=\"widget\" data-widget_type=\"text-editor.default\">\n\t\t\t\t<div class=\"elementor-widget-container\">\n\t\t\t\t\t\t\t\t\t<p>Sie erhalten t\u00e4gliche Kommentare, w\u00f6chentliche Ausblicke und aktuelle Nachrichten von unserem Expertenteam und vertrauensw\u00fcrdigen Nachrichtenquellen. Greifen Sie auf aktuelle Marktinformationen, wichtige Einblicke in Verm\u00f6genswerte und Echtzeitnachrichten zu &#8211; alles an einem Ort. <\/p>\t\t\t\t\t\t\t\t<\/div>\n\t\t\t\t<\/div>\n\t\t\t\t<div class=\"elementor-element elementor-element-8ad341d elementor-mobile-align-justify elementor-widget elementor-widget-button\" data-id=\"8ad341d\" data-element_type=\"widget\" data-e-type=\"widget\" data-widget_type=\"button.default\">\n\t\t\t\t<div class=\"elementor-widget-container\">\n\t\t\t\t\t\t\t\t\t<div class=\"elementor-button-wrapper\">\n\t\t\t\t\t<a class=\"elementor-button elementor-button-link elementor-size-sm\" href=\"https:\/\/my.xlence.com\/de\/registration\" target=\"_blank\">\n\t\t\t\t\t\t<span class=\"elementor-button-content-wrapper\">\n\t\t\t\t\t\t\t\t\t<span class=\"elementor-button-text\">Er\u00f6ffnen Sie Ihr Konto<\/span>\n\t\t\t\t\t<\/span>\n\t\t\t\t\t<\/a>\n\t\t\t\t<\/div>\n\t\t\t\t\t\t\t\t<\/div>\n\t\t\t\t<\/div>\n\t\t\t\t<div class=\"elementor-element elementor-element-7d07f6d elementor-widget elementor-widget-text-editor\" data-id=\"7d07f6d\" data-element_type=\"widget\" data-e-type=\"widget\" data-widget_type=\"text-editor.default\">\n\t\t\t\t<div class=\"elementor-widget-container\">\n\t\t\t\t\t\t\t\t\tJeder Handel ist mit einem Risiko verbunden. Es ist m\u00f6glich, dass Sie Ihr gesamtes Kapital verlieren. \t\t\t\t\t\t\t\t<\/div>\n\t\t\t\t<\/div>\n\t\t\t\t\t<\/div>\n\t\t\t\t<\/div>\n\t\t<div class=\"elementor-element elementor-element-9e11d30 e-flex e-con-boxed e-con e-parent\" data-id=\"9e11d30\" data-element_type=\"container\" data-e-type=\"container\">\n\t\t\t\t\t<div class=\"e-con-inner\">\n\t\t<div class=\"elementor-element elementor-element-7d40910 e-con-full e-flex e-con e-child\" data-id=\"7d40910\" data-element_type=\"container\" data-e-type=\"container\" id=\"content\">\n\t\t\t\t<div class=\"elementor-element elementor-element-f4c2da2 elementor-widget elementor-widget-html\" data-id=\"f4c2da2\" data-element_type=\"widget\" data-e-type=\"widget\" data-widget_type=\"html.default\">\n\t\t\t\t<div class=\"elementor-widget-container\">\n\t\t\t\t\t<div class=\"blog-filter-list-container\">\r\n   <ul>\r\n      <li class=\"\"><a href=\"\/en\/xlence\/news-analysis\/\">Alle<\/a><\/li>\r\n      <li class=\"filter-item-active\"><a href=\"https:\/\/www.xlence.com\/de\/neueste-nachrichten\/#content\">Neueste Nachrichten<\/a><\/li>\r\n      <li class=\"\"><a href=\"https:\/\/www.xlence.com\/de\/das-neueste-vom-markt\/#content\">MARKTANALYSE<\/a><\/li>\r\n      <li class=\"\"><a href=\"https:\/\/www.xlence.com\/de\/wochenausblick-gold\/#content\">Wochenausblick gold<\/a><\/li>\r\n      <li class=\"\"><a href=\"https:\/\/www.xlence.com\/de\/wochenausblick-oil\/#content\">Wochenausblick \u00d6l<\/a><\/li>\r\n   <\/ul>\r\n<\/div>\t\t\t\t<\/div>\n\t\t\t\t<\/div>\n\t\t\t\t<\/div>\n\t\t<div class=\"elementor-element elementor-element-bbfdba6 e-con-full e-flex e-con e-child\" data-id=\"bbfdba6\" data-element_type=\"container\" data-e-type=\"container\">\n\t\t\t\t<div class=\"elementor-element elementor-element-5752523 elementor-widget__width-initial elementor-search-form--skin-classic elementor-search-form--button-type-icon elementor-search-form--icon-search elementor-widget elementor-widget-search-form\" data-id=\"5752523\" data-element_type=\"widget\" data-e-type=\"widget\" data-settings=\"{&quot;skin&quot;:&quot;classic&quot;}\" data-widget_type=\"search-form.default\">\n\t\t\t\t<div class=\"elementor-widget-container\">\n\t\t\t\t\t\t\t<search role=\"search\">\n\t\t\t<form class=\"elementor-search-form\" action=\"https:\/\/www.xlence.com\/de\/\" method=\"get\">\n\t\t\t\t\t\t\t\t\t\t\t\t<div class=\"elementor-search-form__container\">\n\t\t\t\t\t<label class=\"elementor-screen-only\" for=\"elementor-search-form-5752523\">Suche<\/label>\n\n\t\t\t\t\t\n\t\t\t\t\t<input id=\"elementor-search-form-5752523\" placeholder=\"Suche...\" class=\"elementor-search-form__input\" type=\"search\" name=\"s\" value=\"\">\n\t\t\t\t\t<input type='hidden' name='lang' value='de' \/>\n\t\t\t\t\t\t\t\t\t\t\t<button class=\"elementor-search-form__submit\" type=\"submit\" aria-label=\"Suche\">\n\t\t\t\t\t\t\t\t\t\t\t\t\t\t\t<div class=\"e-font-icon-svg-container\"><svg class=\"fa fa-search e-font-icon-svg e-fas-search\" viewBox=\"0 0 512 512\" xmlns=\"http:\/\/www.w3.org\/2000\/svg\"><path d=\"M505 442.7L405.3 343c-4.5-4.5-10.6-7-17-7H372c27.6-35.3 44-79.7 44-128C416 93.1 322.9 0 208 0S0 93.1 0 208s93.1 208 208 208c48.3 0 92.7-16.4 128-44v16.3c0 6.4 2.5 12.5 7 17l99.7 99.7c9.4 9.4 24.6 9.4 33.9 0l28.3-28.3c9.4-9.4 9.4-24.6.1-34zM208 336c-70.7 0-128-57.2-128-128 0-70.7 57.2-128 128-128 70.7 0 128 57.2 128 128 0 70.7-57.2 128-128 128z\"><\/path><\/svg><\/div>\t\t\t\t\t\t\t\t\t\t\t\t\t<\/button>\n\t\t\t\t\t\n\t\t\t\t\t\t\t\t\t<\/div>\n\t\t\t<\/form>\n\t\t<\/search>\n\t\t\t\t\t\t<\/div>\n\t\t\t\t<\/div>\n\t\t\t\t<\/div>\n\t\t\t\t\t<\/div>\n\t\t\t\t<\/div>\n\t\t<section class=\"elementor-element elementor-element-1e3665e e-flex e-con-boxed e-con e-parent\" data-id=\"1e3665e\" data-element_type=\"container\" data-e-type=\"container\">\n\t\t\t\t\t<div class=\"e-con-inner\">\n\t\t\t\t<div class=\"elementor-element elementor-element-6f04543 elementor-widget elementor-widget-heading\" data-id=\"6f04543\" data-element_type=\"widget\" data-e-type=\"widget\" data-widget_type=\"heading.default\">\n\t\t\t\t<div class=\"elementor-widget-container\">\n\t\t\t\t\t<h2 class=\"elementor-heading-title elementor-size-default\">Neueste Nachrichten<\/h2>\t\t\t\t<\/div>\n\t\t\t\t<\/div>\n\t\t\t\t\t<\/div>\n\t\t\t\t<\/section>\n\t\t<section class=\"elementor-element elementor-element-ef338ad e-flex e-con-boxed e-con e-parent\" data-id=\"ef338ad\" data-element_type=\"container\" data-e-type=\"container\">\n\t\t\t\t\t<div class=\"e-con-inner\">\n\t\t<div class=\"elementor-element elementor-element-97f8351 e-con-full e-flex e-con e-child\" data-id=\"97f8351\" data-element_type=\"container\" data-e-type=\"container\" data-settings=\"{&quot;background_background&quot;:&quot;classic&quot;}\">\n\t\t\t\t<div class=\"elementor-element elementor-element-5d347ef elementor-widget elementor-widget-heading\" data-id=\"5d347ef\" data-element_type=\"widget\" data-e-type=\"widget\" data-widget_type=\"heading.default\">\n\t\t\t\t<div class=\"elementor-widget-container\">\n\t\t\t\t\t<h2 class=\"elementor-heading-title elementor-size-default\">Echtzeit-Updates, die f\u00fcr Ihr Trading wichtig sind<\/h2>\t\t\t\t<\/div>\n\t\t\t\t<\/div>\n\t\t\t\t<div class=\"elementor-element elementor-element-b154262 elementor-widget__width-initial elementor-widget elementor-widget-text-editor\" data-id=\"b154262\" data-element_type=\"widget\" data-e-type=\"widget\" data-widget_type=\"text-editor.default\">\n\t\t\t\t<div class=\"elementor-widget-container\">\n\t\t\t\t\t\t\t\t\t<p>Sie erhalten sofortigen Zugang zu einem Echtzeit-Nachrichten-Feed, um \u00fcber die neuesten globalen wirtschaftlichen Ver\u00e4nderungen, marktbewegende Ereignisse und Kurs\u00e4nderungen von Verm\u00f6genswerten auf dem Laufenden zu bleiben.<\/p>\t\t\t\t\t\t\t\t<\/div>\n\t\t\t\t<\/div>\n\t\t\t\t<div class=\"elementor-element elementor-element-9841ef6 elementor-widget elementor-widget-button\" data-id=\"9841ef6\" data-element_type=\"widget\" data-e-type=\"widget\" data-widget_type=\"button.default\">\n\t\t\t\t<div class=\"elementor-widget-container\">\n\t\t\t\t\t\t\t\t\t<div class=\"elementor-button-wrapper\">\n\t\t\t\t\t<a class=\"elementor-button elementor-button-link elementor-size-sm\" href=\"https:\/\/my.xlence.com\/de\/registration\">\n\t\t\t\t\t\t<span class=\"elementor-button-content-wrapper\">\n\t\t\t\t\t\t\t\t\t<span class=\"elementor-button-text\">Er\u00f6ffnen Sie Ihr Konto<\/span>\n\t\t\t\t\t<\/span>\n\t\t\t\t\t<\/a>\n\t\t\t\t<\/div>\n\t\t\t\t\t\t\t\t<\/div>\n\t\t\t\t<\/div>\n\t\t\t\t<div class=\"elementor-element elementor-element-36ba150 elementor-widget elementor-widget-text-editor\" data-id=\"36ba150\" data-element_type=\"widget\" data-e-type=\"widget\" data-widget_type=\"text-editor.default\">\n\t\t\t\t<div class=\"elementor-widget-container\">\n\t\t\t\t\t\t\t\t\t<p>Jeder Handel ist mit einem Risiko verbunden. Es ist m\u00f6glich, dass Sie Ihr gesamtes Kapital verlieren. <\/p>\t\t\t\t\t\t\t\t<\/div>\n\t\t\t\t<\/div>\n\t\t\t\t<\/div>\n\t\t\t\t\t<\/div>\n\t\t\t\t<\/section>\n\t\t<div class=\"elementor-element elementor-element-9e08f83 e-flex e-con-boxed e-con e-parent\" data-id=\"9e08f83\" data-element_type=\"container\" data-e-type=\"container\">\n\t\t\t\t\t<div class=\"e-con-inner\">\n\t\t\t\t<div class=\"elementor-element elementor-element-5e4ce83 elementor-widget elementor-widget-shortcode\" data-id=\"5e4ce83\" data-element_type=\"widget\" data-e-type=\"widget\" data-widget_type=\"shortcode.default\">\n\t\t\t\t<div class=\"elementor-widget-container\">\n\t\t\t\t\t\t\t<div class=\"elementor-shortcode\">[latest_news_page_shortcode]<\/div>\n\t\t\t\t\t\t<\/div>\n\t\t\t\t<\/div>\n\t\t\t\t\t<\/div>\n\t\t\t\t<\/div>\n\t\t<div class=\"elementor-element elementor-element-31f273f e-flex e-con-boxed e-con e-parent\" data-id=\"31f273f\" data-element_type=\"container\" data-e-type=\"container\">\n\t\t\t\t\t<div class=\"e-con-inner\">\n\t\t\t\t<div class=\"elementor-element elementor-element-fa5eb2e elementor-widget elementor-widget-html\" data-id=\"fa5eb2e\" data-element_type=\"widget\" data-e-type=\"widget\" data-widget_type=\"html.default\">\n\t\t\t\t<div class=\"elementor-widget-container\">\n\t\t\t\t\t<script>document.addEventListener(\"DOMContentLoaded\", function() {\n        \/\/ Get all filter items and sections\n        const filterItems = document.querySelectorAll('.filter-item');\n        const sections = document.querySelectorAll('section');\n    \n        \/\/ Function to hide all sections\n        function hideAllSections() {\n            sections.forEach(section => {\n                section.style.display = 'none';\n            });\n        }\n    \n        \/\/ Function to show all sections\n        function showAllSections() {\n            sections.forEach(section => {\n                section.style.display = 'block';\n            });\n        }\n    \n        \/\/ Add click event listeners for each filter item\n        filterItems.forEach(item => {\n            item.addEventListener('click', function(event) {\n                event.preventDefault(); \/\/ Prevent default link behavior\n                \n                \/\/ Remove the active class from all filter items\n                filterItems.forEach(filter => {\n                    filter.classList.remove('filter-item-active');\n                });\n    \n                \/\/ Add the active class to the clicked filter item\n                item.classList.add('filter-item-active');\n    \n                const filterClass = item.classList[1]; \/\/ Get the class name to match the section\n    \n                \/\/ If the \"All\" filter is clicked, show all sections\n                if (filterClass === 'filter-item-all') {\n                    showAllSections();\n                } else {\n                    hideAllSections();\n                    \/\/ Show the section corresponding to the clicked filter item\n                    const sectionToShow = document.querySelector(`.${filterClass.split('filter-item-')[1]}-blog`);\n                    if (sectionToShow) {\n                        sectionToShow.style.display = 'block';\n                    }\n                }\n            });\n        });\n    });\n<\/script>\t\t\t\t<\/div>\n\t\t\t\t<\/div>\n\t\t\t\t\t<\/div>\n\t\t\t\t<\/div>\n\t\t<div class=\"elementor-element elementor-element-58e45d7 e-flex e-con-boxed e-con e-parent\" data-id=\"58e45d7\" data-element_type=\"container\" data-e-type=\"container\">\n\t\t\t\t\t<div class=\"e-con-inner\">\n\t\t\t\t<div class=\"elementor-element elementor-element-9cb0cfb elementor-widget elementor-widget-spacer\" data-id=\"9cb0cfb\" data-element_type=\"widget\" data-e-type=\"widget\" data-widget_type=\"spacer.default\">\n\t\t\t\t<div class=\"elementor-widget-container\">\n\t\t\t\t\t\t\t<div class=\"elementor-spacer\">\n\t\t\t<div class=\"elementor-spacer-inner\"><\/div>\n\t\t<\/div>\n\t\t\t\t\t\t<\/div>\n\t\t\t\t<\/div>\n\t\t\t\t\t<\/div>\n\t\t\t\t<\/div>\n\t\t<div class=\"elementor-element elementor-element-23abdbf e-flex e-con-boxed e-con e-parent\" data-id=\"23abdbf\" data-element_type=\"container\" data-e-type=\"container\" data-settings=\"{&quot;background_background&quot;:&quot;classic&quot;}\">\n\t\t\t\t\t<div class=\"e-con-inner\">\n\t\t<div class=\"elementor-element elementor-element-d9605d7 e-con-full box-padding e-flex e-con e-child\" data-id=\"d9605d7\" data-element_type=\"container\" data-e-type=\"container\">\n\t\t<div class=\"elementor-element elementor-element-6e574b2 e-con-full e-flex e-con e-child\" data-id=\"6e574b2\" data-element_type=\"container\" data-e-type=\"container\">\n\t\t\t\t<div class=\"elementor-element elementor-element-2fd9a13 elementor-widget elementor-widget-heading\" data-id=\"2fd9a13\" data-element_type=\"widget\" data-e-type=\"widget\" data-widget_type=\"heading.default\">\n\t\t\t\t<div class=\"elementor-widget-container\">\n\t\t\t\t\t<h2 class=\"elementor-heading-title elementor-size-default\">Beherrschen Sie den Markt mit Xlence<\/h2>\t\t\t\t<\/div>\n\t\t\t\t<\/div>\n\t\t\t\t<div class=\"elementor-element elementor-element-bfa957f elementor-widget elementor-widget-heading\" data-id=\"bfa957f\" data-element_type=\"widget\" data-e-type=\"widget\" data-widget_type=\"heading.default\">\n\t\t\t\t<div class=\"elementor-widget-container\">\n\t\t\t\t\t<h2 class=\"elementor-heading-title elementor-size-default\">Handeln Sie mit Devisen, Aktien und mehr \u2013 \u00fcbernehmen Sie\ndie Kontrolle mit leistungsstarken Tools, die Ihnen zur Verf\u00fcgung stehen.<\/h2>\t\t\t\t<\/div>\n\t\t\t\t<\/div>\n\t\t\t\t<div class=\"elementor-element elementor-element-2328d36 elementor-widget elementor-widget-button\" data-id=\"2328d36\" data-element_type=\"widget\" data-e-type=\"widget\" data-widget_type=\"button.default\">\n\t\t\t\t<div class=\"elementor-widget-container\">\n\t\t\t\t\t\t\t\t\t<div class=\"elementor-button-wrapper\">\n\t\t\t\t\t<a class=\"elementor-button elementor-button-link elementor-size-sm\" href=\"https:\/\/my.xlence.com\/de\/registration\">\n\t\t\t\t\t\t<span class=\"elementor-button-content-wrapper\">\n\t\t\t\t\t\t\t\t\t<span class=\"elementor-button-text\">Jetzt handeln<\/span>\n\t\t\t\t\t<\/span>\n\t\t\t\t\t<\/a>\n\t\t\t\t<\/div>\n\t\t\t\t\t\t\t\t<\/div>\n\t\t\t\t<\/div>\n\t\t\t\t<div class=\"elementor-element elementor-element-d3c2d49 elementor-widget elementor-widget-text-editor\" data-id=\"d3c2d49\" data-element_type=\"widget\" data-e-type=\"widget\" data-widget_type=\"text-editor.default\">\n\t\t\t\t<div class=\"elementor-widget-container\">\n\t\t\t\t\t\t\t\t\t<p>Jeder Handel ist mit einem Risiko verbunden. Es ist m\u00f6glich, dass Sie Ihr gesamtes Kapital verlieren. <\/p>\t\t\t\t\t\t\t\t<\/div>\n\t\t\t\t<\/div>\n\t\t\t\t<\/div>\n\t\t<div class=\"elementor-element elementor-element-a2aff8a e-con-full e-flex e-con e-child\" data-id=\"a2aff8a\" data-element_type=\"container\" data-e-type=\"container\">\n\t\t\t\t<div class=\"elementor-element elementor-element-84321be elementor-widget elementor-widget-image\" data-id=\"84321be\" data-element_type=\"widget\" data-e-type=\"widget\" data-widget_type=\"image.default\">\n\t\t\t\t<div class=\"elementor-widget-container\">\n\t\t\t\t\t\t\t\t\t\t\t\t\t\t\t<img fetchpriority=\"high\" decoding=\"async\" width=\"704\" height=\"576\" src=\"https:\/\/www.xlence.com\/wp-content\/uploads\/2024\/12\/blog-bottom-banner-img.png\" class=\"attachment-full size-full wp-image-15370\" alt=\"Forex trading app interface displayed on an Android device, featured in a blog post about trading tools.\" \/>\t\t\t\t\t\t\t\t\t\t\t\t\t\t\t<\/div>\n\t\t\t\t<\/div>\n\t\t\t\t<\/div>\n\t\t\t\t<\/div>\n\t\t\t\t\t<\/div>\n\t\t\t\t<\/div>\n\t\t\t\t<\/div>\n\t\t","protected":false},"excerpt":{"rendered":"<p>Nachrichten und Analysen Ihre All-in-One-Quelle f\u00fcr fachkundige Markteinblicke Ihre All-in-One-Quelle f\u00fcr fachkundige Markteinblicke Sie erhalten t\u00e4gliche Kommentare, w\u00f6chentliche Ausblicke und aktuelle Nachrichten von unserem Expertenteam und vertrauensw\u00fcrdigen Nachrichtenquellen. Greifen Sie auf aktuelle Marktinformationen, wichtige Einblicke in Verm\u00f6genswerte und Echtzeitnachrichten zu &#8211; alles an einem Ort. Er\u00f6ffnen Sie Ihr Konto Jeder Handel ist mit einem Risiko [&hellip;]<\/p>\n","protected":false},"author":14,"featured_media":0,"parent":0,"menu_order":0,"comment_status":"closed","ping_status":"closed","template":"","meta":{"_acf_changed":false,"inline_featured_image":false,"footnotes":""},"class_list":["post-25174","page","type-page","status-publish","hentry"],"acf":[],"yoast_head":"<!-- This site is optimized with the Yoast SEO Premium plugin v26.2 (Yoast SEO v27.3) - https:\/\/yoast.com\/product\/yoast-seo-premium-wordpress\/ -->\n<title>Neueste Handelsnachrichten &amp; Markt-Updates | Xlence<\/title>\n<meta name=\"description\" content=\"Bleiben Sie informiert mit Echtzeit-Handelsnachrichten und Finanzupdates. Xlence zeigt Ihnen die neuesten Entwicklungen, die H\u00e4ndler weltweit kennen m\u00fcssen.\" \/>\n<meta name=\"robots\" content=\"index, follow, max-snippet:-1, max-image-preview:large, max-video-preview:-1\" \/>\n<link rel=\"canonical\" href=\"https:\/\/www.xlence.com\/de\/neueste-nachrichten\/\" \/>\n<meta property=\"og:locale\" content=\"de_DE\" \/>\n<meta property=\"og:type\" content=\"article\" \/>\n<meta property=\"og:title\" content=\"Neueste Nachrichtend\" \/>\n<meta property=\"og:description\" content=\"Bleiben Sie informiert mit Echtzeit-Handelsnachrichten und Finanzupdates. Xlence zeigt Ihnen die neuesten Entwicklungen, die H\u00e4ndler weltweit kennen m\u00fcssen.\" \/>\n<meta property=\"og:url\" content=\"https:\/\/www.xlence.com\/de\/neueste-nachrichten\/\" \/>\n<meta property=\"og:site_name\" content=\"Xlence\" \/>\n<meta property=\"article:modified_time\" content=\"2025-06-12T07:39:39+00:00\" \/>\n<meta property=\"og:image\" content=\"https:\/\/www.xlence.com\/wp-content\/uploads\/2024\/12\/blog-bottom-banner-img.png\" \/>\n<meta name=\"twitter:card\" content=\"summary_large_image\" \/>\n<meta name=\"twitter:label1\" content=\"Gesch\u00e4tzte Lesezeit\" \/>\n\t<meta name=\"twitter:data1\" content=\"2\u00a0Minuten\" \/>\n<script type=\"application\/ld+json\" class=\"yoast-schema-graph\">{\"@context\":\"https:\\\/\\\/schema.org\",\"@graph\":[{\"@type\":\"WebPage\",\"@id\":\"https:\\\/\\\/www.xlence.com\\\/de\\\/neueste-nachrichten\\\/\",\"url\":\"https:\\\/\\\/www.xlence.com\\\/de\\\/neueste-nachrichten\\\/\",\"name\":\"Neueste Handelsnachrichten & Markt-Updates | Xlence\",\"isPartOf\":{\"@id\":\"https:\\\/\\\/www.xlence.com\\\/de\\\/#website\"},\"primaryImageOfPage\":{\"@id\":\"https:\\\/\\\/www.xlence.com\\\/de\\\/neueste-nachrichten\\\/#primaryimage\"},\"image\":{\"@id\":\"https:\\\/\\\/www.xlence.com\\\/de\\\/neueste-nachrichten\\\/#primaryimage\"},\"thumbnailUrl\":\"https:\\\/\\\/www.xlence.com\\\/wp-content\\\/uploads\\\/2024\\\/12\\\/blog-bottom-banner-img.png\",\"datePublished\":\"2025-05-09T14:03:33+00:00\",\"dateModified\":\"2025-06-12T07:39:39+00:00\",\"description\":\"Bleiben Sie informiert mit Echtzeit-Handelsnachrichten und Finanzupdates. Xlence zeigt Ihnen die neuesten Entwicklungen, die H\u00e4ndler weltweit kennen m\u00fcssen.\",\"breadcrumb\":{\"@id\":\"https:\\\/\\\/www.xlence.com\\\/de\\\/neueste-nachrichten\\\/#breadcrumb\"},\"inLanguage\":\"de\",\"potentialAction\":[{\"@type\":\"ReadAction\",\"target\":[\"https:\\\/\\\/www.xlence.com\\\/de\\\/neueste-nachrichten\\\/\"]}]},{\"@type\":\"ImageObject\",\"inLanguage\":\"de\",\"@id\":\"https:\\\/\\\/www.xlence.com\\\/de\\\/neueste-nachrichten\\\/#primaryimage\",\"url\":\"https:\\\/\\\/www.xlence.com\\\/wp-content\\\/uploads\\\/2024\\\/12\\\/blog-bottom-banner-img.png\",\"contentUrl\":\"https:\\\/\\\/www.xlence.com\\\/wp-content\\\/uploads\\\/2024\\\/12\\\/blog-bottom-banner-img.png\"},{\"@type\":\"BreadcrumbList\",\"@id\":\"https:\\\/\\\/www.xlence.com\\\/de\\\/neueste-nachrichten\\\/#breadcrumb\",\"itemListElement\":[{\"@type\":\"ListItem\",\"position\":1,\"name\":\"Home\",\"item\":\"https:\\\/\\\/www.xlence.com\\\/de\\\/\"},{\"@type\":\"ListItem\",\"position\":2,\"name\":\"Neueste Nachrichtend\"}]},{\"@type\":\"WebSite\",\"@id\":\"https:\\\/\\\/www.xlence.com\\\/de\\\/#website\",\"url\":\"https:\\\/\\\/www.xlence.com\\\/de\\\/\",\"name\":\"Xlence\",\"description\":\"\",\"potentialAction\":[{\"@type\":\"SearchAction\",\"target\":{\"@type\":\"EntryPoint\",\"urlTemplate\":\"https:\\\/\\\/www.xlence.com\\\/de\\\/?s={search_term_string}\"},\"query-input\":{\"@type\":\"PropertyValueSpecification\",\"valueRequired\":true,\"valueName\":\"search_term_string\"}}],\"inLanguage\":\"de\"}]}<\/script>\n<!-- \/ Yoast SEO Premium plugin. -->","yoast_head_json":{"title":"Neueste Handelsnachrichten & Markt-Updates | Xlence","description":"Bleiben Sie informiert mit Echtzeit-Handelsnachrichten und Finanzupdates. Xlence zeigt Ihnen die neuesten Entwicklungen, die H\u00e4ndler weltweit kennen m\u00fcssen.","robots":{"index":"index","follow":"follow","max-snippet":"max-snippet:-1","max-image-preview":"max-image-preview:large","max-video-preview":"max-video-preview:-1"},"canonical":"https:\/\/www.xlence.com\/de\/neueste-nachrichten\/","og_locale":"de_DE","og_type":"article","og_title":"Neueste Nachrichtend","og_description":"Bleiben Sie informiert mit Echtzeit-Handelsnachrichten und Finanzupdates. Xlence zeigt Ihnen die neuesten Entwicklungen, die H\u00e4ndler weltweit kennen m\u00fcssen.","og_url":"https:\/\/www.xlence.com\/de\/neueste-nachrichten\/","og_site_name":"Xlence","article_modified_time":"2025-06-12T07:39:39+00:00","og_image":[{"url":"https:\/\/www.xlence.com\/wp-content\/uploads\/2024\/12\/blog-bottom-banner-img.png","type":"","width":"","height":""}],"twitter_card":"summary_large_image","twitter_misc":{"Gesch\u00e4tzte Lesezeit":"2\u00a0Minuten"},"schema":{"@context":"https:\/\/schema.org","@graph":[{"@type":"WebPage","@id":"https:\/\/www.xlence.com\/de\/neueste-nachrichten\/","url":"https:\/\/www.xlence.com\/de\/neueste-nachrichten\/","name":"Neueste Handelsnachrichten & Markt-Updates | Xlence","isPartOf":{"@id":"https:\/\/www.xlence.com\/de\/#website"},"primaryImageOfPage":{"@id":"https:\/\/www.xlence.com\/de\/neueste-nachrichten\/#primaryimage"},"image":{"@id":"https:\/\/www.xlence.com\/de\/neueste-nachrichten\/#primaryimage"},"thumbnailUrl":"https:\/\/www.xlence.com\/wp-content\/uploads\/2024\/12\/blog-bottom-banner-img.png","datePublished":"2025-05-09T14:03:33+00:00","dateModified":"2025-06-12T07:39:39+00:00","description":"Bleiben Sie informiert mit Echtzeit-Handelsnachrichten und Finanzupdates. Xlence zeigt Ihnen die neuesten Entwicklungen, die H\u00e4ndler weltweit kennen m\u00fcssen.","breadcrumb":{"@id":"https:\/\/www.xlence.com\/de\/neueste-nachrichten\/#breadcrumb"},"inLanguage":"de","potentialAction":[{"@type":"ReadAction","target":["https:\/\/www.xlence.com\/de\/neueste-nachrichten\/"]}]},{"@type":"ImageObject","inLanguage":"de","@id":"https:\/\/www.xlence.com\/de\/neueste-nachrichten\/#primaryimage","url":"https:\/\/www.xlence.com\/wp-content\/uploads\/2024\/12\/blog-bottom-banner-img.png","contentUrl":"https:\/\/www.xlence.com\/wp-content\/uploads\/2024\/12\/blog-bottom-banner-img.png"},{"@type":"BreadcrumbList","@id":"https:\/\/www.xlence.com\/de\/neueste-nachrichten\/#breadcrumb","itemListElement":[{"@type":"ListItem","position":1,"name":"Home","item":"https:\/\/www.xlence.com\/de\/"},{"@type":"ListItem","position":2,"name":"Neueste Nachrichtend"}]},{"@type":"WebSite","@id":"https:\/\/www.xlence.com\/de\/#website","url":"https:\/\/www.xlence.com\/de\/","name":"Xlence","description":"","potentialAction":[{"@type":"SearchAction","target":{"@type":"EntryPoint","urlTemplate":"https:\/\/www.xlence.com\/de\/?s={search_term_string}"},"query-input":{"@type":"PropertyValueSpecification","valueRequired":true,"valueName":"search_term_string"}}],"inLanguage":"de"}]}},"_links":{"self":[{"href":"https:\/\/www.xlence.com\/de\/wp-json\/wp\/v2\/pages\/25174","targetHints":{"allow":["GET"]}}],"collection":[{"href":"https:\/\/www.xlence.com\/de\/wp-json\/wp\/v2\/pages"}],"about":[{"href":"https:\/\/www.xlence.com\/de\/wp-json\/wp\/v2\/types\/page"}],"author":[{"embeddable":true,"href":"https:\/\/www.xlence.com\/de\/wp-json\/wp\/v2\/users\/14"}],"replies":[{"embeddable":true,"href":"https:\/\/www.xlence.com\/de\/wp-json\/wp\/v2\/comments?post=25174"}],"version-history":[{"count":0,"href":"https:\/\/www.xlence.com\/de\/wp-json\/wp\/v2\/pages\/25174\/revisions"}],"wp:attachment":[{"href":"https:\/\/www.xlence.com\/de\/wp-json\/wp\/v2\/media?parent=25174"}],"curies":[{"name":"wp","href":"https:\/\/api.w.org\/{rel}","templated":true}]}}