{"id":7263,"date":"2024-07-31T15:06:35","date_gmt":"2024-07-31T15:06:35","guid":{"rendered":"https:\/\/xlence-com.wp-dev.int.theitops.net\/brotaufstriche\/"},"modified":"2024-11-29T10:02:37","modified_gmt":"2024-11-29T10:02:37","slug":"spreads","status":"publish","type":"page","link":"https:\/\/www.xlence.com\/de\/trading\/spreads\/","title":{"rendered":"Brotaufstriche"},"content":{"rendered":"\t\t<div data-elementor-type=\"wp-page\" data-elementor-id=\"7263\" class=\"elementor elementor-7263 elementor-2216\" data-elementor-post-type=\"page\">\n\t\t\t\t<section class=\"elementor-element elementor-element-3c1e012 e-con-full e-flex e-con e-parent\" data-id=\"3c1e012\" data-element_type=\"container\" data-e-type=\"container\" data-settings=\"{&quot;background_background&quot;:&quot;classic&quot;}\">\n\t\t<div class=\"elementor-element elementor-element-0f70d2c e-con-full e-flex e-con e-child\" data-id=\"0f70d2c\" data-element_type=\"container\" data-e-type=\"container\">\n\t\t\t\t<div class=\"elementor-element elementor-element-ce159df elementor-widget elementor-widget-heading\" data-id=\"ce159df\" data-element_type=\"widget\" data-e-type=\"widget\" data-widget_type=\"heading.default\">\n\t\t\t\t<div class=\"elementor-widget-container\">\n\t\t\t\t\t<h1 class=\"elementor-heading-title elementor-size-default\">Brotaufstriche<\/h1>\t\t\t\t<\/div>\n\t\t\t\t<\/div>\n\t\t\t\t<div class=\"elementor-element elementor-element-0fae416 elementor-widget elementor-widget-heading\" data-id=\"0fae416\" data-element_type=\"widget\" data-e-type=\"widget\" data-widget_type=\"heading.default\">\n\t\t\t\t<div class=\"elementor-widget-container\">\n\t\t\t\t\t<h2 class=\"elementor-heading-title elementor-size-default\">Senken Sie Ihre Spreads mit <span>Xlence <\/span>Konto-Upgrades!<\/h2>\t\t\t\t<\/div>\n\t\t\t\t<\/div>\n\t\t\t\t<div class=\"elementor-element elementor-element-20571b4 elementor-widget elementor-widget-heading\" data-id=\"20571b4\" data-element_type=\"widget\" data-e-type=\"widget\" data-widget_type=\"heading.default\">\n\t\t\t\t<div class=\"elementor-widget-container\">\n\t\t\t\t\t<p class=\"elementor-heading-title elementor-size-default\">Unabh\u00e4ngig davon, f\u00fcr welchen Finanzmarkt Sie sich entscheiden, m\u00fcssen Sie Ihre Kosten ber\u00fccksichtigen, insbesondere die Preisdifferenz zwischen dem Kauf und Verkauf eines Basiswerts, die als Spread bezeichnet wird. Xlence bietet 4 Stufen von Konto-Upgrades an, die hauchd\u00fcnne Spreads auf Handelskonten bieten.<\/p>\t\t\t\t<\/div>\n\t\t\t\t<\/div>\n\t\t\t\t<div class=\"elementor-element elementor-element-086512f elementor-tablet-align-center elementor-widget elementor-widget-button\" data-id=\"086512f\" data-element_type=\"widget\" data-e-type=\"widget\" data-widget_type=\"button.default\">\n\t\t\t\t<div class=\"elementor-widget-container\">\n\t\t\t\t\t\t\t\t\t<div class=\"elementor-button-wrapper\">\n\t\t\t\t\t<a class=\"elementor-button elementor-button-link elementor-size-sm\" href=\"https:\/\/my.xlence.com\/registration\">\n\t\t\t\t\t\t<span class=\"elementor-button-content-wrapper\">\n\t\t\t\t\t\t\t\t\t<span class=\"elementor-button-text\">Konto er\u00f6ffnen<\/span>\n\t\t\t\t\t<\/span>\n\t\t\t\t\t<\/a>\n\t\t\t\t<\/div>\n\t\t\t\t\t\t\t\t<\/div>\n\t\t\t\t<\/div>\n\t\t\t\t<div class=\"elementor-element elementor-element-3325e8f elementor-widget elementor-widget-heading\" data-id=\"3325e8f\" data-element_type=\"widget\" data-e-type=\"widget\" data-widget_type=\"heading.default\">\n\t\t\t\t<div class=\"elementor-widget-container\">\n\t\t\t\t\t<div class=\"elementor-heading-title elementor-size-default\">Jeder Handel ist mit Risiken verbunden. Es ist m\u00f6glich, Ihr gesamtes Kapital zu verlieren.<\/div>\t\t\t\t<\/div>\n\t\t\t\t<\/div>\n\t\t\t\t<\/div>\n\t\t<div class=\"elementor-element elementor-element-a6e2af3 e-con-full e-flex e-con e-child\" data-id=\"a6e2af3\" data-element_type=\"container\" data-e-type=\"container\">\n\t\t\t\t<div class=\"elementor-element elementor-element-f56e2ac elementor-widget elementor-widget-image\" data-id=\"f56e2ac\" data-element_type=\"widget\" data-e-type=\"widget\" data-widget_type=\"image.default\">\n\t\t\t\t<div class=\"elementor-widget-container\">\n\t\t\t\t\t\t\t\t\t\t\t\t\t\t\t<img fetchpriority=\"high\" decoding=\"async\" width=\"836\" height=\"1080\" src=\"https:\/\/www.xlence.com\/wp-content\/uploads\/2024\/06\/Spreads-1.png\" class=\"attachment-full size-full wp-image-7264\" alt=\"A laptop displaying a bar chart and a pie chart, illustrating data spreads and analysis.\" \/>\t\t\t\t\t\t\t\t\t\t\t\t\t\t\t<\/div>\n\t\t\t\t<\/div>\n\t\t\t\t<\/div>\n\t\t\t\t<\/section>\n\t\t<div class=\"elementor-element elementor-element-fb1c227 e-flex e-con-boxed e-con e-parent\" data-id=\"fb1c227\" data-element_type=\"container\" data-e-type=\"container\" data-settings=\"{&quot;background_background&quot;:&quot;classic&quot;}\">\n\t\t\t\t\t<div class=\"e-con-inner\">\n\t\t\t\t<div class=\"elementor-element elementor-element-9ed2549 elementor-widget elementor-widget-heading\" data-id=\"9ed2549\" data-element_type=\"widget\" data-e-type=\"widget\" data-widget_type=\"heading.default\">\n\t\t\t\t<div class=\"elementor-widget-container\">\n\t\t\t\t\t<h2 class=\"elementor-heading-title elementor-size-default\">Vergleich der durchschnittlichen Spreads<\/h2>\t\t\t\t<\/div>\n\t\t\t\t<\/div>\n\t\t\t\t<div class=\"elementor-element elementor-element-e27b5ef elementor-widget elementor-widget-html\" data-id=\"e27b5ef\" data-element_type=\"widget\" data-e-type=\"widget\" data-widget_type=\"html.default\">\n\t\t\t\t<div class=\"elementor-widget-container\">\n\t\t\t\t\t\n<div class=\"table__container-rates\">\n    <table class=\"account__table\">\n        <thead>\n            <tr>\n                <th> <\/th>\n                <th>Xlence Unverzichtbar<\/th>\n                <th>Xlence Prime<br><span class=\"upgrade\">Upgrade*<\/span><\/th>\n                <th>Xlence Delux<br><span class=\"upgrade\">Upgrade*<\/span><\/th>\n                <th>Xlence Ultimate<br><span class=\"upgrade\">Upgrade*<\/span><\/th>\n            <\/tr>\n        <\/thead>\n        <tbody>\n            <tr>\n                <td class=\"table__image-text-cell\">\n\n                                        <img decoding=\"async\" src=\"\/wp-content\/uploads\/2024\/07\/EURUSD.png\" height=\"40\" width=\"70\">\n EUR\/USD\n                <\/td>\n                <td>1.4<\/td>\n                <td>1.2<\/td>\n                <td>0.9<\/td>\n                <td>0.7<\/td>\n            <\/tr>\n            <tr>\n                <td class=\"table__image-text-cell\">\n                    <img decoding=\"async\" src=\"\/wp-content\/uploads\/2024\/07\/EURCHF.png\" height=\"40\" width=\"70\">\n EUR\/CHF\n                <\/td>\n                <td>2.2<\/td>\n                <td>2.0<\/td>\n                <td>1.7<\/td>\n                <td>1.5<\/td>\n            <\/tr>\n            <tr>\n                <td class=\"table__image-text-cell\">\n                    <img loading=\"lazy\" decoding=\"async\" src=\"\/wp-content\/uploads\/2024\/07\/EURGBP.png\" height=\"40\" width=\"70\">\n EUR\/GBP\n                <\/td>\n                <td>1.5<\/td>\n                <td>1.3<\/td>\n                <td>1.0<\/td>\n                <td>0.8<\/td>\n            <\/tr>\n            <tr>\n                <td class=\"table__image-text-cell\">\n                    <img loading=\"lazy\" decoding=\"async\" src=\"\/wp-content\/uploads\/2024\/07\/EURJPY.png\" height=\"40\" width=\"70\">\n EUR\/JPY\n                <\/td>\n                <td>1.9<\/td>\n                <td>1.7<\/td>\n                <td>1.4<\/td>\n                <td>1.2<\/td>\n            <\/tr>\n            <tr>\n                <td class=\"table__image-text-cell\">\n                    <img loading=\"lazy\" decoding=\"async\" src=\"\/wp-content\/uploads\/2024\/07\/GBPCHF.png\" height=\"40\" width=\"70\">\n GBP\/CHF\n                <\/td>\n                <td>2.7<\/td>\n                <td>2.5<\/td>\n                <td>2.2<\/td>\n                <td>2.0<\/td>\n            <\/tr>\n        <\/tbody>\n    <\/table>\n<\/div>\t\t\t\t<\/div>\n\t\t\t\t<\/div>\n\t\t\t\t<div class=\"elementor-element elementor-element-9e251c0 elementor-widget elementor-widget-text-editor\" data-id=\"9e251c0\" data-element_type=\"widget\" data-e-type=\"widget\" data-widget_type=\"text-editor.default\">\n\t\t\t\t<div class=\"elementor-widget-container\">\n\t\t\t\t\t\t\t\t\t<p><span dir=\"ltr\" role=\"presentation\">\u2022<\/span> <span dir=\"ltr\" role=\"presentation\">Erh\u00e4ltlich als Upgrade auf Xlence Essential <\/span><span dir=\"ltr\" role=\"presentation\">Konto<\/span><\/p>\n<p><br role=\"presentation\"><span dir=\"ltr\" role=\"presentation\">Notizen:<\/span><\/p>\n<p><span dir=\"ltr\" role=\"presentation\">\u2022<\/span> <span dir=\"ltr\" role=\"presentation\">Der durchschnittliche Spread ber\u00fccksichtigt eine <\/span><span dir=\"ltr\" role=\"presentation\">gro\u00dfe Zeitspanne, zum Beispiel die gesamte <\/span> <span dir=\"ltr\" role=\"presentation\">Tagessitzung (09:00 &#8211; 18:00 Uhr). Um echte <\/span><span dir=\"ltr\" role=\"presentation\">Zeitwerte, auf die sich Clients beziehen sollten, <\/span><span dir=\"ltr\" role=\"presentation\">Client-Terminal.<\/span><br role=\"presentation\"><span dir=\"ltr\" role=\"presentation\">\u2022<\/span> <span dir=\"ltr\" role=\"presentation\">W\u00e4hrend des volatileren Nachthandels <\/span><span dir=\"ltr\" role=\"presentation\">Die Spreads der Sitzungen werden breiter sein als die <\/span><span dir=\"ltr\" role=\"presentation\">oben angezeigt.<\/span><\/p>\n\t\t\t\t\t\t\t\t<\/div>\n\t\t\t\t<\/div>\n\t\t\t\t\t<\/div>\n\t\t\t\t<\/div>\n\t\t<div class=\"elementor-element elementor-element-9485ead e-flex e-con-boxed e-con e-parent\" data-id=\"9485ead\" data-element_type=\"container\" data-e-type=\"container\" data-settings=\"{&quot;background_background&quot;:&quot;classic&quot;}\">\n\t\t\t\t\t<div class=\"e-con-inner\">\n\t\t\t\t<div class=\"elementor-element elementor-element-aeb52a8 elementor-widget elementor-widget-heading\" data-id=\"aeb52a8\" data-element_type=\"widget\" data-e-type=\"widget\" data-widget_type=\"heading.default\">\n\t\t\t\t<div class=\"elementor-widget-container\">\n\t\t\t\t\t<h2 class=\"elementor-heading-title elementor-size-default\">\u00dcber <span>Hoch &amp; niedrige Spreads<\/span><\/h2>\t\t\t\t<\/div>\n\t\t\t\t<\/div>\n\t\t\t\t<div class=\"elementor-element elementor-element-1732d1c elementor-widget elementor-widget-heading\" data-id=\"1732d1c\" data-element_type=\"widget\" data-e-type=\"widget\" data-widget_type=\"heading.default\">\n\t\t\t\t<div class=\"elementor-widget-container\">\n\t\t\t\t\t<p class=\"elementor-heading-title elementor-size-default\">Nachrichtenereignisse sorgen h\u00e4ufig f\u00fcr Unsicherheit und Volatilit\u00e4t auf dem Markt. Die Ver\u00f6ffentlichung von Wirtschaftsdaten kann die Marktstimmung beeinflussen, da sie niedriger oder h\u00f6her als der Marktkonsens ausfallen k\u00f6nnen. Um das Risiko unerwarteter Volatilit\u00e4t zu verringern, weiten Liquidit\u00e4tsanbieter h\u00e4ufig die Spreads aus.<\/p>\t\t\t\t<\/div>\n\t\t\t\t<\/div>\n\t\t<section class=\"elementor-element elementor-element-77ead59 e-con-full e-grid e-con e-child\" data-id=\"77ead59\" data-element_type=\"container\" data-e-type=\"container\" data-settings=\"{&quot;background_background&quot;:&quot;classic&quot;}\">\n\t\t<div class=\"elementor-element elementor-element-c6e4c14 e-con-full e-flex e-con e-child\" data-id=\"c6e4c14\" data-element_type=\"container\" data-e-type=\"container\" data-settings=\"{&quot;background_background&quot;:&quot;classic&quot;}\">\n\t\t\t\t<div class=\"elementor-element elementor-element-e95d0ab elementor-widget elementor-widget-image\" data-id=\"e95d0ab\" data-element_type=\"widget\" data-e-type=\"widget\" data-widget_type=\"image.default\">\n\t\t\t\t<div class=\"elementor-widget-container\">\n\t\t\t\t\t\t\t\t\t\t\t\t\t\t\t<img loading=\"lazy\" decoding=\"async\" width=\"80\" height=\"80\" src=\"https:\/\/www.xlence.com\/wp-content\/uploads\/2024\/06\/High-spread.svg\" class=\"attachment-full size-full wp-image-7267\" alt=\"A circle containing a check mark, symbolizing approval or completion, with a spread effect in the background.\" \/>\t\t\t\t\t\t\t\t\t\t\t\t\t\t\t<\/div>\n\t\t\t\t<\/div>\n\t\t\t\t<div class=\"elementor-element elementor-element-19f3c86 elementor-widget elementor-widget-heading\" data-id=\"19f3c86\" data-element_type=\"widget\" data-e-type=\"widget\" data-widget_type=\"heading.default\">\n\t\t\t\t<div class=\"elementor-widget-container\">\n\t\t\t\t\t<h3 class=\"elementor-heading-title elementor-size-default\">Hohe Streuung<\/h3>\t\t\t\t<\/div>\n\t\t\t\t<\/div>\n\t\t\t\t<div class=\"elementor-element elementor-element-c2b8326 elementor-widget elementor-widget-heading\" data-id=\"c2b8326\" data-element_type=\"widget\" data-e-type=\"widget\" data-widget_type=\"heading.default\">\n\t\t\t\t<div class=\"elementor-widget-container\">\n\t\t\t\t\t<p class=\"elementor-heading-title elementor-size-default\">Ein hoher Spread wird durch eine erhebliche Abweichung zwischen dem Brief- und Geldkurs angezeigt. Die Spreads der wichtigsten W\u00e4hrungspaare sind in der Regel niedrig, w\u00e4hrend die Spreads der W\u00e4hrungspaare der Schwellenl\u00e4nder in der Regel h\u00f6her sind. Spreads, die h\u00f6her als \u00fcblich sind, sind das Ergebnis einer verminderten Liquidit\u00e4t oder einer erh\u00f6hten Volatilit\u00e4t. Die Spreads k\u00f6nnen sich im Vorfeld wichtiger Pressemitteilungen oder bei wichtigen politischen Ereignissen wie den US-Wahlen erheblich ausweiten.<\/p>\t\t\t\t<\/div>\n\t\t\t\t<\/div>\n\t\t\t\t<\/div>\n\t\t<div class=\"elementor-element elementor-element-c79e6a3 e-con-full e-flex e-con e-child\" data-id=\"c79e6a3\" data-element_type=\"container\" data-e-type=\"container\" data-settings=\"{&quot;background_background&quot;:&quot;classic&quot;}\">\n\t\t\t\t<div class=\"elementor-element elementor-element-963f9d2 elementor-widget elementor-widget-image\" data-id=\"963f9d2\" data-element_type=\"widget\" data-e-type=\"widget\" data-widget_type=\"image.default\">\n\t\t\t\t<div class=\"elementor-widget-container\">\n\t\t\t\t\t\t\t\t\t\t\t\t\t\t\t<img loading=\"lazy\" decoding=\"async\" width=\"80\" height=\"80\" src=\"https:\/\/www.xlence.com\/wp-content\/uploads\/2024\/06\/Low-spread.svg\" class=\"attachment-full size-full wp-image-7268\" alt=\"Circular dotted icon with a gold line-graph symbol, representing market movements and analysis of trading spreads\" \/>\t\t\t\t\t\t\t\t\t\t\t\t\t\t\t<\/div>\n\t\t\t\t<\/div>\n\t\t\t\t<div class=\"elementor-element elementor-element-17366c8 elementor-widget elementor-widget-heading\" data-id=\"17366c8\" data-element_type=\"widget\" data-e-type=\"widget\" data-widget_type=\"heading.default\">\n\t\t\t\t<div class=\"elementor-widget-container\">\n\t\t\t\t\t<h3 class=\"elementor-heading-title elementor-size-default\">Geringer Spread<\/h3>\t\t\t\t<\/div>\n\t\t\t\t<\/div>\n\t\t\t\t<div class=\"elementor-element elementor-element-c2b7028 elementor-widget elementor-widget-heading\" data-id=\"c2b7028\" data-element_type=\"widget\" data-e-type=\"widget\" data-widget_type=\"heading.default\">\n\t\t\t\t<div class=\"elementor-widget-container\">\n\t\t\t\t\t<p class=\"elementor-heading-title elementor-size-default\">Ein niedriger Spread bedeutet, dass es kaum einen Unterschied zwischen dem Brief- und dem Geldkurs gibt. Niedrige Spreads werden von H\u00e4ndlern bevorzugt, insbesondere w\u00e4hrend gesch\u00e4ftiger Forex-Sitzungen. Niedrige Spreads sind ein Zeichen f\u00fcr eine erh\u00f6hte Liquidit\u00e4t und eine geringere Volatilit\u00e4t.<\/p>\t\t\t\t<\/div>\n\t\t\t\t<\/div>\n\t\t\t\t<\/div>\n\t\t\t\t<\/section>\n\t\t\t\t<div class=\"elementor-element elementor-element-906e893 elementor-tablet-align-center elementor-widget elementor-widget-button\" data-id=\"906e893\" data-element_type=\"widget\" data-e-type=\"widget\" data-widget_type=\"button.default\">\n\t\t\t\t<div class=\"elementor-widget-container\">\n\t\t\t\t\t\t\t\t\t<div class=\"elementor-button-wrapper\">\n\t\t\t\t\t<a class=\"elementor-button elementor-button-link elementor-size-sm\" href=\"https:\/\/my.xlence.com\/registration\">\n\t\t\t\t\t\t<span class=\"elementor-button-content-wrapper\">\n\t\t\t\t\t\t\t\t\t<span class=\"elementor-button-text\">Konto er\u00f6ffnen<\/span>\n\t\t\t\t\t<\/span>\n\t\t\t\t\t<\/a>\n\t\t\t\t<\/div>\n\t\t\t\t\t\t\t\t<\/div>\n\t\t\t\t<\/div>\n\t\t\t\t<div class=\"elementor-element elementor-element-06d393c elementor-widget elementor-widget-heading\" data-id=\"06d393c\" data-element_type=\"widget\" data-e-type=\"widget\" data-widget_type=\"heading.default\">\n\t\t\t\t<div class=\"elementor-widget-container\">\n\t\t\t\t\t<div class=\"elementor-heading-title elementor-size-default\">Jeder Handel ist mit Risiken verbunden. Es ist m\u00f6glich, Ihr gesamtes Kapital zu verlieren.<\/div>\t\t\t\t<\/div>\n\t\t\t\t<\/div>\n\t\t\t\t\t<\/div>\n\t\t\t\t<\/div>\n\t\t\t\t<\/div>\n\t\t","protected":false},"excerpt":{"rendered":"<p>Brotaufstriche Senken Sie Ihre Spreads mit Xlence Konto-Upgrades! Unabh\u00e4ngig davon, f\u00fcr welchen Finanzmarkt Sie sich entscheiden, m\u00fcssen Sie Ihre Kosten ber\u00fccksichtigen, insbesondere die Preisdifferenz zwischen dem Kauf und Verkauf eines Basiswerts, die als Spread bezeichnet wird. Xlence bietet 4 Stufen von Konto-Upgrades an, die hauchd\u00fcnne Spreads auf Handelskonten bieten. Konto er\u00f6ffnen Jeder Handel ist mit [&hellip;]<\/p>\n","protected":false},"author":2,"featured_media":0,"parent":7571,"menu_order":0,"comment_status":"closed","ping_status":"closed","template":"elementor_header_footer","meta":{"_acf_changed":false,"inline_featured_image":false,"footnotes":""},"class_list":["post-7263","page","type-page","status-publish","hentry"],"acf":[],"yoast_head":"<!-- This site is optimized with the Yoast SEO Premium plugin v26.2 (Yoast SEO v27.3) - https:\/\/yoast.com\/product\/yoast-seo-premium-wordpress\/ -->\n<title>Handeln Sie mit wettbewerbsf\u00e4higen Spreads bei Xlence<\/title>\n<meta name=\"description\" content=\"Xlence bietet niedrige Spreads, die es Ihnen erm\u00f6glichen, mit hervorragenden Konditionen \u00fcber verschiedene M\u00e4rkte hinweg in den Handel einzutauchen\" \/>\n<meta name=\"robots\" content=\"index, follow, max-snippet:-1, max-image-preview:large, max-video-preview:-1\" \/>\n<link rel=\"canonical\" href=\"https:\/\/www.xlence.com\/de\/trading\/spreads\/\" \/>\n<meta property=\"og:locale\" content=\"de_DE\" \/>\n<meta property=\"og:type\" content=\"article\" \/>\n<meta property=\"og:title\" content=\"Brotaufstriche\" \/>\n<meta property=\"og:description\" content=\"Xlence bietet niedrige Spreads, die es Ihnen erm\u00f6glichen, mit hervorragenden Konditionen \u00fcber verschiedene M\u00e4rkte hinweg in den Handel einzutauchen\" \/>\n<meta property=\"og:url\" content=\"https:\/\/www.xlence.com\/de\/trading\/spreads\/\" \/>\n<meta property=\"og:site_name\" content=\"Xlence\" \/>\n<meta property=\"article:modified_time\" content=\"2024-11-29T10:02:37+00:00\" \/>\n<meta property=\"og:image\" content=\"https:\/\/www.xlence.com\/wp-content\/uploads\/2024\/06\/Spreads-1.png\" \/>\n<meta name=\"twitter:card\" content=\"summary_large_image\" \/>\n<meta name=\"twitter:label1\" content=\"Gesch\u00e4tzte Lesezeit\" \/>\n\t<meta name=\"twitter:data1\" content=\"4\u00a0Minuten\" \/>\n<script type=\"application\/ld+json\" class=\"yoast-schema-graph\">{\"@context\":\"https:\\\/\\\/schema.org\",\"@graph\":[{\"@type\":\"WebPage\",\"@id\":\"https:\\\/\\\/www.xlence.com\\\/de\\\/trading\\\/spreads\\\/\",\"url\":\"https:\\\/\\\/www.xlence.com\\\/de\\\/trading\\\/spreads\\\/\",\"name\":\"Handeln Sie mit wettbewerbsf\u00e4higen Spreads bei Xlence\",\"isPartOf\":{\"@id\":\"https:\\\/\\\/www.xlence.com\\\/de\\\/#website\"},\"primaryImageOfPage\":{\"@id\":\"https:\\\/\\\/www.xlence.com\\\/de\\\/trading\\\/spreads\\\/#primaryimage\"},\"image\":{\"@id\":\"https:\\\/\\\/www.xlence.com\\\/de\\\/trading\\\/spreads\\\/#primaryimage\"},\"thumbnailUrl\":\"https:\\\/\\\/www.xlence.com\\\/wp-content\\\/uploads\\\/2024\\\/06\\\/Spreads-1.png\",\"datePublished\":\"2024-07-31T15:06:35+00:00\",\"dateModified\":\"2024-11-29T10:02:37+00:00\",\"description\":\"Xlence bietet niedrige Spreads, die es Ihnen erm\u00f6glichen, mit hervorragenden Konditionen \u00fcber verschiedene M\u00e4rkte hinweg in den Handel einzutauchen\",\"breadcrumb\":{\"@id\":\"https:\\\/\\\/www.xlence.com\\\/de\\\/trading\\\/spreads\\\/#breadcrumb\"},\"inLanguage\":\"de\",\"potentialAction\":[{\"@type\":\"ReadAction\",\"target\":[\"https:\\\/\\\/www.xlence.com\\\/de\\\/trading\\\/spreads\\\/\"]}]},{\"@type\":\"ImageObject\",\"inLanguage\":\"de\",\"@id\":\"https:\\\/\\\/www.xlence.com\\\/de\\\/trading\\\/spreads\\\/#primaryimage\",\"url\":\"https:\\\/\\\/www.xlence.com\\\/wp-content\\\/uploads\\\/2024\\\/06\\\/Spreads-1.png\",\"contentUrl\":\"https:\\\/\\\/www.xlence.com\\\/wp-content\\\/uploads\\\/2024\\\/06\\\/Spreads-1.png\"},{\"@type\":\"BreadcrumbList\",\"@id\":\"https:\\\/\\\/www.xlence.com\\\/de\\\/trading\\\/spreads\\\/#breadcrumb\",\"itemListElement\":[{\"@type\":\"ListItem\",\"position\":1,\"name\":\"Home\",\"item\":\"https:\\\/\\\/www.xlence.com\\\/de\\\/\"},{\"@type\":\"ListItem\",\"position\":2,\"name\":\"Trading- \u00dcbersichtsseite\",\"item\":\"https:\\\/\\\/www.xlence.com\\\/de\\\/trading\\\/\"},{\"@type\":\"ListItem\",\"position\":3,\"name\":\"Brotaufstriche\"}]},{\"@type\":\"WebSite\",\"@id\":\"https:\\\/\\\/www.xlence.com\\\/de\\\/#website\",\"url\":\"https:\\\/\\\/www.xlence.com\\\/de\\\/\",\"name\":\"Xlence\",\"description\":\"\",\"potentialAction\":[{\"@type\":\"SearchAction\",\"target\":{\"@type\":\"EntryPoint\",\"urlTemplate\":\"https:\\\/\\\/www.xlence.com\\\/de\\\/?s={search_term_string}\"},\"query-input\":{\"@type\":\"PropertyValueSpecification\",\"valueRequired\":true,\"valueName\":\"search_term_string\"}}],\"inLanguage\":\"de\"}]}<\/script>\n<!-- \/ Yoast SEO Premium plugin. -->","yoast_head_json":{"title":"Handeln Sie mit wettbewerbsf\u00e4higen Spreads bei Xlence","description":"Xlence bietet niedrige Spreads, die es Ihnen erm\u00f6glichen, mit hervorragenden Konditionen \u00fcber verschiedene M\u00e4rkte hinweg in den Handel einzutauchen","robots":{"index":"index","follow":"follow","max-snippet":"max-snippet:-1","max-image-preview":"max-image-preview:large","max-video-preview":"max-video-preview:-1"},"canonical":"https:\/\/www.xlence.com\/de\/trading\/spreads\/","og_locale":"de_DE","og_type":"article","og_title":"Brotaufstriche","og_description":"Xlence bietet niedrige Spreads, die es Ihnen erm\u00f6glichen, mit hervorragenden Konditionen \u00fcber verschiedene M\u00e4rkte hinweg in den Handel einzutauchen","og_url":"https:\/\/www.xlence.com\/de\/trading\/spreads\/","og_site_name":"Xlence","article_modified_time":"2024-11-29T10:02:37+00:00","og_image":[{"url":"https:\/\/www.xlence.com\/wp-content\/uploads\/2024\/06\/Spreads-1.png","type":"","width":"","height":""}],"twitter_card":"summary_large_image","twitter_misc":{"Gesch\u00e4tzte Lesezeit":"4\u00a0Minuten"},"schema":{"@context":"https:\/\/schema.org","@graph":[{"@type":"WebPage","@id":"https:\/\/www.xlence.com\/de\/trading\/spreads\/","url":"https:\/\/www.xlence.com\/de\/trading\/spreads\/","name":"Handeln Sie mit wettbewerbsf\u00e4higen Spreads bei Xlence","isPartOf":{"@id":"https:\/\/www.xlence.com\/de\/#website"},"primaryImageOfPage":{"@id":"https:\/\/www.xlence.com\/de\/trading\/spreads\/#primaryimage"},"image":{"@id":"https:\/\/www.xlence.com\/de\/trading\/spreads\/#primaryimage"},"thumbnailUrl":"https:\/\/www.xlence.com\/wp-content\/uploads\/2024\/06\/Spreads-1.png","datePublished":"2024-07-31T15:06:35+00:00","dateModified":"2024-11-29T10:02:37+00:00","description":"Xlence bietet niedrige Spreads, die es Ihnen erm\u00f6glichen, mit hervorragenden Konditionen \u00fcber verschiedene M\u00e4rkte hinweg in den Handel einzutauchen","breadcrumb":{"@id":"https:\/\/www.xlence.com\/de\/trading\/spreads\/#breadcrumb"},"inLanguage":"de","potentialAction":[{"@type":"ReadAction","target":["https:\/\/www.xlence.com\/de\/trading\/spreads\/"]}]},{"@type":"ImageObject","inLanguage":"de","@id":"https:\/\/www.xlence.com\/de\/trading\/spreads\/#primaryimage","url":"https:\/\/www.xlence.com\/wp-content\/uploads\/2024\/06\/Spreads-1.png","contentUrl":"https:\/\/www.xlence.com\/wp-content\/uploads\/2024\/06\/Spreads-1.png"},{"@type":"BreadcrumbList","@id":"https:\/\/www.xlence.com\/de\/trading\/spreads\/#breadcrumb","itemListElement":[{"@type":"ListItem","position":1,"name":"Home","item":"https:\/\/www.xlence.com\/de\/"},{"@type":"ListItem","position":2,"name":"Trading- \u00dcbersichtsseite","item":"https:\/\/www.xlence.com\/de\/trading\/"},{"@type":"ListItem","position":3,"name":"Brotaufstriche"}]},{"@type":"WebSite","@id":"https:\/\/www.xlence.com\/de\/#website","url":"https:\/\/www.xlence.com\/de\/","name":"Xlence","description":"","potentialAction":[{"@type":"SearchAction","target":{"@type":"EntryPoint","urlTemplate":"https:\/\/www.xlence.com\/de\/?s={search_term_string}"},"query-input":{"@type":"PropertyValueSpecification","valueRequired":true,"valueName":"search_term_string"}}],"inLanguage":"de"}]}},"_links":{"self":[{"href":"https:\/\/www.xlence.com\/de\/wp-json\/wp\/v2\/pages\/7263","targetHints":{"allow":["GET"]}}],"collection":[{"href":"https:\/\/www.xlence.com\/de\/wp-json\/wp\/v2\/pages"}],"about":[{"href":"https:\/\/www.xlence.com\/de\/wp-json\/wp\/v2\/types\/page"}],"author":[{"embeddable":true,"href":"https:\/\/www.xlence.com\/de\/wp-json\/wp\/v2\/users\/2"}],"replies":[{"embeddable":true,"href":"https:\/\/www.xlence.com\/de\/wp-json\/wp\/v2\/comments?post=7263"}],"version-history":[{"count":0,"href":"https:\/\/www.xlence.com\/de\/wp-json\/wp\/v2\/pages\/7263\/revisions"}],"up":[{"embeddable":true,"href":"https:\/\/www.xlence.com\/de\/wp-json\/wp\/v2\/pages\/7571"}],"wp:attachment":[{"href":"https:\/\/www.xlence.com\/de\/wp-json\/wp\/v2\/media?parent=7263"}],"curies":[{"name":"wp","href":"https:\/\/api.w.org\/{rel}","templated":true}]}}