{"id":8691,"date":"2024-08-01T12:08:02","date_gmt":"2024-08-01T12:08:02","guid":{"rendered":"https:\/\/xlence-com.wp-dev.int.theitops.net\/ueberblick-ueber-den-handel\/kontoarten\/"},"modified":"2026-01-28T14:21:35","modified_gmt":"2026-01-28T14:21:35","slug":"account-types","status":"publish","type":"page","link":"https:\/\/www.xlence.com\/de\/trading\/account-types\/","title":{"rendered":"Kontoarten"},"content":{"rendered":"\t\t<div data-elementor-type=\"wp-page\" data-elementor-id=\"8691\" class=\"elementor elementor-8691\" data-elementor-post-type=\"page\">\n\t\t\t\t<section class=\"elementor-element elementor-element-a97c072 e-con-full e-flex e-con e-parent\" data-id=\"a97c072\" data-element_type=\"container\" data-e-type=\"container\" data-settings=\"{&quot;background_background&quot;:&quot;classic&quot;}\">\n\t\t<div class=\"elementor-element elementor-element-cce5927 e-con-full e-flex e-con e-child\" data-id=\"cce5927\" data-element_type=\"container\" data-e-type=\"container\">\n\t\t\t\t<div class=\"elementor-element elementor-element-e2e28a1 elementor-widget elementor-widget-heading\" data-id=\"e2e28a1\" data-element_type=\"widget\" data-e-type=\"widget\" data-widget_type=\"heading.default\">\n\t\t\t\t<div class=\"elementor-widget-container\">\n\t\t\t\t\t<h1 class=\"elementor-heading-title elementor-size-default\">Handelskonten<\/h1>\t\t\t\t<\/div>\n\t\t\t\t<\/div>\n\t\t\t\t<div class=\"elementor-element elementor-element-37a6578 elementor-widget elementor-widget-heading\" data-id=\"37a6578\" data-element_type=\"widget\" data-e-type=\"widget\" data-widget_type=\"heading.default\">\n\t\t\t\t<div class=\"elementor-widget-container\">\n\t\t\t\t\t<p class=\"elementor-heading-title elementor-size-default\">Informieren Sie sich \u00fcber die Funktionen unserer verschiedenen Konten und w\u00e4hlen Sie eines aus, das Ihren Bed\u00fcrfnissen entspricht, wie z. B. Handelsfrequenz, Gr\u00f6\u00dfe des Anlageportfolios und Handelserfahrung. <\/p>\t\t\t\t<\/div>\n\t\t\t\t<\/div>\n\t\t\t\t<div class=\"elementor-element elementor-element-b5a759f elementor-tablet-align-center elementor-widget elementor-widget-button\" data-id=\"b5a759f\" data-element_type=\"widget\" data-e-type=\"widget\" data-widget_type=\"button.default\">\n\t\t\t\t<div class=\"elementor-widget-container\">\n\t\t\t\t\t\t\t\t\t<div class=\"elementor-button-wrapper\">\n\t\t\t\t\t<a class=\"elementor-button elementor-button-link elementor-size-sm\" href=\"https:\/\/my.xlence.com\/registration\">\n\t\t\t\t\t\t<span class=\"elementor-button-content-wrapper\">\n\t\t\t\t\t\t\t\t\t<span class=\"elementor-button-text\">Konto er\u00f6ffnen<\/span>\n\t\t\t\t\t<\/span>\n\t\t\t\t\t<\/a>\n\t\t\t\t<\/div>\n\t\t\t\t\t\t\t\t<\/div>\n\t\t\t\t<\/div>\n\t\t\t\t<div class=\"elementor-element elementor-element-ff5e2f2 elementor-widget elementor-widget-heading\" data-id=\"ff5e2f2\" data-element_type=\"widget\" data-e-type=\"widget\" data-widget_type=\"heading.default\">\n\t\t\t\t<div class=\"elementor-widget-container\">\n\t\t\t\t\t<div class=\"elementor-heading-title elementor-size-default\">Jeder Trade ist mit einem Risiko verbunden. Es ist m\u00f6glich, dass Sie Ihr gesamtes Kapital verlieren. <\/div>\t\t\t\t<\/div>\n\t\t\t\t<\/div>\n\t\t\t\t<\/div>\n\t\t<div class=\"elementor-element elementor-element-844eb79 e-con-full e-flex e-con e-child\" data-id=\"844eb79\" data-element_type=\"container\" data-e-type=\"container\">\n\t\t\t\t<div class=\"elementor-element elementor-element-0cb6f8e elementor-widget elementor-widget-image\" data-id=\"0cb6f8e\" data-element_type=\"widget\" data-e-type=\"widget\" data-widget_type=\"image.default\">\n\t\t\t\t<div class=\"elementor-widget-container\">\n\t\t\t\t\t\t\t\t\t\t\t\t\t\t\t<img fetchpriority=\"high\" decoding=\"async\" width=\"1329\" height=\"1620\" src=\"https:\/\/www.xlence.com\/wp-content\/uploads\/2024\/08\/7cdfd7ca-31a4-4f4f-9a21-f3a728e007b6.png\" class=\"attachment-full size-full wp-image-41958\" alt=\"Forex trading app interface on a mobile device, showcasing account options and live currency exchange rates.\" \/>\t\t\t\t\t\t\t\t\t\t\t\t\t\t\t<\/div>\n\t\t\t\t<\/div>\n\t\t\t\t<\/div>\n\t\t\t\t<\/section>\n\t\t<div class=\"elementor-element elementor-element-a68c975 e-flex e-con-boxed e-con e-parent\" data-id=\"a68c975\" data-element_type=\"container\" data-e-type=\"container\" data-settings=\"{&quot;background_background&quot;:&quot;classic&quot;}\">\n\t\t\t\t\t<div class=\"e-con-inner\">\n\t\t\t\t<div class=\"elementor-element elementor-element-fc4dc48 elementor-widget elementor-widget-heading\" data-id=\"fc4dc48\" data-element_type=\"widget\" data-e-type=\"widget\" data-widget_type=\"heading.default\">\n\t\t\t\t<div class=\"elementor-widget-container\">\n\t\t\t\t\t<h2 class=\"elementor-heading-title elementor-size-default\">Handelskonten <span>vergleichen<\/span><\/h2>\t\t\t\t<\/div>\n\t\t\t\t<\/div>\n\t\t\t\t<div class=\"elementor-element elementor-element-3b1c753 elementor-widget elementor-widget-shortcode\" data-id=\"3b1c753\" data-element_type=\"widget\" data-e-type=\"widget\" data-widget_type=\"shortcode.default\">\n\t\t\t\t<div class=\"elementor-widget-container\">\n\t\t\t\t\t\t\t<div class=\"elementor-shortcode\">\t\t<div data-elementor-type=\"section\" data-elementor-id=\"7760\" class=\"elementor elementor-7760 elementor-5884 elementor-5884\" data-elementor-post-type=\"elementor_library\">\n\t\t\t<div class=\"elementor-element elementor-element-699649d e-flex e-con-boxed e-con e-parent\" data-id=\"699649d\" data-element_type=\"container\" data-e-type=\"container\">\n\t\t\t\t\t<div class=\"e-con-inner\">\n\t\t<div class=\"elementor-element elementor-element-022526a e-con-full e-flex e-con e-child\" data-id=\"022526a\" data-element_type=\"container\" data-e-type=\"container\">\n\t\t\t\t<div class=\"elementor-element elementor-element-0b743ac elementor-widget elementor-widget-html\" data-id=\"0b743ac\" data-element_type=\"widget\" data-e-type=\"widget\" data-widget_type=\"html.default\">\n\t\t\t\t<div class=\"elementor-widget-container\">\n\t\t\t\t\t<div class=\"table__container\">\n  <table class=\"account__table\">\n    <thead>\n      <tr>\n          <th><\/th>\n          <th>Xlence Wesentlich<\/th>\n          <th>Xlence Prime<br><span class=\"upgrade\">Upgrade*<\/span><\/th>\n          <th>Xlence Deluxe<br><span class=\"upgrade\">Upgrade*<\/span><\/th>\n          <th>Xlence Ultimate<br><span class=\"upgrade\">Upgrade*<\/span><\/th>\n      <\/tr>\n    <\/thead>\n    <tbody>\n        <tr>\n        <td>Kontoarten<\/td>\n        <td>Live Floating<\/td>\n        <td>Live Floating<\/td>\n        <td>Live Floating<\/td>\n       <td>Live Floating<\/td>\n      <\/tr>\n      <tr>\n        <td>Handelsplattform<\/td>\n        <td>MT4\/MT5<\/td>\n        <td>MT4\/MT5<\/td>\n        <td>MT4\/MT5<\/td>\n       <td>MT4\/MT5<\/td>\n      <\/tr>\n      <tr>\n          <td>Spanne EUR\/USD (Min\/Durchschnitt)<\/td>\n          <td>1.1\/1.4<\/td>\n          <td>0.9\/1.2<\/td>\n          <td>0.6\/0.9<\/td>\n          <td>0.4\/0.7<\/td>\n      <\/tr>\n      <tr>\n        <td>Spanne XAU\/USD (Min\/Durchschnitt)<\/td>\n        <td>0.23\/0.25<\/td>\n        <td>0.18\/0.20<\/td>\n        <td>0.18\/0.20<\/td>\n        <td>0.18\/0.20<\/td>\n      <\/tr>\n      <tr class=\"table__row-commission\">\n        <td>Kommission<\/td>\n        <td>Keine Provision**<\/td>\n        <td>Keine Provision**<\/td>\n        <td>Keine Provision**<\/td>\n        <td>Keine Provision**<\/td>\n      <\/tr>\n      <tr>\n          <td>Flexible Hebelwirkung<\/td>\n          <td>bis zu 1:1000<\/td>\n          <td>bis zu 1:1000<\/td>\n          <td>Bis zu 1:1000<\/td>\n          <td>Bis zu 1:1000<\/td>\n      <\/tr>\n      <tr>\n          <td>Basisw\u00e4hrung<\/td>\n          <td>\n              <img decoding=\"async\" src=\"\/wp-content\/uploads\/2024\/07\/eu-1.png\" height=\"40\" width=\"40\">\n              <img decoding=\"async\" src=\"\/wp-content\/uploads\/2024\/07\/US.png\" height=\"40\" width=\"40\">\n              <img loading=\"lazy\" decoding=\"async\" src=\"\/wp-content\/uploads\/2024\/07\/GB.png\" height=\"40\" width=\"40\">\n              <\/td>\n          <td>\n              <img decoding=\"async\" src=\"\/wp-content\/uploads\/2024\/07\/eu-1.png\" height=\"40\" width=\"40\">\n              <img decoding=\"async\" src=\"\/wp-content\/uploads\/2024\/07\/US.png\" height=\"40\" width=\"40\">\n              <img loading=\"lazy\" decoding=\"async\" src=\"\/wp-content\/uploads\/2024\/07\/GB.png\" height=\"40\" width=\"40\">\n          <\/td>\n          <td>\n              <img decoding=\"async\" src=\"\/wp-content\/uploads\/2024\/07\/eu-1.png\" height=\"40\" width=\"40\">\n              <img decoding=\"async\" src=\"\/wp-content\/uploads\/2024\/07\/US.png\" height=\"40\" width=\"40\">\n              <img loading=\"lazy\" decoding=\"async\" src=\"\/wp-content\/uploads\/2024\/07\/GB.png\" height=\"40\" width=\"40\">\n          <\/td>\n            <td>\n              <img decoding=\"async\" src=\"\/wp-content\/uploads\/2024\/07\/eu-1.png\" height=\"40\" width=\"40\">\n              <img decoding=\"async\" src=\"\/wp-content\/uploads\/2024\/07\/US.png\" height=\"40\" width=\"40\">\n              <img loading=\"lazy\" decoding=\"async\" src=\"\/wp-content\/uploads\/2024\/07\/GB.png\" height=\"40\" width=\"40\">\n          <\/td>\n      <\/tr>\n      <tr>\n        <td>Produkte<\/td>\n        <td>Devisen, Metalle, Indizes, Rohstoffe,<br> Futures, Aktien<\/td>\n        <td>Devisen, Metalle, Indizes, Rohstoffe,<br> Futures, Aktien<\/td>\n        <td>Devisen, Metalle, Indizes, Rohstoffe,<br> Futures, Aktien<\/td>\n        <td>Devisen, Metalle, Indizes, Rohstoffe,<br> Futures, Aktien<\/td>\n      <\/tr>\n      <tr>\n        <td>Bonus Verf\u00fcgbarkeit<\/td>\n        <td>Ja<\/td>\n        <td>Ja<\/td>\n        <td>Ja<\/td>\n        <td>Ja<\/td>\n      <\/tr>\n      <tr>\n          <td> Min. Losgr\u00f6\u00dfe<\/td>\n          <td>0.01<\/td>\n          <td>0.01<\/td>\n          <td>0.01<\/td>\n          <td>0.01<\/td>\n      <\/tr>\n      <tr>\n          <td>Losgr\u00f6\u00dfenerh\u00f6hung<\/td>\n          <td>0.01<\/td>\n          <td>0.01<\/td>\n          <td>0.01<\/td>\n          <td>0.01<\/td>\n      <\/tr>\n      <tr>\n        <td>Aussteigen<\/td>\n        <td>20%<\/td>\n        <td>20%<\/td>\n        <td>20%<\/td>\n        <td>20%<\/td>\n      <\/tr>\n      <tr>\n        <td>Upgrade auf swapfreien Handel<\/td>\n        <td>Ja<\/td>\n        <td>Ja<\/td>\n        <td>Ja<\/td>\n        <td>Ja<\/td>\n      <\/tr>\n      <tr>\n        <td>Engagierter Manager<\/td>\n        <td>Nein<\/td>\n        <td>Ja<\/td>\n        <td>Ja<\/td>\n        <td>Ja<\/td>\n      <\/tr>\n    <\/tbody>\n  <\/table>\n<\/div>\t\t\t\t<\/div>\n\t\t\t\t<\/div>\n\t\t\t\t<div class=\"elementor-element elementor-element-b3dbb77 elementor-widget elementor-widget-text-editor\" data-id=\"b3dbb77\" data-element_type=\"widget\" data-e-type=\"widget\" data-widget_type=\"text-editor.default\">\n\t\t\t\t<div class=\"elementor-widget-container\">\n\t\t\t\t\t\t\t\t\t<p>* Verf\u00fcgbar als Upgrade f\u00fcr Xlence Essential Account<\/p>\n\t\t\t\t\t\t\t\t<\/div>\n\t\t\t\t<\/div>\n\t\t\t\t<div class=\"elementor-element elementor-element-7da6357 elementor-widget elementor-widget-text-editor\" data-id=\"7da6357\" data-element_type=\"widget\" data-e-type=\"widget\" data-widget_type=\"text-editor.default\">\n\t\t\t\t<div class=\"elementor-widget-container\">\n\t\t\t\t\t\t\t\t\t<p>** Keine Provision au\u00dfer $10\/Lot f\u00fcr Future-Indizes, FX-Futures und Future-Rohstoffe.<\/p>\n\t\t\t\t\t\t\t\t<\/div>\n\t\t\t\t<\/div>\n\t\t\t\t<\/div>\n\t\t\t\t\t<\/div>\n\t\t\t\t<\/div>\n\t\t\t\t<\/div>\n\t\t<\/div>\n\t\t\t\t\t\t<\/div>\n\t\t\t\t<\/div>\n\t\t\t\t<div class=\"elementor-element elementor-element-2d889d2 elementor-widget elementor-widget-heading\" data-id=\"2d889d2\" data-element_type=\"widget\" data-e-type=\"widget\" data-widget_type=\"heading.default\">\n\t\t\t\t<div class=\"elementor-widget-container\">\n\t\t\t\t\t<div class=\"elementor-heading-title elementor-size-default\">Anmerkungen:<br><br><ul><li>\nAlle Spreads sind indikativ; um die Echtzeitwerte zu sehen, sollten die Kunden ihr Kundenterminal benutzen.\n<br><li>\nW\u00e4hrend des volatileren Nachthandels sind die Spreads gr\u00f6\u00dfer als oben angegeben.\n<br><li>\nEs gelten Leverage- und Volumenlimits. Die ausf\u00fchrlichen Informationen finden Sie <a href=\"\/wp-content\/uploads\/2024\/07\/leverage-and-volume-limits.pdf\">hier<\/a>. \n<br><li>Die dynamische Hebelwirkung gilt auch f\u00fcr die MT5-Plattform. Klicken Sie <a href=\"\/wp-content\/uploads\/2025\/04\/Equity-Dynamic-Leverage-1.pdf\" target=\"_blank\" rel=\"noopener\">hier<\/a>, um weitere Informationen zu erhalten. <\/li><\/div>\t\t\t\t<\/div>\n\t\t\t\t<\/div>\n\t\t\t\t\t<\/div>\n\t\t\t\t<\/div>\n\t\t\t\t<\/div>\n\t\t","protected":false},"excerpt":{"rendered":"<p>Handelskonten Informieren Sie sich \u00fcber die Funktionen unserer verschiedenen Konten und w\u00e4hlen Sie eines aus, das Ihren Bed\u00fcrfnissen entspricht, wie z. B. Handelsfrequenz, Gr\u00f6\u00dfe des Anlageportfolios und Handelserfahrung. Konto er\u00f6ffnen Jeder Trade ist mit einem Risiko verbunden. Es ist m\u00f6glich, dass Sie Ihr gesamtes Kapital verlieren. Handelskonten vergleichen Anmerkungen: Alle Spreads sind indikativ; um die [&hellip;]<\/p>\n","protected":false},"author":2,"featured_media":41958,"parent":7571,"menu_order":0,"comment_status":"closed","ping_status":"closed","template":"elementor_header_footer","meta":{"_acf_changed":false,"inline_featured_image":false,"footnotes":""},"class_list":["post-8691","page","type-page","status-publish","has-post-thumbnail","hentry"],"acf":[],"yoast_head":"<!-- This site is optimized with the Yoast SEO Premium plugin v26.2 (Yoast SEO v27.3) - https:\/\/yoast.com\/product\/yoast-seo-premium-wordpress\/ -->\n<title>Xlence Essential-Konto | Handeln &amp; flexibel upgraden<\/title>\n<meta name=\"description\" content=\"Handeln Sie 6 Anlageklassen und erleben Sie hervorragende Konditionen mit unseren ausgezeichneten Handelskonten.\" \/>\n<meta name=\"robots\" content=\"index, follow, max-snippet:-1, max-image-preview:large, max-video-preview:-1\" \/>\n<link rel=\"canonical\" href=\"https:\/\/www.xlence.com\/de\/trading\/account-types\/\" \/>\n<meta property=\"og:locale\" content=\"de_DE\" \/>\n<meta property=\"og:type\" content=\"article\" \/>\n<meta property=\"og:title\" content=\"Kontoarten\" \/>\n<meta property=\"og:description\" content=\"Handeln Sie 6 Anlageklassen und erleben Sie hervorragende Konditionen mit unseren ausgezeichneten Handelskonten.\" \/>\n<meta property=\"og:url\" content=\"https:\/\/www.xlence.com\/de\/trading\/account-types\/\" \/>\n<meta property=\"og:site_name\" content=\"Xlence\" \/>\n<meta property=\"article:modified_time\" content=\"2026-01-28T14:21:35+00:00\" \/>\n<meta property=\"og:image\" content=\"https:\/\/www.xlence.com\/wp-content\/uploads\/2024\/08\/7cdfd7ca-31a4-4f4f-9a21-f3a728e007b6.png\" \/>\n\t<meta property=\"og:image:width\" content=\"1329\" \/>\n\t<meta property=\"og:image:height\" content=\"1620\" \/>\n\t<meta property=\"og:image:type\" content=\"image\/png\" \/>\n<meta name=\"twitter:card\" content=\"summary_large_image\" \/>\n<meta name=\"twitter:label1\" content=\"Gesch\u00e4tzte Lesezeit\" \/>\n\t<meta name=\"twitter:data1\" content=\"1\u00a0Minute\" \/>\n<script type=\"application\/ld+json\" class=\"yoast-schema-graph\">{\"@context\":\"https:\\\/\\\/schema.org\",\"@graph\":[{\"@type\":\"WebPage\",\"@id\":\"https:\\\/\\\/www.xlence.com\\\/de\\\/trading\\\/account-types\\\/\",\"url\":\"https:\\\/\\\/www.xlence.com\\\/de\\\/trading\\\/account-types\\\/\",\"name\":\"Xlence Essential-Konto | Handeln & flexibel upgraden\",\"isPartOf\":{\"@id\":\"https:\\\/\\\/www.xlence.com\\\/de\\\/#website\"},\"primaryImageOfPage\":{\"@id\":\"https:\\\/\\\/www.xlence.com\\\/de\\\/trading\\\/account-types\\\/#primaryimage\"},\"image\":{\"@id\":\"https:\\\/\\\/www.xlence.com\\\/de\\\/trading\\\/account-types\\\/#primaryimage\"},\"thumbnailUrl\":\"https:\\\/\\\/www.xlence.com\\\/wp-content\\\/uploads\\\/2024\\\/08\\\/7cdfd7ca-31a4-4f4f-9a21-f3a728e007b6.png\",\"datePublished\":\"2024-08-01T12:08:02+00:00\",\"dateModified\":\"2026-01-28T14:21:35+00:00\",\"description\":\"Handeln Sie 6 Anlageklassen und erleben Sie hervorragende Konditionen mit unseren ausgezeichneten Handelskonten.\",\"breadcrumb\":{\"@id\":\"https:\\\/\\\/www.xlence.com\\\/de\\\/trading\\\/account-types\\\/#breadcrumb\"},\"inLanguage\":\"de\",\"potentialAction\":[{\"@type\":\"ReadAction\",\"target\":[\"https:\\\/\\\/www.xlence.com\\\/de\\\/trading\\\/account-types\\\/\"]}]},{\"@type\":\"ImageObject\",\"inLanguage\":\"de\",\"@id\":\"https:\\\/\\\/www.xlence.com\\\/de\\\/trading\\\/account-types\\\/#primaryimage\",\"url\":\"https:\\\/\\\/www.xlence.com\\\/wp-content\\\/uploads\\\/2024\\\/08\\\/7cdfd7ca-31a4-4f4f-9a21-f3a728e007b6.png\",\"contentUrl\":\"https:\\\/\\\/www.xlence.com\\\/wp-content\\\/uploads\\\/2024\\\/08\\\/7cdfd7ca-31a4-4f4f-9a21-f3a728e007b6.png\",\"width\":1329,\"height\":1620,\"caption\":\"Forex trading app interface on a mobile device, showcasing account options and live currency exchange rates.\"},{\"@type\":\"BreadcrumbList\",\"@id\":\"https:\\\/\\\/www.xlence.com\\\/de\\\/trading\\\/account-types\\\/#breadcrumb\",\"itemListElement\":[{\"@type\":\"ListItem\",\"position\":1,\"name\":\"Home\",\"item\":\"https:\\\/\\\/www.xlence.com\\\/de\\\/\"},{\"@type\":\"ListItem\",\"position\":2,\"name\":\"Trading- \u00dcbersichtsseite\",\"item\":\"https:\\\/\\\/www.xlence.com\\\/de\\\/trading\\\/\"},{\"@type\":\"ListItem\",\"position\":3,\"name\":\"Kontoarten\"}]},{\"@type\":\"WebSite\",\"@id\":\"https:\\\/\\\/www.xlence.com\\\/de\\\/#website\",\"url\":\"https:\\\/\\\/www.xlence.com\\\/de\\\/\",\"name\":\"Xlence\",\"description\":\"\",\"potentialAction\":[{\"@type\":\"SearchAction\",\"target\":{\"@type\":\"EntryPoint\",\"urlTemplate\":\"https:\\\/\\\/www.xlence.com\\\/de\\\/?s={search_term_string}\"},\"query-input\":{\"@type\":\"PropertyValueSpecification\",\"valueRequired\":true,\"valueName\":\"search_term_string\"}}],\"inLanguage\":\"de\"}]}<\/script>\n<!-- \/ Yoast SEO Premium plugin. -->","yoast_head_json":{"title":"Xlence Essential-Konto | Handeln & flexibel upgraden","description":"Handeln Sie 6 Anlageklassen und erleben Sie hervorragende Konditionen mit unseren ausgezeichneten Handelskonten.","robots":{"index":"index","follow":"follow","max-snippet":"max-snippet:-1","max-image-preview":"max-image-preview:large","max-video-preview":"max-video-preview:-1"},"canonical":"https:\/\/www.xlence.com\/de\/trading\/account-types\/","og_locale":"de_DE","og_type":"article","og_title":"Kontoarten","og_description":"Handeln Sie 6 Anlageklassen und erleben Sie hervorragende Konditionen mit unseren ausgezeichneten Handelskonten.","og_url":"https:\/\/www.xlence.com\/de\/trading\/account-types\/","og_site_name":"Xlence","article_modified_time":"2026-01-28T14:21:35+00:00","og_image":[{"width":1329,"height":1620,"url":"https:\/\/www.xlence.com\/wp-content\/uploads\/2024\/08\/7cdfd7ca-31a4-4f4f-9a21-f3a728e007b6.png","type":"image\/png"}],"twitter_card":"summary_large_image","twitter_misc":{"Gesch\u00e4tzte Lesezeit":"1\u00a0Minute"},"schema":{"@context":"https:\/\/schema.org","@graph":[{"@type":"WebPage","@id":"https:\/\/www.xlence.com\/de\/trading\/account-types\/","url":"https:\/\/www.xlence.com\/de\/trading\/account-types\/","name":"Xlence Essential-Konto | Handeln & flexibel upgraden","isPartOf":{"@id":"https:\/\/www.xlence.com\/de\/#website"},"primaryImageOfPage":{"@id":"https:\/\/www.xlence.com\/de\/trading\/account-types\/#primaryimage"},"image":{"@id":"https:\/\/www.xlence.com\/de\/trading\/account-types\/#primaryimage"},"thumbnailUrl":"https:\/\/www.xlence.com\/wp-content\/uploads\/2024\/08\/7cdfd7ca-31a4-4f4f-9a21-f3a728e007b6.png","datePublished":"2024-08-01T12:08:02+00:00","dateModified":"2026-01-28T14:21:35+00:00","description":"Handeln Sie 6 Anlageklassen und erleben Sie hervorragende Konditionen mit unseren ausgezeichneten Handelskonten.","breadcrumb":{"@id":"https:\/\/www.xlence.com\/de\/trading\/account-types\/#breadcrumb"},"inLanguage":"de","potentialAction":[{"@type":"ReadAction","target":["https:\/\/www.xlence.com\/de\/trading\/account-types\/"]}]},{"@type":"ImageObject","inLanguage":"de","@id":"https:\/\/www.xlence.com\/de\/trading\/account-types\/#primaryimage","url":"https:\/\/www.xlence.com\/wp-content\/uploads\/2024\/08\/7cdfd7ca-31a4-4f4f-9a21-f3a728e007b6.png","contentUrl":"https:\/\/www.xlence.com\/wp-content\/uploads\/2024\/08\/7cdfd7ca-31a4-4f4f-9a21-f3a728e007b6.png","width":1329,"height":1620,"caption":"Forex trading app interface on a mobile device, showcasing account options and live currency exchange rates."},{"@type":"BreadcrumbList","@id":"https:\/\/www.xlence.com\/de\/trading\/account-types\/#breadcrumb","itemListElement":[{"@type":"ListItem","position":1,"name":"Home","item":"https:\/\/www.xlence.com\/de\/"},{"@type":"ListItem","position":2,"name":"Trading- \u00dcbersichtsseite","item":"https:\/\/www.xlence.com\/de\/trading\/"},{"@type":"ListItem","position":3,"name":"Kontoarten"}]},{"@type":"WebSite","@id":"https:\/\/www.xlence.com\/de\/#website","url":"https:\/\/www.xlence.com\/de\/","name":"Xlence","description":"","potentialAction":[{"@type":"SearchAction","target":{"@type":"EntryPoint","urlTemplate":"https:\/\/www.xlence.com\/de\/?s={search_term_string}"},"query-input":{"@type":"PropertyValueSpecification","valueRequired":true,"valueName":"search_term_string"}}],"inLanguage":"de"}]}},"_links":{"self":[{"href":"https:\/\/www.xlence.com\/de\/wp-json\/wp\/v2\/pages\/8691","targetHints":{"allow":["GET"]}}],"collection":[{"href":"https:\/\/www.xlence.com\/de\/wp-json\/wp\/v2\/pages"}],"about":[{"href":"https:\/\/www.xlence.com\/de\/wp-json\/wp\/v2\/types\/page"}],"author":[{"embeddable":true,"href":"https:\/\/www.xlence.com\/de\/wp-json\/wp\/v2\/users\/2"}],"replies":[{"embeddable":true,"href":"https:\/\/www.xlence.com\/de\/wp-json\/wp\/v2\/comments?post=8691"}],"version-history":[{"count":0,"href":"https:\/\/www.xlence.com\/de\/wp-json\/wp\/v2\/pages\/8691\/revisions"}],"up":[{"embeddable":true,"href":"https:\/\/www.xlence.com\/de\/wp-json\/wp\/v2\/pages\/7571"}],"wp:featuredmedia":[{"embeddable":true,"href":"https:\/\/www.xlence.com\/de\/wp-json\/wp\/v2\/media\/41958"}],"wp:attachment":[{"href":"https:\/\/www.xlence.com\/de\/wp-json\/wp\/v2\/media?parent=8691"}],"curies":[{"name":"wp","href":"https:\/\/api.w.org\/{rel}","templated":true}]}}