{"id":41051,"date":"2025-11-14T09:27:41","date_gmt":"2025-11-14T09:27:41","guid":{"rendered":"https:\/\/xlence-com.wp-dev.int.theitops.net\/podcasts-de-xlence-narrative\/"},"modified":"2026-01-28T14:35:59","modified_gmt":"2026-01-28T14:35:59","slug":"podcasts-de-xlence-narrative","status":"publish","type":"page","link":"https:\/\/www.xlence.com\/es\/podcasts-de-xlence-narrative\/","title":{"rendered":"Podcasts de Xlence Narrative"},"content":{"rendered":"\t\t<div data-elementor-type=\"wp-page\" data-elementor-id=\"41051\" class=\"elementor elementor-41051 elementor-40996\" data-elementor-post-type=\"page\">\n\t\t\t\t<section class=\"elementor-element elementor-element-e0e3706 e-con-full hero-banner__container e-flex e-con e-parent\" data-id=\"e0e3706\" data-element_type=\"container\" data-e-type=\"container\" data-settings=\"{&quot;background_background&quot;:&quot;classic&quot;}\">\n\t\t<div class=\"elementor-element elementor-element-adaec18 e-con-full header-banner__content e-flex e-con e-child\" data-id=\"adaec18\" data-element_type=\"container\" data-e-type=\"container\">\n\t\t\t\t<div class=\"elementor-element elementor-element-33f6bef elementor-widget elementor-widget-heading\" data-id=\"33f6bef\" data-element_type=\"widget\" data-e-type=\"widget\" data-widget_type=\"heading.default\">\n\t\t\t\t<div class=\"elementor-widget-container\">\n\t\t\t\t\t<h1 class=\"elementor-heading-title elementor-size-default\">Podcasts de <span>Xlence Narrative<\/span><\/h1>\t\t\t\t<\/div>\n\t\t\t\t<\/div>\n\t\t\t\t<div class=\"elementor-element elementor-element-22a39d7 elementor-widget elementor-widget-heading\" data-id=\"22a39d7\" data-element_type=\"widget\" data-e-type=\"widget\" data-widget_type=\"heading.default\">\n\t\t\t\t<div class=\"elementor-widget-container\">\n\t\t\t\t\t<h2 class=\"elementor-heading-title elementor-size-default\">Observe, aprenda y opere de forma m\u00e1s inteligente con la informaci\u00f3n de los expertos del mercado.<\/h2>\t\t\t\t<\/div>\n\t\t\t\t<\/div>\n\t\t\t\t<div class=\"elementor-element elementor-element-d9a4559 elementor-widget elementor-widget-heading\" data-id=\"d9a4559\" data-element_type=\"widget\" data-e-type=\"widget\" data-widget_type=\"heading.default\">\n\t\t\t\t<div class=\"elementor-widget-container\">\n\t\t\t\t\t<p class=\"elementor-heading-title elementor-size-default\">Los podcasts de Xlence Narrative cuentan con especialistas internos en mercados que debaten los \u00faltimos acontecimientos del mercado, las noticias de \u00faltima hora y los temas de tendencia. Cada podcast de v\u00eddeo est\u00e1 dise\u00f1ado para mantenerle informado, ofreci\u00e9ndole un an\u00e1lisis claro, nuevas perspectivas y conocimientos pr\u00e1cticos que puede aplicar a su estrategia de negociaci\u00f3n. <\/p>\t\t\t\t<\/div>\n\t\t\t\t<\/div>\n\t\t\t\t<\/div>\n\t\t<div class=\"elementor-element elementor-element-7620bb1 e-con-full e-flex e-con e-child\" data-id=\"7620bb1\" data-element_type=\"container\" data-e-type=\"container\">\n\t\t\t\t<div class=\"elementor-element elementor-element-434b8bd elementor-widget elementor-widget-image\" data-id=\"434b8bd\" data-element_type=\"widget\" data-e-type=\"widget\" data-widget_type=\"image.default\">\n\t\t\t\t<div class=\"elementor-widget-container\">\n\t\t\t\t\t\t\t\t\t\t\t\t\t\t\t<img fetchpriority=\"high\" decoding=\"async\" width=\"844\" height=\"937\" src=\"https:\/\/www.xlence.com\/wp-content\/uploads\/2025\/11\/right-1.png\" class=\"attachment-full size-full wp-image-41887\" alt=\"\" \/>\t\t\t\t\t\t\t\t\t\t\t\t\t\t\t<\/div>\n\t\t\t\t<\/div>\n\t\t\t\t<\/div>\n\t\t\t\t<\/section>\n\t\t<div class=\"elementor-element elementor-element-cad993a e-flex e-con-boxed e-con e-parent\" data-id=\"cad993a\" data-element_type=\"container\" data-e-type=\"container\">\n\t\t\t\t\t<div class=\"e-con-inner\">\n\t\t\t\t<div class=\"elementor-element elementor-element-7b32618 elementor-widget elementor-widget-heading\" data-id=\"7b32618\" data-element_type=\"widget\" data-e-type=\"widget\" data-widget_type=\"heading.default\">\n\t\t\t\t<div class=\"elementor-widget-container\">\n\t\t\t\t\t<h2 class=\"elementor-heading-title elementor-size-default\">\u00daltimo podcast<\/h2>\t\t\t\t<\/div>\n\t\t\t\t<\/div>\n\t\t<div class=\"elementor-element elementor-element-116e79f e-con-full e-flex e-con e-child\" data-id=\"116e79f\" data-element_type=\"container\" data-e-type=\"container\">\n\t\t<div class=\"elementor-element elementor-element-75eb136 e-con-full e-flex e-con e-child\" data-id=\"75eb136\" data-element_type=\"container\" data-e-type=\"container\">\n\t\t\t\t<div class=\"elementor-element elementor-element-9205f4b elementor-widget elementor-widget-heading\" data-id=\"9205f4b\" data-element_type=\"widget\" data-e-type=\"widget\" data-widget_type=\"heading.default\">\n\t\t\t\t<div class=\"elementor-widget-container\">\n\t\t\t\t\t<h2 class=\"elementor-heading-title elementor-size-default\">AI and the Magnificent 7: The Power Behind the Market\u2019s Masters<\/h2>\t\t\t\t<\/div>\n\t\t\t\t<\/div>\n\t\t\t\t<div class=\"elementor-element elementor-element-9c5d967 elementor-widget elementor-widget-heading\" data-id=\"9c5d967\" data-element_type=\"widget\" data-e-type=\"widget\" data-widget_type=\"heading.default\">\n\t\t\t\t<div class=\"elementor-widget-container\">\n\t\t\t\t\t<p class=\"elementor-heading-title elementor-size-default\">Episode 4<\/p>\t\t\t\t<\/div>\n\t\t\t\t<\/div>\n\t\t\t\t<\/div>\n\t\t\t\t<div class=\"elementor-element elementor-element-01621af elementor-widget elementor-widget-html\" data-id=\"01621af\" data-element_type=\"widget\" data-e-type=\"widget\" data-widget_type=\"html.default\">\n\t\t\t\t<div class=\"elementor-widget-container\">\n\t\t\t\t\t<iframe width=\"560\" height=\"315\" src=\"https:\/\/www.youtube.com\/embed\/3rUFlf0anC0?si=404q6KyaZBXv0RHb\" title=\"YouTube video player\" frameborder=\"0\" allow=\"accelerometer; autoplay; clipboard-write; encrypted-media; gyroscope; picture-in-picture; web-share\" referrerpolicy=\"strict-origin-when-cross-origin\" allowfullscreen=\"\"><\/iframe>\t\t\t\t<\/div>\n\t\t\t\t<\/div>\n\t\t\t\t<\/div>\n\t\t\t\t\t<\/div>\n\t\t\t\t<\/div>\n\t\t<div class=\"elementor-element elementor-element-db09941 e-flex e-con-boxed e-con e-parent\" data-id=\"db09941\" data-element_type=\"container\" data-e-type=\"container\" data-settings=\"{&quot;background_background&quot;:&quot;classic&quot;}\">\n\t\t\t\t\t<div class=\"e-con-inner\">\n\t\t\t\t<div class=\"elementor-element elementor-element-c445603 elementor-widget elementor-widget-heading\" data-id=\"c445603\" data-element_type=\"widget\" data-e-type=\"widget\" data-widget_type=\"heading.default\">\n\t\t\t\t<div class=\"elementor-widget-container\">\n\t\t\t\t\t<h2 class=\"elementor-heading-title elementor-size-default\">Podcasts anteriores<\/h2>\t\t\t\t<\/div>\n\t\t\t\t<\/div>\n\t\t\t\t<div class=\"elementor-element elementor-element-b93bf4e elementor-widget elementor-widget-heading\" data-id=\"b93bf4e\" data-element_type=\"widget\" data-e-type=\"widget\" data-widget_type=\"heading.default\">\n\t\t\t\t<div class=\"elementor-widget-container\">\n\t\t\t\t\t<p class=\"elementor-heading-title elementor-size-default\">P\u00f3ngase al d\u00eda con nuestros \u00faltimos episodios y mant\u00e9ngase a la vanguardia con informaci\u00f3n sobre temas de actualidad relacionados con el mercado de divisas.<\/p>\t\t\t\t<\/div>\n\t\t\t\t<\/div>\n\t\t<div class=\"elementor-element elementor-element-5ec486b e-grid e-con-full e-con e-child\" data-id=\"5ec486b\" data-element_type=\"container\" data-e-type=\"container\">\n\t\t<div class=\"elementor-element elementor-element-7156a77 e-con-full e-flex e-con e-child\" data-id=\"7156a77\" data-element_type=\"container\" data-e-type=\"container\">\n\t\t\t\t<div class=\"elementor-element elementor-element-5066a02 elementor-widget elementor-widget-html\" data-id=\"5066a02\" data-element_type=\"widget\" data-e-type=\"widget\" data-widget_type=\"html.default\">\n\t\t\t\t<div class=\"elementor-widget-container\">\n\t\t\t\t\t<iframe width=\"560\" height=\"210\" src=\"https:\/\/www.youtube.com\/embed\/2DOPDshmuo0?si=gfpqUiQHGMOmgZvS\" title=\"YouTube video player\" frameborder=\"0\" allow=\"accelerometer; autoplay; clipboard-write; encrypted-media; gyroscope; picture-in-picture; web-share\" referrerpolicy=\"strict-origin-when-cross-origin\" allowfullscreen=\"\"><\/iframe>\t\t\t\t<\/div>\n\t\t\t\t<\/div>\n\t\t\t\t<div class=\"elementor-element elementor-element-abf51e7 elementor-widget elementor-widget-heading\" data-id=\"abf51e7\" data-element_type=\"widget\" data-e-type=\"widget\" data-widget_type=\"heading.default\">\n\t\t\t\t<div class=\"elementor-widget-container\">\n\t\t\t\t\t<p class=\"elementor-heading-title elementor-size-default\">Episode 3<\/p>\t\t\t\t<\/div>\n\t\t\t\t<\/div>\n\t\t\t\t<div class=\"elementor-element elementor-element-d06e325 elementor-widget elementor-widget-heading\" data-id=\"d06e325\" data-element_type=\"widget\" data-e-type=\"widget\" data-widget_type=\"heading.default\">\n\t\t\t\t<div class=\"elementor-widget-container\">\n\t\t\t\t\t<h3 class=\"elementor-heading-title elementor-size-default\">China\u2019s Economic Crossroads: What Next for the World\u2019s Second-Largest Economy?\u200b<\/h3>\t\t\t\t<\/div>\n\t\t\t\t<\/div>\n\t\t\t\t<\/div>\n\t\t<div class=\"elementor-element elementor-element-4be4da5 e-con-full e-flex e-con e-child\" data-id=\"4be4da5\" data-element_type=\"container\" data-e-type=\"container\">\n\t\t\t\t<div class=\"elementor-element elementor-element-f639c1d elementor-widget elementor-widget-html\" data-id=\"f639c1d\" data-element_type=\"widget\" data-e-type=\"widget\" data-widget_type=\"html.default\">\n\t\t\t\t<div class=\"elementor-widget-container\">\n\t\t\t\t\t<iframe width=\"560\" height=\"315\" src=\"https:\/\/www.youtube.com\/embed\/-c038fybBK8?si=8am1UrtlgiynA6YQ\" title=\"YouTube video player\" frameborder=\"0\" allow=\"accelerometer; autoplay; clipboard-write; encrypted-media; gyroscope; picture-in-picture; web-share\" referrerpolicy=\"strict-origin-when-cross-origin\" allowfullscreen=\"\"><\/iframe>\t\t\t\t<\/div>\n\t\t\t\t<\/div>\n\t\t\t\t<div class=\"elementor-element elementor-element-278eaf3 elementor-widget elementor-widget-heading\" data-id=\"278eaf3\" data-element_type=\"widget\" data-e-type=\"widget\" data-widget_type=\"heading.default\">\n\t\t\t\t<div class=\"elementor-widget-container\">\n\t\t\t\t\t<p class=\"elementor-heading-title elementor-size-default\">Episode 2<\/p>\t\t\t\t<\/div>\n\t\t\t\t<\/div>\n\t\t\t\t<div class=\"elementor-element elementor-element-814650a elementor-widget elementor-widget-heading\" data-id=\"814650a\" data-element_type=\"widget\" data-e-type=\"widget\" data-widget_type=\"heading.default\">\n\t\t\t\t<div class=\"elementor-widget-container\">\n\t\t\t\t\t<h3 class=\"elementor-heading-title elementor-size-default\">September 2025 NFP data - Here's what to expect!<\/h3>\t\t\t\t<\/div>\n\t\t\t\t<\/div>\n\t\t\t\t<\/div>\n\t\t<div class=\"elementor-element elementor-element-a074faa e-con-full e-flex e-con e-child\" data-id=\"a074faa\" data-element_type=\"container\" data-e-type=\"container\">\n\t\t\t\t<div class=\"elementor-element elementor-element-90059b7 elementor-widget elementor-widget-html\" data-id=\"90059b7\" data-element_type=\"widget\" data-e-type=\"widget\" data-widget_type=\"html.default\">\n\t\t\t\t<div class=\"elementor-widget-container\">\n\t\t\t\t\t<iframe width=\"560\" height=\"315\" src=\"https:\/\/www.youtube.com\/embed\/QzIrNLMPgqk?si=RbbrP0_ILxcSlBqX\" title=\"YouTube video player\" frameborder=\"0\" allow=\"accelerometer; autoplay; clipboard-write; encrypted-media; gyroscope; picture-in-picture; web-share\" referrerpolicy=\"strict-origin-when-cross-origin\" allowfullscreen=\"\"><\/iframe>\t\t\t\t<\/div>\n\t\t\t\t<\/div>\n\t\t\t\t<div class=\"elementor-element elementor-element-71fe6a8 elementor-widget elementor-widget-heading\" data-id=\"71fe6a8\" data-element_type=\"widget\" data-e-type=\"widget\" data-widget_type=\"heading.default\">\n\t\t\t\t<div class=\"elementor-widget-container\">\n\t\t\t\t\t<p class=\"elementor-heading-title elementor-size-default\">Episode 1<\/p>\t\t\t\t<\/div>\n\t\t\t\t<\/div>\n\t\t\t\t<div class=\"elementor-element elementor-element-30de39a elementor-widget elementor-widget-heading\" data-id=\"30de39a\" data-element_type=\"widget\" data-e-type=\"widget\" data-widget_type=\"heading.default\">\n\t\t\t\t<div class=\"elementor-widget-container\">\n\t\t\t\t\t<h3 class=\"elementor-heading-title elementor-size-default\">The Fed\u2019s Big Call &amp; Trading Opportunities - Sept 2025<\/h3>\t\t\t\t<\/div>\n\t\t\t\t<\/div>\n\t\t\t\t<\/div>\n\t\t\t\t<\/div>\n\t\t\t\t\t<\/div>\n\t\t\t\t<\/div>\n\t\t\t\t<\/div>\n\t\t","protected":false},"excerpt":{"rendered":"<p>Podcasts de Xlence Narrative Observe, aprenda y opere de forma m\u00e1s inteligente con la informaci\u00f3n de los expertos del mercado. Los podcasts de Xlence Narrative cuentan con especialistas internos en mercados que debaten los \u00faltimos acontecimientos del mercado, las noticias de \u00faltima hora y los temas de tendencia. Cada podcast de v\u00eddeo est\u00e1 dise\u00f1ado para [&hellip;]<\/p>\n","protected":false},"author":11,"featured_media":0,"parent":0,"menu_order":0,"comment_status":"closed","ping_status":"closed","template":"elementor_header_footer","meta":{"_acf_changed":false,"inline_featured_image":false,"footnotes":""},"class_list":["post-41051","page","type-page","status-publish","hentry"],"acf":[],"yoast_head":"<!-- This site is optimized with the Yoast SEO Premium plugin v26.2 (Yoast SEO v27.3) - https:\/\/yoast.com\/product\/yoast-seo-premium-wordpress\/ -->\n<title>Podcasts Xlence Narrative | Opiniones expertas del mercado<\/title>\n<meta name=\"description\" content=\"Mant\u00e9ngase informado con los podcasts de Xlence Narrative, donde expertos del mercado analizan noticias y comparten informaci\u00f3n pr\u00e1ctica.\" \/>\n<meta name=\"robots\" content=\"index, follow, max-snippet:-1, max-image-preview:large, max-video-preview:-1\" \/>\n<link rel=\"canonical\" href=\"https:\/\/www.xlence.com\/es\/podcasts-de-xlence-narrative\/\" \/>\n<meta property=\"og:locale\" content=\"es_ES\" \/>\n<meta property=\"og:type\" content=\"article\" \/>\n<meta property=\"og:title\" content=\"Podcasts de Xlence Narrative\" \/>\n<meta property=\"og:description\" content=\"Mant\u00e9ngase informado con los podcasts de Xlence Narrative, donde expertos del mercado analizan noticias y comparten informaci\u00f3n pr\u00e1ctica.\" \/>\n<meta property=\"og:url\" content=\"https:\/\/www.xlence.com\/es\/podcasts-de-xlence-narrative\/\" \/>\n<meta property=\"og:site_name\" content=\"Xlence\" \/>\n<meta property=\"article:modified_time\" content=\"2026-01-28T14:35:59+00:00\" \/>\n<meta property=\"og:image\" content=\"https:\/\/www.xlence.com\/wp-content\/uploads\/2025\/11\/right-1.png\" \/>\n<meta name=\"twitter:card\" content=\"summary_large_image\" \/>\n<meta name=\"twitter:label1\" content=\"Tiempo de lectura\" \/>\n\t<meta name=\"twitter:data1\" content=\"1 minuto\" \/>\n<script type=\"application\/ld+json\" class=\"yoast-schema-graph\">{\"@context\":\"https:\\\/\\\/schema.org\",\"@graph\":[{\"@type\":\"WebPage\",\"@id\":\"https:\\\/\\\/www.xlence.com\\\/es\\\/podcasts-de-xlence-narrative\\\/\",\"url\":\"https:\\\/\\\/www.xlence.com\\\/es\\\/podcasts-de-xlence-narrative\\\/\",\"name\":\"Podcasts Xlence Narrative | Opiniones expertas del mercado\",\"isPartOf\":{\"@id\":\"https:\\\/\\\/www.xlence.com\\\/es\\\/#website\"},\"primaryImageOfPage\":{\"@id\":\"https:\\\/\\\/www.xlence.com\\\/es\\\/podcasts-de-xlence-narrative\\\/#primaryimage\"},\"image\":{\"@id\":\"https:\\\/\\\/www.xlence.com\\\/es\\\/podcasts-de-xlence-narrative\\\/#primaryimage\"},\"thumbnailUrl\":\"https:\\\/\\\/www.xlence.com\\\/wp-content\\\/uploads\\\/2025\\\/11\\\/right-1.png\",\"datePublished\":\"2025-11-14T09:27:41+00:00\",\"dateModified\":\"2026-01-28T14:35:59+00:00\",\"description\":\"Mant\u00e9ngase informado con los podcasts de Xlence Narrative, donde expertos del mercado analizan noticias y comparten informaci\u00f3n pr\u00e1ctica.\",\"breadcrumb\":{\"@id\":\"https:\\\/\\\/www.xlence.com\\\/es\\\/podcasts-de-xlence-narrative\\\/#breadcrumb\"},\"inLanguage\":\"es\",\"potentialAction\":[{\"@type\":\"ReadAction\",\"target\":[\"https:\\\/\\\/www.xlence.com\\\/es\\\/podcasts-de-xlence-narrative\\\/\"]}]},{\"@type\":\"ImageObject\",\"inLanguage\":\"es\",\"@id\":\"https:\\\/\\\/www.xlence.com\\\/es\\\/podcasts-de-xlence-narrative\\\/#primaryimage\",\"url\":\"https:\\\/\\\/www.xlence.com\\\/wp-content\\\/uploads\\\/2025\\\/11\\\/right-1.png\",\"contentUrl\":\"https:\\\/\\\/www.xlence.com\\\/wp-content\\\/uploads\\\/2025\\\/11\\\/right-1.png\"},{\"@type\":\"BreadcrumbList\",\"@id\":\"https:\\\/\\\/www.xlence.com\\\/es\\\/podcasts-de-xlence-narrative\\\/#breadcrumb\",\"itemListElement\":[{\"@type\":\"ListItem\",\"position\":1,\"name\":\"Home\",\"item\":\"https:\\\/\\\/www.xlence.com\\\/es\\\/\"},{\"@type\":\"ListItem\",\"position\":2,\"name\":\"Podcasts de Xlence Narrative\"}]},{\"@type\":\"WebSite\",\"@id\":\"https:\\\/\\\/www.xlence.com\\\/es\\\/#website\",\"url\":\"https:\\\/\\\/www.xlence.com\\\/es\\\/\",\"name\":\"Xlence\",\"description\":\"\",\"potentialAction\":[{\"@type\":\"SearchAction\",\"target\":{\"@type\":\"EntryPoint\",\"urlTemplate\":\"https:\\\/\\\/www.xlence.com\\\/es\\\/?s={search_term_string}\"},\"query-input\":{\"@type\":\"PropertyValueSpecification\",\"valueRequired\":true,\"valueName\":\"search_term_string\"}}],\"inLanguage\":\"es\"}]}<\/script>\n<!-- \/ Yoast SEO Premium plugin. -->","yoast_head_json":{"title":"Podcasts Xlence Narrative | Opiniones expertas del mercado","description":"Mant\u00e9ngase informado con los podcasts de Xlence Narrative, donde expertos del mercado analizan noticias y comparten informaci\u00f3n pr\u00e1ctica.","robots":{"index":"index","follow":"follow","max-snippet":"max-snippet:-1","max-image-preview":"max-image-preview:large","max-video-preview":"max-video-preview:-1"},"canonical":"https:\/\/www.xlence.com\/es\/podcasts-de-xlence-narrative\/","og_locale":"es_ES","og_type":"article","og_title":"Podcasts de Xlence Narrative","og_description":"Mant\u00e9ngase informado con los podcasts de Xlence Narrative, donde expertos del mercado analizan noticias y comparten informaci\u00f3n pr\u00e1ctica.","og_url":"https:\/\/www.xlence.com\/es\/podcasts-de-xlence-narrative\/","og_site_name":"Xlence","article_modified_time":"2026-01-28T14:35:59+00:00","og_image":[{"url":"https:\/\/www.xlence.com\/wp-content\/uploads\/2025\/11\/right-1.png","type":"","width":"","height":""}],"twitter_card":"summary_large_image","twitter_misc":{"Tiempo de lectura":"1 minuto"},"schema":{"@context":"https:\/\/schema.org","@graph":[{"@type":"WebPage","@id":"https:\/\/www.xlence.com\/es\/podcasts-de-xlence-narrative\/","url":"https:\/\/www.xlence.com\/es\/podcasts-de-xlence-narrative\/","name":"Podcasts Xlence Narrative | Opiniones expertas del mercado","isPartOf":{"@id":"https:\/\/www.xlence.com\/es\/#website"},"primaryImageOfPage":{"@id":"https:\/\/www.xlence.com\/es\/podcasts-de-xlence-narrative\/#primaryimage"},"image":{"@id":"https:\/\/www.xlence.com\/es\/podcasts-de-xlence-narrative\/#primaryimage"},"thumbnailUrl":"https:\/\/www.xlence.com\/wp-content\/uploads\/2025\/11\/right-1.png","datePublished":"2025-11-14T09:27:41+00:00","dateModified":"2026-01-28T14:35:59+00:00","description":"Mant\u00e9ngase informado con los podcasts de Xlence Narrative, donde expertos del mercado analizan noticias y comparten informaci\u00f3n pr\u00e1ctica.","breadcrumb":{"@id":"https:\/\/www.xlence.com\/es\/podcasts-de-xlence-narrative\/#breadcrumb"},"inLanguage":"es","potentialAction":[{"@type":"ReadAction","target":["https:\/\/www.xlence.com\/es\/podcasts-de-xlence-narrative\/"]}]},{"@type":"ImageObject","inLanguage":"es","@id":"https:\/\/www.xlence.com\/es\/podcasts-de-xlence-narrative\/#primaryimage","url":"https:\/\/www.xlence.com\/wp-content\/uploads\/2025\/11\/right-1.png","contentUrl":"https:\/\/www.xlence.com\/wp-content\/uploads\/2025\/11\/right-1.png"},{"@type":"BreadcrumbList","@id":"https:\/\/www.xlence.com\/es\/podcasts-de-xlence-narrative\/#breadcrumb","itemListElement":[{"@type":"ListItem","position":1,"name":"Home","item":"https:\/\/www.xlence.com\/es\/"},{"@type":"ListItem","position":2,"name":"Podcasts de Xlence Narrative"}]},{"@type":"WebSite","@id":"https:\/\/www.xlence.com\/es\/#website","url":"https:\/\/www.xlence.com\/es\/","name":"Xlence","description":"","potentialAction":[{"@type":"SearchAction","target":{"@type":"EntryPoint","urlTemplate":"https:\/\/www.xlence.com\/es\/?s={search_term_string}"},"query-input":{"@type":"PropertyValueSpecification","valueRequired":true,"valueName":"search_term_string"}}],"inLanguage":"es"}]}},"_links":{"self":[{"href":"https:\/\/www.xlence.com\/es\/wp-json\/wp\/v2\/pages\/41051","targetHints":{"allow":["GET"]}}],"collection":[{"href":"https:\/\/www.xlence.com\/es\/wp-json\/wp\/v2\/pages"}],"about":[{"href":"https:\/\/www.xlence.com\/es\/wp-json\/wp\/v2\/types\/page"}],"author":[{"embeddable":true,"href":"https:\/\/www.xlence.com\/es\/wp-json\/wp\/v2\/users\/11"}],"replies":[{"embeddable":true,"href":"https:\/\/www.xlence.com\/es\/wp-json\/wp\/v2\/comments?post=41051"}],"version-history":[{"count":0,"href":"https:\/\/www.xlence.com\/es\/wp-json\/wp\/v2\/pages\/41051\/revisions"}],"wp:attachment":[{"href":"https:\/\/www.xlence.com\/es\/wp-json\/wp\/v2\/media?parent=41051"}],"curies":[{"name":"wp","href":"https:\/\/api.w.org\/{rel}","templated":true}]}}