{"id":7940,"date":"2024-08-01T10:22:17","date_gmt":"2024-08-01T10:22:17","guid":{"rendered":"https:\/\/xlence-com.wp-dev.int.theitops.net\/difunde\/"},"modified":"2024-11-29T10:02:33","modified_gmt":"2024-11-29T10:02:33","slug":"spreads","status":"publish","type":"page","link":"https:\/\/www.xlence.com\/es\/trading\/spreads\/","title":{"rendered":"Difunde"},"content":{"rendered":"\t\t<div data-elementor-type=\"wp-page\" data-elementor-id=\"7940\" class=\"elementor elementor-7940 elementor-2216\" data-elementor-post-type=\"page\">\n\t\t\t\t<section class=\"elementor-element elementor-element-3c1e012 e-con-full e-flex e-con e-parent\" data-id=\"3c1e012\" data-element_type=\"container\" data-e-type=\"container\" data-settings=\"{&quot;background_background&quot;:&quot;classic&quot;}\">\n\t\t<div class=\"elementor-element elementor-element-0f70d2c e-con-full e-flex e-con e-child\" data-id=\"0f70d2c\" data-element_type=\"container\" data-e-type=\"container\">\n\t\t\t\t<div class=\"elementor-element elementor-element-ce159df elementor-widget elementor-widget-heading\" data-id=\"ce159df\" data-element_type=\"widget\" data-e-type=\"widget\" data-widget_type=\"heading.default\">\n\t\t\t\t<div class=\"elementor-widget-container\">\n\t\t\t\t\t<h1 class=\"elementor-heading-title elementor-size-default\">Difunde<\/h1>\t\t\t\t<\/div>\n\t\t\t\t<\/div>\n\t\t\t\t<div class=\"elementor-element elementor-element-0fae416 elementor-widget elementor-widget-heading\" data-id=\"0fae416\" data-element_type=\"widget\" data-e-type=\"widget\" data-widget_type=\"heading.default\">\n\t\t\t\t<div class=\"elementor-widget-container\">\n\t\t\t\t\t<h2 class=\"elementor-heading-title elementor-size-default\">\u00a1Reduzca sus m\u00e1rgenes con las actualizaciones de cuenta <span>Xlence <\/span>!<\/h2>\t\t\t\t<\/div>\n\t\t\t\t<\/div>\n\t\t\t\t<div class=\"elementor-element elementor-element-20571b4 elementor-widget elementor-widget-heading\" data-id=\"20571b4\" data-element_type=\"widget\" data-e-type=\"widget\" data-widget_type=\"heading.default\">\n\t\t\t\t<div class=\"elementor-widget-container\">\n\t\t\t\t\t<p class=\"elementor-heading-title elementor-size-default\">Independientemente del mercado financiero que elija para operar, debe tener en cuenta sus costes, especialmente la diferencia de precio entre la compra y la venta de un activo subyacente, lo que se conoce como diferencial. Xlence ofrece 4 niveles de actualizaci\u00f3n de cuenta que ofrecen spreads muy reducidos en las cuentas de trading.<\/p>\t\t\t\t<\/div>\n\t\t\t\t<\/div>\n\t\t\t\t<div class=\"elementor-element elementor-element-086512f elementor-tablet-align-center elementor-widget elementor-widget-button\" data-id=\"086512f\" data-element_type=\"widget\" data-e-type=\"widget\" data-widget_type=\"button.default\">\n\t\t\t\t<div class=\"elementor-widget-container\">\n\t\t\t\t\t\t\t\t\t<div class=\"elementor-button-wrapper\">\n\t\t\t\t\t<a class=\"elementor-button elementor-button-link elementor-size-sm\" href=\"https:\/\/my.xlence.com\/registration\">\n\t\t\t\t\t\t<span class=\"elementor-button-content-wrapper\">\n\t\t\t\t\t\t\t\t\t<span class=\"elementor-button-text\">Abrir una cuenta<\/span>\n\t\t\t\t\t<\/span>\n\t\t\t\t\t<\/a>\n\t\t\t\t<\/div>\n\t\t\t\t\t\t\t\t<\/div>\n\t\t\t\t<\/div>\n\t\t\t\t<div class=\"elementor-element elementor-element-3325e8f elementor-widget elementor-widget-heading\" data-id=\"3325e8f\" data-element_type=\"widget\" data-e-type=\"widget\" data-widget_type=\"heading.default\">\n\t\t\t\t<div class=\"elementor-widget-container\">\n\t\t\t\t\t<div class=\"elementor-heading-title elementor-size-default\">Toda negociaci\u00f3n implica un riesgo. Es posible perder todo el capital.<\/div>\t\t\t\t<\/div>\n\t\t\t\t<\/div>\n\t\t\t\t<\/div>\n\t\t<div class=\"elementor-element elementor-element-a6e2af3 e-con-full e-flex e-con e-child\" data-id=\"a6e2af3\" data-element_type=\"container\" data-e-type=\"container\">\n\t\t\t\t<div class=\"elementor-element elementor-element-f56e2ac elementor-widget elementor-widget-image\" data-id=\"f56e2ac\" data-element_type=\"widget\" data-e-type=\"widget\" data-widget_type=\"image.default\">\n\t\t\t\t<div class=\"elementor-widget-container\">\n\t\t\t\t\t\t\t\t\t\t\t\t\t\t\t<img fetchpriority=\"high\" decoding=\"async\" width=\"836\" height=\"1080\" src=\"https:\/\/www.xlence.com\/wp-content\/uploads\/2024\/06\/Spreads-1.png\" class=\"attachment-full size-full wp-image-6565\" alt=\"A laptop displaying a bar chart and a pie chart, illustrating data spreads and analysis.\" \/>\t\t\t\t\t\t\t\t\t\t\t\t\t\t\t<\/div>\n\t\t\t\t<\/div>\n\t\t\t\t<\/div>\n\t\t\t\t<\/section>\n\t\t<div class=\"elementor-element elementor-element-fb1c227 e-flex e-con-boxed e-con e-parent\" data-id=\"fb1c227\" data-element_type=\"container\" data-e-type=\"container\" data-settings=\"{&quot;background_background&quot;:&quot;classic&quot;}\">\n\t\t\t\t\t<div class=\"e-con-inner\">\n\t\t\t\t<div class=\"elementor-element elementor-element-9ed2549 elementor-widget elementor-widget-heading\" data-id=\"9ed2549\" data-element_type=\"widget\" data-e-type=\"widget\" data-widget_type=\"heading.default\">\n\t\t\t\t<div class=\"elementor-widget-container\">\n\t\t\t\t\t<h2 class=\"elementor-heading-title elementor-size-default\">Comparaci\u00f3n de diferenciales medios<\/h2>\t\t\t\t<\/div>\n\t\t\t\t<\/div>\n\t\t\t\t<div class=\"elementor-element elementor-element-e27b5ef elementor-widget elementor-widget-html\" data-id=\"e27b5ef\" data-element_type=\"widget\" data-e-type=\"widget\" data-widget_type=\"html.default\">\n\t\t\t\t<div class=\"elementor-widget-container\">\n\t\t\t\t\t\n<div class=\"table__container-rates\">\n    <table class=\"account__table\">\n        <thead>\n            <tr>\n                <th> <\/th>\n                <th>Xlence Esencial<\/th>\n                <th>Xlence Prime<br><span class=\"upgrade\">Mejora*<\/span><\/th>\n                <th>Xlence Delux<br><span class=\"upgrade\">Mejora*<\/span><\/th>\n                <th>Xlence Ultimate<br><span class=\"upgrade\">Mejora*<\/span><\/th>\n            <\/tr>\n        <\/thead>\n        <tbody>\n            <tr>\n                <td class=\"table__image-text-cell\">\n\n                                        <img decoding=\"async\" src=\"\/wp-content\/uploads\/2024\/07\/EURUSD.png\" height=\"40\" width=\"70\">\n EUR\/USD\n                <\/td>\n                <td>1.4<\/td>\n                <td>1.2<\/td>\n                <td>0.9<\/td>\n                <td>0.7<\/td>\n            <\/tr>\n            <tr>\n                <td class=\"table__image-text-cell\">\n                    <img decoding=\"async\" src=\"\/wp-content\/uploads\/2024\/07\/EURCHF.png\" height=\"40\" width=\"70\">\n EUR\/CHF\n                <\/td>\n                <td>2.2<\/td>\n                <td>2.0<\/td>\n                <td>1.7<\/td>\n                <td>1.5<\/td>\n            <\/tr>\n            <tr>\n                <td class=\"table__image-text-cell\">\n                    <img loading=\"lazy\" decoding=\"async\" src=\"\/wp-content\/uploads\/2024\/07\/EURGBP.png\" height=\"40\" width=\"70\">\n EUR\/GBP\n                <\/td>\n                <td>1.5<\/td>\n                <td>1.3<\/td>\n                <td>1.0<\/td>\n                <td>0.8<\/td>\n            <\/tr>\n            <tr>\n                <td class=\"table__image-text-cell\">\n                    <img loading=\"lazy\" decoding=\"async\" src=\"\/wp-content\/uploads\/2024\/07\/EURJPY.png\" height=\"40\" width=\"70\">\n EUR\/JPY\n                <\/td>\n                <td>1.9<\/td>\n                <td>1.7<\/td>\n                <td>1.4<\/td>\n                <td>1.2<\/td>\n            <\/tr>\n            <tr>\n                <td class=\"table__image-text-cell\">\n                    <img loading=\"lazy\" decoding=\"async\" src=\"\/wp-content\/uploads\/2024\/07\/GBPCHF.png\" height=\"40\" width=\"70\">\n GBP\/CHF\n                <\/td>\n                <td>2.7<\/td>\n                <td>2.5<\/td>\n                <td>2.2<\/td>\n                <td>2.0<\/td>\n            <\/tr>\n        <\/tbody>\n    <\/table>\n<\/div>\t\t\t\t<\/div>\n\t\t\t\t<\/div>\n\t\t\t\t<div class=\"elementor-element elementor-element-9e251c0 elementor-widget elementor-widget-text-editor\" data-id=\"9e251c0\" data-element_type=\"widget\" data-e-type=\"widget\" data-widget_type=\"text-editor.default\">\n\t\t\t\t<div class=\"elementor-widget-container\">\n\t\t\t\t\t\t\t\t\t<p><span dir=\"ltr\" role=\"presentation\">&#8211;<\/span> <span dir=\"ltr\" role=\"presentation\">Disponible como actualizaci\u00f3n de Xlence Essential <\/span><span dir=\"ltr\" role=\"presentation\">Cuenta<\/span><\/p>\n<p><br role=\"presentation\"><span dir=\"ltr\" role=\"presentation\">Notas:<\/span><\/p>\n<p><span dir=\"ltr\" role=\"presentation\">&#8211;<\/span> <span dir=\"ltr\" role=\"presentation\">El diferencial medio tiene en cuenta un <\/span><span dir=\"ltr\" role=\"presentation\">un periodo de tiempo amplio, por ejemplo <\/span> <span dir=\"ltr\" role=\"presentation\">Sesi\u00f3n diurna (09:00 &#8211; 18:00). Para ver <\/span><span dir=\"ltr\" role=\"presentation\">valores de tiempo los clientes deben referirse a su <\/span><span dir=\"ltr\" role=\"presentation\">terminal cliente.<\/span><br role=\"presentation\"><span dir=\"ltr\" role=\"presentation\">&#8211;<\/span> <span dir=\"ltr\" role=\"presentation\">Durante la sesi\u00f3n nocturna, m\u00e1s vol\u00e1til <\/span><span dir=\"ltr\" role=\"presentation\">m\u00e1s vol\u00e1tiles, los diferenciales ser\u00e1n <\/span><span dir=\"ltr\" role=\"presentation\">mostrados anteriormente.<\/span><\/p>\n\t\t\t\t\t\t\t\t<\/div>\n\t\t\t\t<\/div>\n\t\t\t\t\t<\/div>\n\t\t\t\t<\/div>\n\t\t<div class=\"elementor-element elementor-element-9485ead e-flex e-con-boxed e-con e-parent\" data-id=\"9485ead\" data-element_type=\"container\" data-e-type=\"container\" data-settings=\"{&quot;background_background&quot;:&quot;classic&quot;}\">\n\t\t\t\t\t<div class=\"e-con-inner\">\n\t\t\t\t<div class=\"elementor-element elementor-element-aeb52a8 elementor-widget elementor-widget-heading\" data-id=\"aeb52a8\" data-element_type=\"widget\" data-e-type=\"widget\" data-widget_type=\"heading.default\">\n\t\t\t\t<div class=\"elementor-widget-container\">\n\t\t\t\t\t<h2 class=\"elementor-heading-title elementor-size-default\">Acerca de <span>los diferenciales altos &amp; <\/span> bajos<\/h2>\t\t\t\t<\/div>\n\t\t\t\t<\/div>\n\t\t\t\t<div class=\"elementor-element elementor-element-1732d1c elementor-widget elementor-widget-heading\" data-id=\"1732d1c\" data-element_type=\"widget\" data-e-type=\"widget\" data-widget_type=\"heading.default\">\n\t\t\t\t<div class=\"elementor-widget-container\">\n\t\t\t\t\t<p class=\"elementor-heading-title elementor-size-default\">Las noticias provocan con frecuencia incertidumbre y volatilidad en el mercado. La publicaci\u00f3n de datos econ\u00f3micos puede afectar al sentimiento del mercado, ya que pueden ser inferiores o superiores al consenso del mercado. Para reducir parte del riesgo de volatilidad inesperada, los proveedores de liquidez suelen ampliar los diferenciales.<\/p>\t\t\t\t<\/div>\n\t\t\t\t<\/div>\n\t\t<section class=\"elementor-element elementor-element-77ead59 e-con-full e-grid e-con e-child\" data-id=\"77ead59\" data-element_type=\"container\" data-e-type=\"container\" data-settings=\"{&quot;background_background&quot;:&quot;classic&quot;}\">\n\t\t<div class=\"elementor-element elementor-element-c6e4c14 e-con-full e-flex e-con e-child\" data-id=\"c6e4c14\" data-element_type=\"container\" data-e-type=\"container\" data-settings=\"{&quot;background_background&quot;:&quot;classic&quot;}\">\n\t\t\t\t<div class=\"elementor-element elementor-element-e95d0ab elementor-widget elementor-widget-image\" data-id=\"e95d0ab\" data-element_type=\"widget\" data-e-type=\"widget\" data-widget_type=\"image.default\">\n\t\t\t\t<div class=\"elementor-widget-container\">\n\t\t\t\t\t\t\t\t\t\t\t\t\t\t\t<img loading=\"lazy\" decoding=\"async\" width=\"80\" height=\"80\" src=\"https:\/\/www.xlence.com\/wp-content\/uploads\/2024\/06\/High-spread.svg\" class=\"attachment-full size-full wp-image-6568\" alt=\"A circle containing a check mark, symbolizing approval or completion, with a spread effect in the background.\" \/>\t\t\t\t\t\t\t\t\t\t\t\t\t\t\t<\/div>\n\t\t\t\t<\/div>\n\t\t\t\t<div class=\"elementor-element elementor-element-19f3c86 elementor-widget elementor-widget-heading\" data-id=\"19f3c86\" data-element_type=\"widget\" data-e-type=\"widget\" data-widget_type=\"heading.default\">\n\t\t\t\t<div class=\"elementor-widget-container\">\n\t\t\t\t\t<h3 class=\"elementor-heading-title elementor-size-default\">Diferencial alto<\/h3>\t\t\t\t<\/div>\n\t\t\t\t<\/div>\n\t\t\t\t<div class=\"elementor-element elementor-element-c2b8326 elementor-widget elementor-widget-heading\" data-id=\"c2b8326\" data-element_type=\"widget\" data-e-type=\"widget\" data-widget_type=\"heading.default\">\n\t\t\t\t<div class=\"elementor-widget-container\">\n\t\t\t\t\t<p class=\"elementor-heading-title elementor-size-default\">Un diferencial elevado se indica mediante una variaci\u00f3n significativa entre los precios de compra y de venta. Los diferenciales de los principales pares de divisas suelen ser bajos, mientras que los de los pares de divisas de mercados emergentes suelen ser m\u00e1s elevados. Los diferenciales m\u00e1s altos de lo habitual son el resultado de una disminuci\u00f3n de la liquidez o de un aumento de la volatilidad. Los diferenciales pueden ampliarse considerablemente antes de la publicaci\u00f3n de noticias importantes o durante acontecimientos pol\u00edticos cruciales, como las elecciones estadounidenses.<\/p>\t\t\t\t<\/div>\n\t\t\t\t<\/div>\n\t\t\t\t<\/div>\n\t\t<div class=\"elementor-element elementor-element-c79e6a3 e-con-full e-flex e-con e-child\" data-id=\"c79e6a3\" data-element_type=\"container\" data-e-type=\"container\" data-settings=\"{&quot;background_background&quot;:&quot;classic&quot;}\">\n\t\t\t\t<div class=\"elementor-element elementor-element-963f9d2 elementor-widget elementor-widget-image\" data-id=\"963f9d2\" data-element_type=\"widget\" data-e-type=\"widget\" data-widget_type=\"image.default\">\n\t\t\t\t<div class=\"elementor-widget-container\">\n\t\t\t\t\t\t\t\t\t\t\t\t\t\t\t<img loading=\"lazy\" decoding=\"async\" width=\"80\" height=\"80\" src=\"https:\/\/www.xlence.com\/wp-content\/uploads\/2024\/06\/Low-spread.svg\" class=\"attachment-full size-full wp-image-6569\" alt=\"Circular dotted icon with a gold line-graph symbol, representing market movements and analysis of trading spreads\" \/>\t\t\t\t\t\t\t\t\t\t\t\t\t\t\t<\/div>\n\t\t\t\t<\/div>\n\t\t\t\t<div class=\"elementor-element elementor-element-17366c8 elementor-widget elementor-widget-heading\" data-id=\"17366c8\" data-element_type=\"widget\" data-e-type=\"widget\" data-widget_type=\"heading.default\">\n\t\t\t\t<div class=\"elementor-widget-container\">\n\t\t\t\t\t<h3 class=\"elementor-heading-title elementor-size-default\">Diferencial bajo<\/h3>\t\t\t\t<\/div>\n\t\t\t\t<\/div>\n\t\t\t\t<div class=\"elementor-element elementor-element-c2b7028 elementor-widget elementor-widget-heading\" data-id=\"c2b7028\" data-element_type=\"widget\" data-e-type=\"widget\" data-widget_type=\"heading.default\">\n\t\t\t\t<div class=\"elementor-widget-container\">\n\t\t\t\t\t<p class=\"elementor-heading-title elementor-size-default\">Un diferencial bajo significa que hay poca diferencia entre los precios de compra y de venta. Los operadores prefieren los diferenciales bajos, especialmente durante las sesiones de forex m\u00e1s ajetreadas. Los diferenciales bajos son un signo de mayor liquidez y menor volatilidad.<\/p>\t\t\t\t<\/div>\n\t\t\t\t<\/div>\n\t\t\t\t<\/div>\n\t\t\t\t<\/section>\n\t\t\t\t<div class=\"elementor-element elementor-element-906e893 elementor-tablet-align-center elementor-widget elementor-widget-button\" data-id=\"906e893\" data-element_type=\"widget\" data-e-type=\"widget\" data-widget_type=\"button.default\">\n\t\t\t\t<div class=\"elementor-widget-container\">\n\t\t\t\t\t\t\t\t\t<div class=\"elementor-button-wrapper\">\n\t\t\t\t\t<a class=\"elementor-button elementor-button-link elementor-size-sm\" href=\"https:\/\/my.xlence.com\/registration\">\n\t\t\t\t\t\t<span class=\"elementor-button-content-wrapper\">\n\t\t\t\t\t\t\t\t\t<span class=\"elementor-button-text\">Abrir una cuenta<\/span>\n\t\t\t\t\t<\/span>\n\t\t\t\t\t<\/a>\n\t\t\t\t<\/div>\n\t\t\t\t\t\t\t\t<\/div>\n\t\t\t\t<\/div>\n\t\t\t\t<div class=\"elementor-element elementor-element-06d393c elementor-widget elementor-widget-heading\" data-id=\"06d393c\" data-element_type=\"widget\" data-e-type=\"widget\" data-widget_type=\"heading.default\">\n\t\t\t\t<div class=\"elementor-widget-container\">\n\t\t\t\t\t<div class=\"elementor-heading-title elementor-size-default\">Toda negociaci\u00f3n implica un riesgo. Es posible perder todo el capital.<\/div>\t\t\t\t<\/div>\n\t\t\t\t<\/div>\n\t\t\t\t\t<\/div>\n\t\t\t\t<\/div>\n\t\t\t\t<\/div>\n\t\t","protected":false},"excerpt":{"rendered":"<p>Difunde \u00a1Reduzca sus m\u00e1rgenes con las actualizaciones de cuenta Xlence ! Independientemente del mercado financiero que elija para operar, debe tener en cuenta sus costes, especialmente la diferencia de precio entre la compra y la venta de un activo subyacente, lo que se conoce como diferencial. Xlence ofrece 4 niveles de actualizaci\u00f3n de cuenta que [&hellip;]<\/p>\n","protected":false},"author":2,"featured_media":0,"parent":7955,"menu_order":0,"comment_status":"closed","ping_status":"closed","template":"elementor_header_footer","meta":{"_acf_changed":false,"inline_featured_image":false,"footnotes":""},"class_list":["post-7940","page","type-page","status-publish","hentry"],"acf":[],"yoast_head":"<!-- This site is optimized with the Yoast SEO Premium plugin v27.4 (Yoast SEO v27.4) - https:\/\/yoast.com\/product\/yoast-seo-premium-wordpress\/ -->\n<title>Opere con diferenciales competitivos en Xlence<\/title>\n<meta name=\"description\" content=\"Xlence ofrece diferenciales bajos, lo que le permite adentrarse en la negociaci\u00f3n con excelentes condiciones en varios mercados\" \/>\n<meta name=\"robots\" content=\"index, follow, max-snippet:-1, max-image-preview:large, max-video-preview:-1\" \/>\n<link rel=\"canonical\" href=\"https:\/\/www.xlence.com\/es\/trading\/spreads\/\" \/>\n<meta property=\"og:locale\" content=\"es_ES\" \/>\n<meta property=\"og:type\" content=\"article\" \/>\n<meta property=\"og:title\" content=\"Difunde\" \/>\n<meta property=\"og:description\" content=\"Xlence ofrece diferenciales bajos, lo que le permite adentrarse en la negociaci\u00f3n con excelentes condiciones en varios mercados\" \/>\n<meta property=\"og:url\" content=\"https:\/\/www.xlence.com\/es\/trading\/spreads\/\" \/>\n<meta property=\"og:site_name\" content=\"Xlence\" \/>\n<meta property=\"article:modified_time\" content=\"2024-11-29T10:02:33+00:00\" \/>\n<meta property=\"og:image\" content=\"https:\/\/www.xlence.com\/wp-content\/uploads\/2024\/06\/Spreads-1.png\" \/>\n<meta name=\"twitter:card\" content=\"summary_large_image\" \/>\n<meta name=\"twitter:label1\" content=\"Tiempo de lectura\" \/>\n\t<meta name=\"twitter:data1\" content=\"4 minutos\" \/>\n<script type=\"application\/ld+json\" class=\"yoast-schema-graph\">{\"@context\":\"https:\\\/\\\/schema.org\",\"@graph\":[{\"@type\":\"WebPage\",\"@id\":\"https:\\\/\\\/www.xlence.com\\\/es\\\/trading\\\/spreads\\\/\",\"url\":\"https:\\\/\\\/www.xlence.com\\\/es\\\/trading\\\/spreads\\\/\",\"name\":\"Opere con diferenciales competitivos en Xlence\",\"isPartOf\":{\"@id\":\"https:\\\/\\\/www.xlence.com\\\/es\\\/#website\"},\"primaryImageOfPage\":{\"@id\":\"https:\\\/\\\/www.xlence.com\\\/es\\\/trading\\\/spreads\\\/#primaryimage\"},\"image\":{\"@id\":\"https:\\\/\\\/www.xlence.com\\\/es\\\/trading\\\/spreads\\\/#primaryimage\"},\"thumbnailUrl\":\"https:\\\/\\\/www.xlence.com\\\/wp-content\\\/uploads\\\/2024\\\/06\\\/Spreads-1.png\",\"datePublished\":\"2024-08-01T10:22:17+00:00\",\"dateModified\":\"2024-11-29T10:02:33+00:00\",\"description\":\"Xlence ofrece diferenciales bajos, lo que le permite adentrarse en la negociaci\u00f3n con excelentes condiciones en varios mercados\",\"breadcrumb\":{\"@id\":\"https:\\\/\\\/www.xlence.com\\\/es\\\/trading\\\/spreads\\\/#breadcrumb\"},\"inLanguage\":\"es\",\"potentialAction\":[{\"@type\":\"ReadAction\",\"target\":[\"https:\\\/\\\/www.xlence.com\\\/es\\\/trading\\\/spreads\\\/\"]}]},{\"@type\":\"ImageObject\",\"inLanguage\":\"es\",\"@id\":\"https:\\\/\\\/www.xlence.com\\\/es\\\/trading\\\/spreads\\\/#primaryimage\",\"url\":\"https:\\\/\\\/www.xlence.com\\\/wp-content\\\/uploads\\\/2024\\\/06\\\/Spreads-1.png\",\"contentUrl\":\"https:\\\/\\\/www.xlence.com\\\/wp-content\\\/uploads\\\/2024\\\/06\\\/Spreads-1.png\"},{\"@type\":\"BreadcrumbList\",\"@id\":\"https:\\\/\\\/www.xlence.com\\\/es\\\/trading\\\/spreads\\\/#breadcrumb\",\"itemListElement\":[{\"@type\":\"ListItem\",\"position\":1,\"name\":\"Home\",\"item\":\"https:\\\/\\\/www.xlence.com\\\/es\\\/\"},{\"@type\":\"ListItem\",\"position\":2,\"name\":\"Trading- P\u00e1gina general\",\"item\":\"https:\\\/\\\/www.xlence.com\\\/es\\\/trading\\\/\"},{\"@type\":\"ListItem\",\"position\":3,\"name\":\"Difunde\"}]},{\"@type\":\"WebSite\",\"@id\":\"https:\\\/\\\/www.xlence.com\\\/es\\\/#website\",\"url\":\"https:\\\/\\\/www.xlence.com\\\/es\\\/\",\"name\":\"Xlence\",\"description\":\"\",\"potentialAction\":[{\"@type\":\"SearchAction\",\"target\":{\"@type\":\"EntryPoint\",\"urlTemplate\":\"https:\\\/\\\/www.xlence.com\\\/es\\\/?s={search_term_string}\"},\"query-input\":{\"@type\":\"PropertyValueSpecification\",\"valueRequired\":true,\"valueName\":\"search_term_string\"}}],\"inLanguage\":\"es\"}]}<\/script>\n<!-- \/ Yoast SEO Premium plugin. -->","yoast_head_json":{"title":"Opere con diferenciales competitivos en Xlence","description":"Xlence ofrece diferenciales bajos, lo que le permite adentrarse en la negociaci\u00f3n con excelentes condiciones en varios mercados","robots":{"index":"index","follow":"follow","max-snippet":"max-snippet:-1","max-image-preview":"max-image-preview:large","max-video-preview":"max-video-preview:-1"},"canonical":"https:\/\/www.xlence.com\/es\/trading\/spreads\/","og_locale":"es_ES","og_type":"article","og_title":"Difunde","og_description":"Xlence ofrece diferenciales bajos, lo que le permite adentrarse en la negociaci\u00f3n con excelentes condiciones en varios mercados","og_url":"https:\/\/www.xlence.com\/es\/trading\/spreads\/","og_site_name":"Xlence","article_modified_time":"2024-11-29T10:02:33+00:00","og_image":[{"url":"https:\/\/www.xlence.com\/wp-content\/uploads\/2024\/06\/Spreads-1.png","type":"","width":"","height":""}],"twitter_card":"summary_large_image","twitter_misc":{"Tiempo de lectura":"4 minutos"},"schema":{"@context":"https:\/\/schema.org","@graph":[{"@type":"WebPage","@id":"https:\/\/www.xlence.com\/es\/trading\/spreads\/","url":"https:\/\/www.xlence.com\/es\/trading\/spreads\/","name":"Opere con diferenciales competitivos en Xlence","isPartOf":{"@id":"https:\/\/www.xlence.com\/es\/#website"},"primaryImageOfPage":{"@id":"https:\/\/www.xlence.com\/es\/trading\/spreads\/#primaryimage"},"image":{"@id":"https:\/\/www.xlence.com\/es\/trading\/spreads\/#primaryimage"},"thumbnailUrl":"https:\/\/www.xlence.com\/wp-content\/uploads\/2024\/06\/Spreads-1.png","datePublished":"2024-08-01T10:22:17+00:00","dateModified":"2024-11-29T10:02:33+00:00","description":"Xlence ofrece diferenciales bajos, lo que le permite adentrarse en la negociaci\u00f3n con excelentes condiciones en varios mercados","breadcrumb":{"@id":"https:\/\/www.xlence.com\/es\/trading\/spreads\/#breadcrumb"},"inLanguage":"es","potentialAction":[{"@type":"ReadAction","target":["https:\/\/www.xlence.com\/es\/trading\/spreads\/"]}]},{"@type":"ImageObject","inLanguage":"es","@id":"https:\/\/www.xlence.com\/es\/trading\/spreads\/#primaryimage","url":"https:\/\/www.xlence.com\/wp-content\/uploads\/2024\/06\/Spreads-1.png","contentUrl":"https:\/\/www.xlence.com\/wp-content\/uploads\/2024\/06\/Spreads-1.png"},{"@type":"BreadcrumbList","@id":"https:\/\/www.xlence.com\/es\/trading\/spreads\/#breadcrumb","itemListElement":[{"@type":"ListItem","position":1,"name":"Home","item":"https:\/\/www.xlence.com\/es\/"},{"@type":"ListItem","position":2,"name":"Trading- P\u00e1gina general","item":"https:\/\/www.xlence.com\/es\/trading\/"},{"@type":"ListItem","position":3,"name":"Difunde"}]},{"@type":"WebSite","@id":"https:\/\/www.xlence.com\/es\/#website","url":"https:\/\/www.xlence.com\/es\/","name":"Xlence","description":"","potentialAction":[{"@type":"SearchAction","target":{"@type":"EntryPoint","urlTemplate":"https:\/\/www.xlence.com\/es\/?s={search_term_string}"},"query-input":{"@type":"PropertyValueSpecification","valueRequired":true,"valueName":"search_term_string"}}],"inLanguage":"es"}]}},"_links":{"self":[{"href":"https:\/\/www.xlence.com\/es\/wp-json\/wp\/v2\/pages\/7940","targetHints":{"allow":["GET"]}}],"collection":[{"href":"https:\/\/www.xlence.com\/es\/wp-json\/wp\/v2\/pages"}],"about":[{"href":"https:\/\/www.xlence.com\/es\/wp-json\/wp\/v2\/types\/page"}],"author":[{"embeddable":true,"href":"https:\/\/www.xlence.com\/es\/wp-json\/wp\/v2\/users\/2"}],"replies":[{"embeddable":true,"href":"https:\/\/www.xlence.com\/es\/wp-json\/wp\/v2\/comments?post=7940"}],"version-history":[{"count":0,"href":"https:\/\/www.xlence.com\/es\/wp-json\/wp\/v2\/pages\/7940\/revisions"}],"up":[{"embeddable":true,"href":"https:\/\/www.xlence.com\/es\/wp-json\/wp\/v2\/pages\/7955"}],"wp:attachment":[{"href":"https:\/\/www.xlence.com\/es\/wp-json\/wp\/v2\/media?parent=7940"}],"curies":[{"name":"wp","href":"https:\/\/api.w.org\/{rel}","templated":true}]}}