{"id":8002,"date":"2024-08-01T10:22:35","date_gmt":"2024-08-01T10:22:35","guid":{"rendered":"https:\/\/xlence-com.wp-dev.int.theitops.net\/documentos-juridicos\/"},"modified":"2026-01-21T13:07:10","modified_gmt":"2026-01-21T13:07:10","slug":"legal-documents","status":"publish","type":"page","link":"https:\/\/www.xlence.com\/es\/legal-documents\/","title":{"rendered":"Documentos legales"},"content":{"rendered":"\t\t<div data-elementor-type=\"wp-page\" data-elementor-id=\"8002\" class=\"elementor elementor-8002 elementor-5899\" data-elementor-post-type=\"page\">\n\t\t\t\t<div class=\"elementor-element elementor-element-c54f784 e-flex e-con-boxed e-con e-parent\" data-id=\"c54f784\" data-element_type=\"container\" data-e-type=\"container\" data-settings=\"{&quot;background_background&quot;:&quot;classic&quot;}\">\n\t\t\t\t\t<div class=\"e-con-inner\">\n\t\t<div class=\"elementor-element elementor-element-3a8b6b5 e-con-full e-flex e-con e-child\" data-id=\"3a8b6b5\" data-element_type=\"container\" data-e-type=\"container\">\n\t\t\t\t<div class=\"elementor-element elementor-element-d8f8604 elementor-widget elementor-widget-heading\" data-id=\"d8f8604\" data-element_type=\"widget\" data-e-type=\"widget\" data-widget_type=\"heading.default\">\n\t\t\t\t<div class=\"elementor-widget-container\">\n\t\t\t\t\t<h1 class=\"elementor-heading-title elementor-size-default\">Documentos legales<\/h1>\t\t\t\t<\/div>\n\t\t\t\t<\/div>\n\t\t\t\t<\/div>\n\t\t\t\t\t<\/div>\n\t\t\t\t<\/div>\n\t\t<div class=\"elementor-element elementor-element-a8c190b e-flex e-con-boxed e-con e-parent\" data-id=\"a8c190b\" data-element_type=\"container\" data-e-type=\"container\">\n\t\t\t\t\t<div class=\"e-con-inner\">\n\t\t\t\t<div class=\"elementor-element elementor-element-ed06544 elementor-widget elementor-widget-html\" data-id=\"ed06544\" data-element_type=\"widget\" data-e-type=\"widget\" data-widget_type=\"html.default\">\n\t\t\t\t<div class=\"elementor-widget-container\">\n\t\t\t\t\t<ul class=\"Legal__list\">\r\n\r\n  <a href=\"https:\/\/shared.gighl.com\/1.XLENCE_Client_Services_Agreement_v.2025-0010.pdf\" target=\"_blank\">\r\n    <li class=\"legal__list-item\">\r\n        <span class=\"legal__list-icon\">\r\n            <span><img decoding=\"async\" src=\"\/wp-content\/uploads\/2024\/07\/FilePdf.svg\"><\/span>\r\n            <span>Contrato de Servicios al Cliente.pdf<\/span>\r\n        <\/span>\r\n        <span class=\"legal__list-arrow\"><img decoding=\"async\" src=\"\/wp-content\/uploads\/2024\/07\/chevron-right.svg\"><\/span>\r\n    <\/li>\r\n  <\/a>\r\n\r\n  <a href=\"https:\/\/shared.gighl.com\/XLENCE\/2.-XLENCE_Complaint_Handling_Policy_v.2025-001_clear.pdf\" target=\"_blank\">\r\n    <li class=\"legal__list-item\">\r\n      <span class=\"legal__list-icon\">\r\n          <span><img decoding=\"async\" src=\"\/wp-content\/uploads\/2024\/07\/FilePdf.svg\"><\/span>\r\n          <span>Pol\u00edtica de tramitaci\u00f3n de reclamaciones.pdf<\/span>\r\n      <\/span>\r\n      <span class=\"legal__list-arrow\"><img decoding=\"async\" src=\"\/wp-content\/uploads\/2024\/07\/chevron-right.svg\"><\/span>\r\n    <\/li>\r\n  <\/a>\r\n\r\n  <a href=\"https:\/\/shared.gighl.com\/Conflict_of_Interest_Policy\/3._XLENCE_Conflicts_of_Interest_Policy_v.2025-001.pdf\" target=\"_blank\">\r\n    <li class=\"legal__list-item\">\r\n      <span class=\"legal__list-icon\">\r\n          <span><img decoding=\"async\" src=\"\/wp-content\/uploads\/2024\/07\/FilePdf.svg\"><\/span>\r\n          <span>Pol\u00edtica de conflictos de intereses.pdf<\/span>\r\n      <\/span>\r\n      <span class=\"legal__list-arrow\"><img decoding=\"async\" src=\"\/wp-content\/uploads\/2024\/07\/chevron-right.svg\"><\/span>\r\n    <\/li>\r\n  <\/a>\r\n\r\n  <a href=\"https:\/\/shared.gighl.com\/XLENCE\/4.-XLENCE_Order_Execution_Policy_v.2024-001.pdf\" target=\"_blank\">\r\n    <li class=\"legal__list-item\">\r\n      <span class=\"legal__list-icon\">\r\n          <span><img decoding=\"async\" src=\"\/wp-content\/uploads\/2024\/07\/FilePdf.svg\"><\/span>\r\n          <span>Pol\u00edtica de Ejecuci\u00f3n de Pedidos.pdf<\/span>\r\n      <\/span>\r\n      <span class=\"legal__list-arrow\"><img decoding=\"async\" src=\"\/wp-content\/uploads\/2024\/07\/chevron-right.svg\"><\/span>\r\n    <\/li>\r\n  <\/a>\r\n\r\n  <a href=\"https:\/\/shared.gighl.com\/XLENCE\/5.-XLENCE_Privacy-Policy-v.2025-001.pdf\" target=\"_blank\">\r\n    <li class=\"legal__list-item\">\r\n      <span class=\"legal__list-icon\">\r\n          <span><img decoding=\"async\" src=\"\/wp-content\/uploads\/2024\/07\/FilePdf.svg\"><\/span>\r\n          <span>Pol\u00edtica de privacidad.pdf<\/span>\r\n      <\/span>\r\n      <span class=\"legal__list-arrow\"><img decoding=\"async\" src=\"\/wp-content\/uploads\/2024\/07\/chevron-right.svg\"><\/span>\r\n    <\/li>\r\n  <\/a>\r\n\r\n  <a href=\"\/wp-content\/uploads\/2025\/11\/6.-XLENCE_Risk-Disclosure_v.2025-002.pdf\" target=\"_blank\">\r\n    <li class=\"legal__list-item\">\r\n      <span class=\"legal__list-icon\">\r\n          <span><img decoding=\"async\" src=\"\/wp-content\/uploads\/2024\/07\/FilePdf.svg\"><\/span>\r\n          <span>Divulgaci\u00f3n de riesgos.pdf<\/span>\r\n      <\/span>\r\n      <span class=\"legal__list-arrow\"><img decoding=\"async\" src=\"\/wp-content\/uploads\/2024\/07\/chevron-right.svg\"><\/span>\r\n    <\/li>\r\n  <\/a>\r\n  \r\n<\/ul>\t\t\t\t<\/div>\n\t\t\t\t<\/div>\n\t\t\t\t\t<\/div>\n\t\t\t\t<\/div>\n\t\t\t\t<\/div>\n\t\t","protected":false},"excerpt":{"rendered":"<p>Documentos legales Contrato de Servicios al Cliente.pdf Pol\u00edtica de tramitaci\u00f3n de reclamaciones.pdf Pol\u00edtica de conflictos de intereses.pdf Pol\u00edtica de Ejecuci\u00f3n de Pedidos.pdf Pol\u00edtica de privacidad.pdf Divulgaci\u00f3n de riesgos.pdf<\/p>\n","protected":false},"author":2,"featured_media":0,"parent":0,"menu_order":0,"comment_status":"closed","ping_status":"closed","template":"","meta":{"_acf_changed":false,"inline_featured_image":false,"footnotes":""},"class_list":["post-8002","page","type-page","status-publish","hentry"],"acf":[],"yoast_head":"<!-- This site is optimized with the Yoast SEO Premium plugin v27.4 (Yoast SEO v27.4) - https:\/\/yoast.com\/product\/yoast-seo-premium-wordpress\/ -->\n<title>Documentos legales y pol\u00edticas | Xlence Trading<\/title>\n<meta name=\"description\" content=\"Acceda a los documentos legales de Xlence, pol\u00edticas, acuerdos y divulgaciones, para mantenerse informado sobre su experiencia de trading.\" \/>\n<meta name=\"robots\" content=\"index, follow, max-snippet:-1, max-image-preview:large, max-video-preview:-1\" \/>\n<link rel=\"canonical\" href=\"https:\/\/www.xlence.com\/es\/legal-documents\/\" \/>\n<meta property=\"og:locale\" content=\"es_ES\" \/>\n<meta property=\"og:type\" content=\"article\" \/>\n<meta property=\"og:title\" content=\"Documentos legales\" \/>\n<meta property=\"og:description\" content=\"Acceda a los documentos legales de Xlence, pol\u00edticas, acuerdos y divulgaciones, para mantenerse informado sobre su experiencia de trading.\" \/>\n<meta property=\"og:url\" content=\"https:\/\/www.xlence.com\/es\/legal-documents\/\" \/>\n<meta property=\"og:site_name\" content=\"Xlence\" \/>\n<meta property=\"article:modified_time\" content=\"2026-01-21T13:07:10+00:00\" \/>\n<meta name=\"twitter:card\" content=\"summary_large_image\" \/>\n<meta name=\"twitter:label1\" content=\"Tiempo de lectura\" \/>\n\t<meta name=\"twitter:data1\" content=\"3 minutos\" \/>\n<script type=\"application\/ld+json\" class=\"yoast-schema-graph\">{\"@context\":\"https:\\\/\\\/schema.org\",\"@graph\":[{\"@type\":\"WebPage\",\"@id\":\"https:\\\/\\\/www.xlence.com\\\/es\\\/legal-documents\\\/\",\"url\":\"https:\\\/\\\/www.xlence.com\\\/es\\\/legal-documents\\\/\",\"name\":\"Documentos legales y pol\u00edticas | Xlence Trading\",\"isPartOf\":{\"@id\":\"https:\\\/\\\/www.xlence.com\\\/es\\\/#website\"},\"datePublished\":\"2024-08-01T10:22:35+00:00\",\"dateModified\":\"2026-01-21T13:07:10+00:00\",\"description\":\"Acceda a los documentos legales de Xlence, pol\u00edticas, acuerdos y divulgaciones, para mantenerse informado sobre su experiencia de trading.\",\"breadcrumb\":{\"@id\":\"https:\\\/\\\/www.xlence.com\\\/es\\\/legal-documents\\\/#breadcrumb\"},\"inLanguage\":\"es\",\"potentialAction\":[{\"@type\":\"ReadAction\",\"target\":[\"https:\\\/\\\/www.xlence.com\\\/es\\\/legal-documents\\\/\"]}]},{\"@type\":\"BreadcrumbList\",\"@id\":\"https:\\\/\\\/www.xlence.com\\\/es\\\/legal-documents\\\/#breadcrumb\",\"itemListElement\":[{\"@type\":\"ListItem\",\"position\":1,\"name\":\"Home\",\"item\":\"https:\\\/\\\/www.xlence.com\\\/es\\\/\"},{\"@type\":\"ListItem\",\"position\":2,\"name\":\"Documentos legales\"}]},{\"@type\":\"WebSite\",\"@id\":\"https:\\\/\\\/www.xlence.com\\\/es\\\/#website\",\"url\":\"https:\\\/\\\/www.xlence.com\\\/es\\\/\",\"name\":\"Xlence\",\"description\":\"\",\"potentialAction\":[{\"@type\":\"SearchAction\",\"target\":{\"@type\":\"EntryPoint\",\"urlTemplate\":\"https:\\\/\\\/www.xlence.com\\\/es\\\/?s={search_term_string}\"},\"query-input\":{\"@type\":\"PropertyValueSpecification\",\"valueRequired\":true,\"valueName\":\"search_term_string\"}}],\"inLanguage\":\"es\"}]}<\/script>\n<!-- \/ Yoast SEO Premium plugin. -->","yoast_head_json":{"title":"Documentos legales y pol\u00edticas | Xlence Trading","description":"Acceda a los documentos legales de Xlence, pol\u00edticas, acuerdos y divulgaciones, para mantenerse informado sobre su experiencia de trading.","robots":{"index":"index","follow":"follow","max-snippet":"max-snippet:-1","max-image-preview":"max-image-preview:large","max-video-preview":"max-video-preview:-1"},"canonical":"https:\/\/www.xlence.com\/es\/legal-documents\/","og_locale":"es_ES","og_type":"article","og_title":"Documentos legales","og_description":"Acceda a los documentos legales de Xlence, pol\u00edticas, acuerdos y divulgaciones, para mantenerse informado sobre su experiencia de trading.","og_url":"https:\/\/www.xlence.com\/es\/legal-documents\/","og_site_name":"Xlence","article_modified_time":"2026-01-21T13:07:10+00:00","twitter_card":"summary_large_image","twitter_misc":{"Tiempo de lectura":"3 minutos"},"schema":{"@context":"https:\/\/schema.org","@graph":[{"@type":"WebPage","@id":"https:\/\/www.xlence.com\/es\/legal-documents\/","url":"https:\/\/www.xlence.com\/es\/legal-documents\/","name":"Documentos legales y pol\u00edticas | Xlence Trading","isPartOf":{"@id":"https:\/\/www.xlence.com\/es\/#website"},"datePublished":"2024-08-01T10:22:35+00:00","dateModified":"2026-01-21T13:07:10+00:00","description":"Acceda a los documentos legales de Xlence, pol\u00edticas, acuerdos y divulgaciones, para mantenerse informado sobre su experiencia de trading.","breadcrumb":{"@id":"https:\/\/www.xlence.com\/es\/legal-documents\/#breadcrumb"},"inLanguage":"es","potentialAction":[{"@type":"ReadAction","target":["https:\/\/www.xlence.com\/es\/legal-documents\/"]}]},{"@type":"BreadcrumbList","@id":"https:\/\/www.xlence.com\/es\/legal-documents\/#breadcrumb","itemListElement":[{"@type":"ListItem","position":1,"name":"Home","item":"https:\/\/www.xlence.com\/es\/"},{"@type":"ListItem","position":2,"name":"Documentos legales"}]},{"@type":"WebSite","@id":"https:\/\/www.xlence.com\/es\/#website","url":"https:\/\/www.xlence.com\/es\/","name":"Xlence","description":"","potentialAction":[{"@type":"SearchAction","target":{"@type":"EntryPoint","urlTemplate":"https:\/\/www.xlence.com\/es\/?s={search_term_string}"},"query-input":{"@type":"PropertyValueSpecification","valueRequired":true,"valueName":"search_term_string"}}],"inLanguage":"es"}]}},"_links":{"self":[{"href":"https:\/\/www.xlence.com\/es\/wp-json\/wp\/v2\/pages\/8002","targetHints":{"allow":["GET"]}}],"collection":[{"href":"https:\/\/www.xlence.com\/es\/wp-json\/wp\/v2\/pages"}],"about":[{"href":"https:\/\/www.xlence.com\/es\/wp-json\/wp\/v2\/types\/page"}],"author":[{"embeddable":true,"href":"https:\/\/www.xlence.com\/es\/wp-json\/wp\/v2\/users\/2"}],"replies":[{"embeddable":true,"href":"https:\/\/www.xlence.com\/es\/wp-json\/wp\/v2\/comments?post=8002"}],"version-history":[{"count":0,"href":"https:\/\/www.xlence.com\/es\/wp-json\/wp\/v2\/pages\/8002\/revisions"}],"wp:attachment":[{"href":"https:\/\/www.xlence.com\/es\/wp-json\/wp\/v2\/media?parent=8002"}],"curies":[{"name":"wp","href":"https:\/\/api.w.org\/{rel}","templated":true}]}}