{"id":8024,"date":"2024-08-01T10:22:37","date_gmt":"2024-08-01T10:22:37","guid":{"rendered":"https:\/\/xlence-com.wp-dev.int.theitops.net\/confirmacion-por-correo-electronico\/"},"modified":"2024-11-29T10:00:11","modified_gmt":"2024-11-29T10:00:11","slug":"email-confirmation","status":"publish","type":"page","link":"https:\/\/www.xlence.com\/es\/email-confirmation\/","title":{"rendered":"Confirmaci\u00f3n por correo electr\u00f3nico"},"content":{"rendered":"\t\t<div data-elementor-type=\"wp-page\" data-elementor-id=\"8024\" class=\"elementor elementor-8024 elementor-4141\" data-elementor-post-type=\"page\">\n\t\t\t\t<div class=\"elementor-element elementor-element-a2a2962 e-flex e-con-boxed e-con e-parent\" data-id=\"a2a2962\" data-element_type=\"container\" data-e-type=\"container\">\n\t\t\t\t\t<div class=\"e-con-inner\">\n\t\t\t\t<div class=\"elementor-element elementor-element-898f0de elementor-widget elementor-widget-image\" data-id=\"898f0de\" data-element_type=\"widget\" data-e-type=\"widget\" data-widget_type=\"image.default\">\n\t\t\t\t<div class=\"elementor-widget-container\">\n\t\t\t\t\t\t\t\t\t\t\t\t\t\t\t<img fetchpriority=\"high\" decoding=\"async\" width=\"784\" height=\"482\" src=\"https:\/\/www.xlence.com\/wp-content\/uploads\/2024\/06\/Contact-us-1.png\" class=\"attachment-large size-large wp-image-6629\" alt=\"\" \/>\t\t\t\t\t\t\t\t\t\t\t\t\t\t\t<\/div>\n\t\t\t\t<\/div>\n\t\t\t\t<div class=\"elementor-element elementor-element-3c3018e elementor-widget elementor-widget-heading\" data-id=\"3c3018e\" data-element_type=\"widget\" data-e-type=\"widget\" data-widget_type=\"heading.default\">\n\t\t\t\t<div class=\"elementor-widget-container\">\n\t\t\t\t\t<h2 class=\"elementor-heading-title elementor-size-default\">Gracias<\/h2>\t\t\t\t<\/div>\n\t\t\t\t<\/div>\n\t\t\t\t<div class=\"elementor-element elementor-element-2b5bfaa elementor-widget elementor-widget-text-editor\" data-id=\"2b5bfaa\" data-element_type=\"widget\" data-e-type=\"widget\" data-widget_type=\"text-editor.default\">\n\t\t\t\t<div class=\"elementor-widget-container\">\n\t\t\t\t\t\t\t\t\t<p>Nuestro equipo se pondr\u00e1 en contacto con usted lo antes posible.<\/p>\n\t\t\t\t\t\t\t\t<\/div>\n\t\t\t\t<\/div>\n\t\t\t\t<div class=\"elementor-element elementor-element-8a125e6 elementor-align-center elementor-widget elementor-widget-button\" data-id=\"8a125e6\" data-element_type=\"widget\" data-e-type=\"widget\" data-widget_type=\"button.default\">\n\t\t\t\t<div class=\"elementor-widget-container\">\n\t\t\t\t\t\t\t\t\t<div class=\"elementor-button-wrapper\">\n\t\t\t\t\t<a class=\"elementor-button elementor-button-link elementor-size-sm\" href=\"https:\/\/www.xlence.com\/es\/contact-us\/\">\n\t\t\t\t\t\t<span class=\"elementor-button-content-wrapper\">\n\t\t\t\t\t\t\t\t\t<span class=\"elementor-button-text\">Volver a contactos<\/span>\n\t\t\t\t\t<\/span>\n\t\t\t\t\t<\/a>\n\t\t\t\t<\/div>\n\t\t\t\t\t\t\t\t<\/div>\n\t\t\t\t<\/div>\n\t\t\t\t\t<\/div>\n\t\t\t\t<\/div>\n\t\t\t\t<\/div>\n\t\t","protected":false},"excerpt":{"rendered":"<p>Gracias Nuestro equipo se pondr\u00e1 en contacto con usted lo antes posible. Volver a contactos<\/p>\n","protected":false},"author":2,"featured_media":0,"parent":0,"menu_order":0,"comment_status":"closed","ping_status":"closed","template":"","meta":{"_acf_changed":false,"inline_featured_image":false,"footnotes":""},"class_list":["post-8024","page","type-page","status-publish","hentry"],"acf":[],"yoast_head":"<!-- This site is optimized with the Yoast SEO Premium plugin v27.4 (Yoast SEO v27.4) - https:\/\/yoast.com\/product\/yoast-seo-premium-wordpress\/ -->\n<title>Confirmaci\u00f3n por correo electr\u00f3nico - Xlence<\/title>\n<meta name=\"robots\" content=\"noindex, nofollow\" \/>\n<meta property=\"og:locale\" content=\"es_ES\" \/>\n<meta property=\"og:type\" content=\"article\" \/>\n<meta property=\"og:title\" content=\"Confirmaci\u00f3n por correo electr\u00f3nico\" \/>\n<meta property=\"og:description\" content=\"Gracias Nuestro equipo se pondr\u00e1 en contacto con usted lo antes posible. Volver a contactos\" \/>\n<meta property=\"og:url\" content=\"https:\/\/www.xlence.com\/es\/email-confirmation\/\" \/>\n<meta property=\"og:site_name\" content=\"Xlence\" \/>\n<meta property=\"article:modified_time\" content=\"2024-11-29T10:00:11+00:00\" \/>\n<meta property=\"og:image\" content=\"https:\/\/www.xlence.com\/wp-content\/uploads\/2024\/06\/Contact-us-1.png\" \/>\n<meta name=\"twitter:card\" content=\"summary_large_image\" \/>\n<script type=\"application\/ld+json\" class=\"yoast-schema-graph\">{\"@context\":\"https:\\\/\\\/schema.org\",\"@graph\":[{\"@type\":\"WebPage\",\"@id\":\"https:\\\/\\\/www.xlence.com\\\/es\\\/email-confirmation\\\/\",\"url\":\"https:\\\/\\\/www.xlence.com\\\/es\\\/email-confirmation\\\/\",\"name\":\"Confirmaci\u00f3n por correo electr\u00f3nico - Xlence\",\"isPartOf\":{\"@id\":\"https:\\\/\\\/www.xlence.com\\\/es\\\/#website\"},\"primaryImageOfPage\":{\"@id\":\"https:\\\/\\\/www.xlence.com\\\/es\\\/email-confirmation\\\/#primaryimage\"},\"image\":{\"@id\":\"https:\\\/\\\/www.xlence.com\\\/es\\\/email-confirmation\\\/#primaryimage\"},\"thumbnailUrl\":\"https:\\\/\\\/www.xlence.com\\\/wp-content\\\/uploads\\\/2024\\\/06\\\/Contact-us-1.png\",\"datePublished\":\"2024-08-01T10:22:37+00:00\",\"dateModified\":\"2024-11-29T10:00:11+00:00\",\"breadcrumb\":{\"@id\":\"https:\\\/\\\/www.xlence.com\\\/es\\\/email-confirmation\\\/#breadcrumb\"},\"inLanguage\":\"es\",\"potentialAction\":[{\"@type\":\"ReadAction\",\"target\":[\"https:\\\/\\\/www.xlence.com\\\/es\\\/email-confirmation\\\/\"]}]},{\"@type\":\"ImageObject\",\"inLanguage\":\"es\",\"@id\":\"https:\\\/\\\/www.xlence.com\\\/es\\\/email-confirmation\\\/#primaryimage\",\"url\":\"https:\\\/\\\/www.xlence.com\\\/wp-content\\\/uploads\\\/2024\\\/06\\\/Contact-us-1.png\",\"contentUrl\":\"https:\\\/\\\/www.xlence.com\\\/wp-content\\\/uploads\\\/2024\\\/06\\\/Contact-us-1.png\"},{\"@type\":\"BreadcrumbList\",\"@id\":\"https:\\\/\\\/www.xlence.com\\\/es\\\/email-confirmation\\\/#breadcrumb\",\"itemListElement\":[{\"@type\":\"ListItem\",\"position\":1,\"name\":\"Home\",\"item\":\"https:\\\/\\\/www.xlence.com\\\/es\\\/\"},{\"@type\":\"ListItem\",\"position\":2,\"name\":\"Confirmaci\u00f3n por correo electr\u00f3nico\"}]},{\"@type\":\"WebSite\",\"@id\":\"https:\\\/\\\/www.xlence.com\\\/es\\\/#website\",\"url\":\"https:\\\/\\\/www.xlence.com\\\/es\\\/\",\"name\":\"Xlence\",\"description\":\"\",\"potentialAction\":[{\"@type\":\"SearchAction\",\"target\":{\"@type\":\"EntryPoint\",\"urlTemplate\":\"https:\\\/\\\/www.xlence.com\\\/es\\\/?s={search_term_string}\"},\"query-input\":{\"@type\":\"PropertyValueSpecification\",\"valueRequired\":true,\"valueName\":\"search_term_string\"}}],\"inLanguage\":\"es\"}]}<\/script>\n<!-- \/ Yoast SEO Premium plugin. -->","yoast_head_json":{"title":"Confirmaci\u00f3n por correo electr\u00f3nico - Xlence","robots":{"index":"noindex","follow":"nofollow"},"og_locale":"es_ES","og_type":"article","og_title":"Confirmaci\u00f3n por correo electr\u00f3nico","og_description":"Gracias Nuestro equipo se pondr\u00e1 en contacto con usted lo antes posible. Volver a contactos","og_url":"https:\/\/www.xlence.com\/es\/email-confirmation\/","og_site_name":"Xlence","article_modified_time":"2024-11-29T10:00:11+00:00","og_image":[{"url":"https:\/\/www.xlence.com\/wp-content\/uploads\/2024\/06\/Contact-us-1.png","type":"","width":"","height":""}],"twitter_card":"summary_large_image","schema":{"@context":"https:\/\/schema.org","@graph":[{"@type":"WebPage","@id":"https:\/\/www.xlence.com\/es\/email-confirmation\/","url":"https:\/\/www.xlence.com\/es\/email-confirmation\/","name":"Confirmaci\u00f3n por correo electr\u00f3nico - Xlence","isPartOf":{"@id":"https:\/\/www.xlence.com\/es\/#website"},"primaryImageOfPage":{"@id":"https:\/\/www.xlence.com\/es\/email-confirmation\/#primaryimage"},"image":{"@id":"https:\/\/www.xlence.com\/es\/email-confirmation\/#primaryimage"},"thumbnailUrl":"https:\/\/www.xlence.com\/wp-content\/uploads\/2024\/06\/Contact-us-1.png","datePublished":"2024-08-01T10:22:37+00:00","dateModified":"2024-11-29T10:00:11+00:00","breadcrumb":{"@id":"https:\/\/www.xlence.com\/es\/email-confirmation\/#breadcrumb"},"inLanguage":"es","potentialAction":[{"@type":"ReadAction","target":["https:\/\/www.xlence.com\/es\/email-confirmation\/"]}]},{"@type":"ImageObject","inLanguage":"es","@id":"https:\/\/www.xlence.com\/es\/email-confirmation\/#primaryimage","url":"https:\/\/www.xlence.com\/wp-content\/uploads\/2024\/06\/Contact-us-1.png","contentUrl":"https:\/\/www.xlence.com\/wp-content\/uploads\/2024\/06\/Contact-us-1.png"},{"@type":"BreadcrumbList","@id":"https:\/\/www.xlence.com\/es\/email-confirmation\/#breadcrumb","itemListElement":[{"@type":"ListItem","position":1,"name":"Home","item":"https:\/\/www.xlence.com\/es\/"},{"@type":"ListItem","position":2,"name":"Confirmaci\u00f3n por correo electr\u00f3nico"}]},{"@type":"WebSite","@id":"https:\/\/www.xlence.com\/es\/#website","url":"https:\/\/www.xlence.com\/es\/","name":"Xlence","description":"","potentialAction":[{"@type":"SearchAction","target":{"@type":"EntryPoint","urlTemplate":"https:\/\/www.xlence.com\/es\/?s={search_term_string}"},"query-input":{"@type":"PropertyValueSpecification","valueRequired":true,"valueName":"search_term_string"}}],"inLanguage":"es"}]}},"_links":{"self":[{"href":"https:\/\/www.xlence.com\/es\/wp-json\/wp\/v2\/pages\/8024","targetHints":{"allow":["GET"]}}],"collection":[{"href":"https:\/\/www.xlence.com\/es\/wp-json\/wp\/v2\/pages"}],"about":[{"href":"https:\/\/www.xlence.com\/es\/wp-json\/wp\/v2\/types\/page"}],"author":[{"embeddable":true,"href":"https:\/\/www.xlence.com\/es\/wp-json\/wp\/v2\/users\/2"}],"replies":[{"embeddable":true,"href":"https:\/\/www.xlence.com\/es\/wp-json\/wp\/v2\/comments?post=8024"}],"version-history":[{"count":0,"href":"https:\/\/www.xlence.com\/es\/wp-json\/wp\/v2\/pages\/8024\/revisions"}],"wp:attachment":[{"href":"https:\/\/www.xlence.com\/es\/wp-json\/wp\/v2\/media?parent=8024"}],"curies":[{"name":"wp","href":"https:\/\/api.w.org\/{rel}","templated":true}]}}