{"id":8107,"date":"2024-08-01T10:22:51","date_gmt":"2024-08-01T10:22:51","guid":{"rendered":"https:\/\/xlence-com.wp-dev.int.theitops.net\/vision-general-de-la-negociacion\/tipos-de-cuenta\/"},"modified":"2026-01-28T14:24:45","modified_gmt":"2026-01-28T14:24:45","slug":"account-types","status":"publish","type":"page","link":"https:\/\/www.xlence.com\/es\/trading\/account-types\/","title":{"rendered":"Tipos de cuenta"},"content":{"rendered":"\t\t<div data-elementor-type=\"wp-page\" data-elementor-id=\"8107\" class=\"elementor elementor-8107\" data-elementor-post-type=\"page\">\n\t\t\t\t<section class=\"elementor-element elementor-element-a97c072 e-con-full e-flex e-con e-parent\" data-id=\"a97c072\" data-element_type=\"container\" data-e-type=\"container\" data-settings=\"{&quot;background_background&quot;:&quot;classic&quot;}\">\n\t\t<div class=\"elementor-element elementor-element-cce5927 e-con-full e-flex e-con e-child\" data-id=\"cce5927\" data-element_type=\"container\" data-e-type=\"container\">\n\t\t\t\t<div class=\"elementor-element elementor-element-e2e28a1 elementor-widget elementor-widget-heading\" data-id=\"e2e28a1\" data-element_type=\"widget\" data-e-type=\"widget\" data-widget_type=\"heading.default\">\n\t\t\t\t<div class=\"elementor-widget-container\">\n\t\t\t\t\t<h1 class=\"elementor-heading-title elementor-size-default\">Cuentas comerciales<\/h1>\t\t\t\t<\/div>\n\t\t\t\t<\/div>\n\t\t\t\t<div class=\"elementor-element elementor-element-37a6578 elementor-widget elementor-widget-heading\" data-id=\"37a6578\" data-element_type=\"widget\" data-e-type=\"widget\" data-widget_type=\"heading.default\">\n\t\t\t\t<div class=\"elementor-widget-container\">\n\t\t\t\t\t<p class=\"elementor-heading-title elementor-size-default\">Explore las caracter\u00edsticas de nuestras diferentes cuentas y seleccione una en funci\u00f3n de sus necesidades, como la frecuencia de negociaci\u00f3n, el tama\u00f1o de la cartera de inversi\u00f3n y la experiencia en negociaci\u00f3n. <\/p>\t\t\t\t<\/div>\n\t\t\t\t<\/div>\n\t\t\t\t<div class=\"elementor-element elementor-element-b5a759f elementor-tablet-align-center elementor-widget elementor-widget-button\" data-id=\"b5a759f\" data-element_type=\"widget\" data-e-type=\"widget\" data-widget_type=\"button.default\">\n\t\t\t\t<div class=\"elementor-widget-container\">\n\t\t\t\t\t\t\t\t\t<div class=\"elementor-button-wrapper\">\n\t\t\t\t\t<a class=\"elementor-button elementor-button-link elementor-size-sm\" href=\"https:\/\/my.xlence.com\/registration\">\n\t\t\t\t\t\t<span class=\"elementor-button-content-wrapper\">\n\t\t\t\t\t\t\t\t\t<span class=\"elementor-button-text\">Abrir cuenta<\/span>\n\t\t\t\t\t<\/span>\n\t\t\t\t\t<\/a>\n\t\t\t\t<\/div>\n\t\t\t\t\t\t\t\t<\/div>\n\t\t\t\t<\/div>\n\t\t\t\t<div class=\"elementor-element elementor-element-ff5e2f2 elementor-widget elementor-widget-heading\" data-id=\"ff5e2f2\" data-element_type=\"widget\" data-e-type=\"widget\" data-widget_type=\"heading.default\">\n\t\t\t\t<div class=\"elementor-widget-container\">\n\t\t\t\t\t<div class=\"elementor-heading-title elementor-size-default\">Todas las operaciones implican riesgos. Es posible perder todo su capital. <\/div>\t\t\t\t<\/div>\n\t\t\t\t<\/div>\n\t\t\t\t<\/div>\n\t\t<div class=\"elementor-element elementor-element-844eb79 e-con-full e-flex e-con e-child\" data-id=\"844eb79\" data-element_type=\"container\" data-e-type=\"container\">\n\t\t\t\t<div class=\"elementor-element elementor-element-0cb6f8e elementor-widget elementor-widget-image\" data-id=\"0cb6f8e\" data-element_type=\"widget\" data-e-type=\"widget\" data-widget_type=\"image.default\">\n\t\t\t\t<div class=\"elementor-widget-container\">\n\t\t\t\t\t\t\t\t\t\t\t\t\t\t\t<img fetchpriority=\"high\" decoding=\"async\" width=\"1329\" height=\"1620\" src=\"https:\/\/www.xlence.com\/wp-content\/uploads\/2024\/08\/7cdfd7ca-31a4-4f4f-9a21-f3a728e007b6.png\" class=\"attachment-full size-full wp-image-41961\" alt=\"Forex trading app interface on a mobile device, showcasing account options and live currency exchange rates.\" \/>\t\t\t\t\t\t\t\t\t\t\t\t\t\t\t<\/div>\n\t\t\t\t<\/div>\n\t\t\t\t<\/div>\n\t\t\t\t<\/section>\n\t\t<div class=\"elementor-element elementor-element-a68c975 e-flex e-con-boxed e-con e-parent\" data-id=\"a68c975\" data-element_type=\"container\" data-e-type=\"container\" data-settings=\"{&quot;background_background&quot;:&quot;classic&quot;}\">\n\t\t\t\t\t<div class=\"e-con-inner\">\n\t\t\t\t<div class=\"elementor-element elementor-element-fc4dc48 elementor-widget elementor-widget-heading\" data-id=\"fc4dc48\" data-element_type=\"widget\" data-e-type=\"widget\" data-widget_type=\"heading.default\">\n\t\t\t\t<div class=\"elementor-widget-container\">\n\t\t\t\t\t<h2 class=\"elementor-heading-title elementor-size-default\"><span>Comparar <\/span>cuentas de trading<\/h2>\t\t\t\t<\/div>\n\t\t\t\t<\/div>\n\t\t\t\t<div class=\"elementor-element elementor-element-3b1c753 elementor-widget elementor-widget-shortcode\" data-id=\"3b1c753\" data-element_type=\"widget\" data-e-type=\"widget\" data-widget_type=\"shortcode.default\">\n\t\t\t\t<div class=\"elementor-widget-container\">\n\t\t\t\t\t\t\t<div class=\"elementor-shortcode\">\t\t<div data-elementor-type=\"section\" data-elementor-id=\"8015\" class=\"elementor elementor-8015 elementor-5884 elementor-5884\" data-elementor-post-type=\"elementor_library\">\n\t\t\t<div class=\"elementor-element elementor-element-699649d e-flex e-con-boxed e-con e-parent\" data-id=\"699649d\" data-element_type=\"container\" data-e-type=\"container\">\n\t\t\t\t\t<div class=\"e-con-inner\">\n\t\t<div class=\"elementor-element elementor-element-022526a e-con-full e-flex e-con e-child\" data-id=\"022526a\" data-element_type=\"container\" data-e-type=\"container\">\n\t\t\t\t<div class=\"elementor-element elementor-element-0b743ac elementor-widget elementor-widget-html\" data-id=\"0b743ac\" data-element_type=\"widget\" data-e-type=\"widget\" data-widget_type=\"html.default\">\n\t\t\t\t<div class=\"elementor-widget-container\">\n\t\t\t\t\t<div class=\"table__container\">\r\n  <table class=\"account__table\">\r\n    <thead>\r\n      <tr>\r\n          <th><\/th>\r\n          <th>Xlence Esencial<\/th>\r\n          <th>Xlence Prime<br><span class=\"upgrade\">Mejora*<\/span><\/th>\r\n          <th>Xlence Deluxe<br><span class=\"upgrade\">Mejora*<\/span><\/th>\r\n          <th>Xlence Ultimate<br><span class=\"upgrade\">Mejora*<\/span><\/th>\r\n      <\/tr>\r\n    <\/thead>\r\n    <tbody>\r\n        <tr>\r\n        <td>Tipos de cuenta<\/td>\r\n        <td>Flotaci\u00f3n en directo<\/td>\r\n        <td>Flotaci\u00f3n en directo<\/td>\r\n        <td>Flotaci\u00f3n en directo<\/td>\r\n       <td>Flotaci\u00f3n en directo<\/td>\r\n      <\/tr>\r\n      <tr>\r\n        <td>Plataforma de trading<\/td>\r\n        <td>MT4\/MT5<\/td>\r\n        <td>MT4\/MT5<\/td>\r\n        <td>MT4\/MT5<\/td>\r\n        <td>MT4\/MT5<\/td>\r\n      <\/tr>\r\n      <tr>\r\n          <td>Diferencial EUR\/USD (M\u00edn\/Media)<\/td>\r\n          <td>1.1\/1.4<\/td>\r\n          <td>0.9\/1.2<\/td>\r\n          <td>0.6\/0.9<\/td>\r\n          <td>0.4\/0.7<\/td>\r\n      <\/tr>\r\n      <tr>\r\n        <td>Diferencial XAU\/USD (M\u00edn\/Media)<\/td>\r\n        <td>0.23\/0.25<\/td>\r\n        <td>0.18\/0.20<\/td>\r\n        <td>0.18\/0.20<\/td>\r\n        <td>0.18\/0.20<\/td>\r\n      <\/tr>\r\n      <tr class=\"table__row-commission\">\r\n        <td>Comisi\u00f3n<\/td>\r\n        <td>Sin Comisi\u00f3n**<\/td>\r\n        <td>Sin Comisi\u00f3n**<\/td>\r\n        <td>Sin Comisi\u00f3n**<\/td>\r\n        <td>Sin Comisi\u00f3n**<\/td>\r\n      <\/tr>\r\n      <tr>\r\n          <td>Apalancamiento flexible<\/td>\r\n          <td>hasta 1:1000<\/td>\r\n          <td>hasta 1:1000<\/td>\r\n          <td>Hasta 1:1000<\/td>\r\n          <td>Hasta 1:1000<\/td>\r\n      <\/tr>\r\n      <tr>\r\n          <td>Moneda base<\/td>\r\n          <td>\r\n              <img decoding=\"async\" src=\"\/wp-content\/uploads\/2024\/07\/eu-1.png\" height=\"40\" width=\"40\">\r\n              <img decoding=\"async\" src=\"\/wp-content\/uploads\/2024\/07\/US.png\" height=\"40\" width=\"40\">\r\n              <img loading=\"lazy\" decoding=\"async\" src=\"\/wp-content\/uploads\/2024\/07\/GB.png\" height=\"40\" width=\"40\">\r\n              <\/td>\r\n          <td>\r\n              <img decoding=\"async\" src=\"\/wp-content\/uploads\/2024\/07\/eu-1.png\" height=\"40\" width=\"40\">\r\n              <img decoding=\"async\" src=\"\/wp-content\/uploads\/2024\/07\/US.png\" height=\"40\" width=\"40\">\r\n              <img loading=\"lazy\" decoding=\"async\" src=\"\/wp-content\/uploads\/2024\/07\/GB.png\" height=\"40\" width=\"40\">\r\n          <\/td>\r\n          <td>\r\n              <img decoding=\"async\" src=\"\/wp-content\/uploads\/2024\/07\/eu-1.png\" height=\"40\" width=\"40\">\r\n              <img decoding=\"async\" src=\"\/wp-content\/uploads\/2024\/07\/US.png\" height=\"40\" width=\"40\">\r\n              <img loading=\"lazy\" decoding=\"async\" src=\"\/wp-content\/uploads\/2024\/07\/GB.png\" height=\"40\" width=\"40\">\r\n          <\/td>\r\n            <td>\r\n              <img decoding=\"async\" src=\"\/wp-content\/uploads\/2024\/07\/eu-1.png\" height=\"40\" width=\"40\">\r\n              <img decoding=\"async\" src=\"\/wp-content\/uploads\/2024\/07\/US.png\" height=\"40\" width=\"40\">\r\n              <img loading=\"lazy\" decoding=\"async\" src=\"\/wp-content\/uploads\/2024\/07\/GB.png\" height=\"40\" width=\"40\">\r\n          <\/td>\r\n      <\/tr>\r\n      <tr>\r\n        <td>Productos<\/td>\r\n        <td>Divisas, metales, \u00edndices, materias primas,<br> Futuros, Acciones<\/td>\r\n        <td>Divisas, metales, \u00edndices, materias primas,<br> Futuros, Acciones<\/td>\r\n        <td>Divisas, metales, \u00edndices, materias primas,<br> Futuros, Acciones<\/td>\r\n        <td>Divisas, metales, \u00edndices, materias primas,<br> Futuros, Acciones<\/td>\r\n      <\/tr>\r\n      <tr>\r\n        <td>Bonificaci\u00f3n por disponibilidad<\/td>\r\n        <td>S\u00ed<\/td>\r\n        <td>S\u00ed<\/td>\r\n        <td>S\u00ed<\/td>\r\n        <td>S\u00ed<\/td>\r\n      <\/tr>\r\n      <tr>\r\n          <td> Tama\u00f1o m\u00ednimo de la parcela<\/td>\r\n          <td>0.01<\/td>\r\n          <td>0.01<\/td>\r\n          <td>0.01<\/td>\r\n          <td>0.01<\/td>\r\n      <\/tr>\r\n      <tr>\r\n          <td>Incremento del lote<\/td>\r\n          <td>0.01<\/td>\r\n          <td>0.01<\/td>\r\n          <td>0.01<\/td>\r\n          <td>0.01<\/td>\r\n      <\/tr>\r\n      <tr>\r\n        <td>Para:<\/td>\r\n        <td>20%<\/td>\r\n        <td>20%<\/td>\r\n        <td>20%<\/td>\r\n        <td>20%<\/td>\r\n      <\/tr>\r\n      <tr>\r\n        <td>Actualizaci\u00f3n sin swaps<\/td>\r\n        <td>S\u00ed<\/td>\r\n        <td>S\u00ed<\/td>\r\n        <td>S\u00ed<\/td>\r\n        <td>S\u00ed<\/td>\r\n      <\/tr>\r\n      <tr>\r\n        <td>Gestor dedicado<\/td>\r\n        <td>No<\/td>\r\n        <td>S\u00ed<\/td>\r\n        <td>S\u00ed<\/td>\r\n        <td>S\u00ed<\/td>\r\n      <\/tr>\r\n    <\/tbody>\r\n  <\/table>\r\n<\/div>\t\t\t\t<\/div>\n\t\t\t\t<\/div>\n\t\t\t\t<div class=\"elementor-element elementor-element-b3dbb77 elementor-widget elementor-widget-text-editor\" data-id=\"b3dbb77\" data-element_type=\"widget\" data-e-type=\"widget\" data-widget_type=\"text-editor.default\">\n\t\t\t\t<div class=\"elementor-widget-container\">\n\t\t\t\t\t\t\t\t\t<p>* Disponible como actualizaci\u00f3n de la Cuenta Esencial Xlence<\/p>\n\t\t\t\t\t\t\t\t<\/div>\n\t\t\t\t<\/div>\n\t\t\t\t<div class=\"elementor-element elementor-element-7da6357 elementor-widget elementor-widget-text-editor\" data-id=\"7da6357\" data-element_type=\"widget\" data-e-type=\"widget\" data-widget_type=\"text-editor.default\">\n\t\t\t\t<div class=\"elementor-widget-container\">\n\t\t\t\t\t\t\t\t\t<p>** Sin comisi\u00f3n excepto 10$\/Lote aplicado a Futuros sobre \u00cdndices, Futuros sobre Divisas y Futuros sobre Materias Primas.<\/p>\n\t\t\t\t\t\t\t\t<\/div>\n\t\t\t\t<\/div>\n\t\t\t\t<\/div>\n\t\t\t\t\t<\/div>\n\t\t\t\t<\/div>\n\t\t\t\t<\/div>\n\t\t<\/div>\n\t\t\t\t\t\t<\/div>\n\t\t\t\t<\/div>\n\t\t\t\t<div class=\"elementor-element elementor-element-2d889d2 elementor-widget elementor-widget-heading\" data-id=\"2d889d2\" data-element_type=\"widget\" data-e-type=\"widget\" data-widget_type=\"heading.default\">\n\t\t\t\t<div class=\"elementor-widget-container\">\n\t\t\t\t\t<div class=\"elementor-heading-title elementor-size-default\">Notas:<br><br><ul><li>\nTodos los diferenciales son indicativos, para ver los valores en tiempo real los clientes deben consultar su terminal de cliente.\n<br><li>\nDurante la sesi\u00f3n nocturna, m\u00e1s vol\u00e1til, los diferenciales ser\u00e1n m\u00e1s amplios que los indicados anteriormente.\n<br><li>\nSe aplican l\u00edmites de apalancamiento y volumen. Consulte <a href=\"\/wp-content\/uploads\/2024\/07\/leverage-and-volume-limits.pdf\">aqu\u00ed <\/a>la informaci\u00f3n detallada. \n<br><li>El apalancamiento din\u00e1mico tambi\u00e9n se aplica a la plataforma MT5. Haga clic <a href=\"\/wp-content\/uploads\/2025\/04\/Equity-Dynamic-Leverage-1.pdf\" target=\"_blank\" rel=\"noopener\">aqu\u00ed <\/a>para obtener informaci\u00f3n m\u00e1s detallada. <\/li><\/div>\t\t\t\t<\/div>\n\t\t\t\t<\/div>\n\t\t\t\t\t<\/div>\n\t\t\t\t<\/div>\n\t\t\t\t<\/div>\n\t\t","protected":false},"excerpt":{"rendered":"<p>Cuentas comerciales Explore las caracter\u00edsticas de nuestras diferentes cuentas y seleccione una en funci\u00f3n de sus necesidades, como la frecuencia de negociaci\u00f3n, el tama\u00f1o de la cartera de inversi\u00f3n y la experiencia en negociaci\u00f3n. Abrir cuenta Todas las operaciones implican riesgos. Es posible perder todo su capital. Comparar cuentas de trading Notas: Todos los diferenciales [&hellip;]<\/p>\n","protected":false},"author":2,"featured_media":41961,"parent":7955,"menu_order":0,"comment_status":"closed","ping_status":"closed","template":"elementor_header_footer","meta":{"_acf_changed":false,"inline_featured_image":false,"footnotes":""},"class_list":["post-8107","page","type-page","status-publish","has-post-thumbnail","hentry"],"acf":[],"yoast_head":"<!-- This site is optimized with the Yoast SEO Premium plugin v26.2 (Yoast SEO v27.3) - https:\/\/yoast.com\/product\/yoast-seo-premium-wordpress\/ -->\n<title>Cuenta Xlence Essential | Opere y actualice su cuenta<\/title>\n<meta name=\"description\" content=\"Opere con 6 clases de activos y experimente condiciones superiores con nuestras excelentes cuentas de trading.\" \/>\n<meta name=\"robots\" content=\"index, follow, max-snippet:-1, max-image-preview:large, max-video-preview:-1\" \/>\n<link rel=\"canonical\" href=\"https:\/\/www.xlence.com\/es\/trading\/account-types\/\" \/>\n<meta property=\"og:locale\" content=\"es_ES\" \/>\n<meta property=\"og:type\" content=\"article\" \/>\n<meta property=\"og:title\" content=\"Tipos de cuenta\" \/>\n<meta property=\"og:description\" content=\"Opere con 6 clases de activos y experimente condiciones superiores con nuestras excelentes cuentas de trading.\" \/>\n<meta property=\"og:url\" content=\"https:\/\/www.xlence.com\/es\/trading\/account-types\/\" \/>\n<meta property=\"og:site_name\" content=\"Xlence\" \/>\n<meta property=\"article:modified_time\" content=\"2026-01-28T14:24:45+00:00\" \/>\n<meta property=\"og:image\" content=\"https:\/\/www.xlence.com\/wp-content\/uploads\/2024\/08\/7cdfd7ca-31a4-4f4f-9a21-f3a728e007b6.png\" \/>\n\t<meta property=\"og:image:width\" content=\"1329\" \/>\n\t<meta property=\"og:image:height\" content=\"1620\" \/>\n\t<meta property=\"og:image:type\" content=\"image\/png\" \/>\n<meta name=\"twitter:card\" content=\"summary_large_image\" \/>\n<meta name=\"twitter:label1\" content=\"Tiempo de lectura\" \/>\n\t<meta name=\"twitter:data1\" content=\"1 minuto\" \/>\n<script type=\"application\/ld+json\" class=\"yoast-schema-graph\">{\"@context\":\"https:\\\/\\\/schema.org\",\"@graph\":[{\"@type\":\"WebPage\",\"@id\":\"https:\\\/\\\/www.xlence.com\\\/es\\\/trading\\\/account-types\\\/\",\"url\":\"https:\\\/\\\/www.xlence.com\\\/es\\\/trading\\\/account-types\\\/\",\"name\":\"Cuenta Xlence Essential | Opere y actualice su cuenta\",\"isPartOf\":{\"@id\":\"https:\\\/\\\/www.xlence.com\\\/es\\\/#website\"},\"primaryImageOfPage\":{\"@id\":\"https:\\\/\\\/www.xlence.com\\\/es\\\/trading\\\/account-types\\\/#primaryimage\"},\"image\":{\"@id\":\"https:\\\/\\\/www.xlence.com\\\/es\\\/trading\\\/account-types\\\/#primaryimage\"},\"thumbnailUrl\":\"https:\\\/\\\/www.xlence.com\\\/wp-content\\\/uploads\\\/2024\\\/08\\\/7cdfd7ca-31a4-4f4f-9a21-f3a728e007b6.png\",\"datePublished\":\"2024-08-01T10:22:51+00:00\",\"dateModified\":\"2026-01-28T14:24:45+00:00\",\"description\":\"Opere con 6 clases de activos y experimente condiciones superiores con nuestras excelentes cuentas de trading.\",\"breadcrumb\":{\"@id\":\"https:\\\/\\\/www.xlence.com\\\/es\\\/trading\\\/account-types\\\/#breadcrumb\"},\"inLanguage\":\"es\",\"potentialAction\":[{\"@type\":\"ReadAction\",\"target\":[\"https:\\\/\\\/www.xlence.com\\\/es\\\/trading\\\/account-types\\\/\"]}]},{\"@type\":\"ImageObject\",\"inLanguage\":\"es\",\"@id\":\"https:\\\/\\\/www.xlence.com\\\/es\\\/trading\\\/account-types\\\/#primaryimage\",\"url\":\"https:\\\/\\\/www.xlence.com\\\/wp-content\\\/uploads\\\/2024\\\/08\\\/7cdfd7ca-31a4-4f4f-9a21-f3a728e007b6.png\",\"contentUrl\":\"https:\\\/\\\/www.xlence.com\\\/wp-content\\\/uploads\\\/2024\\\/08\\\/7cdfd7ca-31a4-4f4f-9a21-f3a728e007b6.png\",\"width\":1329,\"height\":1620,\"caption\":\"Forex trading app interface on a mobile device, showcasing account options and live currency exchange rates.\"},{\"@type\":\"BreadcrumbList\",\"@id\":\"https:\\\/\\\/www.xlence.com\\\/es\\\/trading\\\/account-types\\\/#breadcrumb\",\"itemListElement\":[{\"@type\":\"ListItem\",\"position\":1,\"name\":\"Home\",\"item\":\"https:\\\/\\\/www.xlence.com\\\/es\\\/\"},{\"@type\":\"ListItem\",\"position\":2,\"name\":\"Trading- P\u00e1gina general\",\"item\":\"https:\\\/\\\/www.xlence.com\\\/es\\\/trading\\\/\"},{\"@type\":\"ListItem\",\"position\":3,\"name\":\"Tipos de cuenta\"}]},{\"@type\":\"WebSite\",\"@id\":\"https:\\\/\\\/www.xlence.com\\\/es\\\/#website\",\"url\":\"https:\\\/\\\/www.xlence.com\\\/es\\\/\",\"name\":\"Xlence\",\"description\":\"\",\"potentialAction\":[{\"@type\":\"SearchAction\",\"target\":{\"@type\":\"EntryPoint\",\"urlTemplate\":\"https:\\\/\\\/www.xlence.com\\\/es\\\/?s={search_term_string}\"},\"query-input\":{\"@type\":\"PropertyValueSpecification\",\"valueRequired\":true,\"valueName\":\"search_term_string\"}}],\"inLanguage\":\"es\"}]}<\/script>\n<!-- \/ Yoast SEO Premium plugin. -->","yoast_head_json":{"title":"Cuenta Xlence Essential | Opere y actualice su cuenta","description":"Opere con 6 clases de activos y experimente condiciones superiores con nuestras excelentes cuentas de trading.","robots":{"index":"index","follow":"follow","max-snippet":"max-snippet:-1","max-image-preview":"max-image-preview:large","max-video-preview":"max-video-preview:-1"},"canonical":"https:\/\/www.xlence.com\/es\/trading\/account-types\/","og_locale":"es_ES","og_type":"article","og_title":"Tipos de cuenta","og_description":"Opere con 6 clases de activos y experimente condiciones superiores con nuestras excelentes cuentas de trading.","og_url":"https:\/\/www.xlence.com\/es\/trading\/account-types\/","og_site_name":"Xlence","article_modified_time":"2026-01-28T14:24:45+00:00","og_image":[{"width":1329,"height":1620,"url":"https:\/\/www.xlence.com\/wp-content\/uploads\/2024\/08\/7cdfd7ca-31a4-4f4f-9a21-f3a728e007b6.png","type":"image\/png"}],"twitter_card":"summary_large_image","twitter_misc":{"Tiempo de lectura":"1 minuto"},"schema":{"@context":"https:\/\/schema.org","@graph":[{"@type":"WebPage","@id":"https:\/\/www.xlence.com\/es\/trading\/account-types\/","url":"https:\/\/www.xlence.com\/es\/trading\/account-types\/","name":"Cuenta Xlence Essential | Opere y actualice su cuenta","isPartOf":{"@id":"https:\/\/www.xlence.com\/es\/#website"},"primaryImageOfPage":{"@id":"https:\/\/www.xlence.com\/es\/trading\/account-types\/#primaryimage"},"image":{"@id":"https:\/\/www.xlence.com\/es\/trading\/account-types\/#primaryimage"},"thumbnailUrl":"https:\/\/www.xlence.com\/wp-content\/uploads\/2024\/08\/7cdfd7ca-31a4-4f4f-9a21-f3a728e007b6.png","datePublished":"2024-08-01T10:22:51+00:00","dateModified":"2026-01-28T14:24:45+00:00","description":"Opere con 6 clases de activos y experimente condiciones superiores con nuestras excelentes cuentas de trading.","breadcrumb":{"@id":"https:\/\/www.xlence.com\/es\/trading\/account-types\/#breadcrumb"},"inLanguage":"es","potentialAction":[{"@type":"ReadAction","target":["https:\/\/www.xlence.com\/es\/trading\/account-types\/"]}]},{"@type":"ImageObject","inLanguage":"es","@id":"https:\/\/www.xlence.com\/es\/trading\/account-types\/#primaryimage","url":"https:\/\/www.xlence.com\/wp-content\/uploads\/2024\/08\/7cdfd7ca-31a4-4f4f-9a21-f3a728e007b6.png","contentUrl":"https:\/\/www.xlence.com\/wp-content\/uploads\/2024\/08\/7cdfd7ca-31a4-4f4f-9a21-f3a728e007b6.png","width":1329,"height":1620,"caption":"Forex trading app interface on a mobile device, showcasing account options and live currency exchange rates."},{"@type":"BreadcrumbList","@id":"https:\/\/www.xlence.com\/es\/trading\/account-types\/#breadcrumb","itemListElement":[{"@type":"ListItem","position":1,"name":"Home","item":"https:\/\/www.xlence.com\/es\/"},{"@type":"ListItem","position":2,"name":"Trading- P\u00e1gina general","item":"https:\/\/www.xlence.com\/es\/trading\/"},{"@type":"ListItem","position":3,"name":"Tipos de cuenta"}]},{"@type":"WebSite","@id":"https:\/\/www.xlence.com\/es\/#website","url":"https:\/\/www.xlence.com\/es\/","name":"Xlence","description":"","potentialAction":[{"@type":"SearchAction","target":{"@type":"EntryPoint","urlTemplate":"https:\/\/www.xlence.com\/es\/?s={search_term_string}"},"query-input":{"@type":"PropertyValueSpecification","valueRequired":true,"valueName":"search_term_string"}}],"inLanguage":"es"}]}},"_links":{"self":[{"href":"https:\/\/www.xlence.com\/es\/wp-json\/wp\/v2\/pages\/8107","targetHints":{"allow":["GET"]}}],"collection":[{"href":"https:\/\/www.xlence.com\/es\/wp-json\/wp\/v2\/pages"}],"about":[{"href":"https:\/\/www.xlence.com\/es\/wp-json\/wp\/v2\/types\/page"}],"author":[{"embeddable":true,"href":"https:\/\/www.xlence.com\/es\/wp-json\/wp\/v2\/users\/2"}],"replies":[{"embeddable":true,"href":"https:\/\/www.xlence.com\/es\/wp-json\/wp\/v2\/comments?post=8107"}],"version-history":[{"count":0,"href":"https:\/\/www.xlence.com\/es\/wp-json\/wp\/v2\/pages\/8107\/revisions"}],"up":[{"embeddable":true,"href":"https:\/\/www.xlence.com\/es\/wp-json\/wp\/v2\/pages\/7955"}],"wp:featuredmedia":[{"embeddable":true,"href":"https:\/\/www.xlence.com\/es\/wp-json\/wp\/v2\/media\/41961"}],"wp:attachment":[{"href":"https:\/\/www.xlence.com\/es\/wp-json\/wp\/v2\/media?parent=8107"}],"curies":[{"name":"wp","href":"https:\/\/api.w.org\/{rel}","templated":true}]}}