{"id":17651,"date":"2025-03-21T10:15:06","date_gmt":"2025-03-21T10:15:06","guid":{"rendered":"https:\/\/xlence-com.wp-dev.int.theitops.net\/evenements\/"},"modified":"2025-04-09T12:21:48","modified_gmt":"2025-04-09T12:21:48","slug":"xlence-events","status":"publish","type":"page","link":"https:\/\/www.xlence.com\/fr\/xlence-events\/","title":{"rendered":"\u00c9v\u00e9nements"},"content":{"rendered":"\t\t<div data-elementor-type=\"wp-page\" data-elementor-id=\"17651\" class=\"elementor elementor-17651 elementor-17551\" data-elementor-post-type=\"page\">\n\t\t\t\t<section class=\"elementor-element elementor-element-f5a4ced e-con-full hero-banner__container e-flex e-con e-parent\" data-id=\"f5a4ced\" data-element_type=\"container\" data-e-type=\"container\" data-settings=\"{&quot;background_background&quot;:&quot;classic&quot;}\">\n\t\t<div class=\"elementor-element elementor-element-d7d1c5f e-con-full header-banner__content e-flex e-con e-child\" data-id=\"d7d1c5f\" data-element_type=\"container\" data-e-type=\"container\">\n\t\t\t\t<div class=\"elementor-element elementor-element-0102784 elementor-widget elementor-widget-heading\" data-id=\"0102784\" data-element_type=\"widget\" data-e-type=\"widget\" data-widget_type=\"heading.default\">\n\t\t\t\t<div class=\"elementor-widget-container\">\n\t\t\t\t\t<h1 class=\"elementor-heading-title elementor-size-default\"><span>\u00c9v\u00e9nements<\/span><\/h1>\t\t\t\t<\/div>\n\t\t\t\t<\/div>\n\t\t\t\t<div class=\"elementor-element elementor-element-cc7cb03 elementor-widget elementor-widget-heading\" data-id=\"cc7cb03\" data-element_type=\"widget\" data-e-type=\"widget\" data-widget_type=\"heading.default\">\n\t\t\t\t<div class=\"elementor-widget-container\">\n\t\t\t\t\t<h2 class=\"elementor-heading-title elementor-size-default\">L\u00e0 o\u00f9 les traders se connectent et se d\u00e9veloppent<\/h2>\t\t\t\t<\/div>\n\t\t\t\t<\/div>\n\t\t\t\t<div class=\"elementor-element elementor-element-099e038 elementor-widget elementor-widget-heading\" data-id=\"099e038\" data-element_type=\"widget\" data-e-type=\"widget\" data-widget_type=\"heading.default\">\n\t\t\t\t<div class=\"elementor-widget-container\">\n\t\t\t\t\t<p class=\"elementor-heading-title elementor-size-default\">Gr\u00e2ce \u00e0 des parrainages mondiaux et \u00e0 une participation active \u00e0 des \u00e9v\u00e9nements cl\u00e9s du secteur dans le monde entier, nous restons engag\u00e9s en faveur de l'excellence, de la transparence et de l'innovation.<\/p>\t\t\t\t<\/div>\n\t\t\t\t<\/div>\n\t\t\t\t<\/div>\n\t\t<div class=\"elementor-element elementor-element-71086eb e-con-full e-flex e-con e-child\" data-id=\"71086eb\" data-element_type=\"container\" data-e-type=\"container\">\n\t\t\t\t<div class=\"elementor-element elementor-element-6899d0a elementor-widget elementor-widget-image\" data-id=\"6899d0a\" data-element_type=\"widget\" data-e-type=\"widget\" data-widget_type=\"image.default\">\n\t\t\t\t<div class=\"elementor-widget-container\">\n\t\t\t\t\t\t\t\t\t\t\t\t\t\t\t<img fetchpriority=\"high\" decoding=\"async\" width=\"836\" height=\"840\" src=\"https:\/\/www.xlence.com\/wp-content\/uploads\/2025\/04\/Events-1.png\" class=\"attachment-full size-full wp-image-19979\" alt=\"Golden podium-style bars with the Xlence logo, a speech bubble icon, and a globe, symbolizing global trading growth and important market events.\" \/>\t\t\t\t\t\t\t\t\t\t\t\t\t\t\t<\/div>\n\t\t\t\t<\/div>\n\t\t\t\t<\/div>\n\t\t\t\t<\/section>\n\t\t<div class=\"elementor-element elementor-element-3be96be e-flex e-con-boxed e-con e-parent\" data-id=\"3be96be\" data-element_type=\"container\" data-e-type=\"container\">\n\t\t\t\t\t<div class=\"e-con-inner\">\n\t\t\t\t<div class=\"elementor-element elementor-element-525c339 elementor-widget elementor-widget-shortcode\" data-id=\"525c339\" data-element_type=\"widget\" data-e-type=\"widget\" data-widget_type=\"shortcode.default\">\n\t\t\t\t<div class=\"elementor-widget-container\">\n\t\t\t\t\t\t\t<div class=\"elementor-shortcode\">        <div id=\"ep-events-wrapper\" data-default-filter=\"upcoming\">\n            <h2 id=\"ep-events-title\">Quelle est la prochaine \u00e9tape ?<\/h2>\n            <h2 id=\"ep-past-events-title\">Un voyage \u00e0 travers nos \u00e9v\u00e9nements<\/h2>\n            <ul id=\"ep-filter-list\">\n                <li class=\"ep-filter-item active\" data-filter=\"upcoming\">\u00c0 VENIR<\/li>\n                <li class=\"ep-filter-item\" data-filter=\"2026\">2026<\/li><li class=\"ep-filter-item\" data-filter=\"2025\">2025<\/li>            <\/ul>\n            <div id=\"ep-events-container\">\n                <p>No events found.<\/p>            <\/div>\n        <\/div>\n        <\/div>\n\t\t\t\t\t\t<\/div>\n\t\t\t\t<\/div>\n\t\t\t\t\t<\/div>\n\t\t\t\t<\/div>\n\t\t<div class=\"elementor-element elementor-element-64496e9 e-flex e-con-boxed e-con e-parent\" data-id=\"64496e9\" data-element_type=\"container\" data-e-type=\"container\" data-settings=\"{&quot;background_background&quot;:&quot;classic&quot;}\">\n\t\t\t\t\t<div class=\"e-con-inner\">\n\t\t<div class=\"elementor-element elementor-element-4d9e845 e-con-full e-flex e-con e-child\" data-id=\"4d9e845\" data-element_type=\"container\" data-e-type=\"container\" data-settings=\"{&quot;background_background&quot;:&quot;classic&quot;}\">\n\t\t<div class=\"elementor-element elementor-element-d693aa8 e-con-full e-flex e-con e-child\" data-id=\"d693aa8\" data-element_type=\"container\" data-e-type=\"container\">\n\t\t\t\t<div class=\"elementor-element elementor-element-02b9aa0 elementor-widget elementor-widget-heading\" data-id=\"02b9aa0\" data-element_type=\"widget\" data-e-type=\"widget\" data-widget_type=\"heading.default\">\n\t\t\t\t<div class=\"elementor-widget-container\">\n\t\t\t\t\t<p class=\"elementor-heading-title elementor-size-default\">Vous voulez dominer les march\u00e9s avec Xlence ?<\/p>\t\t\t\t<\/div>\n\t\t\t\t<\/div>\n\t\t\t\t<div class=\"elementor-element elementor-element-d7821e9 elementor-widget elementor-widget-heading\" data-id=\"d7821e9\" data-element_type=\"widget\" data-e-type=\"widget\" data-widget_type=\"heading.default\">\n\t\t\t\t<div class=\"elementor-widget-container\">\n\t\t\t\t\t<h2 class=\"elementor-heading-title elementor-size-default\">Plus de 300 actifs, des spreads serr\u00e9s, un effet de levier flexible et des outils avanc\u00e9s sont \u00e0 votre port\u00e9e.<\/h2>\t\t\t\t<\/div>\n\t\t\t\t<\/div>\n\t\t\t\t<div class=\"elementor-element elementor-element-5266c99 elementor-mobile-align-center elementor-widget elementor-widget-button\" data-id=\"5266c99\" data-element_type=\"widget\" data-e-type=\"widget\" data-widget_type=\"button.default\">\n\t\t\t\t<div class=\"elementor-widget-container\">\n\t\t\t\t\t\t\t\t\t<div class=\"elementor-button-wrapper\">\n\t\t\t\t\t<a class=\"elementor-button elementor-button-link elementor-size-sm\" href=\"https:\/\/my.xlence.com\/registration\" target=\"_blank\">\n\t\t\t\t\t\t<span class=\"elementor-button-content-wrapper\">\n\t\t\t\t\t\t\t\t\t<span class=\"elementor-button-text\">Ouvrir un compte<\/span>\n\t\t\t\t\t<\/span>\n\t\t\t\t\t<\/a>\n\t\t\t\t<\/div>\n\t\t\t\t\t\t\t\t<\/div>\n\t\t\t\t<\/div>\n\t\t\t\t<div class=\"elementor-element elementor-element-5cec47c elementor-widget elementor-widget-heading\" data-id=\"5cec47c\" data-element_type=\"widget\" data-e-type=\"widget\" data-widget_type=\"heading.default\">\n\t\t\t\t<div class=\"elementor-widget-container\">\n\t\t\t\t\t<div class=\"elementor-heading-title elementor-size-default\">Toute op\u00e9ration de trading comporte des risques. Il est possible de perdre tout son capital. <\/div>\t\t\t\t<\/div>\n\t\t\t\t<\/div>\n\t\t\t\t<\/div>\n\t\t<div class=\"elementor-element elementor-element-be2b111 e-con-full e-flex e-con e-child\" data-id=\"be2b111\" data-element_type=\"container\" data-e-type=\"container\">\n\t\t\t\t<div class=\"elementor-element elementor-element-1784fd3 elementor-widget elementor-widget-image\" data-id=\"1784fd3\" data-element_type=\"widget\" data-e-type=\"widget\" data-widget_type=\"image.default\">\n\t\t\t\t<div class=\"elementor-widget-container\">\n\t\t\t\t\t\t\t\t\t\t\t\t\t\t\t<img decoding=\"async\" width=\"704\" height=\"576\" src=\"https:\/\/www.xlence.com\/wp-content\/uploads\/2025\/03\/events-bottom-cta-img.png\" class=\"attachment-full size-full wp-image-17589\" alt=\"A smartphone displaying market quotes, surrounded by golden candlestick graphics and a gold pie chart segment, symbolizing financial analysis and trading activity.\" \/>\t\t\t\t\t\t\t\t\t\t\t\t\t\t\t<\/div>\n\t\t\t\t<\/div>\n\t\t\t\t<\/div>\n\t\t\t\t<\/div>\n\t\t\t\t\t<\/div>\n\t\t\t\t<\/div>\n\t\t\t\t<\/div>\n\t\t","protected":false},"excerpt":{"rendered":"<p>\u00c9v\u00e9nements L\u00e0 o\u00f9 les traders se connectent et se d\u00e9veloppent Gr\u00e2ce \u00e0 des parrainages mondiaux et \u00e0 une participation active \u00e0 des \u00e9v\u00e9nements cl\u00e9s du secteur dans le monde entier, nous restons engag\u00e9s en faveur de l&rsquo;excellence, de la transparence et de l&rsquo;innovation. Vous voulez dominer les march\u00e9s avec Xlence ? Plus de 300 actifs, [&hellip;]<\/p>\n","protected":false},"author":7,"featured_media":0,"parent":0,"menu_order":0,"comment_status":"closed","ping_status":"closed","template":"elementor_header_footer","meta":{"_acf_changed":false,"inline_featured_image":false,"footnotes":""},"class_list":["post-17651","page","type-page","status-publish","hentry"],"acf":[],"yoast_head":"<!-- This site is optimized with the Yoast SEO Premium plugin v26.2 (Yoast SEO v27.3) - https:\/\/yoast.com\/product\/yoast-seo-premium-wordpress\/ -->\n<title>Xlence: Past &amp; upcoming events<\/title>\n<meta name=\"description\" content=\"D\u00e9couvrez nos \u00e9v\u00e9nements pass\u00e9s, au cours desquels nous avons rencontr\u00e9 les meilleurs experts de l&#039;industrie du monde entier, et restez \u00e0 l&#039;\u00e9coute des \u00e9v\u00e9nements \u00e0 venir.\" \/>\n<meta name=\"robots\" content=\"index, follow, max-snippet:-1, max-image-preview:large, max-video-preview:-1\" \/>\n<link rel=\"canonical\" href=\"https:\/\/www.xlence.com\/fr\/xlence-events\/\" \/>\n<meta property=\"og:locale\" content=\"fr_FR\" \/>\n<meta property=\"og:type\" content=\"article\" \/>\n<meta property=\"og:title\" content=\"\u00c9v\u00e9nements\" \/>\n<meta property=\"og:description\" content=\"D\u00e9couvrez nos \u00e9v\u00e9nements pass\u00e9s, au cours desquels nous avons rencontr\u00e9 les meilleurs experts de l&#039;industrie du monde entier, et restez \u00e0 l&#039;\u00e9coute des \u00e9v\u00e9nements \u00e0 venir.\" \/>\n<meta property=\"og:url\" content=\"https:\/\/www.xlence.com\/fr\/xlence-events\/\" \/>\n<meta property=\"og:site_name\" content=\"Xlence\" \/>\n<meta property=\"article:modified_time\" content=\"2025-04-09T12:21:48+00:00\" \/>\n<meta property=\"og:image\" content=\"https:\/\/www.xlence.com\/wp-content\/uploads\/2025\/04\/Events-1.png\" \/>\n<meta name=\"twitter:card\" content=\"summary_large_image\" \/>\n<script type=\"application\/ld+json\" class=\"yoast-schema-graph\">{\"@context\":\"https:\\\/\\\/schema.org\",\"@graph\":[{\"@type\":\"WebPage\",\"@id\":\"https:\\\/\\\/www.xlence.com\\\/fr\\\/xlence-events\\\/\",\"url\":\"https:\\\/\\\/www.xlence.com\\\/fr\\\/xlence-events\\\/\",\"name\":\"Xlence: Past & upcoming events\",\"isPartOf\":{\"@id\":\"https:\\\/\\\/www.xlence.com\\\/fr\\\/#website\"},\"primaryImageOfPage\":{\"@id\":\"https:\\\/\\\/www.xlence.com\\\/fr\\\/xlence-events\\\/#primaryimage\"},\"image\":{\"@id\":\"https:\\\/\\\/www.xlence.com\\\/fr\\\/xlence-events\\\/#primaryimage\"},\"thumbnailUrl\":\"https:\\\/\\\/www.xlence.com\\\/wp-content\\\/uploads\\\/2025\\\/04\\\/Events-1.png\",\"datePublished\":\"2025-03-21T10:15:06+00:00\",\"dateModified\":\"2025-04-09T12:21:48+00:00\",\"description\":\"D\u00e9couvrez nos \u00e9v\u00e9nements pass\u00e9s, au cours desquels nous avons rencontr\u00e9 les meilleurs experts de l'industrie du monde entier, et restez \u00e0 l'\u00e9coute des \u00e9v\u00e9nements \u00e0 venir.\",\"breadcrumb\":{\"@id\":\"https:\\\/\\\/www.xlence.com\\\/fr\\\/xlence-events\\\/#breadcrumb\"},\"inLanguage\":\"fr-FR\",\"potentialAction\":[{\"@type\":\"ReadAction\",\"target\":[\"https:\\\/\\\/www.xlence.com\\\/fr\\\/xlence-events\\\/\"]}]},{\"@type\":\"ImageObject\",\"inLanguage\":\"fr-FR\",\"@id\":\"https:\\\/\\\/www.xlence.com\\\/fr\\\/xlence-events\\\/#primaryimage\",\"url\":\"https:\\\/\\\/www.xlence.com\\\/wp-content\\\/uploads\\\/2025\\\/04\\\/Events-1.png\",\"contentUrl\":\"https:\\\/\\\/www.xlence.com\\\/wp-content\\\/uploads\\\/2025\\\/04\\\/Events-1.png\"},{\"@type\":\"BreadcrumbList\",\"@id\":\"https:\\\/\\\/www.xlence.com\\\/fr\\\/xlence-events\\\/#breadcrumb\",\"itemListElement\":[{\"@type\":\"ListItem\",\"position\":1,\"name\":\"Home\",\"item\":\"https:\\\/\\\/www.xlence.com\\\/fr\\\/\"},{\"@type\":\"ListItem\",\"position\":2,\"name\":\"\u00c9v\u00e9nements\"}]},{\"@type\":\"WebSite\",\"@id\":\"https:\\\/\\\/www.xlence.com\\\/fr\\\/#website\",\"url\":\"https:\\\/\\\/www.xlence.com\\\/fr\\\/\",\"name\":\"Xlence\",\"description\":\"\",\"potentialAction\":[{\"@type\":\"SearchAction\",\"target\":{\"@type\":\"EntryPoint\",\"urlTemplate\":\"https:\\\/\\\/www.xlence.com\\\/fr\\\/?s={search_term_string}\"},\"query-input\":{\"@type\":\"PropertyValueSpecification\",\"valueRequired\":true,\"valueName\":\"search_term_string\"}}],\"inLanguage\":\"fr-FR\"}]}<\/script>\n<!-- \/ Yoast SEO Premium plugin. -->","yoast_head_json":{"title":"Xlence: Past & upcoming events","description":"D\u00e9couvrez nos \u00e9v\u00e9nements pass\u00e9s, au cours desquels nous avons rencontr\u00e9 les meilleurs experts de l'industrie du monde entier, et restez \u00e0 l'\u00e9coute des \u00e9v\u00e9nements \u00e0 venir.","robots":{"index":"index","follow":"follow","max-snippet":"max-snippet:-1","max-image-preview":"max-image-preview:large","max-video-preview":"max-video-preview:-1"},"canonical":"https:\/\/www.xlence.com\/fr\/xlence-events\/","og_locale":"fr_FR","og_type":"article","og_title":"\u00c9v\u00e9nements","og_description":"D\u00e9couvrez nos \u00e9v\u00e9nements pass\u00e9s, au cours desquels nous avons rencontr\u00e9 les meilleurs experts de l'industrie du monde entier, et restez \u00e0 l'\u00e9coute des \u00e9v\u00e9nements \u00e0 venir.","og_url":"https:\/\/www.xlence.com\/fr\/xlence-events\/","og_site_name":"Xlence","article_modified_time":"2025-04-09T12:21:48+00:00","og_image":[{"url":"https:\/\/www.xlence.com\/wp-content\/uploads\/2025\/04\/Events-1.png","type":"","width":"","height":""}],"twitter_card":"summary_large_image","schema":{"@context":"https:\/\/schema.org","@graph":[{"@type":"WebPage","@id":"https:\/\/www.xlence.com\/fr\/xlence-events\/","url":"https:\/\/www.xlence.com\/fr\/xlence-events\/","name":"Xlence: Past & upcoming events","isPartOf":{"@id":"https:\/\/www.xlence.com\/fr\/#website"},"primaryImageOfPage":{"@id":"https:\/\/www.xlence.com\/fr\/xlence-events\/#primaryimage"},"image":{"@id":"https:\/\/www.xlence.com\/fr\/xlence-events\/#primaryimage"},"thumbnailUrl":"https:\/\/www.xlence.com\/wp-content\/uploads\/2025\/04\/Events-1.png","datePublished":"2025-03-21T10:15:06+00:00","dateModified":"2025-04-09T12:21:48+00:00","description":"D\u00e9couvrez nos \u00e9v\u00e9nements pass\u00e9s, au cours desquels nous avons rencontr\u00e9 les meilleurs experts de l'industrie du monde entier, et restez \u00e0 l'\u00e9coute des \u00e9v\u00e9nements \u00e0 venir.","breadcrumb":{"@id":"https:\/\/www.xlence.com\/fr\/xlence-events\/#breadcrumb"},"inLanguage":"fr-FR","potentialAction":[{"@type":"ReadAction","target":["https:\/\/www.xlence.com\/fr\/xlence-events\/"]}]},{"@type":"ImageObject","inLanguage":"fr-FR","@id":"https:\/\/www.xlence.com\/fr\/xlence-events\/#primaryimage","url":"https:\/\/www.xlence.com\/wp-content\/uploads\/2025\/04\/Events-1.png","contentUrl":"https:\/\/www.xlence.com\/wp-content\/uploads\/2025\/04\/Events-1.png"},{"@type":"BreadcrumbList","@id":"https:\/\/www.xlence.com\/fr\/xlence-events\/#breadcrumb","itemListElement":[{"@type":"ListItem","position":1,"name":"Home","item":"https:\/\/www.xlence.com\/fr\/"},{"@type":"ListItem","position":2,"name":"\u00c9v\u00e9nements"}]},{"@type":"WebSite","@id":"https:\/\/www.xlence.com\/fr\/#website","url":"https:\/\/www.xlence.com\/fr\/","name":"Xlence","description":"","potentialAction":[{"@type":"SearchAction","target":{"@type":"EntryPoint","urlTemplate":"https:\/\/www.xlence.com\/fr\/?s={search_term_string}"},"query-input":{"@type":"PropertyValueSpecification","valueRequired":true,"valueName":"search_term_string"}}],"inLanguage":"fr-FR"}]}},"_links":{"self":[{"href":"https:\/\/www.xlence.com\/fr\/wp-json\/wp\/v2\/pages\/17651","targetHints":{"allow":["GET"]}}],"collection":[{"href":"https:\/\/www.xlence.com\/fr\/wp-json\/wp\/v2\/pages"}],"about":[{"href":"https:\/\/www.xlence.com\/fr\/wp-json\/wp\/v2\/types\/page"}],"author":[{"embeddable":true,"href":"https:\/\/www.xlence.com\/fr\/wp-json\/wp\/v2\/users\/7"}],"replies":[{"embeddable":true,"href":"https:\/\/www.xlence.com\/fr\/wp-json\/wp\/v2\/comments?post=17651"}],"version-history":[{"count":0,"href":"https:\/\/www.xlence.com\/fr\/wp-json\/wp\/v2\/pages\/17651\/revisions"}],"wp:attachment":[{"href":"https:\/\/www.xlence.com\/fr\/wp-json\/wp\/v2\/media?parent=17651"}],"curies":[{"name":"wp","href":"https:\/\/api.w.org\/{rel}","templated":true}]}}