{"id":39908,"date":"2025-11-11T10:36:45","date_gmt":"2025-11-11T10:36:45","guid":{"rendered":"https:\/\/xlence-com.wp-dev.int.theitops.net\/xlence-talks\/"},"modified":"2025-11-21T06:44:00","modified_gmt":"2025-11-21T06:44:00","slug":"xlence-talks","status":"publish","type":"page","link":"https:\/\/www.xlence.com\/fr\/xlence-talks\/","title":{"rendered":"Xlence Talks"},"content":{"rendered":"\t\t<div data-elementor-type=\"wp-page\" data-elementor-id=\"39908\" class=\"elementor elementor-39908 elementor-39736\" data-elementor-post-type=\"page\">\n\t\t\t\t<section class=\"elementor-element elementor-element-072bbcf e-con-full hero-banner__container e-flex e-con e-parent\" data-id=\"072bbcf\" data-element_type=\"container\" data-e-type=\"container\" data-settings=\"{&quot;background_background&quot;:&quot;classic&quot;}\">\n\t\t<div class=\"elementor-element elementor-element-c095ca6 e-con-full header-banner__content e-flex e-con e-child\" data-id=\"c095ca6\" data-element_type=\"container\" data-e-type=\"container\">\n\t\t\t\t<div class=\"elementor-element elementor-element-d811823 elementor-widget elementor-widget-heading\" data-id=\"d811823\" data-element_type=\"widget\" data-e-type=\"widget\" data-widget_type=\"heading.default\">\n\t\t\t\t<div class=\"elementor-widget-container\">\n\t\t\t\t\t<h1 class=\"elementor-heading-title elementor-size-default\">Xlence <span>Talks<\/span><\/h1>\t\t\t\t<\/div>\n\t\t\t\t<\/div>\n\t\t\t\t<div class=\"elementor-element elementor-element-19043a0 elementor-widget elementor-widget-heading\" data-id=\"19043a0\" data-element_type=\"widget\" data-e-type=\"widget\" data-widget_type=\"heading.default\">\n\t\t\t\t<div class=\"elementor-widget-container\">\n\t\t\t\t\t<h2 class=\"elementor-heading-title elementor-size-default\">Podcasts sur les march\u00e9s pour les traders<\/h2>\t\t\t\t<\/div>\n\t\t\t\t<\/div>\n\t\t\t\t<div class=\"elementor-element elementor-element-92a39aa elementor-widget elementor-widget-heading\" data-id=\"92a39aa\" data-element_type=\"widget\" data-e-type=\"widget\" data-widget_type=\"heading.default\">\n\t\t\t\t<div class=\"elementor-widget-container\">\n\t\t\t\t\t<p class=\"elementor-heading-title elementor-size-default\">\u00c9coutez des informations sur les march\u00e9s, r\u00e9dig\u00e9es par des experts, lorsque vous \u00eates en d\u00e9placement.<\/p>\t\t\t\t<\/div>\n\t\t\t\t<\/div>\n\t\t\t\t<\/div>\n\t\t<div class=\"elementor-element elementor-element-2b080ce e-con-full e-flex e-con e-child\" data-id=\"2b080ce\" data-element_type=\"container\" data-e-type=\"container\">\n\t\t\t\t<div class=\"elementor-element elementor-element-0089c30 elementor-widget elementor-widget-image\" data-id=\"0089c30\" data-element_type=\"widget\" data-e-type=\"widget\" data-widget_type=\"image.default\">\n\t\t\t\t<div class=\"elementor-widget-container\">\n\t\t\t\t\t\t\t\t\t\t\t\t\t\t\t<img fetchpriority=\"high\" decoding=\"async\" width=\"946\" height=\"937\" src=\"https:\/\/www.xlence.com\/wp-content\/uploads\/2025\/11\/XLtrading-1.png\" class=\"attachment-full size-full wp-image-41865\" alt=\"\" \/>\t\t\t\t\t\t\t\t\t\t\t\t\t\t\t<\/div>\n\t\t\t\t<\/div>\n\t\t\t\t<\/div>\n\t\t\t\t<\/section>\n\t\t<div class=\"elementor-element elementor-element-0a639ef e-con-full e-flex e-con e-parent\" data-id=\"0a639ef\" data-element_type=\"container\" data-e-type=\"container\">\n\t\t\t\t<div class=\"elementor-element elementor-element-cbd55f1 elementor-widget elementor-widget-html\" data-id=\"cbd55f1\" data-element_type=\"widget\" data-e-type=\"widget\" data-widget_type=\"html.default\">\n\t\t\t\t<div class=\"elementor-widget-container\">\n\t\t\t\t\t<!--<iframe -->\r\n\r\n\r\n\r\n\r\n<!--  id=\"xlencePodcastsIframe\">-->\r\n<!--<\/iframe>-->\r\n<iframe src=\"https:\/\/www.buzzsprout.com\/2533887\" height=\"1300px\"><\/iframe>\t\t\t\t<\/div>\n\t\t\t\t<\/div>\n\t\t\t\t<\/div>\n\t\t\t\t<\/div>\n\t\t","protected":false},"excerpt":{"rendered":"<p>Xlence Talks Podcasts sur les march\u00e9s pour les traders \u00c9coutez des informations sur les march\u00e9s, r\u00e9dig\u00e9es par des experts, lorsque vous \u00eates en d\u00e9placement.<\/p>\n","protected":false},"author":11,"featured_media":0,"parent":0,"menu_order":0,"comment_status":"closed","ping_status":"closed","template":"elementor_header_footer","meta":{"_acf_changed":false,"inline_featured_image":false,"footnotes":""},"class_list":["post-39908","page","type-page","status-publish","hentry"],"acf":[],"yoast_head":"<!-- This site is optimized with the Yoast SEO Premium plugin v26.2 (Yoast SEO v27.3) - https:\/\/yoast.com\/product\/yoast-seo-premium-wordpress\/ -->\n<title>Xlence Talks - podcasts dirig\u00e9s par des experts<\/title>\n<meta name=\"description\" content=\"Le site web de l&#039;entreprise est une source d&#039;informations et de conseils pour les entreprises et les particuliers qui souhaitent se lancer dans l&#039;aventure de l&#039;innovation.\" \/>\n<meta name=\"robots\" content=\"index, follow, max-snippet:-1, max-image-preview:large, max-video-preview:-1\" \/>\n<link rel=\"canonical\" href=\"https:\/\/www.xlence.com\/fr\/xlence-talks\/\" \/>\n<meta property=\"og:locale\" content=\"fr_FR\" \/>\n<meta property=\"og:type\" content=\"article\" \/>\n<meta property=\"og:title\" content=\"Xlence Talks\" \/>\n<meta property=\"og:description\" content=\"Le site web de l&#039;entreprise est une source d&#039;informations et de conseils pour les entreprises et les particuliers qui souhaitent se lancer dans l&#039;aventure de l&#039;innovation.\" \/>\n<meta property=\"og:url\" content=\"https:\/\/www.xlence.com\/fr\/xlence-talks\/\" \/>\n<meta property=\"og:site_name\" content=\"Xlence\" \/>\n<meta property=\"article:modified_time\" content=\"2025-11-21T06:44:00+00:00\" \/>\n<meta property=\"og:image\" content=\"https:\/\/www.xlence.com\/wp-content\/uploads\/2025\/11\/XLtrading-1.png\" \/>\n<meta name=\"twitter:card\" content=\"summary_large_image\" \/>\n<script type=\"application\/ld+json\" class=\"yoast-schema-graph\">{\"@context\":\"https:\\\/\\\/schema.org\",\"@graph\":[{\"@type\":\"WebPage\",\"@id\":\"https:\\\/\\\/www.xlence.com\\\/fr\\\/xlence-talks\\\/\",\"url\":\"https:\\\/\\\/www.xlence.com\\\/fr\\\/xlence-talks\\\/\",\"name\":\"Xlence Talks - podcasts dirig\u00e9s par des experts\",\"isPartOf\":{\"@id\":\"https:\\\/\\\/www.xlence.com\\\/fr\\\/#website\"},\"primaryImageOfPage\":{\"@id\":\"https:\\\/\\\/www.xlence.com\\\/fr\\\/xlence-talks\\\/#primaryimage\"},\"image\":{\"@id\":\"https:\\\/\\\/www.xlence.com\\\/fr\\\/xlence-talks\\\/#primaryimage\"},\"thumbnailUrl\":\"https:\\\/\\\/www.xlence.com\\\/wp-content\\\/uploads\\\/2025\\\/11\\\/XLtrading-1.png\",\"datePublished\":\"2025-11-11T10:36:45+00:00\",\"dateModified\":\"2025-11-21T06:44:00+00:00\",\"description\":\"Le site web de l'entreprise est une source d'informations et de conseils pour les entreprises et les particuliers qui souhaitent se lancer dans l'aventure de l'innovation.\",\"breadcrumb\":{\"@id\":\"https:\\\/\\\/www.xlence.com\\\/fr\\\/xlence-talks\\\/#breadcrumb\"},\"inLanguage\":\"fr-FR\",\"potentialAction\":[{\"@type\":\"ReadAction\",\"target\":[\"https:\\\/\\\/www.xlence.com\\\/fr\\\/xlence-talks\\\/\"]}]},{\"@type\":\"ImageObject\",\"inLanguage\":\"fr-FR\",\"@id\":\"https:\\\/\\\/www.xlence.com\\\/fr\\\/xlence-talks\\\/#primaryimage\",\"url\":\"https:\\\/\\\/www.xlence.com\\\/wp-content\\\/uploads\\\/2025\\\/11\\\/XLtrading-1.png\",\"contentUrl\":\"https:\\\/\\\/www.xlence.com\\\/wp-content\\\/uploads\\\/2025\\\/11\\\/XLtrading-1.png\"},{\"@type\":\"BreadcrumbList\",\"@id\":\"https:\\\/\\\/www.xlence.com\\\/fr\\\/xlence-talks\\\/#breadcrumb\",\"itemListElement\":[{\"@type\":\"ListItem\",\"position\":1,\"name\":\"Home\",\"item\":\"https:\\\/\\\/www.xlence.com\\\/fr\\\/\"},{\"@type\":\"ListItem\",\"position\":2,\"name\":\"Xlence Talks\"}]},{\"@type\":\"WebSite\",\"@id\":\"https:\\\/\\\/www.xlence.com\\\/fr\\\/#website\",\"url\":\"https:\\\/\\\/www.xlence.com\\\/fr\\\/\",\"name\":\"Xlence\",\"description\":\"\",\"potentialAction\":[{\"@type\":\"SearchAction\",\"target\":{\"@type\":\"EntryPoint\",\"urlTemplate\":\"https:\\\/\\\/www.xlence.com\\\/fr\\\/?s={search_term_string}\"},\"query-input\":{\"@type\":\"PropertyValueSpecification\",\"valueRequired\":true,\"valueName\":\"search_term_string\"}}],\"inLanguage\":\"fr-FR\"}]}<\/script>\n<!-- \/ Yoast SEO Premium plugin. -->","yoast_head_json":{"title":"Xlence Talks - podcasts dirig\u00e9s par des experts","description":"Le site web de l'entreprise est une source d'informations et de conseils pour les entreprises et les particuliers qui souhaitent se lancer dans l'aventure de l'innovation.","robots":{"index":"index","follow":"follow","max-snippet":"max-snippet:-1","max-image-preview":"max-image-preview:large","max-video-preview":"max-video-preview:-1"},"canonical":"https:\/\/www.xlence.com\/fr\/xlence-talks\/","og_locale":"fr_FR","og_type":"article","og_title":"Xlence Talks","og_description":"Le site web de l'entreprise est une source d'informations et de conseils pour les entreprises et les particuliers qui souhaitent se lancer dans l'aventure de l'innovation.","og_url":"https:\/\/www.xlence.com\/fr\/xlence-talks\/","og_site_name":"Xlence","article_modified_time":"2025-11-21T06:44:00+00:00","og_image":[{"url":"https:\/\/www.xlence.com\/wp-content\/uploads\/2025\/11\/XLtrading-1.png","type":"","width":"","height":""}],"twitter_card":"summary_large_image","schema":{"@context":"https:\/\/schema.org","@graph":[{"@type":"WebPage","@id":"https:\/\/www.xlence.com\/fr\/xlence-talks\/","url":"https:\/\/www.xlence.com\/fr\/xlence-talks\/","name":"Xlence Talks - podcasts dirig\u00e9s par des experts","isPartOf":{"@id":"https:\/\/www.xlence.com\/fr\/#website"},"primaryImageOfPage":{"@id":"https:\/\/www.xlence.com\/fr\/xlence-talks\/#primaryimage"},"image":{"@id":"https:\/\/www.xlence.com\/fr\/xlence-talks\/#primaryimage"},"thumbnailUrl":"https:\/\/www.xlence.com\/wp-content\/uploads\/2025\/11\/XLtrading-1.png","datePublished":"2025-11-11T10:36:45+00:00","dateModified":"2025-11-21T06:44:00+00:00","description":"Le site web de l'entreprise est une source d'informations et de conseils pour les entreprises et les particuliers qui souhaitent se lancer dans l'aventure de l'innovation.","breadcrumb":{"@id":"https:\/\/www.xlence.com\/fr\/xlence-talks\/#breadcrumb"},"inLanguage":"fr-FR","potentialAction":[{"@type":"ReadAction","target":["https:\/\/www.xlence.com\/fr\/xlence-talks\/"]}]},{"@type":"ImageObject","inLanguage":"fr-FR","@id":"https:\/\/www.xlence.com\/fr\/xlence-talks\/#primaryimage","url":"https:\/\/www.xlence.com\/wp-content\/uploads\/2025\/11\/XLtrading-1.png","contentUrl":"https:\/\/www.xlence.com\/wp-content\/uploads\/2025\/11\/XLtrading-1.png"},{"@type":"BreadcrumbList","@id":"https:\/\/www.xlence.com\/fr\/xlence-talks\/#breadcrumb","itemListElement":[{"@type":"ListItem","position":1,"name":"Home","item":"https:\/\/www.xlence.com\/fr\/"},{"@type":"ListItem","position":2,"name":"Xlence Talks"}]},{"@type":"WebSite","@id":"https:\/\/www.xlence.com\/fr\/#website","url":"https:\/\/www.xlence.com\/fr\/","name":"Xlence","description":"","potentialAction":[{"@type":"SearchAction","target":{"@type":"EntryPoint","urlTemplate":"https:\/\/www.xlence.com\/fr\/?s={search_term_string}"},"query-input":{"@type":"PropertyValueSpecification","valueRequired":true,"valueName":"search_term_string"}}],"inLanguage":"fr-FR"}]}},"_links":{"self":[{"href":"https:\/\/www.xlence.com\/fr\/wp-json\/wp\/v2\/pages\/39908","targetHints":{"allow":["GET"]}}],"collection":[{"href":"https:\/\/www.xlence.com\/fr\/wp-json\/wp\/v2\/pages"}],"about":[{"href":"https:\/\/www.xlence.com\/fr\/wp-json\/wp\/v2\/types\/page"}],"author":[{"embeddable":true,"href":"https:\/\/www.xlence.com\/fr\/wp-json\/wp\/v2\/users\/11"}],"replies":[{"embeddable":true,"href":"https:\/\/www.xlence.com\/fr\/wp-json\/wp\/v2\/comments?post=39908"}],"version-history":[{"count":0,"href":"https:\/\/www.xlence.com\/fr\/wp-json\/wp\/v2\/pages\/39908\/revisions"}],"wp:attachment":[{"href":"https:\/\/www.xlence.com\/fr\/wp-json\/wp\/v2\/media?parent=39908"}],"curies":[{"name":"wp","href":"https:\/\/api.w.org\/{rel}","templated":true}]}}