{"id":41043,"date":"2025-11-14T09:19:47","date_gmt":"2025-11-14T09:19:47","guid":{"rendered":"https:\/\/xlence-com.wp-dev.int.theitops.net\/podcasts-xlence-narrative\/"},"modified":"2026-01-28T14:31:48","modified_gmt":"2026-01-28T14:31:48","slug":"podcasts-xlence-narrative","status":"publish","type":"page","link":"https:\/\/www.xlence.com\/fr\/podcasts-xlence-narrative\/","title":{"rendered":"Podcasts Xlence Narrative"},"content":{"rendered":"\t\t<div data-elementor-type=\"wp-page\" data-elementor-id=\"41043\" class=\"elementor elementor-41043 elementor-40996\" data-elementor-post-type=\"page\">\n\t\t\t\t<section class=\"elementor-element elementor-element-e0e3706 e-con-full hero-banner__container e-flex e-con e-parent\" data-id=\"e0e3706\" data-element_type=\"container\" data-e-type=\"container\" data-settings=\"{&quot;background_background&quot;:&quot;classic&quot;}\">\n\t\t<div class=\"elementor-element elementor-element-adaec18 e-con-full header-banner__content e-flex e-con e-child\" data-id=\"adaec18\" data-element_type=\"container\" data-e-type=\"container\">\n\t\t\t\t<div class=\"elementor-element elementor-element-33f6bef elementor-widget elementor-widget-heading\" data-id=\"33f6bef\" data-element_type=\"widget\" data-e-type=\"widget\" data-widget_type=\"heading.default\">\n\t\t\t\t<div class=\"elementor-widget-container\">\n\t\t\t\t\t<h1 class=\"elementor-heading-title elementor-size-default\"><span>Podcasts <\/span>Xlence Narrative<\/h1>\t\t\t\t<\/div>\n\t\t\t\t<\/div>\n\t\t\t\t<div class=\"elementor-element elementor-element-22a39d7 elementor-widget elementor-widget-heading\" data-id=\"22a39d7\" data-element_type=\"widget\" data-e-type=\"widget\" data-widget_type=\"heading.default\">\n\t\t\t\t<div class=\"elementor-widget-container\">\n\t\t\t\t\t<h2 class=\"elementor-heading-title elementor-size-default\">Observez, apprenez et n\u00e9gociez plus intelligemment gr\u00e2ce \u00e0 l'avis d'experts sur les march\u00e9s.<\/h2>\t\t\t\t<\/div>\n\t\t\t\t<\/div>\n\t\t\t\t<div class=\"elementor-element elementor-element-d9a4559 elementor-widget elementor-widget-heading\" data-id=\"d9a4559\" data-element_type=\"widget\" data-e-type=\"widget\" data-widget_type=\"heading.default\">\n\t\t\t\t<div class=\"elementor-widget-container\">\n\t\t\t\t\t<p class=\"elementor-heading-title elementor-size-default\">Les podcasts Xlence Narrative pr\u00e9sentent des sp\u00e9cialistes internes des march\u00e9s qui discutent des derni\u00e8res \u00e9volutions des march\u00e9s, des derni\u00e8res nouvelles et des sujets \u00e0 la mode. Chaque podcast vid\u00e9o est con\u00e7u pour vous tenir inform\u00e9, en vous offrant une analyse claire, des perspectives nouvelles et des id\u00e9es pratiques que vous pouvez appliquer \u00e0 votre strat\u00e9gie de trading. <\/p>\t\t\t\t<\/div>\n\t\t\t\t<\/div>\n\t\t\t\t<\/div>\n\t\t<div class=\"elementor-element elementor-element-7620bb1 e-con-full e-flex e-con e-child\" data-id=\"7620bb1\" data-element_type=\"container\" data-e-type=\"container\">\n\t\t\t\t<div class=\"elementor-element elementor-element-434b8bd elementor-widget elementor-widget-image\" data-id=\"434b8bd\" data-element_type=\"widget\" data-e-type=\"widget\" data-widget_type=\"image.default\">\n\t\t\t\t<div class=\"elementor-widget-container\">\n\t\t\t\t\t\t\t\t\t\t\t\t\t\t\t<img fetchpriority=\"high\" decoding=\"async\" width=\"844\" height=\"937\" src=\"https:\/\/www.xlence.com\/wp-content\/uploads\/2025\/11\/right-1.png\" class=\"attachment-full size-full wp-image-41883\" alt=\"\" \/>\t\t\t\t\t\t\t\t\t\t\t\t\t\t\t<\/div>\n\t\t\t\t<\/div>\n\t\t\t\t<\/div>\n\t\t\t\t<\/section>\n\t\t<div class=\"elementor-element elementor-element-cad993a e-flex e-con-boxed e-con e-parent\" data-id=\"cad993a\" data-element_type=\"container\" data-e-type=\"container\">\n\t\t\t\t\t<div class=\"e-con-inner\">\n\t\t\t\t<div class=\"elementor-element elementor-element-7b32618 elementor-widget elementor-widget-heading\" data-id=\"7b32618\" data-element_type=\"widget\" data-e-type=\"widget\" data-widget_type=\"heading.default\">\n\t\t\t\t<div class=\"elementor-widget-container\">\n\t\t\t\t\t<h2 class=\"elementor-heading-title elementor-size-default\">Dernier podcast<\/h2>\t\t\t\t<\/div>\n\t\t\t\t<\/div>\n\t\t<div class=\"elementor-element elementor-element-116e79f e-con-full e-flex e-con e-child\" data-id=\"116e79f\" data-element_type=\"container\" data-e-type=\"container\">\n\t\t<div class=\"elementor-element elementor-element-75eb136 e-con-full e-flex e-con e-child\" data-id=\"75eb136\" data-element_type=\"container\" data-e-type=\"container\">\n\t\t\t\t<div class=\"elementor-element elementor-element-9205f4b elementor-widget elementor-widget-heading\" data-id=\"9205f4b\" data-element_type=\"widget\" data-e-type=\"widget\" data-widget_type=\"heading.default\">\n\t\t\t\t<div class=\"elementor-widget-container\">\n\t\t\t\t\t<h2 class=\"elementor-heading-title elementor-size-default\">AI and the Magnificent 7: The Power Behind the Market\u2019s Masters<\/h2>\t\t\t\t<\/div>\n\t\t\t\t<\/div>\n\t\t\t\t<div class=\"elementor-element elementor-element-9c5d967 elementor-widget elementor-widget-heading\" data-id=\"9c5d967\" data-element_type=\"widget\" data-e-type=\"widget\" data-widget_type=\"heading.default\">\n\t\t\t\t<div class=\"elementor-widget-container\">\n\t\t\t\t\t<p class=\"elementor-heading-title elementor-size-default\">Episode 4<\/p>\t\t\t\t<\/div>\n\t\t\t\t<\/div>\n\t\t\t\t<\/div>\n\t\t\t\t<div class=\"elementor-element elementor-element-01621af elementor-widget elementor-widget-html\" data-id=\"01621af\" data-element_type=\"widget\" data-e-type=\"widget\" data-widget_type=\"html.default\">\n\t\t\t\t<div class=\"elementor-widget-container\">\n\t\t\t\t\t<iframe width=\"560\" height=\"315\" src=\"https:\/\/www.youtube.com\/embed\/3rUFlf0anC0?si=404q6KyaZBXv0RHb\" title=\"YouTube video player\" frameborder=\"0\" allow=\"accelerometer; autoplay; clipboard-write; encrypted-media; gyroscope; picture-in-picture; web-share\" referrerpolicy=\"strict-origin-when-cross-origin\" allowfullscreen=\"\"><\/iframe>\t\t\t\t<\/div>\n\t\t\t\t<\/div>\n\t\t\t\t<\/div>\n\t\t\t\t\t<\/div>\n\t\t\t\t<\/div>\n\t\t<div class=\"elementor-element elementor-element-db09941 e-flex e-con-boxed e-con e-parent\" data-id=\"db09941\" data-element_type=\"container\" data-e-type=\"container\" data-settings=\"{&quot;background_background&quot;:&quot;classic&quot;}\">\n\t\t\t\t\t<div class=\"e-con-inner\">\n\t\t\t\t<div class=\"elementor-element elementor-element-c445603 elementor-widget elementor-widget-heading\" data-id=\"c445603\" data-element_type=\"widget\" data-e-type=\"widget\" data-widget_type=\"heading.default\">\n\t\t\t\t<div class=\"elementor-widget-container\">\n\t\t\t\t\t<h2 class=\"elementor-heading-title elementor-size-default\">Podcasts pr\u00e9c\u00e9dents<\/h2>\t\t\t\t<\/div>\n\t\t\t\t<\/div>\n\t\t\t\t<div class=\"elementor-element elementor-element-b93bf4e elementor-widget elementor-widget-heading\" data-id=\"b93bf4e\" data-element_type=\"widget\" data-e-type=\"widget\" data-widget_type=\"heading.default\">\n\t\t\t\t<div class=\"elementor-widget-container\">\n\t\t\t\t\t<p class=\"elementor-heading-title elementor-size-default\">D\u00e9couvrez nos derniers \u00e9pisodes et restez inform\u00e9 des derni\u00e8res tendances du march\u00e9 des changes.<\/p>\t\t\t\t<\/div>\n\t\t\t\t<\/div>\n\t\t<div class=\"elementor-element elementor-element-5ec486b e-grid e-con-full e-con e-child\" data-id=\"5ec486b\" data-element_type=\"container\" data-e-type=\"container\">\n\t\t<div class=\"elementor-element elementor-element-7156a77 e-con-full e-flex e-con e-child\" data-id=\"7156a77\" data-element_type=\"container\" data-e-type=\"container\">\n\t\t\t\t<div class=\"elementor-element elementor-element-5066a02 elementor-widget elementor-widget-html\" data-id=\"5066a02\" data-element_type=\"widget\" data-e-type=\"widget\" data-widget_type=\"html.default\">\n\t\t\t\t<div class=\"elementor-widget-container\">\n\t\t\t\t\t<iframe width=\"560\" height=\"210\" src=\"https:\/\/www.youtube.com\/embed\/2DOPDshmuo0?si=gfpqUiQHGMOmgZvS\" title=\"YouTube video player\" frameborder=\"0\" allow=\"accelerometer; autoplay; clipboard-write; encrypted-media; gyroscope; picture-in-picture; web-share\" referrerpolicy=\"strict-origin-when-cross-origin\" allowfullscreen=\"\"><\/iframe>\t\t\t\t<\/div>\n\t\t\t\t<\/div>\n\t\t\t\t<div class=\"elementor-element elementor-element-abf51e7 elementor-widget elementor-widget-heading\" data-id=\"abf51e7\" data-element_type=\"widget\" data-e-type=\"widget\" data-widget_type=\"heading.default\">\n\t\t\t\t<div class=\"elementor-widget-container\">\n\t\t\t\t\t<p class=\"elementor-heading-title elementor-size-default\">Episode 3<\/p>\t\t\t\t<\/div>\n\t\t\t\t<\/div>\n\t\t\t\t<div class=\"elementor-element elementor-element-d06e325 elementor-widget elementor-widget-heading\" data-id=\"d06e325\" data-element_type=\"widget\" data-e-type=\"widget\" data-widget_type=\"heading.default\">\n\t\t\t\t<div class=\"elementor-widget-container\">\n\t\t\t\t\t<h3 class=\"elementor-heading-title elementor-size-default\">China\u2019s Economic Crossroads: What Next for the World\u2019s Second-Largest Economy?\u200b<\/h3>\t\t\t\t<\/div>\n\t\t\t\t<\/div>\n\t\t\t\t<\/div>\n\t\t<div class=\"elementor-element elementor-element-4be4da5 e-con-full e-flex e-con e-child\" data-id=\"4be4da5\" data-element_type=\"container\" data-e-type=\"container\">\n\t\t\t\t<div class=\"elementor-element elementor-element-f639c1d elementor-widget elementor-widget-html\" data-id=\"f639c1d\" data-element_type=\"widget\" data-e-type=\"widget\" data-widget_type=\"html.default\">\n\t\t\t\t<div class=\"elementor-widget-container\">\n\t\t\t\t\t<iframe width=\"560\" height=\"315\" src=\"https:\/\/www.youtube.com\/embed\/-c038fybBK8?si=8am1UrtlgiynA6YQ\" title=\"YouTube video player\" frameborder=\"0\" allow=\"accelerometer; autoplay; clipboard-write; encrypted-media; gyroscope; picture-in-picture; web-share\" referrerpolicy=\"strict-origin-when-cross-origin\" allowfullscreen=\"\"><\/iframe>\t\t\t\t<\/div>\n\t\t\t\t<\/div>\n\t\t\t\t<div class=\"elementor-element elementor-element-278eaf3 elementor-widget elementor-widget-heading\" data-id=\"278eaf3\" data-element_type=\"widget\" data-e-type=\"widget\" data-widget_type=\"heading.default\">\n\t\t\t\t<div class=\"elementor-widget-container\">\n\t\t\t\t\t<p class=\"elementor-heading-title elementor-size-default\">Episode 2<\/p>\t\t\t\t<\/div>\n\t\t\t\t<\/div>\n\t\t\t\t<div class=\"elementor-element elementor-element-814650a elementor-widget elementor-widget-heading\" data-id=\"814650a\" data-element_type=\"widget\" data-e-type=\"widget\" data-widget_type=\"heading.default\">\n\t\t\t\t<div class=\"elementor-widget-container\">\n\t\t\t\t\t<h3 class=\"elementor-heading-title elementor-size-default\">September 2025 NFP data - Here's what to expect!<\/h3>\t\t\t\t<\/div>\n\t\t\t\t<\/div>\n\t\t\t\t<\/div>\n\t\t<div class=\"elementor-element elementor-element-a074faa e-con-full e-flex e-con e-child\" data-id=\"a074faa\" data-element_type=\"container\" data-e-type=\"container\">\n\t\t\t\t<div class=\"elementor-element elementor-element-90059b7 elementor-widget elementor-widget-html\" data-id=\"90059b7\" data-element_type=\"widget\" data-e-type=\"widget\" data-widget_type=\"html.default\">\n\t\t\t\t<div class=\"elementor-widget-container\">\n\t\t\t\t\t<iframe width=\"560\" height=\"315\" src=\"https:\/\/www.youtube.com\/embed\/QzIrNLMPgqk?si=RbbrP0_ILxcSlBqX\" title=\"YouTube video player\" frameborder=\"0\" allow=\"accelerometer; autoplay; clipboard-write; encrypted-media; gyroscope; picture-in-picture; web-share\" referrerpolicy=\"strict-origin-when-cross-origin\" allowfullscreen=\"\"><\/iframe>\t\t\t\t<\/div>\n\t\t\t\t<\/div>\n\t\t\t\t<div class=\"elementor-element elementor-element-71fe6a8 elementor-widget elementor-widget-heading\" data-id=\"71fe6a8\" data-element_type=\"widget\" data-e-type=\"widget\" data-widget_type=\"heading.default\">\n\t\t\t\t<div class=\"elementor-widget-container\">\n\t\t\t\t\t<p class=\"elementor-heading-title elementor-size-default\">Episode 1<\/p>\t\t\t\t<\/div>\n\t\t\t\t<\/div>\n\t\t\t\t<div class=\"elementor-element elementor-element-30de39a elementor-widget elementor-widget-heading\" data-id=\"30de39a\" data-element_type=\"widget\" data-e-type=\"widget\" data-widget_type=\"heading.default\">\n\t\t\t\t<div class=\"elementor-widget-container\">\n\t\t\t\t\t<h3 class=\"elementor-heading-title elementor-size-default\">The Fed\u2019s Big Call &amp; Trading Opportunities - Sept 2025<\/h3>\t\t\t\t<\/div>\n\t\t\t\t<\/div>\n\t\t\t\t<\/div>\n\t\t\t\t<\/div>\n\t\t\t\t\t<\/div>\n\t\t\t\t<\/div>\n\t\t\t\t<\/div>\n\t\t","protected":false},"excerpt":{"rendered":"<p>Podcasts Xlence Narrative Observez, apprenez et n\u00e9gociez plus intelligemment gr\u00e2ce \u00e0 l&rsquo;avis d&rsquo;experts sur les march\u00e9s. Les podcasts Xlence Narrative pr\u00e9sentent des sp\u00e9cialistes internes des march\u00e9s qui discutent des derni\u00e8res \u00e9volutions des march\u00e9s, des derni\u00e8res nouvelles et des sujets \u00e0 la mode. Chaque podcast vid\u00e9o est con\u00e7u pour vous tenir inform\u00e9, en vous offrant une [&hellip;]<\/p>\n","protected":false},"author":11,"featured_media":0,"parent":0,"menu_order":0,"comment_status":"closed","ping_status":"closed","template":"elementor_header_footer","meta":{"_acf_changed":false,"inline_featured_image":false,"footnotes":""},"class_list":["post-41043","page","type-page","status-publish","hentry"],"acf":[],"yoast_head":"<!-- This site is optimized with the Yoast SEO Premium plugin v26.2 (Yoast SEO v27.2) - https:\/\/yoast.com\/product\/yoast-seo-premium-wordpress\/ -->\n<title>Xlence Narrative podcasts - l&#039;avis d&#039;experts sur le march\u00e9<\/title>\n<meta name=\"description\" content=\"Restez inform\u00e9 avec les podcasts Xlence Narrative, o\u00f9 nos experts internes analysent l\u2019actualit\u00e9 des march\u00e9s.\" \/>\n<meta name=\"robots\" content=\"index, follow, max-snippet:-1, max-image-preview:large, max-video-preview:-1\" \/>\n<link rel=\"canonical\" href=\"https:\/\/www.xlence.com\/fr\/podcasts-xlence-narrative\/\" \/>\n<meta property=\"og:locale\" content=\"fr_FR\" \/>\n<meta property=\"og:type\" content=\"article\" \/>\n<meta property=\"og:title\" content=\"Podcasts Xlence Narrative\" \/>\n<meta property=\"og:description\" content=\"Restez inform\u00e9 avec les podcasts Xlence Narrative, o\u00f9 nos experts internes analysent l\u2019actualit\u00e9 des march\u00e9s.\" \/>\n<meta property=\"og:url\" content=\"https:\/\/www.xlence.com\/fr\/podcasts-xlence-narrative\/\" \/>\n<meta property=\"og:site_name\" content=\"Xlence\" \/>\n<meta property=\"article:modified_time\" content=\"2026-01-28T14:31:48+00:00\" \/>\n<meta property=\"og:image\" content=\"https:\/\/www.xlence.com\/wp-content\/uploads\/2025\/11\/right-1.png\" \/>\n<meta name=\"twitter:card\" content=\"summary_large_image\" \/>\n<meta name=\"twitter:label1\" content=\"Dur\u00e9e de lecture estim\u00e9e\" \/>\n\t<meta name=\"twitter:data1\" content=\"1 minute\" \/>\n<script type=\"application\/ld+json\" class=\"yoast-schema-graph\">{\"@context\":\"https:\/\/schema.org\",\"@graph\":[{\"@type\":\"WebPage\",\"@id\":\"https:\/\/www.xlence.com\/fr\/podcasts-xlence-narrative\/\",\"url\":\"https:\/\/www.xlence.com\/fr\/podcasts-xlence-narrative\/\",\"name\":\"Xlence Narrative podcasts - l'avis d'experts sur le march\u00e9\",\"isPartOf\":{\"@id\":\"https:\/\/www.xlence.com\/fr\/#website\"},\"primaryImageOfPage\":{\"@id\":\"https:\/\/www.xlence.com\/fr\/podcasts-xlence-narrative\/#primaryimage\"},\"image\":{\"@id\":\"https:\/\/www.xlence.com\/fr\/podcasts-xlence-narrative\/#primaryimage\"},\"thumbnailUrl\":\"https:\/\/www.xlence.com\/wp-content\/uploads\/2025\/11\/right-1.png\",\"datePublished\":\"2025-11-14T09:19:47+00:00\",\"dateModified\":\"2026-01-28T14:31:48+00:00\",\"description\":\"Restez inform\u00e9 avec les podcasts Xlence Narrative, o\u00f9 nos experts internes analysent l\u2019actualit\u00e9 des march\u00e9s.\",\"breadcrumb\":{\"@id\":\"https:\/\/www.xlence.com\/fr\/podcasts-xlence-narrative\/#breadcrumb\"},\"inLanguage\":\"fr-FR\",\"potentialAction\":[{\"@type\":\"ReadAction\",\"target\":[\"https:\/\/www.xlence.com\/fr\/podcasts-xlence-narrative\/\"]}]},{\"@type\":\"ImageObject\",\"inLanguage\":\"fr-FR\",\"@id\":\"https:\/\/www.xlence.com\/fr\/podcasts-xlence-narrative\/#primaryimage\",\"url\":\"https:\/\/www.xlence.com\/wp-content\/uploads\/2025\/11\/right-1.png\",\"contentUrl\":\"https:\/\/www.xlence.com\/wp-content\/uploads\/2025\/11\/right-1.png\"},{\"@type\":\"BreadcrumbList\",\"@id\":\"https:\/\/www.xlence.com\/fr\/podcasts-xlence-narrative\/#breadcrumb\",\"itemListElement\":[{\"@type\":\"ListItem\",\"position\":1,\"name\":\"Home\",\"item\":\"https:\/\/www.xlence.com\/fr\/\"},{\"@type\":\"ListItem\",\"position\":2,\"name\":\"Podcasts Xlence Narrative\"}]},{\"@type\":\"WebSite\",\"@id\":\"https:\/\/www.xlence.com\/fr\/#website\",\"url\":\"https:\/\/www.xlence.com\/fr\/\",\"name\":\"Xlence\",\"description\":\"\",\"potentialAction\":[{\"@type\":\"SearchAction\",\"target\":{\"@type\":\"EntryPoint\",\"urlTemplate\":\"https:\/\/www.xlence.com\/fr\/?s={search_term_string}\"},\"query-input\":{\"@type\":\"PropertyValueSpecification\",\"valueRequired\":true,\"valueName\":\"search_term_string\"}}],\"inLanguage\":\"fr-FR\"}]}<\/script>\n<!-- \/ Yoast SEO Premium plugin. -->","yoast_head_json":{"title":"Xlence Narrative podcasts - l'avis d'experts sur le march\u00e9","description":"Restez inform\u00e9 avec les podcasts Xlence Narrative, o\u00f9 nos experts internes analysent l\u2019actualit\u00e9 des march\u00e9s.","robots":{"index":"index","follow":"follow","max-snippet":"max-snippet:-1","max-image-preview":"max-image-preview:large","max-video-preview":"max-video-preview:-1"},"canonical":"https:\/\/www.xlence.com\/fr\/podcasts-xlence-narrative\/","og_locale":"fr_FR","og_type":"article","og_title":"Podcasts Xlence Narrative","og_description":"Restez inform\u00e9 avec les podcasts Xlence Narrative, o\u00f9 nos experts internes analysent l\u2019actualit\u00e9 des march\u00e9s.","og_url":"https:\/\/www.xlence.com\/fr\/podcasts-xlence-narrative\/","og_site_name":"Xlence","article_modified_time":"2026-01-28T14:31:48+00:00","og_image":[{"url":"https:\/\/www.xlence.com\/wp-content\/uploads\/2025\/11\/right-1.png","type":"","width":"","height":""}],"twitter_card":"summary_large_image","twitter_misc":{"Dur\u00e9e de lecture estim\u00e9e":"1 minute"},"schema":{"@context":"https:\/\/schema.org","@graph":[{"@type":"WebPage","@id":"https:\/\/www.xlence.com\/fr\/podcasts-xlence-narrative\/","url":"https:\/\/www.xlence.com\/fr\/podcasts-xlence-narrative\/","name":"Xlence Narrative podcasts - l'avis d'experts sur le march\u00e9","isPartOf":{"@id":"https:\/\/www.xlence.com\/fr\/#website"},"primaryImageOfPage":{"@id":"https:\/\/www.xlence.com\/fr\/podcasts-xlence-narrative\/#primaryimage"},"image":{"@id":"https:\/\/www.xlence.com\/fr\/podcasts-xlence-narrative\/#primaryimage"},"thumbnailUrl":"https:\/\/www.xlence.com\/wp-content\/uploads\/2025\/11\/right-1.png","datePublished":"2025-11-14T09:19:47+00:00","dateModified":"2026-01-28T14:31:48+00:00","description":"Restez inform\u00e9 avec les podcasts Xlence Narrative, o\u00f9 nos experts internes analysent l\u2019actualit\u00e9 des march\u00e9s.","breadcrumb":{"@id":"https:\/\/www.xlence.com\/fr\/podcasts-xlence-narrative\/#breadcrumb"},"inLanguage":"fr-FR","potentialAction":[{"@type":"ReadAction","target":["https:\/\/www.xlence.com\/fr\/podcasts-xlence-narrative\/"]}]},{"@type":"ImageObject","inLanguage":"fr-FR","@id":"https:\/\/www.xlence.com\/fr\/podcasts-xlence-narrative\/#primaryimage","url":"https:\/\/www.xlence.com\/wp-content\/uploads\/2025\/11\/right-1.png","contentUrl":"https:\/\/www.xlence.com\/wp-content\/uploads\/2025\/11\/right-1.png"},{"@type":"BreadcrumbList","@id":"https:\/\/www.xlence.com\/fr\/podcasts-xlence-narrative\/#breadcrumb","itemListElement":[{"@type":"ListItem","position":1,"name":"Home","item":"https:\/\/www.xlence.com\/fr\/"},{"@type":"ListItem","position":2,"name":"Podcasts Xlence Narrative"}]},{"@type":"WebSite","@id":"https:\/\/www.xlence.com\/fr\/#website","url":"https:\/\/www.xlence.com\/fr\/","name":"Xlence","description":"","potentialAction":[{"@type":"SearchAction","target":{"@type":"EntryPoint","urlTemplate":"https:\/\/www.xlence.com\/fr\/?s={search_term_string}"},"query-input":{"@type":"PropertyValueSpecification","valueRequired":true,"valueName":"search_term_string"}}],"inLanguage":"fr-FR"}]}},"_links":{"self":[{"href":"https:\/\/www.xlence.com\/fr\/wp-json\/wp\/v2\/pages\/41043","targetHints":{"allow":["GET"]}}],"collection":[{"href":"https:\/\/www.xlence.com\/fr\/wp-json\/wp\/v2\/pages"}],"about":[{"href":"https:\/\/www.xlence.com\/fr\/wp-json\/wp\/v2\/types\/page"}],"author":[{"embeddable":true,"href":"https:\/\/www.xlence.com\/fr\/wp-json\/wp\/v2\/users\/11"}],"replies":[{"embeddable":true,"href":"https:\/\/www.xlence.com\/fr\/wp-json\/wp\/v2\/comments?post=41043"}],"version-history":[{"count":0,"href":"https:\/\/www.xlence.com\/fr\/wp-json\/wp\/v2\/pages\/41043\/revisions"}],"wp:attachment":[{"href":"https:\/\/www.xlence.com\/fr\/wp-json\/wp\/v2\/media?parent=41043"}],"curies":[{"name":"wp","href":"https:\/\/api.w.org\/{rel}","templated":true}]}}