{"id":7061,"date":"2024-07-31T14:36:19","date_gmt":"2024-07-31T14:36:19","guid":{"rendered":"https:\/\/xlence-com.wp-dev.int.theitops.net\/se-propage\/"},"modified":"2024-11-29T10:02:36","modified_gmt":"2024-11-29T10:02:36","slug":"spreads","status":"publish","type":"page","link":"https:\/\/www.xlence.com\/fr\/trading\/spreads\/","title":{"rendered":"Se propage"},"content":{"rendered":"\t\t<div data-elementor-type=\"wp-page\" data-elementor-id=\"7061\" class=\"elementor elementor-7061 elementor-2216\" data-elementor-post-type=\"page\">\n\t\t\t\t<section class=\"elementor-element elementor-element-3c1e012 e-con-full e-flex e-con e-parent\" data-id=\"3c1e012\" data-element_type=\"container\" data-e-type=\"container\" data-settings=\"{&quot;background_background&quot;:&quot;classic&quot;}\">\n\t\t<div class=\"elementor-element elementor-element-0f70d2c e-con-full e-flex e-con e-child\" data-id=\"0f70d2c\" data-element_type=\"container\" data-e-type=\"container\">\n\t\t\t\t<div class=\"elementor-element elementor-element-ce159df elementor-widget elementor-widget-heading\" data-id=\"ce159df\" data-element_type=\"widget\" data-e-type=\"widget\" data-widget_type=\"heading.default\">\n\t\t\t\t<div class=\"elementor-widget-container\">\n\t\t\t\t\t<h1 class=\"elementor-heading-title elementor-size-default\">Se propage<\/h1>\t\t\t\t<\/div>\n\t\t\t\t<\/div>\n\t\t\t\t<div class=\"elementor-element elementor-element-0fae416 elementor-widget elementor-widget-heading\" data-id=\"0fae416\" data-element_type=\"widget\" data-e-type=\"widget\" data-widget_type=\"heading.default\">\n\t\t\t\t<div class=\"elementor-widget-container\">\n\t\t\t\t\t<h2 class=\"elementor-heading-title elementor-size-default\">R\u00e9duisez vos spreads avec <span>Xlence <\/span>mises \u00e0 niveau de compte !<\/h2>\t\t\t\t<\/div>\n\t\t\t\t<\/div>\n\t\t\t\t<div class=\"elementor-element elementor-element-20571b4 elementor-widget elementor-widget-heading\" data-id=\"20571b4\" data-element_type=\"widget\" data-e-type=\"widget\" data-widget_type=\"heading.default\">\n\t\t\t\t<div class=\"elementor-widget-container\">\n\t\t\t\t\t<p class=\"elementor-heading-title elementor-size-default\">Quel que soit le march\u00e9 financier sur lequel vous choisissez de n\u00e9gocier, vous devez tenir compte de vos co\u00fbts, en particulier de la diff\u00e9rence de prix entre l\u2019achat et la vente d\u2019un actif sous-jacent, connue sous le nom de spread. Xlence propose 4 niveaux de mises \u00e0 niveau de compte offrant des spreads tr\u00e8s minces sur les comptes de trading.<\/p>\t\t\t\t<\/div>\n\t\t\t\t<\/div>\n\t\t\t\t<div class=\"elementor-element elementor-element-086512f elementor-tablet-align-center elementor-widget elementor-widget-button\" data-id=\"086512f\" data-element_type=\"widget\" data-e-type=\"widget\" data-widget_type=\"button.default\">\n\t\t\t\t<div class=\"elementor-widget-container\">\n\t\t\t\t\t\t\t\t\t<div class=\"elementor-button-wrapper\">\n\t\t\t\t\t<a class=\"elementor-button elementor-button-link elementor-size-sm\" href=\"https:\/\/my.xlence.com\/registration\">\n\t\t\t\t\t\t<span class=\"elementor-button-content-wrapper\">\n\t\t\t\t\t\t\t\t\t<span class=\"elementor-button-text\">Ouvrir un compte<\/span>\n\t\t\t\t\t<\/span>\n\t\t\t\t\t<\/a>\n\t\t\t\t<\/div>\n\t\t\t\t\t\t\t\t<\/div>\n\t\t\t\t<\/div>\n\t\t\t\t<div class=\"elementor-element elementor-element-3325e8f elementor-widget elementor-widget-heading\" data-id=\"3325e8f\" data-element_type=\"widget\" data-e-type=\"widget\" data-widget_type=\"heading.default\">\n\t\t\t\t<div class=\"elementor-widget-container\">\n\t\t\t\t\t<div class=\"elementor-heading-title elementor-size-default\">Tout trading comporte des risques. Il est possible de perdre tout votre capital.<\/div>\t\t\t\t<\/div>\n\t\t\t\t<\/div>\n\t\t\t\t<\/div>\n\t\t<div class=\"elementor-element elementor-element-a6e2af3 e-con-full e-flex e-con e-child\" data-id=\"a6e2af3\" data-element_type=\"container\" data-e-type=\"container\">\n\t\t\t\t<div class=\"elementor-element elementor-element-f56e2ac elementor-widget elementor-widget-image\" data-id=\"f56e2ac\" data-element_type=\"widget\" data-e-type=\"widget\" data-widget_type=\"image.default\">\n\t\t\t\t<div class=\"elementor-widget-container\">\n\t\t\t\t\t\t\t\t\t\t\t\t\t\t\t<img fetchpriority=\"high\" decoding=\"async\" width=\"836\" height=\"1080\" src=\"https:\/\/www.xlence.com\/wp-content\/uploads\/2024\/06\/Spreads-1.png\" class=\"attachment-full size-full wp-image-7062\" alt=\"A laptop displaying a bar chart and a pie chart, illustrating data spreads and analysis.\" \/>\t\t\t\t\t\t\t\t\t\t\t\t\t\t\t<\/div>\n\t\t\t\t<\/div>\n\t\t\t\t<\/div>\n\t\t\t\t<\/section>\n\t\t<div class=\"elementor-element elementor-element-fb1c227 e-flex e-con-boxed e-con e-parent\" data-id=\"fb1c227\" data-element_type=\"container\" data-e-type=\"container\" data-settings=\"{&quot;background_background&quot;:&quot;classic&quot;}\">\n\t\t\t\t\t<div class=\"e-con-inner\">\n\t\t\t\t<div class=\"elementor-element elementor-element-9ed2549 elementor-widget elementor-widget-heading\" data-id=\"9ed2549\" data-element_type=\"widget\" data-e-type=\"widget\" data-widget_type=\"heading.default\">\n\t\t\t\t<div class=\"elementor-widget-container\">\n\t\t\t\t\t<h2 class=\"elementor-heading-title elementor-size-default\">Comparaison des spreads moyens<\/h2>\t\t\t\t<\/div>\n\t\t\t\t<\/div>\n\t\t\t\t<div class=\"elementor-element elementor-element-e27b5ef elementor-widget elementor-widget-html\" data-id=\"e27b5ef\" data-element_type=\"widget\" data-e-type=\"widget\" data-widget_type=\"html.default\">\n\t\t\t\t<div class=\"elementor-widget-container\">\n\t\t\t\t\t\n<div class=\"table__container-rates\">\n    <table class=\"account__table\">\n        <thead>\n            <tr>\n                <th> <\/th>\n                <th>Xlence Essentiel<\/th>\n                <th>Xlence Prime<br><span class=\"upgrade\">Mise \u00e0 niveau*<\/span><\/th>\n                <th>Xlence Delux<br><span class=\"upgrade\">Mise \u00e0 niveau*<\/span><\/th>\n                <th>Xlence Ultime<br><span class=\"upgrade\">Mise \u00e0 niveau*<\/span><\/th>\n            <\/tr>\n        <\/thead>\n        <tbody>\n            <tr>\n                <td class=\"table__image-text-cell\">\n\n                                        <img decoding=\"async\" src=\"\/wp-content\/uploads\/2024\/07\/EURUSD.png\" height=\"40\" width=\"70\">\n EUR\/USD\n                <\/td>\n                <td>1.4<\/td>\n                <td>1.2<\/td>\n                <td>0.9<\/td>\n                <td>0.7<\/td>\n            <\/tr>\n            <tr>\n                <td class=\"table__image-text-cell\">\n                    <img decoding=\"async\" src=\"\/wp-content\/uploads\/2024\/07\/EURCHF.png\" height=\"40\" width=\"70\">\n EUR\/CHF\n                <\/td>\n                <td>2.2<\/td>\n                <td>2.0<\/td>\n                <td>1.7<\/td>\n                <td>1.5<\/td>\n            <\/tr>\n            <tr>\n                <td class=\"table__image-text-cell\">\n                    <img loading=\"lazy\" decoding=\"async\" src=\"\/wp-content\/uploads\/2024\/07\/EURGBP.png\" height=\"40\" width=\"70\">\n EUR\/GBP\n                <\/td>\n                <td>1.5<\/td>\n                <td>1.3<\/td>\n                <td>1.0<\/td>\n                <td>0.8<\/td>\n            <\/tr>\n            <tr>\n                <td class=\"table__image-text-cell\">\n                    <img loading=\"lazy\" decoding=\"async\" src=\"\/wp-content\/uploads\/2024\/07\/EURJPY.png\" height=\"40\" width=\"70\">\n EUR\/JPY\n                <\/td>\n                <td>1.9<\/td>\n                <td>1.7<\/td>\n                <td>1.4<\/td>\n                <td>1.2<\/td>\n            <\/tr>\n            <tr>\n                <td class=\"table__image-text-cell\">\n                    <img loading=\"lazy\" decoding=\"async\" src=\"\/wp-content\/uploads\/2024\/07\/GBPCHF.png\" height=\"40\" width=\"70\">\n GBP\/CHF\n                <\/td>\n                <td>2.7<\/td>\n                <td>2.5<\/td>\n                <td>2.2<\/td>\n                <td>2.0<\/td>\n            <\/tr>\n        <\/tbody>\n    <\/table>\n<\/div>\t\t\t\t<\/div>\n\t\t\t\t<\/div>\n\t\t\t\t<div class=\"elementor-element elementor-element-9e251c0 elementor-widget elementor-widget-text-editor\" data-id=\"9e251c0\" data-element_type=\"widget\" data-e-type=\"widget\" data-widget_type=\"text-editor.default\">\n\t\t\t\t<div class=\"elementor-widget-container\">\n\t\t\t\t\t\t\t\t\t<p><span dir=\"ltr\" role=\"presentation\">\u2022<\/span> <span dir=\"ltr\" role=\"presentation\">Disponible en tant que mise \u00e0 niveau vers Xlence Essential <\/span><span dir=\"ltr\" role=\"presentation\">Compte<\/span><\/p>\n<p><br role=\"presentation\"><span dir=\"ltr\" role=\"presentation\">Notes:<\/span><\/p>\n<p><span dir=\"ltr\" role=\"presentation\">\u2022<\/span> <span dir=\"ltr\" role=\"presentation\">Le spread moyen prend en compte un <\/span><span dir=\"ltr\" role=\"presentation\">longue p\u00e9riode de temps, par exemple l\u2019ensemble de la <\/span> <span dir=\"ltr\" role=\"presentation\">Session de jour (09:00 &#8211; 18:00). Pour voir le vrai <\/span><span dir=\"ltr\" role=\"presentation\">valeurs temporelles que les clients doivent faire r\u00e9f\u00e9rence \u00e0 leur <\/span><span dir=\"ltr\" role=\"presentation\">Terminal client.<\/span><br role=\"presentation\"><span dir=\"ltr\" role=\"presentation\">\u2022<\/span> <span dir=\"ltr\" role=\"presentation\">Pendant le trading de nuit plus volatile <\/span><span dir=\"ltr\" role=\"presentation\">les spreads de session seront plus larges que ceux <\/span><span dir=\"ltr\" role=\"presentation\">affich\u00e9 ci-dessus.<\/span><\/p>\n\t\t\t\t\t\t\t\t<\/div>\n\t\t\t\t<\/div>\n\t\t\t\t\t<\/div>\n\t\t\t\t<\/div>\n\t\t<div class=\"elementor-element elementor-element-9485ead e-flex e-con-boxed e-con e-parent\" data-id=\"9485ead\" data-element_type=\"container\" data-e-type=\"container\" data-settings=\"{&quot;background_background&quot;:&quot;classic&quot;}\">\n\t\t\t\t\t<div class=\"e-con-inner\">\n\t\t\t\t<div class=\"elementor-element elementor-element-aeb52a8 elementor-widget elementor-widget-heading\" data-id=\"aeb52a8\" data-element_type=\"widget\" data-e-type=\"widget\" data-widget_type=\"heading.default\">\n\t\t\t\t<div class=\"elementor-widget-container\">\n\t\t\t\t\t<h2 class=\"elementor-heading-title elementor-size-default\">Environ <span>haut &amp; Spreads faibles<\/span><\/h2>\t\t\t\t<\/div>\n\t\t\t\t<\/div>\n\t\t\t\t<div class=\"elementor-element elementor-element-1732d1c elementor-widget elementor-widget-heading\" data-id=\"1732d1c\" data-element_type=\"widget\" data-e-type=\"widget\" data-widget_type=\"heading.default\">\n\t\t\t\t<div class=\"elementor-widget-container\">\n\t\t\t\t\t<p class=\"elementor-heading-title elementor-size-default\">Les \u00e9v\u00e9nements d\u2019actualit\u00e9 sont souvent source d\u2019incertitude et de volatilit\u00e9 sur le march\u00e9. La publication de donn\u00e9es \u00e9conomiques peut affecter le sentiment du march\u00e9, car elles peuvent \u00eatre inf\u00e9rieures ou sup\u00e9rieures au consensus du march\u00e9. Pour r\u00e9duire une partie du risque de volatilit\u00e9 inattendue, les fournisseurs de liquidit\u00e9s \u00e9largissent fr\u00e9quemment les spreads.<\/p>\t\t\t\t<\/div>\n\t\t\t\t<\/div>\n\t\t<section class=\"elementor-element elementor-element-77ead59 e-con-full e-grid e-con e-child\" data-id=\"77ead59\" data-element_type=\"container\" data-e-type=\"container\" data-settings=\"{&quot;background_background&quot;:&quot;classic&quot;}\">\n\t\t<div class=\"elementor-element elementor-element-c6e4c14 e-con-full e-flex e-con e-child\" data-id=\"c6e4c14\" data-element_type=\"container\" data-e-type=\"container\" data-settings=\"{&quot;background_background&quot;:&quot;classic&quot;}\">\n\t\t\t\t<div class=\"elementor-element elementor-element-e95d0ab elementor-widget elementor-widget-image\" data-id=\"e95d0ab\" data-element_type=\"widget\" data-e-type=\"widget\" data-widget_type=\"image.default\">\n\t\t\t\t<div class=\"elementor-widget-container\">\n\t\t\t\t\t\t\t\t\t\t\t\t\t\t\t<img loading=\"lazy\" decoding=\"async\" width=\"80\" height=\"80\" src=\"https:\/\/www.xlence.com\/wp-content\/uploads\/2024\/06\/High-spread.svg\" class=\"attachment-full size-full wp-image-7065\" alt=\"A circle containing a check mark, symbolizing approval or completion, with a spread effect in the background.\" \/>\t\t\t\t\t\t\t\t\t\t\t\t\t\t\t<\/div>\n\t\t\t\t<\/div>\n\t\t\t\t<div class=\"elementor-element elementor-element-19f3c86 elementor-widget elementor-widget-heading\" data-id=\"19f3c86\" data-element_type=\"widget\" data-e-type=\"widget\" data-widget_type=\"heading.default\">\n\t\t\t\t<div class=\"elementor-widget-container\">\n\t\t\t\t\t<h3 class=\"elementor-heading-title elementor-size-default\">Spread \u00e9lev\u00e9<\/h3>\t\t\t\t<\/div>\n\t\t\t\t<\/div>\n\t\t\t\t<div class=\"elementor-element elementor-element-c2b8326 elementor-widget elementor-widget-heading\" data-id=\"c2b8326\" data-element_type=\"widget\" data-e-type=\"widget\" data-widget_type=\"heading.default\">\n\t\t\t\t<div class=\"elementor-widget-container\">\n\t\t\t\t\t<p class=\"elementor-heading-title elementor-size-default\">Un spread \u00e9lev\u00e9 est indiqu\u00e9 par un \u00e9cart important entre les prix ask et bid. Les spreads sur les principales paires de devises sont g\u00e9n\u00e9ralement faibles, tandis que les spreads sur les paires de devises des march\u00e9s \u00e9mergents sont g\u00e9n\u00e9ralement plus \u00e9lev\u00e9s. Les spreads plus \u00e9lev\u00e9s que d\u2019habitude sont le r\u00e9sultat d\u2019une diminution de la liquidit\u00e9 ou d\u2019une augmentation de la volatilit\u00e9. Les spreads peuvent s\u2019\u00e9largir consid\u00e9rablement avant des communiqu\u00e9s de presse importants ou lors d\u2019\u00e9v\u00e9nements politiques cruciaux, comme les \u00e9lections am\u00e9ricaines.<\/p>\t\t\t\t<\/div>\n\t\t\t\t<\/div>\n\t\t\t\t<\/div>\n\t\t<div class=\"elementor-element elementor-element-c79e6a3 e-con-full e-flex e-con e-child\" data-id=\"c79e6a3\" data-element_type=\"container\" data-e-type=\"container\" data-settings=\"{&quot;background_background&quot;:&quot;classic&quot;}\">\n\t\t\t\t<div class=\"elementor-element elementor-element-963f9d2 elementor-widget elementor-widget-image\" data-id=\"963f9d2\" data-element_type=\"widget\" data-e-type=\"widget\" data-widget_type=\"image.default\">\n\t\t\t\t<div class=\"elementor-widget-container\">\n\t\t\t\t\t\t\t\t\t\t\t\t\t\t\t<img loading=\"lazy\" decoding=\"async\" width=\"80\" height=\"80\" src=\"https:\/\/www.xlence.com\/wp-content\/uploads\/2024\/06\/Low-spread.svg\" class=\"attachment-full size-full wp-image-7066\" alt=\"Circular dotted icon with a gold line-graph symbol, representing market movements and analysis of trading spreads\" \/>\t\t\t\t\t\t\t\t\t\t\t\t\t\t\t<\/div>\n\t\t\t\t<\/div>\n\t\t\t\t<div class=\"elementor-element elementor-element-17366c8 elementor-widget elementor-widget-heading\" data-id=\"17366c8\" data-element_type=\"widget\" data-e-type=\"widget\" data-widget_type=\"heading.default\">\n\t\t\t\t<div class=\"elementor-widget-container\">\n\t\t\t\t\t<h3 class=\"elementor-heading-title elementor-size-default\">Faible \u00e9cart<\/h3>\t\t\t\t<\/div>\n\t\t\t\t<\/div>\n\t\t\t\t<div class=\"elementor-element elementor-element-c2b7028 elementor-widget elementor-widget-heading\" data-id=\"c2b7028\" data-element_type=\"widget\" data-e-type=\"widget\" data-widget_type=\"heading.default\">\n\t\t\t\t<div class=\"elementor-widget-container\">\n\t\t\t\t\t<p class=\"elementor-heading-title elementor-size-default\">Un \u00e9cart faible signifie qu\u2019il y a peu de diff\u00e9rence entre les prix vendeur et acheteur. Les spreads faibles sont pr\u00e9f\u00e9r\u00e9s par les traders, en particulier pendant les sessions de change charg\u00e9es. De faibles spreads sont le signe d\u2019une liquidit\u00e9 accrue et d\u2019une volatilit\u00e9 r\u00e9duite.<\/p>\t\t\t\t<\/div>\n\t\t\t\t<\/div>\n\t\t\t\t<\/div>\n\t\t\t\t<\/section>\n\t\t\t\t<div class=\"elementor-element elementor-element-906e893 elementor-tablet-align-center elementor-widget elementor-widget-button\" data-id=\"906e893\" data-element_type=\"widget\" data-e-type=\"widget\" data-widget_type=\"button.default\">\n\t\t\t\t<div class=\"elementor-widget-container\">\n\t\t\t\t\t\t\t\t\t<div class=\"elementor-button-wrapper\">\n\t\t\t\t\t<a class=\"elementor-button elementor-button-link elementor-size-sm\" href=\"https:\/\/my.xlence.com\/registration\">\n\t\t\t\t\t\t<span class=\"elementor-button-content-wrapper\">\n\t\t\t\t\t\t\t\t\t<span class=\"elementor-button-text\">Ouvrir un compte<\/span>\n\t\t\t\t\t<\/span>\n\t\t\t\t\t<\/a>\n\t\t\t\t<\/div>\n\t\t\t\t\t\t\t\t<\/div>\n\t\t\t\t<\/div>\n\t\t\t\t<div class=\"elementor-element elementor-element-06d393c elementor-widget elementor-widget-heading\" data-id=\"06d393c\" data-element_type=\"widget\" data-e-type=\"widget\" data-widget_type=\"heading.default\">\n\t\t\t\t<div class=\"elementor-widget-container\">\n\t\t\t\t\t<div class=\"elementor-heading-title elementor-size-default\">Tout trading comporte des risques. Il est possible de perdre tout votre capital.<\/div>\t\t\t\t<\/div>\n\t\t\t\t<\/div>\n\t\t\t\t\t<\/div>\n\t\t\t\t<\/div>\n\t\t\t\t<\/div>\n\t\t","protected":false},"excerpt":{"rendered":"<p>Se propage R\u00e9duisez vos spreads avec Xlence mises \u00e0 niveau de compte ! Quel que soit le march\u00e9 financier sur lequel vous choisissez de n\u00e9gocier, vous devez tenir compte de vos co\u00fbts, en particulier de la diff\u00e9rence de prix entre l\u2019achat et la vente d\u2019un actif sous-jacent, connue sous le nom de spread. Xlence propose [&hellip;]<\/p>\n","protected":false},"author":2,"featured_media":0,"parent":7535,"menu_order":0,"comment_status":"closed","ping_status":"closed","template":"elementor_header_footer","meta":{"_acf_changed":false,"inline_featured_image":false,"footnotes":""},"class_list":["post-7061","page","type-page","status-publish","hentry"],"acf":[],"yoast_head":"<!-- This site is optimized with the Yoast SEO Premium plugin v27.4 (Yoast SEO v27.4) - https:\/\/yoast.com\/product\/yoast-seo-premium-wordpress\/ -->\n<title>Tradez avec des spreads comp\u00e9titifs chez Xlence<\/title>\n<meta name=\"description\" content=\"Xlence offre de faibles spreads, ce qui vous permet de vous lancer dans le trading avec d\u2019excellentes conditions sur divers march\u00e9s\" \/>\n<meta name=\"robots\" content=\"index, follow, max-snippet:-1, max-image-preview:large, max-video-preview:-1\" \/>\n<link rel=\"canonical\" href=\"https:\/\/www.xlence.com\/fr\/trading\/spreads\/\" \/>\n<meta property=\"og:locale\" content=\"fr_FR\" \/>\n<meta property=\"og:type\" content=\"article\" \/>\n<meta property=\"og:title\" content=\"Se propage\" \/>\n<meta property=\"og:description\" content=\"Xlence offre de faibles spreads, ce qui vous permet de vous lancer dans le trading avec d\u2019excellentes conditions sur divers march\u00e9s\" \/>\n<meta property=\"og:url\" content=\"https:\/\/www.xlence.com\/fr\/trading\/spreads\/\" \/>\n<meta property=\"og:site_name\" content=\"Xlence\" \/>\n<meta property=\"article:modified_time\" content=\"2024-11-29T10:02:36+00:00\" \/>\n<meta property=\"og:image\" content=\"https:\/\/www.xlence.com\/wp-content\/uploads\/2024\/06\/Spreads-1.png\" \/>\n<meta name=\"twitter:card\" content=\"summary_large_image\" \/>\n<meta name=\"twitter:label1\" content=\"Dur\u00e9e de lecture estim\u00e9e\" \/>\n\t<meta name=\"twitter:data1\" content=\"4 minutes\" \/>\n<script type=\"application\/ld+json\" class=\"yoast-schema-graph\">{\"@context\":\"https:\\\/\\\/schema.org\",\"@graph\":[{\"@type\":\"WebPage\",\"@id\":\"https:\\\/\\\/www.xlence.com\\\/fr\\\/trading\\\/spreads\\\/\",\"url\":\"https:\\\/\\\/www.xlence.com\\\/fr\\\/trading\\\/spreads\\\/\",\"name\":\"Tradez avec des spreads comp\u00e9titifs chez Xlence\",\"isPartOf\":{\"@id\":\"https:\\\/\\\/www.xlence.com\\\/fr\\\/#website\"},\"primaryImageOfPage\":{\"@id\":\"https:\\\/\\\/www.xlence.com\\\/fr\\\/trading\\\/spreads\\\/#primaryimage\"},\"image\":{\"@id\":\"https:\\\/\\\/www.xlence.com\\\/fr\\\/trading\\\/spreads\\\/#primaryimage\"},\"thumbnailUrl\":\"https:\\\/\\\/www.xlence.com\\\/wp-content\\\/uploads\\\/2024\\\/06\\\/Spreads-1.png\",\"datePublished\":\"2024-07-31T14:36:19+00:00\",\"dateModified\":\"2024-11-29T10:02:36+00:00\",\"description\":\"Xlence offre de faibles spreads, ce qui vous permet de vous lancer dans le trading avec d\u2019excellentes conditions sur divers march\u00e9s\",\"breadcrumb\":{\"@id\":\"https:\\\/\\\/www.xlence.com\\\/fr\\\/trading\\\/spreads\\\/#breadcrumb\"},\"inLanguage\":\"fr-FR\",\"potentialAction\":[{\"@type\":\"ReadAction\",\"target\":[\"https:\\\/\\\/www.xlence.com\\\/fr\\\/trading\\\/spreads\\\/\"]}]},{\"@type\":\"ImageObject\",\"inLanguage\":\"fr-FR\",\"@id\":\"https:\\\/\\\/www.xlence.com\\\/fr\\\/trading\\\/spreads\\\/#primaryimage\",\"url\":\"https:\\\/\\\/www.xlence.com\\\/wp-content\\\/uploads\\\/2024\\\/06\\\/Spreads-1.png\",\"contentUrl\":\"https:\\\/\\\/www.xlence.com\\\/wp-content\\\/uploads\\\/2024\\\/06\\\/Spreads-1.png\"},{\"@type\":\"BreadcrumbList\",\"@id\":\"https:\\\/\\\/www.xlence.com\\\/fr\\\/trading\\\/spreads\\\/#breadcrumb\",\"itemListElement\":[{\"@type\":\"ListItem\",\"position\":1,\"name\":\"Home\",\"item\":\"https:\\\/\\\/www.xlence.com\\\/fr\\\/\"},{\"@type\":\"ListItem\",\"position\":2,\"name\":\"Trading &#8211; Page de pr\u00e9sentation\",\"item\":\"https:\\\/\\\/www.xlence.com\\\/fr\\\/trading\\\/\"},{\"@type\":\"ListItem\",\"position\":3,\"name\":\"Se propage\"}]},{\"@type\":\"WebSite\",\"@id\":\"https:\\\/\\\/www.xlence.com\\\/fr\\\/#website\",\"url\":\"https:\\\/\\\/www.xlence.com\\\/fr\\\/\",\"name\":\"Xlence\",\"description\":\"\",\"potentialAction\":[{\"@type\":\"SearchAction\",\"target\":{\"@type\":\"EntryPoint\",\"urlTemplate\":\"https:\\\/\\\/www.xlence.com\\\/fr\\\/?s={search_term_string}\"},\"query-input\":{\"@type\":\"PropertyValueSpecification\",\"valueRequired\":true,\"valueName\":\"search_term_string\"}}],\"inLanguage\":\"fr-FR\"}]}<\/script>\n<!-- \/ Yoast SEO Premium plugin. -->","yoast_head_json":{"title":"Tradez avec des spreads comp\u00e9titifs chez Xlence","description":"Xlence offre de faibles spreads, ce qui vous permet de vous lancer dans le trading avec d\u2019excellentes conditions sur divers march\u00e9s","robots":{"index":"index","follow":"follow","max-snippet":"max-snippet:-1","max-image-preview":"max-image-preview:large","max-video-preview":"max-video-preview:-1"},"canonical":"https:\/\/www.xlence.com\/fr\/trading\/spreads\/","og_locale":"fr_FR","og_type":"article","og_title":"Se propage","og_description":"Xlence offre de faibles spreads, ce qui vous permet de vous lancer dans le trading avec d\u2019excellentes conditions sur divers march\u00e9s","og_url":"https:\/\/www.xlence.com\/fr\/trading\/spreads\/","og_site_name":"Xlence","article_modified_time":"2024-11-29T10:02:36+00:00","og_image":[{"url":"https:\/\/www.xlence.com\/wp-content\/uploads\/2024\/06\/Spreads-1.png","type":"","width":"","height":""}],"twitter_card":"summary_large_image","twitter_misc":{"Dur\u00e9e de lecture estim\u00e9e":"4 minutes"},"schema":{"@context":"https:\/\/schema.org","@graph":[{"@type":"WebPage","@id":"https:\/\/www.xlence.com\/fr\/trading\/spreads\/","url":"https:\/\/www.xlence.com\/fr\/trading\/spreads\/","name":"Tradez avec des spreads comp\u00e9titifs chez Xlence","isPartOf":{"@id":"https:\/\/www.xlence.com\/fr\/#website"},"primaryImageOfPage":{"@id":"https:\/\/www.xlence.com\/fr\/trading\/spreads\/#primaryimage"},"image":{"@id":"https:\/\/www.xlence.com\/fr\/trading\/spreads\/#primaryimage"},"thumbnailUrl":"https:\/\/www.xlence.com\/wp-content\/uploads\/2024\/06\/Spreads-1.png","datePublished":"2024-07-31T14:36:19+00:00","dateModified":"2024-11-29T10:02:36+00:00","description":"Xlence offre de faibles spreads, ce qui vous permet de vous lancer dans le trading avec d\u2019excellentes conditions sur divers march\u00e9s","breadcrumb":{"@id":"https:\/\/www.xlence.com\/fr\/trading\/spreads\/#breadcrumb"},"inLanguage":"fr-FR","potentialAction":[{"@type":"ReadAction","target":["https:\/\/www.xlence.com\/fr\/trading\/spreads\/"]}]},{"@type":"ImageObject","inLanguage":"fr-FR","@id":"https:\/\/www.xlence.com\/fr\/trading\/spreads\/#primaryimage","url":"https:\/\/www.xlence.com\/wp-content\/uploads\/2024\/06\/Spreads-1.png","contentUrl":"https:\/\/www.xlence.com\/wp-content\/uploads\/2024\/06\/Spreads-1.png"},{"@type":"BreadcrumbList","@id":"https:\/\/www.xlence.com\/fr\/trading\/spreads\/#breadcrumb","itemListElement":[{"@type":"ListItem","position":1,"name":"Home","item":"https:\/\/www.xlence.com\/fr\/"},{"@type":"ListItem","position":2,"name":"Trading &#8211; Page de pr\u00e9sentation","item":"https:\/\/www.xlence.com\/fr\/trading\/"},{"@type":"ListItem","position":3,"name":"Se propage"}]},{"@type":"WebSite","@id":"https:\/\/www.xlence.com\/fr\/#website","url":"https:\/\/www.xlence.com\/fr\/","name":"Xlence","description":"","potentialAction":[{"@type":"SearchAction","target":{"@type":"EntryPoint","urlTemplate":"https:\/\/www.xlence.com\/fr\/?s={search_term_string}"},"query-input":{"@type":"PropertyValueSpecification","valueRequired":true,"valueName":"search_term_string"}}],"inLanguage":"fr-FR"}]}},"_links":{"self":[{"href":"https:\/\/www.xlence.com\/fr\/wp-json\/wp\/v2\/pages\/7061","targetHints":{"allow":["GET"]}}],"collection":[{"href":"https:\/\/www.xlence.com\/fr\/wp-json\/wp\/v2\/pages"}],"about":[{"href":"https:\/\/www.xlence.com\/fr\/wp-json\/wp\/v2\/types\/page"}],"author":[{"embeddable":true,"href":"https:\/\/www.xlence.com\/fr\/wp-json\/wp\/v2\/users\/2"}],"replies":[{"embeddable":true,"href":"https:\/\/www.xlence.com\/fr\/wp-json\/wp\/v2\/comments?post=7061"}],"version-history":[{"count":0,"href":"https:\/\/www.xlence.com\/fr\/wp-json\/wp\/v2\/pages\/7061\/revisions"}],"up":[{"embeddable":true,"href":"https:\/\/www.xlence.com\/fr\/wp-json\/wp\/v2\/pages\/7535"}],"wp:attachment":[{"href":"https:\/\/www.xlence.com\/fr\/wp-json\/wp\/v2\/media?parent=7061"}],"curies":[{"name":"wp","href":"https:\/\/api.w.org\/{rel}","templated":true}]}}