{"id":17659,"date":"2025-03-21T10:19:52","date_gmt":"2025-03-21T10:19:52","guid":{"rendered":"https:\/\/xlence-com.wp-dev.int.theitops.net\/eventos\/"},"modified":"2025-04-09T12:21:51","modified_gmt":"2025-04-09T12:21:51","slug":"xlence-events","status":"publish","type":"page","link":"https:\/\/www.xlence.com\/pt\/xlence-events\/","title":{"rendered":"Eventos"},"content":{"rendered":"\t\t<div data-elementor-type=\"wp-page\" data-elementor-id=\"17659\" class=\"elementor elementor-17659 elementor-17551\" data-elementor-post-type=\"page\">\n\t\t\t\t<section class=\"elementor-element elementor-element-f5a4ced e-con-full hero-banner__container e-flex e-con e-parent\" data-id=\"f5a4ced\" data-element_type=\"container\" data-e-type=\"container\" data-settings=\"{&quot;background_background&quot;:&quot;classic&quot;}\">\n\t\t<div class=\"elementor-element elementor-element-d7d1c5f e-con-full header-banner__content e-flex e-con e-child\" data-id=\"d7d1c5f\" data-element_type=\"container\" data-e-type=\"container\">\n\t\t\t\t<div class=\"elementor-element elementor-element-0102784 elementor-widget elementor-widget-heading\" data-id=\"0102784\" data-element_type=\"widget\" data-e-type=\"widget\" data-widget_type=\"heading.default\">\n\t\t\t\t<div class=\"elementor-widget-container\">\n\t\t\t\t\t<h1 class=\"elementor-heading-title elementor-size-default\"><span>Eventos<\/span><\/h1>\t\t\t\t<\/div>\n\t\t\t\t<\/div>\n\t\t\t\t<div class=\"elementor-element elementor-element-cc7cb03 elementor-widget elementor-widget-heading\" data-id=\"cc7cb03\" data-element_type=\"widget\" data-e-type=\"widget\" data-widget_type=\"heading.default\">\n\t\t\t\t<div class=\"elementor-widget-container\">\n\t\t\t\t\t<h2 class=\"elementor-heading-title elementor-size-default\">Onde os negociantes se ligam e crescem<\/h2>\t\t\t\t<\/div>\n\t\t\t\t<\/div>\n\t\t\t\t<div class=\"elementor-element elementor-element-099e038 elementor-widget elementor-widget-heading\" data-id=\"099e038\" data-element_type=\"widget\" data-e-type=\"widget\" data-widget_type=\"heading.default\">\n\t\t\t\t<div class=\"elementor-widget-container\">\n\t\t\t\t\t<p class=\"elementor-heading-title elementor-size-default\">Atrav\u00e9s de patroc\u00ednios globais e da participa\u00e7\u00e3o ativa em eventos-chave do setor em todo o mundo, continuamos empenhados na excel\u00eancia, transpar\u00eancia e inova\u00e7\u00e3o.<\/p>\t\t\t\t<\/div>\n\t\t\t\t<\/div>\n\t\t\t\t<\/div>\n\t\t<div class=\"elementor-element elementor-element-71086eb e-con-full e-flex e-con e-child\" data-id=\"71086eb\" data-element_type=\"container\" data-e-type=\"container\">\n\t\t\t\t<div class=\"elementor-element elementor-element-6899d0a elementor-widget elementor-widget-image\" data-id=\"6899d0a\" data-element_type=\"widget\" data-e-type=\"widget\" data-widget_type=\"image.default\">\n\t\t\t\t<div class=\"elementor-widget-container\">\n\t\t\t\t\t\t\t\t\t\t\t\t\t\t\t<img fetchpriority=\"high\" decoding=\"async\" width=\"836\" height=\"840\" src=\"https:\/\/www.xlence.com\/wp-content\/uploads\/2025\/04\/Events-1.png\" class=\"attachment-full size-full wp-image-19982\" alt=\"Golden podium-style bars with the Xlence logo, a speech bubble icon, and a globe, symbolizing global trading growth and important market events.\" \/>\t\t\t\t\t\t\t\t\t\t\t\t\t\t\t<\/div>\n\t\t\t\t<\/div>\n\t\t\t\t<\/div>\n\t\t\t\t<\/section>\n\t\t<div class=\"elementor-element elementor-element-3be96be e-flex e-con-boxed e-con e-parent\" data-id=\"3be96be\" data-element_type=\"container\" data-e-type=\"container\">\n\t\t\t\t\t<div class=\"e-con-inner\">\n\t\t\t\t<div class=\"elementor-element elementor-element-525c339 elementor-widget elementor-widget-shortcode\" data-id=\"525c339\" data-element_type=\"widget\" data-e-type=\"widget\" data-widget_type=\"shortcode.default\">\n\t\t\t\t<div class=\"elementor-widget-container\">\n\t\t\t\t\t\t\t<div class=\"elementor-shortcode\">        <div id=\"ep-events-wrapper\" data-default-filter=\"upcoming\">\n            <h2 id=\"ep-events-title\">O que vem a seguir?<\/h2>\n            <h2 id=\"ep-past-events-title\">Uma viagem pelos nossos eventos<\/h2>\n            <ul id=\"ep-filter-list\">\n                <li class=\"ep-filter-item active\" data-filter=\"upcoming\">ATUALIDADES<\/li>\n                <li class=\"ep-filter-item\" data-filter=\"2026\">2026<\/li><li class=\"ep-filter-item\" data-filter=\"2025\">2025<\/li>            <\/ul>\n            <div id=\"ep-events-container\">\n                <p>No events found.<\/p>            <\/div>\n        <\/div>\n        <\/div>\n\t\t\t\t\t\t<\/div>\n\t\t\t\t<\/div>\n\t\t\t\t\t<\/div>\n\t\t\t\t<\/div>\n\t\t<div class=\"elementor-element elementor-element-64496e9 e-flex e-con-boxed e-con e-parent\" data-id=\"64496e9\" data-element_type=\"container\" data-e-type=\"container\" data-settings=\"{&quot;background_background&quot;:&quot;classic&quot;}\">\n\t\t\t\t\t<div class=\"e-con-inner\">\n\t\t<div class=\"elementor-element elementor-element-4d9e845 e-con-full e-flex e-con e-child\" data-id=\"4d9e845\" data-element_type=\"container\" data-e-type=\"container\" data-settings=\"{&quot;background_background&quot;:&quot;classic&quot;}\">\n\t\t<div class=\"elementor-element elementor-element-d693aa8 e-con-full e-flex e-con e-child\" data-id=\"d693aa8\" data-element_type=\"container\" data-e-type=\"container\">\n\t\t\t\t<div class=\"elementor-element elementor-element-02b9aa0 elementor-widget elementor-widget-heading\" data-id=\"02b9aa0\" data-element_type=\"widget\" data-e-type=\"widget\" data-widget_type=\"heading.default\">\n\t\t\t\t<div class=\"elementor-widget-container\">\n\t\t\t\t\t<p class=\"elementor-heading-title elementor-size-default\">Quer liderar os mercados com a Xlence?<\/p>\t\t\t\t<\/div>\n\t\t\t\t<\/div>\n\t\t\t\t<div class=\"elementor-element elementor-element-d7821e9 elementor-widget elementor-widget-heading\" data-id=\"d7821e9\" data-element_type=\"widget\" data-e-type=\"widget\" data-widget_type=\"heading.default\">\n\t\t\t\t<div class=\"elementor-widget-container\">\n\t\t\t\t\t<h2 class=\"elementor-heading-title elementor-size-default\">Mais de 300 ativos, spreads reduzidos, alavancagem flex\u00edvel e ferramentas avan\u00e7adas, est\u00e3o na ponta dos seus dedos.<\/h2>\t\t\t\t<\/div>\n\t\t\t\t<\/div>\n\t\t\t\t<div class=\"elementor-element elementor-element-5266c99 elementor-mobile-align-center elementor-widget elementor-widget-button\" data-id=\"5266c99\" data-element_type=\"widget\" data-e-type=\"widget\" data-widget_type=\"button.default\">\n\t\t\t\t<div class=\"elementor-widget-container\">\n\t\t\t\t\t\t\t\t\t<div class=\"elementor-button-wrapper\">\n\t\t\t\t\t<a class=\"elementor-button elementor-button-link elementor-size-sm\" href=\"https:\/\/my.xlence.com\/registration\" target=\"_blank\">\n\t\t\t\t\t\t<span class=\"elementor-button-content-wrapper\">\n\t\t\t\t\t\t\t\t\t<span class=\"elementor-button-text\">Abra a sua conta<\/span>\n\t\t\t\t\t<\/span>\n\t\t\t\t\t<\/a>\n\t\t\t\t<\/div>\n\t\t\t\t\t\t\t\t<\/div>\n\t\t\t\t<\/div>\n\t\t\t\t<div class=\"elementor-element elementor-element-5cec47c elementor-widget elementor-widget-heading\" data-id=\"5cec47c\" data-element_type=\"widget\" data-e-type=\"widget\" data-widget_type=\"heading.default\">\n\t\t\t\t<div class=\"elementor-widget-container\">\n\t\t\t\t\t<div class=\"elementor-heading-title elementor-size-default\">Todas as transa\u00e7\u00f5es envolvem risco. \u00c9 poss\u00edvel perder todo o seu capital. <\/div>\t\t\t\t<\/div>\n\t\t\t\t<\/div>\n\t\t\t\t<\/div>\n\t\t<div class=\"elementor-element elementor-element-be2b111 e-con-full e-flex e-con e-child\" data-id=\"be2b111\" data-element_type=\"container\" data-e-type=\"container\">\n\t\t\t\t<div class=\"elementor-element elementor-element-1784fd3 elementor-widget elementor-widget-image\" data-id=\"1784fd3\" data-element_type=\"widget\" data-e-type=\"widget\" data-widget_type=\"image.default\">\n\t\t\t\t<div class=\"elementor-widget-container\">\n\t\t\t\t\t\t\t\t\t\t\t\t\t\t\t<img decoding=\"async\" width=\"704\" height=\"576\" src=\"https:\/\/www.xlence.com\/wp-content\/uploads\/2025\/03\/events-bottom-cta-img.png\" class=\"attachment-full size-full wp-image-17592\" alt=\"A smartphone displaying market quotes, surrounded by golden candlestick graphics and a gold pie chart segment, symbolizing financial analysis and trading activity.\" \/>\t\t\t\t\t\t\t\t\t\t\t\t\t\t\t<\/div>\n\t\t\t\t<\/div>\n\t\t\t\t<\/div>\n\t\t\t\t<\/div>\n\t\t\t\t\t<\/div>\n\t\t\t\t<\/div>\n\t\t\t\t<\/div>\n\t\t","protected":false},"excerpt":{"rendered":"<p>Eventos Onde os negociantes se ligam e crescem Atrav\u00e9s de patroc\u00ednios globais e da participa\u00e7\u00e3o ativa em eventos-chave do setor em todo o mundo, continuamos empenhados na excel\u00eancia, transpar\u00eancia e inova\u00e7\u00e3o. Quer liderar os mercados com a Xlence? Mais de 300 ativos, spreads reduzidos, alavancagem flex\u00edvel e ferramentas avan\u00e7adas, est\u00e3o na ponta dos seus dedos. [&hellip;]<\/p>\n","protected":false},"author":7,"featured_media":0,"parent":0,"menu_order":0,"comment_status":"closed","ping_status":"closed","template":"elementor_header_footer","meta":{"_acf_changed":false,"inline_featured_image":false,"footnotes":""},"class_list":["post-17659","page","type-page","status-publish","hentry"],"acf":[],"yoast_head":"<!-- This site is optimized with the Yoast SEO Premium plugin v26.2 (Yoast SEO v27.3) - https:\/\/yoast.com\/product\/yoast-seo-premium-wordpress\/ -->\n<title>Xlence: Eventos passados e futuros<\/title>\n<meta name=\"description\" content=\"Explore os nossos eventos passados, onde nos relacion\u00e1mos com os melhores especialistas da ind\u00fastria de todo o mundo e fique atento ao que se segue.\" \/>\n<meta name=\"robots\" content=\"index, follow, max-snippet:-1, max-image-preview:large, max-video-preview:-1\" \/>\n<link rel=\"canonical\" href=\"https:\/\/www.xlence.com\/pt\/xlence-events\/\" \/>\n<meta property=\"og:locale\" content=\"pt_PT\" \/>\n<meta property=\"og:type\" content=\"article\" \/>\n<meta property=\"og:title\" content=\"Eventos\" \/>\n<meta property=\"og:description\" content=\"Explore os nossos eventos passados, onde nos relacion\u00e1mos com os melhores especialistas da ind\u00fastria de todo o mundo e fique atento ao que se segue.\" \/>\n<meta property=\"og:url\" content=\"https:\/\/www.xlence.com\/pt\/xlence-events\/\" \/>\n<meta property=\"og:site_name\" content=\"Xlence\" \/>\n<meta property=\"article:modified_time\" content=\"2025-04-09T12:21:51+00:00\" \/>\n<meta property=\"og:image\" content=\"https:\/\/www.xlence.com\/wp-content\/uploads\/2025\/04\/Events-1.png\" \/>\n<meta name=\"twitter:card\" content=\"summary_large_image\" \/>\n<script type=\"application\/ld+json\" class=\"yoast-schema-graph\">{\"@context\":\"https:\\\/\\\/schema.org\",\"@graph\":[{\"@type\":\"WebPage\",\"@id\":\"https:\\\/\\\/www.xlence.com\\\/pt\\\/xlence-events\\\/\",\"url\":\"https:\\\/\\\/www.xlence.com\\\/pt\\\/xlence-events\\\/\",\"name\":\"Xlence: Eventos passados e futuros\",\"isPartOf\":{\"@id\":\"https:\\\/\\\/www.xlence.com\\\/pt\\\/#website\"},\"primaryImageOfPage\":{\"@id\":\"https:\\\/\\\/www.xlence.com\\\/pt\\\/xlence-events\\\/#primaryimage\"},\"image\":{\"@id\":\"https:\\\/\\\/www.xlence.com\\\/pt\\\/xlence-events\\\/#primaryimage\"},\"thumbnailUrl\":\"https:\\\/\\\/www.xlence.com\\\/wp-content\\\/uploads\\\/2025\\\/04\\\/Events-1.png\",\"datePublished\":\"2025-03-21T10:19:52+00:00\",\"dateModified\":\"2025-04-09T12:21:51+00:00\",\"description\":\"Explore os nossos eventos passados, onde nos relacion\u00e1mos com os melhores especialistas da ind\u00fastria de todo o mundo e fique atento ao que se segue.\",\"breadcrumb\":{\"@id\":\"https:\\\/\\\/www.xlence.com\\\/pt\\\/xlence-events\\\/#breadcrumb\"},\"inLanguage\":\"pt\",\"potentialAction\":[{\"@type\":\"ReadAction\",\"target\":[\"https:\\\/\\\/www.xlence.com\\\/pt\\\/xlence-events\\\/\"]}]},{\"@type\":\"ImageObject\",\"inLanguage\":\"pt\",\"@id\":\"https:\\\/\\\/www.xlence.com\\\/pt\\\/xlence-events\\\/#primaryimage\",\"url\":\"https:\\\/\\\/www.xlence.com\\\/wp-content\\\/uploads\\\/2025\\\/04\\\/Events-1.png\",\"contentUrl\":\"https:\\\/\\\/www.xlence.com\\\/wp-content\\\/uploads\\\/2025\\\/04\\\/Events-1.png\"},{\"@type\":\"BreadcrumbList\",\"@id\":\"https:\\\/\\\/www.xlence.com\\\/pt\\\/xlence-events\\\/#breadcrumb\",\"itemListElement\":[{\"@type\":\"ListItem\",\"position\":1,\"name\":\"Home\",\"item\":\"https:\\\/\\\/www.xlence.com\\\/pt\\\/\"},{\"@type\":\"ListItem\",\"position\":2,\"name\":\"Eventos\"}]},{\"@type\":\"WebSite\",\"@id\":\"https:\\\/\\\/www.xlence.com\\\/pt\\\/#website\",\"url\":\"https:\\\/\\\/www.xlence.com\\\/pt\\\/\",\"name\":\"Xlence\",\"description\":\"\",\"potentialAction\":[{\"@type\":\"SearchAction\",\"target\":{\"@type\":\"EntryPoint\",\"urlTemplate\":\"https:\\\/\\\/www.xlence.com\\\/pt\\\/?s={search_term_string}\"},\"query-input\":{\"@type\":\"PropertyValueSpecification\",\"valueRequired\":true,\"valueName\":\"search_term_string\"}}],\"inLanguage\":\"pt\"}]}<\/script>\n<!-- \/ Yoast SEO Premium plugin. -->","yoast_head_json":{"title":"Xlence: Eventos passados e futuros","description":"Explore os nossos eventos passados, onde nos relacion\u00e1mos com os melhores especialistas da ind\u00fastria de todo o mundo e fique atento ao que se segue.","robots":{"index":"index","follow":"follow","max-snippet":"max-snippet:-1","max-image-preview":"max-image-preview:large","max-video-preview":"max-video-preview:-1"},"canonical":"https:\/\/www.xlence.com\/pt\/xlence-events\/","og_locale":"pt_PT","og_type":"article","og_title":"Eventos","og_description":"Explore os nossos eventos passados, onde nos relacion\u00e1mos com os melhores especialistas da ind\u00fastria de todo o mundo e fique atento ao que se segue.","og_url":"https:\/\/www.xlence.com\/pt\/xlence-events\/","og_site_name":"Xlence","article_modified_time":"2025-04-09T12:21:51+00:00","og_image":[{"url":"https:\/\/www.xlence.com\/wp-content\/uploads\/2025\/04\/Events-1.png","type":"","width":"","height":""}],"twitter_card":"summary_large_image","schema":{"@context":"https:\/\/schema.org","@graph":[{"@type":"WebPage","@id":"https:\/\/www.xlence.com\/pt\/xlence-events\/","url":"https:\/\/www.xlence.com\/pt\/xlence-events\/","name":"Xlence: Eventos passados e futuros","isPartOf":{"@id":"https:\/\/www.xlence.com\/pt\/#website"},"primaryImageOfPage":{"@id":"https:\/\/www.xlence.com\/pt\/xlence-events\/#primaryimage"},"image":{"@id":"https:\/\/www.xlence.com\/pt\/xlence-events\/#primaryimage"},"thumbnailUrl":"https:\/\/www.xlence.com\/wp-content\/uploads\/2025\/04\/Events-1.png","datePublished":"2025-03-21T10:19:52+00:00","dateModified":"2025-04-09T12:21:51+00:00","description":"Explore os nossos eventos passados, onde nos relacion\u00e1mos com os melhores especialistas da ind\u00fastria de todo o mundo e fique atento ao que se segue.","breadcrumb":{"@id":"https:\/\/www.xlence.com\/pt\/xlence-events\/#breadcrumb"},"inLanguage":"pt","potentialAction":[{"@type":"ReadAction","target":["https:\/\/www.xlence.com\/pt\/xlence-events\/"]}]},{"@type":"ImageObject","inLanguage":"pt","@id":"https:\/\/www.xlence.com\/pt\/xlence-events\/#primaryimage","url":"https:\/\/www.xlence.com\/wp-content\/uploads\/2025\/04\/Events-1.png","contentUrl":"https:\/\/www.xlence.com\/wp-content\/uploads\/2025\/04\/Events-1.png"},{"@type":"BreadcrumbList","@id":"https:\/\/www.xlence.com\/pt\/xlence-events\/#breadcrumb","itemListElement":[{"@type":"ListItem","position":1,"name":"Home","item":"https:\/\/www.xlence.com\/pt\/"},{"@type":"ListItem","position":2,"name":"Eventos"}]},{"@type":"WebSite","@id":"https:\/\/www.xlence.com\/pt\/#website","url":"https:\/\/www.xlence.com\/pt\/","name":"Xlence","description":"","potentialAction":[{"@type":"SearchAction","target":{"@type":"EntryPoint","urlTemplate":"https:\/\/www.xlence.com\/pt\/?s={search_term_string}"},"query-input":{"@type":"PropertyValueSpecification","valueRequired":true,"valueName":"search_term_string"}}],"inLanguage":"pt"}]}},"_links":{"self":[{"href":"https:\/\/www.xlence.com\/pt\/wp-json\/wp\/v2\/pages\/17659","targetHints":{"allow":["GET"]}}],"collection":[{"href":"https:\/\/www.xlence.com\/pt\/wp-json\/wp\/v2\/pages"}],"about":[{"href":"https:\/\/www.xlence.com\/pt\/wp-json\/wp\/v2\/types\/page"}],"author":[{"embeddable":true,"href":"https:\/\/www.xlence.com\/pt\/wp-json\/wp\/v2\/users\/7"}],"replies":[{"embeddable":true,"href":"https:\/\/www.xlence.com\/pt\/wp-json\/wp\/v2\/comments?post=17659"}],"version-history":[{"count":0,"href":"https:\/\/www.xlence.com\/pt\/wp-json\/wp\/v2\/pages\/17659\/revisions"}],"wp:attachment":[{"href":"https:\/\/www.xlence.com\/pt\/wp-json\/wp\/v2\/media?parent=17659"}],"curies":[{"name":"wp","href":"https:\/\/api.w.org\/{rel}","templated":true}]}}