{"id":8480,"date":"2024-08-01T12:02:19","date_gmt":"2024-08-01T12:02:19","guid":{"rendered":"https:\/\/xlence-com.wp-dev.int.theitops.net\/tipos-de-conta\/"},"modified":"2026-01-28T14:22:46","modified_gmt":"2026-01-28T14:22:46","slug":"account-types","status":"publish","type":"page","link":"https:\/\/www.xlence.com\/pt\/trading\/account-types\/","title":{"rendered":"Tipos de contas"},"content":{"rendered":"\t\t<div data-elementor-type=\"wp-page\" data-elementor-id=\"8480\" class=\"elementor elementor-8480\" data-elementor-post-type=\"page\">\n\t\t\t\t<section class=\"elementor-element elementor-element-a97c072 e-con-full e-flex e-con e-parent\" data-id=\"a97c072\" data-element_type=\"container\" data-e-type=\"container\" data-settings=\"{&quot;background_background&quot;:&quot;classic&quot;}\">\n\t\t<div class=\"elementor-element elementor-element-cce5927 e-con-full e-flex e-con e-child\" data-id=\"cce5927\" data-element_type=\"container\" data-e-type=\"container\">\n\t\t\t\t<div class=\"elementor-element elementor-element-e2e28a1 elementor-widget elementor-widget-heading\" data-id=\"e2e28a1\" data-element_type=\"widget\" data-e-type=\"widget\" data-widget_type=\"heading.default\">\n\t\t\t\t<div class=\"elementor-widget-container\">\n\t\t\t\t\t<h1 class=\"elementor-heading-title elementor-size-default\">Contas de negocia\u00e7\u00e3o<\/h1>\t\t\t\t<\/div>\n\t\t\t\t<\/div>\n\t\t\t\t<div class=\"elementor-element elementor-element-37a6578 elementor-widget elementor-widget-heading\" data-id=\"37a6578\" data-element_type=\"widget\" data-e-type=\"widget\" data-widget_type=\"heading.default\">\n\t\t\t\t<div class=\"elementor-widget-container\">\n\t\t\t\t\t<p class=\"elementor-heading-title elementor-size-default\">Explore as caracter\u00edsticas das nossas diferentes contas e seleccione uma com base nas suas necessidades, tais como a frequ\u00eancia de negocia\u00e7\u00e3o, a dimens\u00e3o da carteira de investimentos e a experi\u00eancia de negocia\u00e7\u00e3o. <\/p>\t\t\t\t<\/div>\n\t\t\t\t<\/div>\n\t\t\t\t<div class=\"elementor-element elementor-element-b5a759f elementor-tablet-align-center elementor-widget elementor-widget-button\" data-id=\"b5a759f\" data-element_type=\"widget\" data-e-type=\"widget\" data-widget_type=\"button.default\">\n\t\t\t\t<div class=\"elementor-widget-container\">\n\t\t\t\t\t\t\t\t\t<div class=\"elementor-button-wrapper\">\n\t\t\t\t\t<a class=\"elementor-button elementor-button-link elementor-size-sm\" href=\"https:\/\/my.xlence.com\/registration\">\n\t\t\t\t\t\t<span class=\"elementor-button-content-wrapper\">\n\t\t\t\t\t\t\t\t\t<span class=\"elementor-button-text\">Abrir conta<\/span>\n\t\t\t\t\t<\/span>\n\t\t\t\t\t<\/a>\n\t\t\t\t<\/div>\n\t\t\t\t\t\t\t\t<\/div>\n\t\t\t\t<\/div>\n\t\t\t\t<div class=\"elementor-element elementor-element-ff5e2f2 elementor-widget elementor-widget-heading\" data-id=\"ff5e2f2\" data-element_type=\"widget\" data-e-type=\"widget\" data-widget_type=\"heading.default\">\n\t\t\t\t<div class=\"elementor-widget-container\">\n\t\t\t\t\t<div class=\"elementor-heading-title elementor-size-default\">Toda a negocia\u00e7\u00e3o envolve risco. \u00c9 poss\u00edvel perder todo o seu capital. <\/div>\t\t\t\t<\/div>\n\t\t\t\t<\/div>\n\t\t\t\t<\/div>\n\t\t<div class=\"elementor-element elementor-element-844eb79 e-con-full e-flex e-con e-child\" data-id=\"844eb79\" data-element_type=\"container\" data-e-type=\"container\">\n\t\t\t\t<div class=\"elementor-element elementor-element-0cb6f8e elementor-widget elementor-widget-image\" data-id=\"0cb6f8e\" data-element_type=\"widget\" data-e-type=\"widget\" data-widget_type=\"image.default\">\n\t\t\t\t<div class=\"elementor-widget-container\">\n\t\t\t\t\t\t\t\t\t\t\t\t\t\t\t<img fetchpriority=\"high\" decoding=\"async\" width=\"1329\" height=\"1620\" src=\"https:\/\/www.xlence.com\/wp-content\/uploads\/2024\/08\/7cdfd7ca-31a4-4f4f-9a21-f3a728e007b6.png\" class=\"attachment-full size-full wp-image-41960\" alt=\"Forex trading app interface on a mobile device, showcasing account options and live currency exchange rates.\" \/>\t\t\t\t\t\t\t\t\t\t\t\t\t\t\t<\/div>\n\t\t\t\t<\/div>\n\t\t\t\t<\/div>\n\t\t\t\t<\/section>\n\t\t<div class=\"elementor-element elementor-element-a68c975 e-flex e-con-boxed e-con e-parent\" data-id=\"a68c975\" data-element_type=\"container\" data-e-type=\"container\" data-settings=\"{&quot;background_background&quot;:&quot;classic&quot;}\">\n\t\t\t\t\t<div class=\"e-con-inner\">\n\t\t\t\t<div class=\"elementor-element elementor-element-fc4dc48 elementor-widget elementor-widget-heading\" data-id=\"fc4dc48\" data-element_type=\"widget\" data-e-type=\"widget\" data-widget_type=\"heading.default\">\n\t\t\t\t<div class=\"elementor-widget-container\">\n\t\t\t\t\t<h2 class=\"elementor-heading-title elementor-size-default\"><span>Comparar<\/span> contas de negocia\u00e7\u00e3o<\/h2>\t\t\t\t<\/div>\n\t\t\t\t<\/div>\n\t\t\t\t<div class=\"elementor-element elementor-element-3b1c753 elementor-widget elementor-widget-shortcode\" data-id=\"3b1c753\" data-element_type=\"widget\" data-e-type=\"widget\" data-widget_type=\"shortcode.default\">\n\t\t\t\t<div class=\"elementor-widget-container\">\n\t\t\t\t\t\t\t<div class=\"elementor-shortcode\">\t\t<div data-elementor-type=\"section\" data-elementor-id=\"8474\" class=\"elementor elementor-8474 elementor-5884 elementor-5884\" data-elementor-post-type=\"elementor_library\">\n\t\t\t<div class=\"elementor-element elementor-element-699649d e-flex e-con-boxed e-con e-parent\" data-id=\"699649d\" data-element_type=\"container\" data-e-type=\"container\">\n\t\t\t\t\t<div class=\"e-con-inner\">\n\t\t<div class=\"elementor-element elementor-element-022526a e-con-full e-flex e-con e-child\" data-id=\"022526a\" data-element_type=\"container\" data-e-type=\"container\">\n\t\t\t\t<div class=\"elementor-element elementor-element-0b743ac elementor-widget elementor-widget-html\" data-id=\"0b743ac\" data-element_type=\"widget\" data-e-type=\"widget\" data-widget_type=\"html.default\">\n\t\t\t\t<div class=\"elementor-widget-container\">\n\t\t\t\t\t<div class=\"table__container\">\n  <table class=\"account__table\">\n    <thead>\n      <tr>\n          <th><\/th>\n          <th>Xlence Essential<\/th>\n          <th>Xlence Prime<br><span class=\"upgrade\">Atualiza\u00e7\u00e3o*<\/span><\/th>\n          <th>Xlence Deluxe<br><span class=\"upgrade\">Atualiza\u00e7\u00e3o*<\/span><\/th>\n          <th>Xlence Ultimate<br><span class=\"upgrade\">Atualiza\u00e7\u00e3o*<\/span><\/th>\n      <\/tr>\n    <\/thead>\n    <tbody>\n        <tr>\n        <td>Tipos de conta<\/td>\n        <td>Flutua\u00e7\u00e3o em direto<\/td>\n        <td>Flutua\u00e7\u00e3o em direto<\/td>\n        <td>Flutua\u00e7\u00e3o em direto<\/td>\n       <td>Flutua\u00e7\u00e3o em direto<\/td>\n      <\/tr>\n      <tr>\n        <td>Plataforma de trading<\/td>\n        <td>MT4\/MT5<\/td>\n        <td>MT4\/MT5<\/td>\n        <td>MT4\/MT5<\/td>\n       <td>MT4\/MT5<\/td>\n      <\/tr>\n      <tr>\n          <td>Spread EUR\/USD (M\u00ednimo\/M\u00e9dio)<\/td>\n          <td>1.1\/1.4<\/td>\n          <td>0.9\/1.2<\/td>\n          <td>0.6\/0.9<\/td>\n          <td>0.4\/0.7<\/td>\n      <\/tr>\n      <tr>\n        <td>Spread XAU\/USD (M\u00ednimo\/M\u00e9dio)<\/td>\n        <td>0.23\/0.25<\/td>\n        <td>0.18\/0.20<\/td>\n        <td>0.18\/0.20<\/td>\n        <td>0.18\/0.20<\/td>\n      <\/tr>\n      <tr class=\"table__row-commission\">\n        <td>Comiss\u00e3o<\/td>\n        <td>Sem comiss\u00e3o**<\/td>\n        <td>Sem comiss\u00e3o**<\/td>\n        <td>Sem comiss\u00e3o**<\/td>\n        <td>Sem comiss\u00e3o**<\/td>\n      <\/tr>\n      <tr>\n          <td>Alavancagem flex\u00edvel<\/td>\n          <td>at\u00e9 1:1000<\/td>\n          <td>at\u00e9 1:1000<\/td>\n          <td>At\u00e9 1:1000<\/td>\n          <td>At\u00e9 1:1000<\/td>\n      <\/tr>\n      <tr>\n          <td>Moeda base<\/td>\n          <td>\n              <img decoding=\"async\" src=\"\/wp-content\/uploads\/2024\/07\/eu-1.png\" height=\"40\" width=\"40\">\n              <img decoding=\"async\" src=\"\/wp-content\/uploads\/2024\/07\/US.png\" height=\"40\" width=\"40\">\n              <img loading=\"lazy\" decoding=\"async\" src=\"\/wp-content\/uploads\/2024\/07\/GB.png\" height=\"40\" width=\"40\">\n              <\/td>\n          <td>\n              <img decoding=\"async\" src=\"\/wp-content\/uploads\/2024\/07\/eu-1.png\" height=\"40\" width=\"40\">\n              <img decoding=\"async\" src=\"\/wp-content\/uploads\/2024\/07\/US.png\" height=\"40\" width=\"40\">\n              <img loading=\"lazy\" decoding=\"async\" src=\"\/wp-content\/uploads\/2024\/07\/GB.png\" height=\"40\" width=\"40\">\n          <\/td>\n          <td>\n              <img decoding=\"async\" src=\"\/wp-content\/uploads\/2024\/07\/eu-1.png\" height=\"40\" width=\"40\">\n              <img decoding=\"async\" src=\"\/wp-content\/uploads\/2024\/07\/US.png\" height=\"40\" width=\"40\">\n              <img loading=\"lazy\" decoding=\"async\" src=\"\/wp-content\/uploads\/2024\/07\/GB.png\" height=\"40\" width=\"40\">\n          <\/td>\n            <td>\n              <img decoding=\"async\" src=\"\/wp-content\/uploads\/2024\/07\/eu-1.png\" height=\"40\" width=\"40\">\n              <img decoding=\"async\" src=\"\/wp-content\/uploads\/2024\/07\/US.png\" height=\"40\" width=\"40\">\n              <img loading=\"lazy\" decoding=\"async\" src=\"\/wp-content\/uploads\/2024\/07\/GB.png\" height=\"40\" width=\"40\">\n          <\/td>\n      <\/tr>\n      <tr>\n        <td>Produtos<\/td>\n        <td>Forex, Metais, \u00cdndices, Commodities,<br> Futuros, ac\u00e7\u00f5es<\/td>\n        <td>Forex, Metais, \u00cdndices, Commodities,<br> Futuros, ac\u00e7\u00f5es<\/td>\n        <td>Forex, Metais, \u00cdndices, Commodities,<br> Futuros, ac\u00e7\u00f5es<\/td>\n        <td>Forex, Metais, \u00cdndices, Commodities,<br> Futuros, ac\u00e7\u00f5es<\/td>\n      <\/tr>\n      <tr>\n        <td>Disponibilidade de b\u00f3nus<\/td>\n        <td>Sim<\/td>\n        <td>Sim<\/td>\n        <td>Sim<\/td>\n        <td>Sim<\/td>\n      <\/tr>\n      <tr>\n          <td> Tamanho m\u00ednimo do lote<\/td>\n          <td>0.01<\/td>\n          <td>0.01<\/td>\n          <td>0.01<\/td>\n          <td>0.01<\/td>\n      <\/tr>\n      <tr>\n          <td>Aumento do lote<\/td>\n          <td>0.01<\/td>\n          <td>0.01<\/td>\n          <td>0.01<\/td>\n          <td>0.01<\/td>\n      <\/tr>\n      <tr>\n        <td>Parar de sair<\/td>\n        <td>20%<\/td>\n        <td>20%<\/td>\n        <td>20%<\/td>\n        <td>20%<\/td>\n      <\/tr>\n      <tr>\n        <td>Atualiza\u00e7\u00e3o Sem Swaps<\/td>\n        <td>Sim<\/td>\n        <td>Sim<\/td>\n        <td>Sim<\/td>\n        <td>Sim<\/td>\n      <\/tr>\n      <tr>\n        <td>Gestor dedicado<\/td>\n        <td>N\u00e3o<\/td>\n        <td>Sim<\/td>\n        <td>Sim<\/td>\n        <td>Sim<\/td>\n      <\/tr>\n    <\/tbody>\n  <\/table>\n<\/div>\t\t\t\t<\/div>\n\t\t\t\t<\/div>\n\t\t\t\t<div class=\"elementor-element elementor-element-b3dbb77 elementor-widget elementor-widget-text-editor\" data-id=\"b3dbb77\" data-element_type=\"widget\" data-e-type=\"widget\" data-widget_type=\"text-editor.default\">\n\t\t\t\t<div class=\"elementor-widget-container\">\n\t\t\t\t\t\t\t\t\t<p>* Dispon\u00edvel como uma atualiza\u00e7\u00e3o para a Xlence Essential Account<\/p>\n\t\t\t\t\t\t\t\t<\/div>\n\t\t\t\t<\/div>\n\t\t\t\t<div class=\"elementor-element elementor-element-7da6357 elementor-widget elementor-widget-text-editor\" data-id=\"7da6357\" data-element_type=\"widget\" data-e-type=\"widget\" data-widget_type=\"text-editor.default\">\n\t\t\t\t<div class=\"elementor-widget-container\">\n\t\t\t\t\t\t\t\t\t<p>** Sem comiss\u00e3o, exceto $10\/Lote aplicado a \u00cdndices Futuros, Futuros FX e Futuros de Mercadorias.<\/p>\n\t\t\t\t\t\t\t\t<\/div>\n\t\t\t\t<\/div>\n\t\t\t\t<\/div>\n\t\t\t\t\t<\/div>\n\t\t\t\t<\/div>\n\t\t\t\t<\/div>\n\t\t<\/div>\n\t\t\t\t\t\t<\/div>\n\t\t\t\t<\/div>\n\t\t\t\t<div class=\"elementor-element elementor-element-2d889d2 elementor-widget elementor-widget-heading\" data-id=\"2d889d2\" data-element_type=\"widget\" data-e-type=\"widget\" data-widget_type=\"heading.default\">\n\t\t\t\t<div class=\"elementor-widget-container\">\n\t\t\t\t\t<div class=\"elementor-heading-title elementor-size-default\">Notas:<br><br><ul><li>\nTodos os spreads s\u00e3o indicativos, para ver os valores em tempo real os clientes devem consultar o seu terminal de cliente.\n<br><li>\nDurante a sess\u00e3o nocturna, mais vol\u00e1til, os spreads ser\u00e3o mais alargados do que os apresentados acima.\n<br><li>\nAplicam-se limites de alavancagem e de volume. Consulte as informa\u00e7\u00f5es pormenorizadas <a href=\"\/wp-content\/uploads\/2024\/07\/leverage-and-volume-limits.pdf\">aqui<\/a>. \n<br><li>A Alavancagem Din\u00e2mica tamb\u00e9m se aplica \u00e0 Plataforma MT5. Por favor, clique <a href=\"\/wp-content\/uploads\/2025\/04\/Equity-Dynamic-Leverage-1.pdf\" target=\"_blank\" rel=\"noopener\">aqui <\/a>para obter mais informa\u00e7\u00f5es. <\/li><\/div>\t\t\t\t<\/div>\n\t\t\t\t<\/div>\n\t\t\t\t\t<\/div>\n\t\t\t\t<\/div>\n\t\t\t\t<\/div>\n\t\t","protected":false},"excerpt":{"rendered":"<p>Contas de negocia\u00e7\u00e3o Explore as caracter\u00edsticas das nossas diferentes contas e seleccione uma com base nas suas necessidades, tais como a frequ\u00eancia de negocia\u00e7\u00e3o, a dimens\u00e3o da carteira de investimentos e a experi\u00eancia de negocia\u00e7\u00e3o. Abrir conta Toda a negocia\u00e7\u00e3o envolve risco. \u00c9 poss\u00edvel perder todo o seu capital. Comparar contas de negocia\u00e7\u00e3o Notas: Todos [&hellip;]<\/p>\n","protected":false},"author":2,"featured_media":41960,"parent":8574,"menu_order":0,"comment_status":"closed","ping_status":"closed","template":"elementor_header_footer","meta":{"_acf_changed":false,"inline_featured_image":false,"footnotes":""},"class_list":["post-8480","page","type-page","status-publish","has-post-thumbnail","hentry"],"acf":[],"yoast_head":"<!-- This site is optimized with the Yoast SEO Premium plugin v27.4 (Yoast SEO v27.4) - https:\/\/yoast.com\/product\/yoast-seo-premium-wordpress\/ -->\n<title>Conta Xlence Essential | Negocie e atualize conforme precisa<\/title>\n<meta name=\"description\" content=\"Negoceie 6 classes de activos e experimente condi\u00e7\u00f5es superiores com as nossas excelentes contas de negocia\u00e7\u00e3o.\" \/>\n<meta name=\"robots\" content=\"index, follow, max-snippet:-1, max-image-preview:large, max-video-preview:-1\" \/>\n<link rel=\"canonical\" href=\"https:\/\/www.xlence.com\/pt\/trading\/account-types\/\" \/>\n<meta property=\"og:locale\" content=\"pt_PT\" \/>\n<meta property=\"og:type\" content=\"article\" \/>\n<meta property=\"og:title\" content=\"Tipos de contas\" \/>\n<meta property=\"og:description\" content=\"Negoceie 6 classes de activos e experimente condi\u00e7\u00f5es superiores com as nossas excelentes contas de negocia\u00e7\u00e3o.\" \/>\n<meta property=\"og:url\" content=\"https:\/\/www.xlence.com\/pt\/trading\/account-types\/\" \/>\n<meta property=\"og:site_name\" content=\"Xlence\" \/>\n<meta property=\"article:modified_time\" content=\"2026-01-28T14:22:46+00:00\" \/>\n<meta property=\"og:image\" content=\"https:\/\/www.xlence.com\/wp-content\/uploads\/2024\/08\/7cdfd7ca-31a4-4f4f-9a21-f3a728e007b6.png\" \/>\n\t<meta property=\"og:image:width\" content=\"1329\" \/>\n\t<meta property=\"og:image:height\" content=\"1620\" \/>\n\t<meta property=\"og:image:type\" content=\"image\/png\" \/>\n<meta name=\"twitter:card\" content=\"summary_large_image\" \/>\n<meta name=\"twitter:label1\" content=\"Est. reading time\" \/>\n\t<meta name=\"twitter:data1\" content=\"1 minute\" \/>\n<script type=\"application\/ld+json\" class=\"yoast-schema-graph\">{\"@context\":\"https:\\\/\\\/schema.org\",\"@graph\":[{\"@type\":\"WebPage\",\"@id\":\"https:\\\/\\\/www.xlence.com\\\/pt\\\/trading\\\/account-types\\\/\",\"url\":\"https:\\\/\\\/www.xlence.com\\\/pt\\\/trading\\\/account-types\\\/\",\"name\":\"Conta Xlence Essential | Negocie e atualize conforme precisa\",\"isPartOf\":{\"@id\":\"https:\\\/\\\/www.xlence.com\\\/pt\\\/#website\"},\"primaryImageOfPage\":{\"@id\":\"https:\\\/\\\/www.xlence.com\\\/pt\\\/trading\\\/account-types\\\/#primaryimage\"},\"image\":{\"@id\":\"https:\\\/\\\/www.xlence.com\\\/pt\\\/trading\\\/account-types\\\/#primaryimage\"},\"thumbnailUrl\":\"https:\\\/\\\/www.xlence.com\\\/wp-content\\\/uploads\\\/2024\\\/08\\\/7cdfd7ca-31a4-4f4f-9a21-f3a728e007b6.png\",\"datePublished\":\"2024-08-01T12:02:19+00:00\",\"dateModified\":\"2026-01-28T14:22:46+00:00\",\"description\":\"Negoceie 6 classes de activos e experimente condi\u00e7\u00f5es superiores com as nossas excelentes contas de negocia\u00e7\u00e3o.\",\"breadcrumb\":{\"@id\":\"https:\\\/\\\/www.xlence.com\\\/pt\\\/trading\\\/account-types\\\/#breadcrumb\"},\"inLanguage\":\"pt\",\"potentialAction\":[{\"@type\":\"ReadAction\",\"target\":[\"https:\\\/\\\/www.xlence.com\\\/pt\\\/trading\\\/account-types\\\/\"]}]},{\"@type\":\"ImageObject\",\"inLanguage\":\"pt\",\"@id\":\"https:\\\/\\\/www.xlence.com\\\/pt\\\/trading\\\/account-types\\\/#primaryimage\",\"url\":\"https:\\\/\\\/www.xlence.com\\\/wp-content\\\/uploads\\\/2024\\\/08\\\/7cdfd7ca-31a4-4f4f-9a21-f3a728e007b6.png\",\"contentUrl\":\"https:\\\/\\\/www.xlence.com\\\/wp-content\\\/uploads\\\/2024\\\/08\\\/7cdfd7ca-31a4-4f4f-9a21-f3a728e007b6.png\",\"width\":1329,\"height\":1620,\"caption\":\"Forex trading app interface on a mobile device, showcasing account options and live currency exchange rates.\"},{\"@type\":\"BreadcrumbList\",\"@id\":\"https:\\\/\\\/www.xlence.com\\\/pt\\\/trading\\\/account-types\\\/#breadcrumb\",\"itemListElement\":[{\"@type\":\"ListItem\",\"position\":1,\"name\":\"Home\",\"item\":\"https:\\\/\\\/www.xlence.com\\\/pt\\\/\"},{\"@type\":\"ListItem\",\"position\":2,\"name\":\"Trading &#8211; Vis\u00e3o Geral\",\"item\":\"https:\\\/\\\/www.xlence.com\\\/pt\\\/trading\\\/\"},{\"@type\":\"ListItem\",\"position\":3,\"name\":\"Tipos de contas\"}]},{\"@type\":\"WebSite\",\"@id\":\"https:\\\/\\\/www.xlence.com\\\/pt\\\/#website\",\"url\":\"https:\\\/\\\/www.xlence.com\\\/pt\\\/\",\"name\":\"Xlence\",\"description\":\"\",\"potentialAction\":[{\"@type\":\"SearchAction\",\"target\":{\"@type\":\"EntryPoint\",\"urlTemplate\":\"https:\\\/\\\/www.xlence.com\\\/pt\\\/?s={search_term_string}\"},\"query-input\":{\"@type\":\"PropertyValueSpecification\",\"valueRequired\":true,\"valueName\":\"search_term_string\"}}],\"inLanguage\":\"pt\"}]}<\/script>\n<!-- \/ Yoast SEO Premium plugin. -->","yoast_head_json":{"title":"Conta Xlence Essential | Negocie e atualize conforme precisa","description":"Negoceie 6 classes de activos e experimente condi\u00e7\u00f5es superiores com as nossas excelentes contas de negocia\u00e7\u00e3o.","robots":{"index":"index","follow":"follow","max-snippet":"max-snippet:-1","max-image-preview":"max-image-preview:large","max-video-preview":"max-video-preview:-1"},"canonical":"https:\/\/www.xlence.com\/pt\/trading\/account-types\/","og_locale":"pt_PT","og_type":"article","og_title":"Tipos de contas","og_description":"Negoceie 6 classes de activos e experimente condi\u00e7\u00f5es superiores com as nossas excelentes contas de negocia\u00e7\u00e3o.","og_url":"https:\/\/www.xlence.com\/pt\/trading\/account-types\/","og_site_name":"Xlence","article_modified_time":"2026-01-28T14:22:46+00:00","og_image":[{"width":1329,"height":1620,"url":"https:\/\/www.xlence.com\/wp-content\/uploads\/2024\/08\/7cdfd7ca-31a4-4f4f-9a21-f3a728e007b6.png","type":"image\/png"}],"twitter_card":"summary_large_image","twitter_misc":{"Est. reading time":"1 minute"},"schema":{"@context":"https:\/\/schema.org","@graph":[{"@type":"WebPage","@id":"https:\/\/www.xlence.com\/pt\/trading\/account-types\/","url":"https:\/\/www.xlence.com\/pt\/trading\/account-types\/","name":"Conta Xlence Essential | Negocie e atualize conforme precisa","isPartOf":{"@id":"https:\/\/www.xlence.com\/pt\/#website"},"primaryImageOfPage":{"@id":"https:\/\/www.xlence.com\/pt\/trading\/account-types\/#primaryimage"},"image":{"@id":"https:\/\/www.xlence.com\/pt\/trading\/account-types\/#primaryimage"},"thumbnailUrl":"https:\/\/www.xlence.com\/wp-content\/uploads\/2024\/08\/7cdfd7ca-31a4-4f4f-9a21-f3a728e007b6.png","datePublished":"2024-08-01T12:02:19+00:00","dateModified":"2026-01-28T14:22:46+00:00","description":"Negoceie 6 classes de activos e experimente condi\u00e7\u00f5es superiores com as nossas excelentes contas de negocia\u00e7\u00e3o.","breadcrumb":{"@id":"https:\/\/www.xlence.com\/pt\/trading\/account-types\/#breadcrumb"},"inLanguage":"pt","potentialAction":[{"@type":"ReadAction","target":["https:\/\/www.xlence.com\/pt\/trading\/account-types\/"]}]},{"@type":"ImageObject","inLanguage":"pt","@id":"https:\/\/www.xlence.com\/pt\/trading\/account-types\/#primaryimage","url":"https:\/\/www.xlence.com\/wp-content\/uploads\/2024\/08\/7cdfd7ca-31a4-4f4f-9a21-f3a728e007b6.png","contentUrl":"https:\/\/www.xlence.com\/wp-content\/uploads\/2024\/08\/7cdfd7ca-31a4-4f4f-9a21-f3a728e007b6.png","width":1329,"height":1620,"caption":"Forex trading app interface on a mobile device, showcasing account options and live currency exchange rates."},{"@type":"BreadcrumbList","@id":"https:\/\/www.xlence.com\/pt\/trading\/account-types\/#breadcrumb","itemListElement":[{"@type":"ListItem","position":1,"name":"Home","item":"https:\/\/www.xlence.com\/pt\/"},{"@type":"ListItem","position":2,"name":"Trading &#8211; Vis\u00e3o Geral","item":"https:\/\/www.xlence.com\/pt\/trading\/"},{"@type":"ListItem","position":3,"name":"Tipos de contas"}]},{"@type":"WebSite","@id":"https:\/\/www.xlence.com\/pt\/#website","url":"https:\/\/www.xlence.com\/pt\/","name":"Xlence","description":"","potentialAction":[{"@type":"SearchAction","target":{"@type":"EntryPoint","urlTemplate":"https:\/\/www.xlence.com\/pt\/?s={search_term_string}"},"query-input":{"@type":"PropertyValueSpecification","valueRequired":true,"valueName":"search_term_string"}}],"inLanguage":"pt"}]}},"_links":{"self":[{"href":"https:\/\/www.xlence.com\/pt\/wp-json\/wp\/v2\/pages\/8480","targetHints":{"allow":["GET"]}}],"collection":[{"href":"https:\/\/www.xlence.com\/pt\/wp-json\/wp\/v2\/pages"}],"about":[{"href":"https:\/\/www.xlence.com\/pt\/wp-json\/wp\/v2\/types\/page"}],"author":[{"embeddable":true,"href":"https:\/\/www.xlence.com\/pt\/wp-json\/wp\/v2\/users\/2"}],"replies":[{"embeddable":true,"href":"https:\/\/www.xlence.com\/pt\/wp-json\/wp\/v2\/comments?post=8480"}],"version-history":[{"count":0,"href":"https:\/\/www.xlence.com\/pt\/wp-json\/wp\/v2\/pages\/8480\/revisions"}],"up":[{"embeddable":true,"href":"https:\/\/www.xlence.com\/pt\/wp-json\/wp\/v2\/pages\/8574"}],"wp:featuredmedia":[{"embeddable":true,"href":"https:\/\/www.xlence.com\/pt\/wp-json\/wp\/v2\/media\/41960"}],"wp:attachment":[{"href":"https:\/\/www.xlence.com\/pt\/wp-json\/wp\/v2\/media?parent=8480"}],"curies":[{"name":"wp","href":"https:\/\/api.w.org\/{rel}","templated":true}]}}