{"id":8496,"date":"2024-08-01T12:02:21","date_gmt":"2024-08-01T12:02:21","guid":{"rendered":"https:\/\/xlence-com.wp-dev.int.theitops.net\/documentos-legais\/"},"modified":"2025-12-22T13:45:34","modified_gmt":"2025-12-22T13:45:34","slug":"legal-documents","status":"publish","type":"page","link":"https:\/\/www.xlence.com\/pt\/legal-documents\/","title":{"rendered":"Documentos legais"},"content":{"rendered":"\t\t<div data-elementor-type=\"wp-page\" data-elementor-id=\"8496\" class=\"elementor elementor-8496 elementor-5899\" data-elementor-post-type=\"page\">\n\t\t\t\t<div class=\"elementor-element elementor-element-c54f784 e-flex e-con-boxed e-con e-parent\" data-id=\"c54f784\" data-element_type=\"container\" data-e-type=\"container\" data-settings=\"{&quot;background_background&quot;:&quot;classic&quot;}\">\n\t\t\t\t\t<div class=\"e-con-inner\">\n\t\t<div class=\"elementor-element elementor-element-3a8b6b5 e-con-full e-flex e-con e-child\" data-id=\"3a8b6b5\" data-element_type=\"container\" data-e-type=\"container\">\n\t\t\t\t<div class=\"elementor-element elementor-element-d8f8604 elementor-widget elementor-widget-heading\" data-id=\"d8f8604\" data-element_type=\"widget\" data-e-type=\"widget\" data-widget_type=\"heading.default\">\n\t\t\t\t<div class=\"elementor-widget-container\">\n\t\t\t\t\t<h1 class=\"elementor-heading-title elementor-size-default\">Documentos legais<\/h1>\t\t\t\t<\/div>\n\t\t\t\t<\/div>\n\t\t\t\t<\/div>\n\t\t\t\t\t<\/div>\n\t\t\t\t<\/div>\n\t\t<div class=\"elementor-element elementor-element-a8c190b e-flex e-con-boxed e-con e-parent\" data-id=\"a8c190b\" data-element_type=\"container\" data-e-type=\"container\">\n\t\t\t\t\t<div class=\"e-con-inner\">\n\t\t\t\t<div class=\"elementor-element elementor-element-ed06544 elementor-widget elementor-widget-html\" data-id=\"ed06544\" data-element_type=\"widget\" data-e-type=\"widget\" data-widget_type=\"html.default\">\n\t\t\t\t<div class=\"elementor-widget-container\">\n\t\t\t\t\t<ul class=\"Legal__list\">\r\n\r\n  <a href=\"https:\/\/shared.gighl.com\/1.XLENCE_Client_Services_Agreement_v.2025-0010.pdf\" target=\"_blank\">\r\n    <li class=\"legal__list-item\">\r\n        <span class=\"legal__list-icon\">\r\n            <span><img decoding=\"async\" src=\"\/wp-content\/uploads\/2024\/07\/FilePdf.svg\"><\/span>\r\n            <span>Contrato de presta\u00e7\u00e3o de servi\u00e7os ao cliente.pdf<\/span>\r\n        <\/span>\r\n        <span class=\"legal__list-arrow\"><img decoding=\"async\" src=\"\/wp-content\/uploads\/2024\/07\/chevron-right.svg\"><\/span>\r\n    <\/li>\r\n  <\/a>\r\n\r\n  <a href=\"https:\/\/shared.gighl.com\/XLENCE\/2.-XLENCE_Complaint_Handling_Policy_v.2025-001_clear.pdf\" target=\"_blank\">\r\n    <li class=\"legal__list-item\">\r\n      <span class=\"legal__list-icon\">\r\n          <span><img decoding=\"async\" src=\"\/wp-content\/uploads\/2024\/07\/FilePdf.svg\"><\/span>\r\n          <span>Pol\u00edtica de tratamento de queixas.pdf<\/span>\r\n      <\/span>\r\n      <span class=\"legal__list-arrow\"><img decoding=\"async\" src=\"\/wp-content\/uploads\/2024\/07\/chevron-right.svg\"><\/span>\r\n    <\/li>\r\n  <\/a>\r\n\r\n  <a href=\"https:\/\/shared.gighl.com\/Conflict_of_Interest_Policy\/3._XLENCE_Conflicts_of_Interest_Policy_v.2025-001.pdf\" target=\"_blank\">\r\n    <li class=\"legal__list-item\">\r\n      <span class=\"legal__list-icon\">\r\n          <span><img decoding=\"async\" src=\"\/wp-content\/uploads\/2024\/07\/FilePdf.svg\"><\/span>\r\n          <span>Pol\u00edtica de Conflitos de Interesses.pdf<\/span>\r\n      <\/span>\r\n      <span class=\"legal__list-arrow\"><img decoding=\"async\" src=\"\/wp-content\/uploads\/2024\/07\/chevron-right.svg\"><\/span>\r\n    <\/li>\r\n  <\/a>\r\n\r\n  <a href=\"https:\/\/shared.gighl.com\/XLENCE\/4.-XLENCE_Order_Execution_Policy_v.2024-001.pdf\" target=\"_blank\">\r\n    <li class=\"legal__list-item\">\r\n      <span class=\"legal__list-icon\">\r\n          <span><img decoding=\"async\" src=\"\/wp-content\/uploads\/2024\/07\/FilePdf.svg\"><\/span>\r\n          <span>Pol\u00edtica de execu\u00e7\u00e3o de encomendas.pdf<\/span>\r\n      <\/span>\r\n      <span class=\"legal__list-arrow\"><img decoding=\"async\" src=\"\/wp-content\/uploads\/2024\/07\/chevron-right.svg\"><\/span>\r\n    <\/li>\r\n  <\/a>\r\n\r\n  <a href=\"https:\/\/shared.gighl.com\/XLENCE\/5.-XLENCE_Privacy-Policy-v.2025-001.pdf\" target=\"_blank\">\r\n    <li class=\"legal__list-item\">\r\n      <span class=\"legal__list-icon\">\r\n          <span><img decoding=\"async\" src=\"\/wp-content\/uploads\/2024\/07\/FilePdf.svg\"><\/span>\r\n          <span>Pol\u00edtica de privacidade.pdf<\/span>\r\n      <\/span>\r\n      <span class=\"legal__list-arrow\"><img decoding=\"async\" src=\"\/wp-content\/uploads\/2024\/07\/chevron-right.svg\"><\/span>\r\n    <\/li>\r\n  <\/a>\r\n\r\n  <a href=\"\/wp-content\/uploads\/2025\/11\/6.-XLENCE_Risk-Disclosure_v.2025-002.pdf\" target=\"_blank\">\r\n    <li class=\"legal__list-item\">\r\n      <span class=\"legal__list-icon\">\r\n          <span><img decoding=\"async\" src=\"\/wp-content\/uploads\/2024\/07\/FilePdf.svg\"><\/span>\r\n          <span>Divulga\u00e7\u00e3o de riscos.pdf<\/span>\r\n      <\/span>\r\n      <span class=\"legal__list-arrow\"><img decoding=\"async\" src=\"\/wp-content\/uploads\/2024\/07\/chevron-right.svg\"><\/span>\r\n    <\/li>\r\n  <\/a>\r\n  \r\n<\/ul>\t\t\t\t<\/div>\n\t\t\t\t<\/div>\n\t\t\t\t\t<\/div>\n\t\t\t\t<\/div>\n\t\t\t\t<\/div>\n\t\t","protected":false},"excerpt":{"rendered":"<p>Documentos legais Contrato de presta\u00e7\u00e3o de servi\u00e7os ao cliente.pdf Pol\u00edtica de tratamento de queixas.pdf Pol\u00edtica de Conflitos de Interesses.pdf Pol\u00edtica de execu\u00e7\u00e3o de encomendas.pdf Pol\u00edtica de privacidade.pdf Divulga\u00e7\u00e3o de riscos.pdf<\/p>\n","protected":false},"author":2,"featured_media":0,"parent":0,"menu_order":0,"comment_status":"closed","ping_status":"closed","template":"","meta":{"_acf_changed":false,"inline_featured_image":false,"footnotes":""},"class_list":["post-8496","page","type-page","status-publish","hentry"],"acf":[],"yoast_head":"<!-- This site is optimized with the Yoast SEO Premium plugin v26.2 (Yoast SEO v27.2) - https:\/\/yoast.com\/product\/yoast-seo-premium-wordpress\/ -->\n<title>Documentos legais | Xlence Trading<\/title>\n<meta name=\"description\" content=\"Aceda aos documentos legais da Xlence, incluindo pol\u00edticas, contratos e divulga\u00e7\u00f5es, para se manter informado sobre a sua experi\u00eancia de negocia\u00e7\u00e3o.\" \/>\n<meta name=\"robots\" content=\"index, follow, max-snippet:-1, max-image-preview:large, max-video-preview:-1\" \/>\n<link rel=\"canonical\" href=\"https:\/\/www.xlence.com\/pt\/legal-documents\/\" \/>\n<meta property=\"og:locale\" content=\"pt_PT\" \/>\n<meta property=\"og:type\" content=\"article\" \/>\n<meta property=\"og:title\" content=\"Documentos legais\" \/>\n<meta property=\"og:description\" content=\"Aceda aos documentos legais da Xlence, incluindo pol\u00edticas, contratos e divulga\u00e7\u00f5es, para se manter informado sobre a sua experi\u00eancia de negocia\u00e7\u00e3o.\" \/>\n<meta property=\"og:url\" content=\"https:\/\/www.xlence.com\/pt\/legal-documents\/\" \/>\n<meta property=\"og:site_name\" content=\"Xlence\" \/>\n<meta property=\"article:modified_time\" content=\"2025-12-22T13:45:34+00:00\" \/>\n<meta name=\"twitter:card\" content=\"summary_large_image\" \/>\n<meta name=\"twitter:label1\" content=\"Est. reading time\" \/>\n\t<meta name=\"twitter:data1\" content=\"3 minutes\" \/>\n<script type=\"application\/ld+json\" class=\"yoast-schema-graph\">{\"@context\":\"https:\/\/schema.org\",\"@graph\":[{\"@type\":\"WebPage\",\"@id\":\"https:\/\/www.xlence.com\/pt\/legal-documents\/\",\"url\":\"https:\/\/www.xlence.com\/pt\/legal-documents\/\",\"name\":\"Documentos legais | Xlence Trading\",\"isPartOf\":{\"@id\":\"https:\/\/www.xlence.com\/pt\/#website\"},\"datePublished\":\"2024-08-01T12:02:21+00:00\",\"dateModified\":\"2025-12-22T13:45:34+00:00\",\"description\":\"Aceda aos documentos legais da Xlence, incluindo pol\u00edticas, contratos e divulga\u00e7\u00f5es, para se manter informado sobre a sua experi\u00eancia de negocia\u00e7\u00e3o.\",\"breadcrumb\":{\"@id\":\"https:\/\/www.xlence.com\/pt\/legal-documents\/#breadcrumb\"},\"inLanguage\":\"pt\",\"potentialAction\":[{\"@type\":\"ReadAction\",\"target\":[\"https:\/\/www.xlence.com\/pt\/legal-documents\/\"]}]},{\"@type\":\"BreadcrumbList\",\"@id\":\"https:\/\/www.xlence.com\/pt\/legal-documents\/#breadcrumb\",\"itemListElement\":[{\"@type\":\"ListItem\",\"position\":1,\"name\":\"Home\",\"item\":\"https:\/\/www.xlence.com\/pt\/\"},{\"@type\":\"ListItem\",\"position\":2,\"name\":\"Documentos legais\"}]},{\"@type\":\"WebSite\",\"@id\":\"https:\/\/www.xlence.com\/pt\/#website\",\"url\":\"https:\/\/www.xlence.com\/pt\/\",\"name\":\"Xlence\",\"description\":\"\",\"potentialAction\":[{\"@type\":\"SearchAction\",\"target\":{\"@type\":\"EntryPoint\",\"urlTemplate\":\"https:\/\/www.xlence.com\/pt\/?s={search_term_string}\"},\"query-input\":{\"@type\":\"PropertyValueSpecification\",\"valueRequired\":true,\"valueName\":\"search_term_string\"}}],\"inLanguage\":\"pt\"}]}<\/script>\n<!-- \/ Yoast SEO Premium plugin. -->","yoast_head_json":{"title":"Documentos legais | Xlence Trading","description":"Aceda aos documentos legais da Xlence, incluindo pol\u00edticas, contratos e divulga\u00e7\u00f5es, para se manter informado sobre a sua experi\u00eancia de negocia\u00e7\u00e3o.","robots":{"index":"index","follow":"follow","max-snippet":"max-snippet:-1","max-image-preview":"max-image-preview:large","max-video-preview":"max-video-preview:-1"},"canonical":"https:\/\/www.xlence.com\/pt\/legal-documents\/","og_locale":"pt_PT","og_type":"article","og_title":"Documentos legais","og_description":"Aceda aos documentos legais da Xlence, incluindo pol\u00edticas, contratos e divulga\u00e7\u00f5es, para se manter informado sobre a sua experi\u00eancia de negocia\u00e7\u00e3o.","og_url":"https:\/\/www.xlence.com\/pt\/legal-documents\/","og_site_name":"Xlence","article_modified_time":"2025-12-22T13:45:34+00:00","twitter_card":"summary_large_image","twitter_misc":{"Est. reading time":"3 minutes"},"schema":{"@context":"https:\/\/schema.org","@graph":[{"@type":"WebPage","@id":"https:\/\/www.xlence.com\/pt\/legal-documents\/","url":"https:\/\/www.xlence.com\/pt\/legal-documents\/","name":"Documentos legais | Xlence Trading","isPartOf":{"@id":"https:\/\/www.xlence.com\/pt\/#website"},"datePublished":"2024-08-01T12:02:21+00:00","dateModified":"2025-12-22T13:45:34+00:00","description":"Aceda aos documentos legais da Xlence, incluindo pol\u00edticas, contratos e divulga\u00e7\u00f5es, para se manter informado sobre a sua experi\u00eancia de negocia\u00e7\u00e3o.","breadcrumb":{"@id":"https:\/\/www.xlence.com\/pt\/legal-documents\/#breadcrumb"},"inLanguage":"pt","potentialAction":[{"@type":"ReadAction","target":["https:\/\/www.xlence.com\/pt\/legal-documents\/"]}]},{"@type":"BreadcrumbList","@id":"https:\/\/www.xlence.com\/pt\/legal-documents\/#breadcrumb","itemListElement":[{"@type":"ListItem","position":1,"name":"Home","item":"https:\/\/www.xlence.com\/pt\/"},{"@type":"ListItem","position":2,"name":"Documentos legais"}]},{"@type":"WebSite","@id":"https:\/\/www.xlence.com\/pt\/#website","url":"https:\/\/www.xlence.com\/pt\/","name":"Xlence","description":"","potentialAction":[{"@type":"SearchAction","target":{"@type":"EntryPoint","urlTemplate":"https:\/\/www.xlence.com\/pt\/?s={search_term_string}"},"query-input":{"@type":"PropertyValueSpecification","valueRequired":true,"valueName":"search_term_string"}}],"inLanguage":"pt"}]}},"_links":{"self":[{"href":"https:\/\/www.xlence.com\/pt\/wp-json\/wp\/v2\/pages\/8496","targetHints":{"allow":["GET"]}}],"collection":[{"href":"https:\/\/www.xlence.com\/pt\/wp-json\/wp\/v2\/pages"}],"about":[{"href":"https:\/\/www.xlence.com\/pt\/wp-json\/wp\/v2\/types\/page"}],"author":[{"embeddable":true,"href":"https:\/\/www.xlence.com\/pt\/wp-json\/wp\/v2\/users\/2"}],"replies":[{"embeddable":true,"href":"https:\/\/www.xlence.com\/pt\/wp-json\/wp\/v2\/comments?post=8496"}],"version-history":[{"count":0,"href":"https:\/\/www.xlence.com\/pt\/wp-json\/wp\/v2\/pages\/8496\/revisions"}],"wp:attachment":[{"href":"https:\/\/www.xlence.com\/pt\/wp-json\/wp\/v2\/media?parent=8496"}],"curies":[{"name":"wp","href":"https:\/\/api.w.org\/{rel}","templated":true}]}}