{"id":8502,"date":"2024-08-01T12:02:23","date_gmt":"2024-08-01T12:02:23","guid":{"rendered":"https:\/\/xlence-com.wp-dev.int.theitops.net\/spreads\/"},"modified":"2024-11-29T10:02:39","modified_gmt":"2024-11-29T10:02:39","slug":"spreads","status":"publish","type":"page","link":"https:\/\/www.xlence.com\/pt\/trading\/spreads\/","title":{"rendered":"Spreads"},"content":{"rendered":"\t\t<div data-elementor-type=\"wp-page\" data-elementor-id=\"8502\" class=\"elementor elementor-8502 elementor-2216\" data-elementor-post-type=\"page\">\n\t\t\t\t<section class=\"elementor-element elementor-element-3c1e012 e-con-full e-flex e-con e-parent\" data-id=\"3c1e012\" data-element_type=\"container\" data-e-type=\"container\" data-settings=\"{&quot;background_background&quot;:&quot;classic&quot;}\">\n\t\t<div class=\"elementor-element elementor-element-0f70d2c e-con-full e-flex e-con e-child\" data-id=\"0f70d2c\" data-element_type=\"container\" data-e-type=\"container\">\n\t\t\t\t<div class=\"elementor-element elementor-element-ce159df elementor-widget elementor-widget-heading\" data-id=\"ce159df\" data-element_type=\"widget\" data-e-type=\"widget\" data-widget_type=\"heading.default\">\n\t\t\t\t<div class=\"elementor-widget-container\">\n\t\t\t\t\t<h1 class=\"elementor-heading-title elementor-size-default\">Spreads<\/h1>\t\t\t\t<\/div>\n\t\t\t\t<\/div>\n\t\t\t\t<div class=\"elementor-element elementor-element-0fae416 elementor-widget elementor-widget-heading\" data-id=\"0fae416\" data-element_type=\"widget\" data-e-type=\"widget\" data-widget_type=\"heading.default\">\n\t\t\t\t<div class=\"elementor-widget-container\">\n\t\t\t\t\t<h2 class=\"elementor-heading-title elementor-size-default\">Reduza os seus spreads com as actualiza\u00e7\u00f5es de conta <span>Xlence <\/span>!<\/h2>\t\t\t\t<\/div>\n\t\t\t\t<\/div>\n\t\t\t\t<div class=\"elementor-element elementor-element-20571b4 elementor-widget elementor-widget-heading\" data-id=\"20571b4\" data-element_type=\"widget\" data-e-type=\"widget\" data-widget_type=\"heading.default\">\n\t\t\t\t<div class=\"elementor-widget-container\">\n\t\t\t\t\t<p class=\"elementor-heading-title elementor-size-default\">Independentemente do mercado financeiro em que escolher negociar, deve ter em conta os seus custos, especialmente a diferen\u00e7a de pre\u00e7o entre a compra e a venda de um ativo subjacente, que \u00e9 conhecida como spread. A Xlence oferece 4 n\u00edveis de atualiza\u00e7\u00e3o de contas, oferecendo spreads muito reduzidos nas contas de negocia\u00e7\u00e3o.<\/p>\t\t\t\t<\/div>\n\t\t\t\t<\/div>\n\t\t\t\t<div class=\"elementor-element elementor-element-086512f elementor-tablet-align-center elementor-widget elementor-widget-button\" data-id=\"086512f\" data-element_type=\"widget\" data-e-type=\"widget\" data-widget_type=\"button.default\">\n\t\t\t\t<div class=\"elementor-widget-container\">\n\t\t\t\t\t\t\t\t\t<div class=\"elementor-button-wrapper\">\n\t\t\t\t\t<a class=\"elementor-button elementor-button-link elementor-size-sm\" href=\"https:\/\/my.xlence.com\/registration\">\n\t\t\t\t\t\t<span class=\"elementor-button-content-wrapper\">\n\t\t\t\t\t\t\t\t\t<span class=\"elementor-button-text\">Abrir conta<\/span>\n\t\t\t\t\t<\/span>\n\t\t\t\t\t<\/a>\n\t\t\t\t<\/div>\n\t\t\t\t\t\t\t\t<\/div>\n\t\t\t\t<\/div>\n\t\t\t\t<div class=\"elementor-element elementor-element-3325e8f elementor-widget elementor-widget-heading\" data-id=\"3325e8f\" data-element_type=\"widget\" data-e-type=\"widget\" data-widget_type=\"heading.default\">\n\t\t\t\t<div class=\"elementor-widget-container\">\n\t\t\t\t\t<div class=\"elementor-heading-title elementor-size-default\">Todas as transac\u00e7\u00f5es envolvem riscos. \u00c9 poss\u00edvel perder todo o seu capital.<\/div>\t\t\t\t<\/div>\n\t\t\t\t<\/div>\n\t\t\t\t<\/div>\n\t\t<div class=\"elementor-element elementor-element-a6e2af3 e-con-full e-flex e-con e-child\" data-id=\"a6e2af3\" data-element_type=\"container\" data-e-type=\"container\">\n\t\t\t\t<div class=\"elementor-element elementor-element-f56e2ac elementor-widget elementor-widget-image\" data-id=\"f56e2ac\" data-element_type=\"widget\" data-e-type=\"widget\" data-widget_type=\"image.default\">\n\t\t\t\t<div class=\"elementor-widget-container\">\n\t\t\t\t\t\t\t\t\t\t\t\t\t\t\t<img fetchpriority=\"high\" decoding=\"async\" width=\"836\" height=\"1080\" src=\"https:\/\/www.xlence.com\/wp-content\/uploads\/2024\/06\/Spreads-1.png\" class=\"attachment-full size-full wp-image-8505\" alt=\"A laptop displaying a bar chart and a pie chart, illustrating data spreads and analysis.\" \/>\t\t\t\t\t\t\t\t\t\t\t\t\t\t\t<\/div>\n\t\t\t\t<\/div>\n\t\t\t\t<\/div>\n\t\t\t\t<\/section>\n\t\t<div class=\"elementor-element elementor-element-fb1c227 e-flex e-con-boxed e-con e-parent\" data-id=\"fb1c227\" data-element_type=\"container\" data-e-type=\"container\" data-settings=\"{&quot;background_background&quot;:&quot;classic&quot;}\">\n\t\t\t\t\t<div class=\"e-con-inner\">\n\t\t\t\t<div class=\"elementor-element elementor-element-9ed2549 elementor-widget elementor-widget-heading\" data-id=\"9ed2549\" data-element_type=\"widget\" data-e-type=\"widget\" data-widget_type=\"heading.default\">\n\t\t\t\t<div class=\"elementor-widget-container\">\n\t\t\t\t\t<h2 class=\"elementor-heading-title elementor-size-default\">Compara\u00e7\u00e3o de Spreads M\u00e9dios<\/h2>\t\t\t\t<\/div>\n\t\t\t\t<\/div>\n\t\t\t\t<div class=\"elementor-element elementor-element-e27b5ef elementor-widget elementor-widget-html\" data-id=\"e27b5ef\" data-element_type=\"widget\" data-e-type=\"widget\" data-widget_type=\"html.default\">\n\t\t\t\t<div class=\"elementor-widget-container\">\n\t\t\t\t\t\n<div class=\"table__container-rates\">\n    <table class=\"account__table\">\n        <thead>\n            <tr>\n                <th> <\/th>\n                <th>Xlence Essencial<\/th>\n                <th>Xlence Prime<br><span class=\"upgrade\">Atualiza\u00e7\u00e3o*<\/span><\/th>\n                <th>Xlence Delux<br><span class=\"upgrade\">Atualiza\u00e7\u00e3o*<\/span><\/th>\n                <th>Xlence Ultimate<br><span class=\"upgrade\">Atualiza\u00e7\u00e3o*<\/span><\/th>\n            <\/tr>\n        <\/thead>\n        <tbody>\n            <tr>\n                <td class=\"table__image-text-cell\">\n\n                                        <img decoding=\"async\" src=\"\/wp-content\/uploads\/2024\/07\/EURUSD.png\" height=\"40\" width=\"70\">\n EUR\/USD\n                <\/td>\n                <td>1.4<\/td>\n                <td>1.2<\/td>\n                <td>0.9<\/td>\n                <td>0.7<\/td>\n            <\/tr>\n            <tr>\n                <td class=\"table__image-text-cell\">\n                    <img decoding=\"async\" src=\"\/wp-content\/uploads\/2024\/07\/EURCHF.png\" height=\"40\" width=\"70\">\n EUR\/CHF\n                <\/td>\n                <td>2.2<\/td>\n                <td>2.0<\/td>\n                <td>1.7<\/td>\n                <td>1.5<\/td>\n            <\/tr>\n            <tr>\n                <td class=\"table__image-text-cell\">\n                    <img loading=\"lazy\" decoding=\"async\" src=\"\/wp-content\/uploads\/2024\/07\/EURGBP.png\" height=\"40\" width=\"70\">\n EUR\/GBP\n                <\/td>\n                <td>1.5<\/td>\n                <td>1.3<\/td>\n                <td>1.0<\/td>\n                <td>0.8<\/td>\n            <\/tr>\n            <tr>\n                <td class=\"table__image-text-cell\">\n                    <img loading=\"lazy\" decoding=\"async\" src=\"\/wp-content\/uploads\/2024\/07\/EURJPY.png\" height=\"40\" width=\"70\">\n EUR\/JPY\n                <\/td>\n                <td>1.9<\/td>\n                <td>1.7<\/td>\n                <td>1.4<\/td>\n                <td>1.2<\/td>\n            <\/tr>\n            <tr>\n                <td class=\"table__image-text-cell\">\n                    <img loading=\"lazy\" decoding=\"async\" src=\"\/wp-content\/uploads\/2024\/07\/GBPCHF.png\" height=\"40\" width=\"70\">\n GBP\/CHF\n                <\/td>\n                <td>2.7<\/td>\n                <td>2.5<\/td>\n                <td>2.2<\/td>\n                <td>2.0<\/td>\n            <\/tr>\n        <\/tbody>\n    <\/table>\n<\/div>\t\t\t\t<\/div>\n\t\t\t\t<\/div>\n\t\t\t\t<div class=\"elementor-element elementor-element-9e251c0 elementor-widget elementor-widget-text-editor\" data-id=\"9e251c0\" data-element_type=\"widget\" data-e-type=\"widget\" data-widget_type=\"text-editor.default\">\n\t\t\t\t<div class=\"elementor-widget-container\">\n\t\t\t\t\t\t\t\t\t<p><span dir=\"ltr\" role=\"presentation\">&#8211;<\/span> <span dir=\"ltr\" role=\"presentation\">Dispon\u00edvel como atualiza\u00e7\u00e3o para Xlence Essential <\/span><span dir=\"ltr\" role=\"presentation\">Conta<\/span><\/p>\n<p><br role=\"presentation\"><span dir=\"ltr\" role=\"presentation\">Notas:<\/span><\/p>\n<p><span dir=\"ltr\" role=\"presentation\">&#8211;<\/span> <span dir=\"ltr\" role=\"presentation\">O Spread m\u00e9dio tem em considera\u00e7\u00e3o um <\/span><span dir=\"ltr\" role=\"presentation\">grande per\u00edodo de tempo, por exemplo, todo o <\/span> <span dir=\"ltr\" role=\"presentation\">Sess\u00e3o diurna (09:00 &#8211; 18:00). Para ver os <\/span><span dir=\"ltr\" role=\"presentation\">valores de tempo os clientes devem consultar o seu <\/span><span dir=\"ltr\" role=\"presentation\">terminal do cliente.<\/span><br role=\"presentation\"><span dir=\"ltr\" role=\"presentation\">&#8211;<\/span> <span dir=\"ltr\" role=\"presentation\">Durante a sess\u00e3o nocturna, mais vol\u00e1til, os <\/span><span dir=\"ltr\" role=\"presentation\">mais vol\u00e1til, os spreads ser\u00e3o maiores do que os <\/span><span dir=\"ltr\" role=\"presentation\">do que os apresentados acima.<\/span><\/p>\n\t\t\t\t\t\t\t\t<\/div>\n\t\t\t\t<\/div>\n\t\t\t\t\t<\/div>\n\t\t\t\t<\/div>\n\t\t<div class=\"elementor-element elementor-element-9485ead e-flex e-con-boxed e-con e-parent\" data-id=\"9485ead\" data-element_type=\"container\" data-e-type=\"container\" data-settings=\"{&quot;background_background&quot;:&quot;classic&quot;}\">\n\t\t\t\t\t<div class=\"e-con-inner\">\n\t\t\t\t<div class=\"elementor-element elementor-element-aeb52a8 elementor-widget elementor-widget-heading\" data-id=\"aeb52a8\" data-element_type=\"widget\" data-e-type=\"widget\" data-widget_type=\"heading.default\">\n\t\t\t\t<div class=\"elementor-widget-container\">\n\t\t\t\t\t<h2 class=\"elementor-heading-title elementor-size-default\">Acerca de <span> &amp; spreads baixos<\/span><\/h2>\t\t\t\t<\/div>\n\t\t\t\t<\/div>\n\t\t\t\t<div class=\"elementor-element elementor-element-1732d1c elementor-widget elementor-widget-heading\" data-id=\"1732d1c\" data-element_type=\"widget\" data-e-type=\"widget\" data-widget_type=\"heading.default\">\n\t\t\t\t<div class=\"elementor-widget-container\">\n\t\t\t\t\t<p class=\"elementor-heading-title elementor-size-default\">Os acontecimentos noticiosos provocam frequentemente incerteza e volatilidade no mercado. A divulga\u00e7\u00e3o de dados econ\u00f3micos pode afetar o sentimento do mercado, uma vez que estes podem ser inferiores ou superiores ao consenso do mercado. Para reduzir parte do risco de volatilidade inesperada, os fornecedores de liquidez alargam frequentemente os spreads.<\/p>\t\t\t\t<\/div>\n\t\t\t\t<\/div>\n\t\t<section class=\"elementor-element elementor-element-77ead59 e-con-full e-grid e-con e-child\" data-id=\"77ead59\" data-element_type=\"container\" data-e-type=\"container\" data-settings=\"{&quot;background_background&quot;:&quot;classic&quot;}\">\n\t\t<div class=\"elementor-element elementor-element-c6e4c14 e-con-full e-flex e-con e-child\" data-id=\"c6e4c14\" data-element_type=\"container\" data-e-type=\"container\" data-settings=\"{&quot;background_background&quot;:&quot;classic&quot;}\">\n\t\t\t\t<div class=\"elementor-element elementor-element-e95d0ab elementor-widget elementor-widget-image\" data-id=\"e95d0ab\" data-element_type=\"widget\" data-e-type=\"widget\" data-widget_type=\"image.default\">\n\t\t\t\t<div class=\"elementor-widget-container\">\n\t\t\t\t\t\t\t\t\t\t\t\t\t\t\t<img loading=\"lazy\" decoding=\"async\" width=\"80\" height=\"80\" src=\"https:\/\/www.xlence.com\/wp-content\/uploads\/2024\/06\/High-spread.svg\" class=\"attachment-full size-full wp-image-8510\" alt=\"A circle containing a check mark, symbolizing approval or completion, with a spread effect in the background.\" \/>\t\t\t\t\t\t\t\t\t\t\t\t\t\t\t<\/div>\n\t\t\t\t<\/div>\n\t\t\t\t<div class=\"elementor-element elementor-element-19f3c86 elementor-widget elementor-widget-heading\" data-id=\"19f3c86\" data-element_type=\"widget\" data-e-type=\"widget\" data-widget_type=\"heading.default\">\n\t\t\t\t<div class=\"elementor-widget-container\">\n\t\t\t\t\t<h3 class=\"elementor-heading-title elementor-size-default\">Spread elevado<\/h3>\t\t\t\t<\/div>\n\t\t\t\t<\/div>\n\t\t\t\t<div class=\"elementor-element elementor-element-c2b8326 elementor-widget elementor-widget-heading\" data-id=\"c2b8326\" data-element_type=\"widget\" data-e-type=\"widget\" data-widget_type=\"heading.default\">\n\t\t\t\t<div class=\"elementor-widget-container\">\n\t\t\t\t\t<p class=\"elementor-heading-title elementor-size-default\">Um diferencial elevado \u00e9 indicado por uma varia\u00e7\u00e3o significativa entre os pre\u00e7os de compra e venda. Os spreads dos principais pares de moedas s\u00e3o normalmente baixos, enquanto os spreads dos pares de moedas dos mercados emergentes s\u00e3o normalmente mais elevados. Os spreads mais elevados do que o habitual s\u00e3o o resultado de uma diminui\u00e7\u00e3o da liquidez ou de um aumento da volatilidade. Os spreads podem alargar-se significativamente antes de comunicados de imprensa importantes ou durante acontecimentos pol\u00edticos cruciais, como as elei\u00e7\u00f5es nos EUA.<\/p>\t\t\t\t<\/div>\n\t\t\t\t<\/div>\n\t\t\t\t<\/div>\n\t\t<div class=\"elementor-element elementor-element-c79e6a3 e-con-full e-flex e-con e-child\" data-id=\"c79e6a3\" data-element_type=\"container\" data-e-type=\"container\" data-settings=\"{&quot;background_background&quot;:&quot;classic&quot;}\">\n\t\t\t\t<div class=\"elementor-element elementor-element-963f9d2 elementor-widget elementor-widget-image\" data-id=\"963f9d2\" data-element_type=\"widget\" data-e-type=\"widget\" data-widget_type=\"image.default\">\n\t\t\t\t<div class=\"elementor-widget-container\">\n\t\t\t\t\t\t\t\t\t\t\t\t\t\t\t<img loading=\"lazy\" decoding=\"async\" width=\"80\" height=\"80\" src=\"https:\/\/www.xlence.com\/wp-content\/uploads\/2024\/06\/Low-spread.svg\" class=\"attachment-full size-full wp-image-8512\" alt=\"Circular dotted icon with a gold line-graph symbol, representing market movements and analysis of trading spreads\" \/>\t\t\t\t\t\t\t\t\t\t\t\t\t\t\t<\/div>\n\t\t\t\t<\/div>\n\t\t\t\t<div class=\"elementor-element elementor-element-17366c8 elementor-widget elementor-widget-heading\" data-id=\"17366c8\" data-element_type=\"widget\" data-e-type=\"widget\" data-widget_type=\"heading.default\">\n\t\t\t\t<div class=\"elementor-widget-container\">\n\t\t\t\t\t<h3 class=\"elementor-heading-title elementor-size-default\">Baixa propaga\u00e7\u00e3o<\/h3>\t\t\t\t<\/div>\n\t\t\t\t<\/div>\n\t\t\t\t<div class=\"elementor-element elementor-element-c2b7028 elementor-widget elementor-widget-heading\" data-id=\"c2b7028\" data-element_type=\"widget\" data-e-type=\"widget\" data-widget_type=\"heading.default\">\n\t\t\t\t<div class=\"elementor-widget-container\">\n\t\t\t\t\t<p class=\"elementor-heading-title elementor-size-default\">Um spread baixo significa que existe pouca diferen\u00e7a entre os pre\u00e7os de compra e venda. Os comerciantes preferem spreads baixos, especialmente durante as sess\u00f5es de forex movimentadas. Os spreads baixos s\u00e3o um sinal de maior liquidez e menor volatilidade.<\/p>\t\t\t\t<\/div>\n\t\t\t\t<\/div>\n\t\t\t\t<\/div>\n\t\t\t\t<\/section>\n\t\t\t\t<div class=\"elementor-element elementor-element-906e893 elementor-tablet-align-center elementor-widget elementor-widget-button\" data-id=\"906e893\" data-element_type=\"widget\" data-e-type=\"widget\" data-widget_type=\"button.default\">\n\t\t\t\t<div class=\"elementor-widget-container\">\n\t\t\t\t\t\t\t\t\t<div class=\"elementor-button-wrapper\">\n\t\t\t\t\t<a class=\"elementor-button elementor-button-link elementor-size-sm\" href=\"https:\/\/my.xlence.com\/registration\">\n\t\t\t\t\t\t<span class=\"elementor-button-content-wrapper\">\n\t\t\t\t\t\t\t\t\t<span class=\"elementor-button-text\">Abrir conta<\/span>\n\t\t\t\t\t<\/span>\n\t\t\t\t\t<\/a>\n\t\t\t\t<\/div>\n\t\t\t\t\t\t\t\t<\/div>\n\t\t\t\t<\/div>\n\t\t\t\t<div class=\"elementor-element elementor-element-06d393c elementor-widget elementor-widget-heading\" data-id=\"06d393c\" data-element_type=\"widget\" data-e-type=\"widget\" data-widget_type=\"heading.default\">\n\t\t\t\t<div class=\"elementor-widget-container\">\n\t\t\t\t\t<div class=\"elementor-heading-title elementor-size-default\">Todas as transac\u00e7\u00f5es envolvem riscos. \u00c9 poss\u00edvel perder todo o seu capital.<\/div>\t\t\t\t<\/div>\n\t\t\t\t<\/div>\n\t\t\t\t\t<\/div>\n\t\t\t\t<\/div>\n\t\t\t\t<\/div>\n\t\t","protected":false},"excerpt":{"rendered":"<p>Spreads Reduza os seus spreads com as actualiza\u00e7\u00f5es de conta Xlence ! Independentemente do mercado financeiro em que escolher negociar, deve ter em conta os seus custos, especialmente a diferen\u00e7a de pre\u00e7o entre a compra e a venda de um ativo subjacente, que \u00e9 conhecida como spread. A Xlence oferece 4 n\u00edveis de atualiza\u00e7\u00e3o de [&hellip;]<\/p>\n","protected":false},"author":2,"featured_media":0,"parent":8574,"menu_order":0,"comment_status":"closed","ping_status":"closed","template":"elementor_header_footer","meta":{"_acf_changed":false,"inline_featured_image":false,"footnotes":""},"class_list":["post-8502","page","type-page","status-publish","hentry"],"acf":[],"yoast_head":"<!-- This site is optimized with the Yoast SEO Premium plugin v26.2 (Yoast SEO v27.3) - https:\/\/yoast.com\/product\/yoast-seo-premium-wordpress\/ -->\n<title>Negoceie com spreads competitivos na Xlence<\/title>\n<meta name=\"description\" content=\"A Xlence oferece spreads baixos, permitindo-lhe mergulhar na negocia\u00e7\u00e3o com excelentes condi\u00e7\u00f5es em v\u00e1rios mercados\" \/>\n<meta name=\"robots\" content=\"index, follow, max-snippet:-1, max-image-preview:large, max-video-preview:-1\" \/>\n<link rel=\"canonical\" href=\"https:\/\/www.xlence.com\/pt\/trading\/spreads\/\" \/>\n<meta property=\"og:locale\" content=\"pt_PT\" \/>\n<meta property=\"og:type\" content=\"article\" \/>\n<meta property=\"og:title\" content=\"Spreads\" \/>\n<meta property=\"og:description\" content=\"A Xlence oferece spreads baixos, permitindo-lhe mergulhar na negocia\u00e7\u00e3o com excelentes condi\u00e7\u00f5es em v\u00e1rios mercados\" \/>\n<meta property=\"og:url\" content=\"https:\/\/www.xlence.com\/pt\/trading\/spreads\/\" \/>\n<meta property=\"og:site_name\" content=\"Xlence\" \/>\n<meta property=\"article:modified_time\" content=\"2024-11-29T10:02:39+00:00\" \/>\n<meta property=\"og:image\" content=\"https:\/\/www.xlence.com\/wp-content\/uploads\/2024\/06\/Spreads-1.png\" \/>\n<meta name=\"twitter:card\" content=\"summary_large_image\" \/>\n<meta name=\"twitter:label1\" content=\"Est. reading time\" \/>\n\t<meta name=\"twitter:data1\" content=\"4 minutes\" \/>\n<script type=\"application\/ld+json\" class=\"yoast-schema-graph\">{\"@context\":\"https:\\\/\\\/schema.org\",\"@graph\":[{\"@type\":\"WebPage\",\"@id\":\"https:\\\/\\\/www.xlence.com\\\/pt\\\/trading\\\/spreads\\\/\",\"url\":\"https:\\\/\\\/www.xlence.com\\\/pt\\\/trading\\\/spreads\\\/\",\"name\":\"Negoceie com spreads competitivos na Xlence\",\"isPartOf\":{\"@id\":\"https:\\\/\\\/www.xlence.com\\\/pt\\\/#website\"},\"primaryImageOfPage\":{\"@id\":\"https:\\\/\\\/www.xlence.com\\\/pt\\\/trading\\\/spreads\\\/#primaryimage\"},\"image\":{\"@id\":\"https:\\\/\\\/www.xlence.com\\\/pt\\\/trading\\\/spreads\\\/#primaryimage\"},\"thumbnailUrl\":\"https:\\\/\\\/www.xlence.com\\\/wp-content\\\/uploads\\\/2024\\\/06\\\/Spreads-1.png\",\"datePublished\":\"2024-08-01T12:02:23+00:00\",\"dateModified\":\"2024-11-29T10:02:39+00:00\",\"description\":\"A Xlence oferece spreads baixos, permitindo-lhe mergulhar na negocia\u00e7\u00e3o com excelentes condi\u00e7\u00f5es em v\u00e1rios mercados\",\"breadcrumb\":{\"@id\":\"https:\\\/\\\/www.xlence.com\\\/pt\\\/trading\\\/spreads\\\/#breadcrumb\"},\"inLanguage\":\"pt\",\"potentialAction\":[{\"@type\":\"ReadAction\",\"target\":[\"https:\\\/\\\/www.xlence.com\\\/pt\\\/trading\\\/spreads\\\/\"]}]},{\"@type\":\"ImageObject\",\"inLanguage\":\"pt\",\"@id\":\"https:\\\/\\\/www.xlence.com\\\/pt\\\/trading\\\/spreads\\\/#primaryimage\",\"url\":\"https:\\\/\\\/www.xlence.com\\\/wp-content\\\/uploads\\\/2024\\\/06\\\/Spreads-1.png\",\"contentUrl\":\"https:\\\/\\\/www.xlence.com\\\/wp-content\\\/uploads\\\/2024\\\/06\\\/Spreads-1.png\"},{\"@type\":\"BreadcrumbList\",\"@id\":\"https:\\\/\\\/www.xlence.com\\\/pt\\\/trading\\\/spreads\\\/#breadcrumb\",\"itemListElement\":[{\"@type\":\"ListItem\",\"position\":1,\"name\":\"Home\",\"item\":\"https:\\\/\\\/www.xlence.com\\\/pt\\\/\"},{\"@type\":\"ListItem\",\"position\":2,\"name\":\"Trading &#8211; Vis\u00e3o Geral\",\"item\":\"https:\\\/\\\/www.xlence.com\\\/pt\\\/trading\\\/\"},{\"@type\":\"ListItem\",\"position\":3,\"name\":\"Spreads\"}]},{\"@type\":\"WebSite\",\"@id\":\"https:\\\/\\\/www.xlence.com\\\/pt\\\/#website\",\"url\":\"https:\\\/\\\/www.xlence.com\\\/pt\\\/\",\"name\":\"Xlence\",\"description\":\"\",\"potentialAction\":[{\"@type\":\"SearchAction\",\"target\":{\"@type\":\"EntryPoint\",\"urlTemplate\":\"https:\\\/\\\/www.xlence.com\\\/pt\\\/?s={search_term_string}\"},\"query-input\":{\"@type\":\"PropertyValueSpecification\",\"valueRequired\":true,\"valueName\":\"search_term_string\"}}],\"inLanguage\":\"pt\"}]}<\/script>\n<!-- \/ Yoast SEO Premium plugin. -->","yoast_head_json":{"title":"Negoceie com spreads competitivos na Xlence","description":"A Xlence oferece spreads baixos, permitindo-lhe mergulhar na negocia\u00e7\u00e3o com excelentes condi\u00e7\u00f5es em v\u00e1rios mercados","robots":{"index":"index","follow":"follow","max-snippet":"max-snippet:-1","max-image-preview":"max-image-preview:large","max-video-preview":"max-video-preview:-1"},"canonical":"https:\/\/www.xlence.com\/pt\/trading\/spreads\/","og_locale":"pt_PT","og_type":"article","og_title":"Spreads","og_description":"A Xlence oferece spreads baixos, permitindo-lhe mergulhar na negocia\u00e7\u00e3o com excelentes condi\u00e7\u00f5es em v\u00e1rios mercados","og_url":"https:\/\/www.xlence.com\/pt\/trading\/spreads\/","og_site_name":"Xlence","article_modified_time":"2024-11-29T10:02:39+00:00","og_image":[{"url":"https:\/\/www.xlence.com\/wp-content\/uploads\/2024\/06\/Spreads-1.png","type":"","width":"","height":""}],"twitter_card":"summary_large_image","twitter_misc":{"Est. reading time":"4 minutes"},"schema":{"@context":"https:\/\/schema.org","@graph":[{"@type":"WebPage","@id":"https:\/\/www.xlence.com\/pt\/trading\/spreads\/","url":"https:\/\/www.xlence.com\/pt\/trading\/spreads\/","name":"Negoceie com spreads competitivos na Xlence","isPartOf":{"@id":"https:\/\/www.xlence.com\/pt\/#website"},"primaryImageOfPage":{"@id":"https:\/\/www.xlence.com\/pt\/trading\/spreads\/#primaryimage"},"image":{"@id":"https:\/\/www.xlence.com\/pt\/trading\/spreads\/#primaryimage"},"thumbnailUrl":"https:\/\/www.xlence.com\/wp-content\/uploads\/2024\/06\/Spreads-1.png","datePublished":"2024-08-01T12:02:23+00:00","dateModified":"2024-11-29T10:02:39+00:00","description":"A Xlence oferece spreads baixos, permitindo-lhe mergulhar na negocia\u00e7\u00e3o com excelentes condi\u00e7\u00f5es em v\u00e1rios mercados","breadcrumb":{"@id":"https:\/\/www.xlence.com\/pt\/trading\/spreads\/#breadcrumb"},"inLanguage":"pt","potentialAction":[{"@type":"ReadAction","target":["https:\/\/www.xlence.com\/pt\/trading\/spreads\/"]}]},{"@type":"ImageObject","inLanguage":"pt","@id":"https:\/\/www.xlence.com\/pt\/trading\/spreads\/#primaryimage","url":"https:\/\/www.xlence.com\/wp-content\/uploads\/2024\/06\/Spreads-1.png","contentUrl":"https:\/\/www.xlence.com\/wp-content\/uploads\/2024\/06\/Spreads-1.png"},{"@type":"BreadcrumbList","@id":"https:\/\/www.xlence.com\/pt\/trading\/spreads\/#breadcrumb","itemListElement":[{"@type":"ListItem","position":1,"name":"Home","item":"https:\/\/www.xlence.com\/pt\/"},{"@type":"ListItem","position":2,"name":"Trading &#8211; Vis\u00e3o Geral","item":"https:\/\/www.xlence.com\/pt\/trading\/"},{"@type":"ListItem","position":3,"name":"Spreads"}]},{"@type":"WebSite","@id":"https:\/\/www.xlence.com\/pt\/#website","url":"https:\/\/www.xlence.com\/pt\/","name":"Xlence","description":"","potentialAction":[{"@type":"SearchAction","target":{"@type":"EntryPoint","urlTemplate":"https:\/\/www.xlence.com\/pt\/?s={search_term_string}"},"query-input":{"@type":"PropertyValueSpecification","valueRequired":true,"valueName":"search_term_string"}}],"inLanguage":"pt"}]}},"_links":{"self":[{"href":"https:\/\/www.xlence.com\/pt\/wp-json\/wp\/v2\/pages\/8502","targetHints":{"allow":["GET"]}}],"collection":[{"href":"https:\/\/www.xlence.com\/pt\/wp-json\/wp\/v2\/pages"}],"about":[{"href":"https:\/\/www.xlence.com\/pt\/wp-json\/wp\/v2\/types\/page"}],"author":[{"embeddable":true,"href":"https:\/\/www.xlence.com\/pt\/wp-json\/wp\/v2\/users\/2"}],"replies":[{"embeddable":true,"href":"https:\/\/www.xlence.com\/pt\/wp-json\/wp\/v2\/comments?post=8502"}],"version-history":[{"count":0,"href":"https:\/\/www.xlence.com\/pt\/wp-json\/wp\/v2\/pages\/8502\/revisions"}],"up":[{"embeddable":true,"href":"https:\/\/www.xlence.com\/pt\/wp-json\/wp\/v2\/pages\/8574"}],"wp:attachment":[{"href":"https:\/\/www.xlence.com\/pt\/wp-json\/wp\/v2\/media?parent=8502"}],"curies":[{"name":"wp","href":"https:\/\/api.w.org\/{rel}","templated":true}]}}